{"id":6143,"date":"2025-09-08T08:46:05","date_gmt":"2025-09-08T08:46:05","guid":{"rendered":"https:\/\/e-systemygrzewcze.eu\/sklep\/produkt\/goshe-pakiet-termostatyczny-15-katowy\/"},"modified":"2026-04-09T10:12:50","modified_gmt":"2026-04-09T10:12:50","slug":"goshe-pakiet-termostatyczny-15-katowy","status":"publish","type":"product","link":"https:\/\/e-systemygrzewcze.eu\/sklep\/produkt\/goshe-pakiet-termostatyczny-15-katowy\/","title":{"rendered":"GOSHE Pakiet termostatyczny 1\/2&#8243; k\u0105towy"},"content":{"rendered":"<p data-start=\"0\" data-end=\"93\">:<\/p>\n<hr data-start=\"95\" data-end=\"98\" \/>\n<h2 data-start=\"100\" data-end=\"147\">\ud83d\udd27 GOSHE \u2013 Pakiet termostatyczny 1\/2&#8243; k\u0105towy<\/h2>\n<p data-start=\"149\" data-end=\"395\">Zestaw termostatyczny do grzejnik\u00f3w, idealny do <strong data-start=\"197\" data-end=\"251\">wszystkich typ\u00f3w instalacji centralnego ogrzewania<\/strong>. Pozwala na <strong data-start=\"264\" data-end=\"298\">efektywn\u0105 kontrol\u0119 temperatury<\/strong> w pomieszczeniach, co przek\u0142ada si\u0119 na oszcz\u0119dno\u015b\u0107 energii i zwi\u0119kszenie komfortu u\u017cytkowania.<\/p>\n<hr data-start=\"397\" data-end=\"400\" \/>\n<h2 data-start=\"402\" data-end=\"440\">\ud83c\udf21 Precyzyjna regulacja temperatury<\/h2>\n<ul data-start=\"442\" data-end=\"679\">\n<li data-start=\"442\" data-end=\"488\">\n<p data-start=\"444\" data-end=\"488\">Zakres nastawy temperatury: <strong data-start=\"472\" data-end=\"486\">8\u00b0C \u2013 28\u00b0C<\/strong><\/p>\n<\/li>\n<li data-start=\"489\" data-end=\"591\">\n<p data-start=\"491\" data-end=\"591\">Po osi\u0105gni\u0119ciu ustawionej temperatury g\u0142owica zamyka zaw\u00f3r, a przy spadku temperatury \u2013 otwiera go<\/p>\n<\/li>\n<li data-start=\"592\" data-end=\"635\">\n<p data-start=\"594\" data-end=\"635\">Maksymalna temperatura pracy: <strong data-start=\"624\" data-end=\"633\">120\u00b0C<\/strong><\/p>\n<\/li>\n<li data-start=\"636\" data-end=\"679\">\n<p data-start=\"638\" data-end=\"679\">Nominalne ci\u015bnienie: <strong data-start=\"659\" data-end=\"677\">10 bar \/ 1 MPa<\/strong><\/p>\n<\/li>\n<\/ul>\n<hr data-start=\"681\" data-end=\"684\" \/>\n<h2 data-start=\"686\" data-end=\"711\">\ud83c\udff7 Parametry monta\u017cowe<\/h2>\n<ul data-start=\"713\" data-end=\"897\">\n<li data-start=\"713\" data-end=\"740\">\n<p data-start=\"715\" data-end=\"740\">Typ zestawu: <strong data-start=\"728\" data-end=\"738\">k\u0105towy<\/strong><\/p>\n<\/li>\n<li data-start=\"741\" data-end=\"778\">\n<p data-start=\"743\" data-end=\"778\">Gwint monta\u017cowy zestawu: <strong data-start=\"768\" data-end=\"776\">1\/2&#8243;<\/strong><\/p>\n<\/li>\n<li data-start=\"779\" data-end=\"819\">\n<p data-start=\"781\" data-end=\"819\">Gwint monta\u017cowy g\u0142owicy: <strong data-start=\"806\" data-end=\"817\">M30x1,5<\/strong><\/p>\n<\/li>\n<li data-start=\"820\" data-end=\"897\">\n<p data-start=\"822\" data-end=\"897\">Pasuje do grzejnik\u00f3w: stalowych, konwektorowych, \u017celiwnych i aluminiowych<\/p>\n<\/li>\n<\/ul>\n<hr data-start=\"899\" data-end=\"902\" \/>\n<h2 data-start=\"904\" data-end=\"923\">\u2705 Zalety zestawu<\/h2>\n<ul data-start=\"925\" data-end=\"1139\">\n<li data-start=\"925\" data-end=\"976\">\n<p data-start=\"927\" data-end=\"976\">Automatyczna i precyzyjna regulacja temperatury<\/p>\n<\/li>\n<li data-start=\"977\" data-end=\"1044\">\n<p data-start=\"979\" data-end=\"1044\">Uniwersalno\u015b\u0107 monta\u017cu i kompatybilno\u015b\u0107 z wi\u0119kszo\u015bci\u0105 grzejnik\u00f3w<\/p>\n<\/li>\n<li data-start=\"1045\" data-end=\"1079\">\n<p data-start=\"1047\" data-end=\"1079\">Wydajne i bezpieczne dzia\u0142anie<\/p>\n<\/li>\n<li data-start=\"1080\" data-end=\"1139\">\n<p data-start=\"1082\" data-end=\"1139\">Zmniejsza koszty ogrzewania dzi\u0119ki oszcz\u0119dno\u015bci energii<\/p>\n<\/li>\n<\/ul>\n","protected":false},"excerpt":{"rendered":"<p><strong>GOSHE Pakiet termostatyczny 15 k\u0105towy to kompletny zestaw zaworu k\u0105towego 15 mm z gwintem oraz g\u0142owicy termostatycznej, zapewniaj\u0105cy precyzyjn\u0105 regulacj\u0119 temperatury i \u0142atwy monta\u017c w instalacjach grzewczych.<\/strong><\/p>\n","protected":false},"featured_media":6148,"template":"","meta":{"_kad_blocks_custom_css":"","_kad_blocks_head_custom_js":"","_kad_blocks_body_custom_js":"","_kad_blocks_footer_custom_js":"","_kad_post_transparent":"default","_kad_post_title":"","_kad_post_layout":"default","_kad_post_sidebar_id":"","_kad_post_content_style":"default","_kad_post_vertical_padding":"default","_kad_post_feature":"","_kad_post_feature_position":"","_kad_post_header":false,"_kad_post_footer":false,"_kad_post_classname":""},"product_brand":[27],"product_cat":[348],"product_tag":[],"class_list":{"0":"post-6143","1":"product","2":"type-product","3":"status-publish","4":"has-post-thumbnail","6":"product_brand-goshe","7":"product_cat-glowice-termostatyczne","8":"product_shipping_class-drobnica","10":"first","11":"instock","12":"taxable","13":"shipping-taxable","14":"purchasable","15":"product-type-simple","16":"entry","17":"content-bg","18":"loop-entry"},"taxonomy_info":{"product_brand":[{"value":27,"label":"Goshe"}],"product_cat":[{"value":348,"label":"G\u0142owice termostatyczne"}]},"featured_image_src_large":["https:\/\/e-systemygrzewcze.eu\/sklep\/wp-content\/uploads\/2025\/09\/Nowy-projekt-2025-09-08T105056.768.jpg",510,578,false],"author_info":[],"comment_info":"","_links":{"self":[{"href":"https:\/\/e-systemygrzewcze.eu\/sklep\/wp-json\/wp\/v2\/product\/6143","targetHints":{"allow":["GET"]}}],"collection":[{"href":"https:\/\/e-systemygrzewcze.eu\/sklep\/wp-json\/wp\/v2\/product"}],"about":[{"href":"https:\/\/e-systemygrzewcze.eu\/sklep\/wp-json\/wp\/v2\/types\/product"}],"wp:featuredmedia":[{"embeddable":true,"href":"https:\/\/e-systemygrzewcze.eu\/sklep\/wp-json\/wp\/v2\/media\/6148"}],"wp:attachment":[{"href":"https:\/\/e-systemygrzewcze.eu\/sklep\/wp-json\/wp\/v2\/media?parent=6143"}],"wp:term":[{"taxonomy":"product_brand","embeddable":true,"href":"https:\/\/e-systemygrzewcze.eu\/sklep\/wp-json\/wp\/v2\/product_brand?post=6143"},{"taxonomy":"product_cat","embeddable":true,"href":"https:\/\/e-systemygrzewcze.eu\/sklep\/wp-json\/wp\/v2\/product_cat?post=6143"},{"taxonomy":"product_tag","embeddable":true,"href":"https:\/\/e-systemygrzewcze.eu\/sklep\/wp-json\/wp\/v2\/product_tag?post=6143"}],"curies":[{"name":"wp","href":"https:\/\/api.w.org\/{rel}","templated":true}]}}