{"id":6130,"date":"2025-09-08T07:02:51","date_gmt":"2025-09-08T07:02:51","guid":{"rendered":"https:\/\/e-systemygrzewcze.eu\/sklep\/produkt\/vario-term-glowica-termostatyczna-do-rtd-gs-03-06c-biala\/"},"modified":"2026-04-09T10:12:59","modified_gmt":"2026-04-09T10:12:59","slug":"vario-term-glowica-termostatyczna-do-rtd-gs-03-06c-biala","status":"publish","type":"product","link":"https:\/\/e-systemygrzewcze.eu\/sklep\/produkt\/vario-term-glowica-termostatyczna-do-rtd-gs-03-06c-biala\/","title":{"rendered":"VARIO TERM G\u0142owica termostatyczna PRESTIGE Bia\u0142a (GS.03-06C)"},"content":{"rendered":"<h2 data-start=\"63\" data-end=\"125\">\ud83d\udd27 VARIO TERM \u2013 G\u0142owica termostatyczna Prestige GS.03-06C<\/h2>\n<p data-start=\"127\" data-end=\"188\"><strong data-start=\"127\" data-end=\"137\">Kolor:<\/strong> bia\u0142y, b\u0142yszcz\u0105cy<br data-start=\"155\" data-end=\"158\" \/><strong data-start=\"158\" data-end=\"178\">Gwint monta\u017cowy:<\/strong> M30x1,5<\/p>\n<hr data-start=\"190\" data-end=\"193\" \/>\n<h2 data-start=\"195\" data-end=\"223\">\ud83c\udf21 Funkcje i zastosowanie<\/h2>\n<p data-start=\"225\" data-end=\"444\">G\u0142owica termostatyczna <strong data-start=\"248\" data-end=\"270\">Prestige GS.03-06C<\/strong> to nowoczesny regulator temperatury do grzejnik\u00f3w, kt\u00f3ry umo\u017cliwia utrzymanie <strong data-start=\"349\" data-end=\"392\">komfortowej temperatury w pomieszczeniu<\/strong>, uwzgl\u0119dniaj\u0105c zyski ciep\u0142a z innych \u017ar\u00f3de\u0142, np.:<\/p>\n<ul data-start=\"446\" data-end=\"514\">\n<li data-start=\"446\" data-end=\"478\">\n<p data-start=\"448\" data-end=\"478\">ciep\u0142o emitowane przez ludzi<\/p>\n<\/li>\n<li data-start=\"479\" data-end=\"494\">\n<p data-start=\"481\" data-end=\"494\">o\u015bwietlenie<\/p>\n<\/li>\n<li data-start=\"495\" data-end=\"514\">\n<p data-start=\"497\" data-end=\"514\">nas\u0142onecznienie<\/p>\n<\/li>\n<\/ul>\n<p data-start=\"516\" data-end=\"617\">Dzi\u0119ki ergonomicznemu kszta\u0142towi g\u0142owica jest \u0142atwa w obs\u0142udze i utrzymaniu czysto\u015bci \u2013 idealna do:<\/p>\n<ul data-start=\"619\" data-end=\"676\">\n<li data-start=\"619\" data-end=\"631\">\n<p data-start=\"621\" data-end=\"631\">szpitali<\/p>\n<\/li>\n<li data-start=\"632\" data-end=\"646\">\n<p data-start=\"634\" data-end=\"646\">sanatori\u00f3w<\/p>\n<\/li>\n<li data-start=\"647\" data-end=\"656\">\n<p data-start=\"649\" data-end=\"656\">szk\u00f3\u0142<\/p>\n<\/li>\n<li data-start=\"657\" data-end=\"676\">\n<p data-start=\"659\" data-end=\"676\">mieszka\u0144 i biur<\/p>\n<\/li>\n<\/ul>\n<hr data-start=\"678\" data-end=\"681\" \/>\n<h2 data-start=\"683\" data-end=\"694\">\u2705 Zalety<\/h2>\n<ul data-start=\"696\" data-end=\"888\">\n<li data-start=\"696\" data-end=\"782\">\n<p data-start=\"698\" data-end=\"782\">Kompatybilna z zaworami i wk\u0142adkami termostatycznymi <strong data-start=\"751\" data-end=\"780\">Danfoss w standardzie RTD<\/strong><\/p>\n<\/li>\n<li data-start=\"783\" data-end=\"819\">\n<p data-start=\"785\" data-end=\"819\">Nowoczesny i ergonomiczny design<\/p>\n<\/li>\n<li data-start=\"820\" data-end=\"852\">\n<p data-start=\"822\" data-end=\"852\">\u0141atwa w utrzymaniu czysto\u015bci<\/p>\n<\/li>\n<li data-start=\"853\" data-end=\"888\">\n<p data-start=\"855\" data-end=\"888\">Precyzyjna kontrola temperatury<\/p>\n<\/li>\n<\/ul>\n<hr data-start=\"890\" data-end=\"893\" \/>\n<h2 data-start=\"895\" data-end=\"916\">\ud83d\udee0 Dane techniczne<\/h2>\n<ul data-start=\"918\" data-end=\"1006\">\n<li data-start=\"918\" data-end=\"940\">\n<p data-start=\"920\" data-end=\"940\">Typ: <strong data-start=\"925\" data-end=\"938\">GS.03-06C<\/strong><\/p>\n<\/li>\n<li data-start=\"941\" data-end=\"973\">\n<p data-start=\"943\" data-end=\"973\">Kolor: <strong data-start=\"950\" data-end=\"971\">bia\u0142y, b\u0142yszcz\u0105cy<\/strong><\/p>\n<\/li>\n<li data-start=\"974\" data-end=\"1006\">\n<p data-start=\"976\" data-end=\"1006\">Gwint monta\u017cowy: <strong data-start=\"993\" data-end=\"1004\">M30x1,5<\/strong><\/p>\n<\/li>\n<\/ul>\n","protected":false},"excerpt":{"rendered":"<p><strong>G\u0142owica termostatyczna Vario\u00a0Term Prestige GS.03-06C (RTD, bia\u0142a) to ergonomiczny palcowy regulator temperatury (8\u201330\u00a0\u00b0C) z blokad\u0105, czujnikiem cieczowym i ochron\u0105 przed zamarzni\u0119ciem, przeznaczony do zawor\u00f3w Danfoss RTD zgodnych ze standardem RTD<\/strong><\/p>\n","protected":false},"featured_media":6141,"template":"","meta":{"_kad_blocks_custom_css":"","_kad_blocks_head_custom_js":"","_kad_blocks_body_custom_js":"","_kad_blocks_footer_custom_js":"","_kad_post_transparent":"default","_kad_post_title":"","_kad_post_layout":"default","_kad_post_sidebar_id":"","_kad_post_content_style":"default","_kad_post_vertical_padding":"default","_kad_post_feature":"","_kad_post_feature_position":"","_kad_post_header":false,"_kad_post_footer":false,"_kad_post_classname":""},"product_brand":[415],"product_cat":[348],"product_tag":[],"class_list":{"0":"post-6130","1":"product","2":"type-product","3":"status-publish","4":"has-post-thumbnail","6":"product_brand-vario-term","7":"product_cat-glowice-termostatyczne","8":"product_shipping_class-drobnica","10":"first","11":"instock","12":"taxable","13":"shipping-taxable","14":"purchasable","15":"product-type-simple","16":"entry","17":"content-bg","18":"loop-entry"},"taxonomy_info":{"product_brand":[{"value":415,"label":"Vario Term"}],"product_cat":[{"value":348,"label":"G\u0142owice termostatyczne"}]},"featured_image_src_large":["https:\/\/e-systemygrzewcze.eu\/sklep\/wp-content\/uploads\/2025\/09\/Nowy-projekt-2025-09-08T104532.648.jpg",510,578,false],"author_info":[],"comment_info":"","_links":{"self":[{"href":"https:\/\/e-systemygrzewcze.eu\/sklep\/wp-json\/wp\/v2\/product\/6130","targetHints":{"allow":["GET"]}}],"collection":[{"href":"https:\/\/e-systemygrzewcze.eu\/sklep\/wp-json\/wp\/v2\/product"}],"about":[{"href":"https:\/\/e-systemygrzewcze.eu\/sklep\/wp-json\/wp\/v2\/types\/product"}],"wp:featuredmedia":[{"embeddable":true,"href":"https:\/\/e-systemygrzewcze.eu\/sklep\/wp-json\/wp\/v2\/media\/6141"}],"wp:attachment":[{"href":"https:\/\/e-systemygrzewcze.eu\/sklep\/wp-json\/wp\/v2\/media?parent=6130"}],"wp:term":[{"taxonomy":"product_brand","embeddable":true,"href":"https:\/\/e-systemygrzewcze.eu\/sklep\/wp-json\/wp\/v2\/product_brand?post=6130"},{"taxonomy":"product_cat","embeddable":true,"href":"https:\/\/e-systemygrzewcze.eu\/sklep\/wp-json\/wp\/v2\/product_cat?post=6130"},{"taxonomy":"product_tag","embeddable":true,"href":"https:\/\/e-systemygrzewcze.eu\/sklep\/wp-json\/wp\/v2\/product_tag?post=6130"}],"curies":[{"name":"wp","href":"https:\/\/api.w.org\/{rel}","templated":true}]}}