{"id":6119,"date":"2025-09-08T06:16:29","date_gmt":"2025-09-08T06:16:29","guid":{"rendered":"https:\/\/e-systemygrzewcze.eu\/sklep\/produkt\/vario-termo-glowica-termostatyczna-prestige-gs-04-106c-biala\/"},"modified":"2026-04-09T10:14:47","modified_gmt":"2026-04-09T10:14:47","slug":"vario-termo-glowica-termostatyczna-prestige-gs-04-106c-biala","status":"publish","type":"product","link":"https:\/\/e-systemygrzewcze.eu\/sklep\/produkt\/vario-termo-glowica-termostatyczna-prestige-gs-04-106c-biala\/","title":{"rendered":"VARIO TERMO G\u0142owica termostatyczna PRESTIGE Bia\u0142a (GS.04-106C)"},"content":{"rendered":"<h2 data-start=\"120\" data-end=\"188\">\ud83c\udf21\ufe0f VARIO TERM G\u0142owica termostatyczna PRESTIGE GS.04-106C \u2013 bia\u0142a<\/h2>\n<p data-start=\"189\" data-end=\"592\">G\u0142owica termostatyczna <strong data-start=\"212\" data-end=\"246\">VARIO TERM PRESTIGE GS.04-106C<\/strong> to nowoczesny regulator temperatury do grzejnik\u00f3w, charakteryzuj\u0105cy si\u0119 <strong data-start=\"319\" data-end=\"406\">ergonomicznym kszta\u0142tem, wysok\u0105 estetyk\u0105 wykonania oraz precyzyjn\u0105 regulacj\u0105 ciep\u0142a<\/strong>. Umo\u017cliwia utrzymanie komfortowej temperatury w pomieszczeniu przy jednoczesnym uwzgl\u0119dnianiu <strong data-start=\"501\" data-end=\"530\">dodatkowych \u017ar\u00f3de\u0142 ciep\u0142a<\/strong>, takich jak ludzie, o\u015bwietlenie czy promieniowanie s\u0142oneczne.<\/p>\n<hr data-start=\"594\" data-end=\"597\" \/>\n<h2 data-start=\"599\" data-end=\"634\">\ud83c\udfe0 Komfort i oszcz\u0119dno\u015b\u0107 energii<\/h2>\n<p data-start=\"635\" data-end=\"703\">G\u0142owica automatycznie reaguje na zmiany temperatury w pomieszczeniu:<\/p>\n<ul data-start=\"704\" data-end=\"935\">\n<li data-start=\"704\" data-end=\"760\">\n<p data-start=\"706\" data-end=\"760\">po osi\u0105gni\u0119ciu zadanej temperatury <strong data-start=\"741\" data-end=\"757\">zamyka zaw\u00f3r<\/strong>,<\/p>\n<\/li>\n<li data-start=\"761\" data-end=\"828\">\n<p data-start=\"763\" data-end=\"828\">gdy temperatura spada \u2013 <strong data-start=\"787\" data-end=\"810\">ponownie go otwiera<\/strong>,<br data-start=\"811\" data-end=\"814\" \/>co pozwala na:<\/p>\n<\/li>\n<li data-start=\"829\" data-end=\"869\">\n<p data-start=\"831\" data-end=\"869\">utrzymanie sta\u0142ego komfortu cieplnego,<\/p>\n<\/li>\n<li data-start=\"870\" data-end=\"900\">\n<p data-start=\"872\" data-end=\"900\">realne oszcz\u0119dno\u015bci energii,<\/p>\n<\/li>\n<li data-start=\"901\" data-end=\"935\">\n<p data-start=\"903\" data-end=\"935\">ograniczenie koszt\u00f3w ogrzewania.<\/p>\n<\/li>\n<\/ul>\n<hr data-start=\"937\" data-end=\"940\" \/>\n<h2 data-start=\"942\" data-end=\"976\">\ud83e\uddfc \u0141atwa w utrzymaniu czysto\u015bci<\/h2>\n<p data-start=\"977\" data-end=\"1011\">Dzi\u0119ki swojej konstrukcji g\u0142owica:<\/p>\n<ul data-start=\"1012\" data-end=\"1158\">\n<li data-start=\"1012\" data-end=\"1044\">\n<p data-start=\"1014\" data-end=\"1044\">jest <strong data-start=\"1019\" data-end=\"1043\">\u0142atwa do czyszczenia<\/strong>,<\/p>\n<\/li>\n<li data-start=\"1045\" data-end=\"1158\">\n<p data-start=\"1047\" data-end=\"1072\">doskonale sprawdza si\u0119 w:<\/p>\n<ul data-start=\"1075\" data-end=\"1158\">\n<li data-start=\"1075\" data-end=\"1088\">\n<p data-start=\"1077\" data-end=\"1088\">szpitalach,<\/p>\n<\/li>\n<li data-start=\"1091\" data-end=\"1105\">\n<p data-start=\"1093\" data-end=\"1105\">sanatoriach,<\/p>\n<\/li>\n<li data-start=\"1108\" data-end=\"1119\">\n<p data-start=\"1110\" data-end=\"1119\">szko\u0142ach,<\/p>\n<\/li>\n<li data-start=\"1122\" data-end=\"1158\">\n<p data-start=\"1124\" data-end=\"1158\">budynkach u\u017cyteczno\u015bci publicznej.<\/p>\n<\/li>\n<\/ul>\n<\/li>\n<\/ul>\n<hr data-start=\"1160\" data-end=\"1163\" \/>\n<h2 data-start=\"1165\" data-end=\"1185\">\ud83d\udd27 Kompatybilno\u015b\u0107<\/h2>\n<p data-start=\"1186\" data-end=\"1250\">G\u0142owica <strong data-start=\"1194\" data-end=\"1217\">PRESTIGE GS.04-106C<\/strong> przeznaczona jest do monta\u017cu na:<\/p>\n<ul data-start=\"1251\" data-end=\"1393\">\n<li data-start=\"1251\" data-end=\"1340\">\n<p data-start=\"1253\" data-end=\"1274\">wk\u0142adkach zaworowych:<\/p>\n<ul data-start=\"1277\" data-end=\"1340\">\n<li data-start=\"1277\" data-end=\"1291\">\n<p data-start=\"1279\" data-end=\"1291\"><strong data-start=\"1279\" data-end=\"1291\">Oventrop<\/strong><\/p>\n<\/li>\n<li data-start=\"1294\" data-end=\"1307\">\n<p data-start=\"1296\" data-end=\"1307\"><strong data-start=\"1296\" data-end=\"1307\">Danfoss<\/strong><\/p>\n<\/li>\n<li data-start=\"1310\" data-end=\"1323\">\n<p data-start=\"1312\" data-end=\"1323\"><strong data-start=\"1312\" data-end=\"1323\">Brugman<\/strong><\/p>\n<\/li>\n<li data-start=\"1326\" data-end=\"1340\">\n<p data-start=\"1328\" data-end=\"1340\"><strong data-start=\"1328\" data-end=\"1340\">Perfexim<\/strong><\/p>\n<\/li>\n<\/ul>\n<\/li>\n<li data-start=\"1341\" data-end=\"1393\">\n<p data-start=\"1343\" data-end=\"1393\">zaworach termostatycznych <strong data-start=\"1369\" data-end=\"1393\">Danfoss RA-N (click)<\/strong><\/p>\n<\/li>\n<\/ul>\n<hr data-start=\"1395\" data-end=\"1398\" \/>\n<h2 data-start=\"1400\" data-end=\"1425\">\u2705 Najwa\u017cniejsze zalety<\/h2>\n<ul data-start=\"1426\" data-end=\"1682\">\n<li data-start=\"1426\" data-end=\"1462\">\n<p data-start=\"1428\" data-end=\"1462\">nowoczesny i ergonomiczny design<\/p>\n<\/li>\n<li data-start=\"1463\" data-end=\"1499\">\n<p data-start=\"1465\" data-end=\"1499\">precyzyjna regulacja temperatury<\/p>\n<\/li>\n<li data-start=\"1500\" data-end=\"1546\">\n<p data-start=\"1502\" data-end=\"1546\">automatyczna reakcja na zmiany temperatury<\/p>\n<\/li>\n<li data-start=\"1547\" data-end=\"1579\">\n<p data-start=\"1549\" data-end=\"1579\">oszcz\u0119dno\u015b\u0107 energii cieplnej<\/p>\n<\/li>\n<li data-start=\"1580\" data-end=\"1609\">\n<p data-start=\"1582\" data-end=\"1609\">wysoka estetyka wykonania<\/p>\n<\/li>\n<li data-start=\"1610\" data-end=\"1644\">\n<p data-start=\"1612\" data-end=\"1644\">\u0142atwo\u015b\u0107 utrzymania w czysto\u015bci<\/p>\n<\/li>\n<li data-start=\"1645\" data-end=\"1682\">\n<p data-start=\"1647\" data-end=\"1682\">szeroka kompatybilno\u015b\u0107 z zaworami<\/p>\n<\/li>\n<\/ul>\n","protected":false},"excerpt":{"rendered":"<p><strong>G\u0142owica termostatyczna Vario Term Prestige GS.04-106C w kolorze bia\u0142ym to elegancki regulator temperatury przeznaczony do zawor\u00f3w z gwintem RA-N (Click), kompatybilny z wk\u0142adkami Danfoss RA-N oraz zaworami Oventrop, Heimeier i Honeywell<\/strong><\/p>\n","protected":false},"featured_media":6127,"template":"","meta":{"_kad_blocks_custom_css":"","_kad_blocks_head_custom_js":"","_kad_blocks_body_custom_js":"","_kad_blocks_footer_custom_js":"","_kad_post_transparent":"default","_kad_post_title":"","_kad_post_layout":"default","_kad_post_sidebar_id":"","_kad_post_content_style":"default","_kad_post_vertical_padding":"default","_kad_post_feature":"","_kad_post_feature_position":"","_kad_post_header":false,"_kad_post_footer":false,"_kad_post_classname":""},"product_brand":[415],"product_cat":[348],"product_tag":[],"class_list":{"0":"post-6119","1":"product","2":"type-product","3":"status-publish","4":"has-post-thumbnail","6":"product_brand-vario-term","7":"product_cat-glowice-termostatyczne","8":"product_shipping_class-drobnica","10":"first","11":"instock","12":"taxable","13":"shipping-taxable","14":"purchasable","15":"product-type-simple","16":"entry","17":"content-bg","18":"loop-entry"},"taxonomy_info":{"product_brand":[{"value":415,"label":"Vario Term"}],"product_cat":[{"value":348,"label":"G\u0142owice termostatyczne"}]},"featured_image_src_large":["https:\/\/e-systemygrzewcze.eu\/sklep\/wp-content\/uploads\/2025\/09\/Nowy-projekt-2025-09-08T085936.120.jpg",510,578,false],"author_info":[],"comment_info":"","_links":{"self":[{"href":"https:\/\/e-systemygrzewcze.eu\/sklep\/wp-json\/wp\/v2\/product\/6119","targetHints":{"allow":["GET"]}}],"collection":[{"href":"https:\/\/e-systemygrzewcze.eu\/sklep\/wp-json\/wp\/v2\/product"}],"about":[{"href":"https:\/\/e-systemygrzewcze.eu\/sklep\/wp-json\/wp\/v2\/types\/product"}],"wp:featuredmedia":[{"embeddable":true,"href":"https:\/\/e-systemygrzewcze.eu\/sklep\/wp-json\/wp\/v2\/media\/6127"}],"wp:attachment":[{"href":"https:\/\/e-systemygrzewcze.eu\/sklep\/wp-json\/wp\/v2\/media?parent=6119"}],"wp:term":[{"taxonomy":"product_brand","embeddable":true,"href":"https:\/\/e-systemygrzewcze.eu\/sklep\/wp-json\/wp\/v2\/product_brand?post=6119"},{"taxonomy":"product_cat","embeddable":true,"href":"https:\/\/e-systemygrzewcze.eu\/sklep\/wp-json\/wp\/v2\/product_cat?post=6119"},{"taxonomy":"product_tag","embeddable":true,"href":"https:\/\/e-systemygrzewcze.eu\/sklep\/wp-json\/wp\/v2\/product_tag?post=6119"}],"curies":[{"name":"wp","href":"https:\/\/api.w.org\/{rel}","templated":true}]}}