{"id":6118,"date":"2025-09-08T06:16:28","date_gmt":"2025-09-08T06:16:28","guid":{"rendered":"https:\/\/e-systemygrzewcze.eu\/sklep\/produkt\/vario-term-glowica-termostatyczna-prestige-gs-04-101c-biala-chromowana\/"},"modified":"2026-04-09T10:14:54","modified_gmt":"2026-04-09T10:14:54","slug":"vario-term-glowica-termostatyczna-prestige-gs-04-101c-biala-chromowana","status":"publish","type":"product","link":"https:\/\/e-systemygrzewcze.eu\/sklep\/produkt\/vario-term-glowica-termostatyczna-prestige-gs-04-101c-biala-chromowana\/","title":{"rendered":"VARIO TERM G\u0142owica termostatyczna PRESTIGE Bia\u0142a\/Chromowana (GS 04-101C)"},"content":{"rendered":"<h2 data-start=\"116\" data-end=\"179\">\ud83d\udd27 VARIO TERM \u2013 G\u0142owica termostatyczna PRESTIGE GS 04-101C<\/h2>\n<p data-start=\"181\" data-end=\"352\"><strong data-start=\"181\" data-end=\"191\">Kolor:<\/strong> bia\u0142y \/ chromowany<br data-start=\"210\" data-end=\"213\" \/><strong data-start=\"213\" data-end=\"221\">Typ:<\/strong> GS 04-101C<br data-start=\"232\" data-end=\"235\" \/><strong data-start=\"235\" data-end=\"255\">Gwint monta\u017cowy:<\/strong> standard Oventrop \/ Danfoss RA-N (click)<\/p>\n<hr data-start=\"354\" data-end=\"357\" \/>\n<h2 data-start=\"359\" data-end=\"387\">\ud83c\udf21 Funkcje i zastosowanie<\/h2>\n<p data-start=\"389\" data-end=\"587\">G\u0142owica termostatyczna <strong data-start=\"412\" data-end=\"435\">Prestige GS 04-101C<\/strong> to nowoczesny regulator temperatury do grzejnik\u00f3w, kt\u00f3ry utrzymuje komfort cieplny w pomieszczeniu, uwzgl\u0119dniaj\u0105c dodatkowe \u017ar\u00f3d\u0142a ciep\u0142a, takie jak:<\/p>\n<ul data-start=\"589\" data-end=\"650\">\n<li data-start=\"589\" data-end=\"614\">\n<p data-start=\"591\" data-end=\"614\">zyski ciep\u0142a od ludzi<\/p>\n<\/li>\n<li data-start=\"615\" data-end=\"630\">\n<p data-start=\"617\" data-end=\"630\">o\u015bwietlenie<\/p>\n<\/li>\n<li data-start=\"631\" data-end=\"650\">\n<p data-start=\"633\" data-end=\"650\">nas\u0142onecznienie<\/p>\n<\/li>\n<\/ul>\n<p data-start=\"652\" data-end=\"764\">Dzi\u0119ki ergonomicznemu kszta\u0142towi i \u0142atwej w utrzymaniu czysto\u015bci konstrukcji, g\u0142owica idealnie sprawdza si\u0119 w:<\/p>\n<ul data-start=\"766\" data-end=\"860\">\n<li data-start=\"766\" data-end=\"780\">\n<p data-start=\"768\" data-end=\"780\">szpitalach<\/p>\n<\/li>\n<li data-start=\"781\" data-end=\"796\">\n<p data-start=\"783\" data-end=\"796\">sanatoriach<\/p>\n<\/li>\n<li data-start=\"797\" data-end=\"809\">\n<p data-start=\"799\" data-end=\"809\">szko\u0142ach<\/p>\n<\/li>\n<li data-start=\"810\" data-end=\"860\">\n<p data-start=\"812\" data-end=\"860\">innych pomieszczeniach u\u017cyteczno\u015bci publicznej<\/p>\n<\/li>\n<\/ul>\n<hr data-start=\"862\" data-end=\"865\" \/>\n<h2 data-start=\"867\" data-end=\"878\">\u2705 Zalety<\/h2>\n<ul data-start=\"880\" data-end=\"1136\">\n<li data-start=\"880\" data-end=\"915\">\n<p data-start=\"882\" data-end=\"915\">Nowoczesny, ergonomiczny design<\/p>\n<\/li>\n<li data-start=\"916\" data-end=\"992\">\n<p data-start=\"918\" data-end=\"992\">Utrzymanie komfortu cieplnego z uwzgl\u0119dnieniem dodatkowych \u017ar\u00f3de\u0142 ciep\u0142a<\/p>\n<\/li>\n<li data-start=\"993\" data-end=\"1025\">\n<p data-start=\"995\" data-end=\"1025\">\u0141atwo\u015b\u0107 utrzymania czysto\u015bci<\/p>\n<\/li>\n<li data-start=\"1026\" data-end=\"1136\">\n<p data-start=\"1028\" data-end=\"1136\">Przystosowana do wk\u0142adek zaworowych Oventrop, Danfoss, Brugman, Perfexim oraz zawor\u00f3w Danfoss RA-N (click)<\/p>\n<\/li>\n<\/ul>\n","protected":false},"excerpt":{"rendered":"<p><strong>G\u0142owica termostatyczna Vario Term Prestige GS.04-101C w kolorze bia\u0142ym z chromowanym wyko\u0144czeniem to elegancki regulator temperatury przeznaczony do zawor\u00f3w z gwintem RA-N (Click)<\/strong><\/p>\n","protected":false},"featured_media":6124,"template":"","meta":{"_kad_blocks_custom_css":"","_kad_blocks_head_custom_js":"","_kad_blocks_body_custom_js":"","_kad_blocks_footer_custom_js":"","_kad_post_transparent":"default","_kad_post_title":"","_kad_post_layout":"default","_kad_post_sidebar_id":"","_kad_post_content_style":"default","_kad_post_vertical_padding":"default","_kad_post_feature":"","_kad_post_feature_position":"","_kad_post_header":false,"_kad_post_footer":false,"_kad_post_classname":""},"product_brand":[415],"product_cat":[348],"product_tag":[],"class_list":{"0":"post-6118","1":"product","2":"type-product","3":"status-publish","4":"has-post-thumbnail","6":"product_brand-vario-term","7":"product_cat-glowice-termostatyczne","8":"product_shipping_class-drobnica","10":"first","11":"instock","12":"taxable","13":"shipping-taxable","14":"purchasable","15":"product-type-simple","16":"entry","17":"content-bg","18":"loop-entry"},"taxonomy_info":{"product_brand":[{"value":415,"label":"Vario Term"}],"product_cat":[{"value":348,"label":"G\u0142owice termostatyczne"}]},"featured_image_src_large":["https:\/\/e-systemygrzewcze.eu\/sklep\/wp-content\/uploads\/2025\/09\/Nowy-projekt-2025-09-08T085258.961.jpg",510,578,false],"author_info":[],"comment_info":"","_links":{"self":[{"href":"https:\/\/e-systemygrzewcze.eu\/sklep\/wp-json\/wp\/v2\/product\/6118","targetHints":{"allow":["GET"]}}],"collection":[{"href":"https:\/\/e-systemygrzewcze.eu\/sklep\/wp-json\/wp\/v2\/product"}],"about":[{"href":"https:\/\/e-systemygrzewcze.eu\/sklep\/wp-json\/wp\/v2\/types\/product"}],"wp:featuredmedia":[{"embeddable":true,"href":"https:\/\/e-systemygrzewcze.eu\/sklep\/wp-json\/wp\/v2\/media\/6124"}],"wp:attachment":[{"href":"https:\/\/e-systemygrzewcze.eu\/sklep\/wp-json\/wp\/v2\/media?parent=6118"}],"wp:term":[{"taxonomy":"product_brand","embeddable":true,"href":"https:\/\/e-systemygrzewcze.eu\/sklep\/wp-json\/wp\/v2\/product_brand?post=6118"},{"taxonomy":"product_cat","embeddable":true,"href":"https:\/\/e-systemygrzewcze.eu\/sklep\/wp-json\/wp\/v2\/product_cat?post=6118"},{"taxonomy":"product_tag","embeddable":true,"href":"https:\/\/e-systemygrzewcze.eu\/sklep\/wp-json\/wp\/v2\/product_tag?post=6118"}],"curies":[{"name":"wp","href":"https:\/\/api.w.org\/{rel}","templated":true}]}}