{"id":6117,"date":"2025-09-08T06:16:25","date_gmt":"2025-09-08T06:16:25","guid":{"rendered":"https:\/\/e-systemygrzewcze.eu\/sklep\/produkt\/vario-term-glowica-termostatyczna-tucan-biala-000m665a106\/"},"modified":"2026-04-09T10:15:00","modified_gmt":"2026-04-09T10:15:00","slug":"vario-term-glowica-termostatyczna-tucan-biala-000m665a106","status":"publish","type":"product","link":"https:\/\/e-systemygrzewcze.eu\/sklep\/produkt\/vario-term-glowica-termostatyczna-tucan-biala-000m665a106\/","title":{"rendered":"VARIO TERM G\u0142owica termostatyczna TUCAN Bia\u0142a (000M665A106)"},"content":{"rendered":"<h2 data-start=\"73\" data-end=\"122\">\ud83d\udd27 VARIO TERM \u2013 G\u0142owica termostatyczna TUCAN<\/h2>\n<p data-start=\"124\" data-end=\"182\"><strong data-start=\"124\" data-end=\"134\">Kolor:<\/strong> bia\u0142y<br data-start=\"140\" data-end=\"143\" \/><strong data-start=\"143\" data-end=\"168\">Typ \/ Kod katalogowy:<\/strong> 000M665A106<\/p>\n<hr data-start=\"184\" data-end=\"187\" \/>\n<h2 data-start=\"189\" data-end=\"217\">\ud83c\udf21 Funkcje i zastosowanie<\/h2>\n<p data-start=\"219\" data-end=\"410\">G\u0142owica termostatyczna <strong data-start=\"242\" data-end=\"251\">TUCAN<\/strong> to nowoczesny regulator temperatury do grzejnik\u00f3w, kt\u00f3ry pozwala utrzyma\u0107 komfort cieplny w pomieszczeniu, uwzgl\u0119dniaj\u0105c dodatkowe \u017ar\u00f3d\u0142a ciep\u0142a, takie jak:<\/p>\n<ul data-start=\"412\" data-end=\"473\">\n<li data-start=\"412\" data-end=\"437\">\n<p data-start=\"414\" data-end=\"437\">zyski ciep\u0142a od ludzi<\/p>\n<\/li>\n<li data-start=\"438\" data-end=\"453\">\n<p data-start=\"440\" data-end=\"453\">o\u015bwietlenie<\/p>\n<\/li>\n<li data-start=\"454\" data-end=\"473\">\n<p data-start=\"456\" data-end=\"473\">nas\u0142onecznienie<\/p>\n<\/li>\n<\/ul>\n<p data-start=\"475\" data-end=\"661\">Dzi\u0119ki ergonomicznemu kszta\u0142towi i \u0142atwej w utrzymaniu czysto\u015bci konstrukcji, g\u0142owica TUCAN jest idealna do stosowania w r\u00f3\u017cnych pomieszczeniach u\u017cyteczno\u015bci publicznej i mieszkalnych.<\/p>\n<hr data-start=\"663\" data-end=\"666\" \/>\n<h2 data-start=\"668\" data-end=\"684\">\u2705 W\u0142a\u015bciwo\u015bci<\/h2>\n<ul data-start=\"686\" data-end=\"953\">\n<li data-start=\"686\" data-end=\"717\">\n<p data-start=\"688\" data-end=\"717\">Niezawodny czujnik cieczowy<\/p>\n<\/li>\n<li data-start=\"718\" data-end=\"766\">\n<p data-start=\"720\" data-end=\"766\">Pokr\u0119t\u0142o regulacyjne z oznakowaniem cyfrowym<\/p>\n<\/li>\n<li data-start=\"767\" data-end=\"837\">\n<p data-start=\"769\" data-end=\"837\">Funkcja ochrony przed zamro\u017ceniem instalacji (6\u00b0C na nastawie \u201e*\u201d)<\/p>\n<\/li>\n<li data-start=\"838\" data-end=\"885\">\n<p data-start=\"840\" data-end=\"885\">Korpus wykonany z wysokiej jako\u015bci tworzywa<\/p>\n<\/li>\n<li data-start=\"886\" data-end=\"918\">\n<p data-start=\"888\" data-end=\"918\">\u0141atwo\u015b\u0107 utrzymania czysto\u015bci<\/p>\n<\/li>\n<li data-start=\"919\" data-end=\"953\">\n<p data-start=\"921\" data-end=\"953\">Intuicyjna nastawa temperatury<\/p>\n<\/li>\n<\/ul>\n","protected":false},"excerpt":{"rendered":"<p><strong>G\u0142owica termostatyczna Vario Term Tucan Bia\u0142a 000M665A106 to nowoczesny regulator temperatury przeznaczony do zawor\u00f3w z gwintem M30\u00d71,5, charakteryzuj\u0105cy si\u0119 ergonomicznym kszta\u0142tem, cyfrowym oznakowaniem nastaw temperatury oraz funkcj\u0105 ochrony przed zamarzni\u0119ciem<\/strong><\/p>\n","protected":false},"featured_media":6123,"template":"","meta":{"_kad_blocks_custom_css":"","_kad_blocks_head_custom_js":"","_kad_blocks_body_custom_js":"","_kad_blocks_footer_custom_js":"","_kad_post_transparent":"default","_kad_post_title":"","_kad_post_layout":"default","_kad_post_sidebar_id":"","_kad_post_content_style":"default","_kad_post_vertical_padding":"default","_kad_post_feature":"","_kad_post_feature_position":"","_kad_post_header":false,"_kad_post_footer":false,"_kad_post_classname":""},"product_brand":[415],"product_cat":[348],"product_tag":[],"class_list":{"0":"post-6117","1":"product","2":"type-product","3":"status-publish","4":"has-post-thumbnail","6":"product_brand-vario-term","7":"product_cat-glowice-termostatyczne","8":"product_shipping_class-drobnica","10":"first","11":"instock","12":"taxable","13":"shipping-taxable","14":"purchasable","15":"product-type-simple","16":"entry","17":"content-bg","18":"loop-entry"},"taxonomy_info":{"product_brand":[{"value":415,"label":"Vario Term"}],"product_cat":[{"value":348,"label":"G\u0142owice termostatyczne"}]},"featured_image_src_large":["https:\/\/e-systemygrzewcze.eu\/sklep\/wp-content\/uploads\/2025\/09\/Nowy-projekt-2025-09-08T084008.021.jpg",510,578,false],"author_info":[],"comment_info":"","_links":{"self":[{"href":"https:\/\/e-systemygrzewcze.eu\/sklep\/wp-json\/wp\/v2\/product\/6117","targetHints":{"allow":["GET"]}}],"collection":[{"href":"https:\/\/e-systemygrzewcze.eu\/sklep\/wp-json\/wp\/v2\/product"}],"about":[{"href":"https:\/\/e-systemygrzewcze.eu\/sklep\/wp-json\/wp\/v2\/types\/product"}],"wp:featuredmedia":[{"embeddable":true,"href":"https:\/\/e-systemygrzewcze.eu\/sklep\/wp-json\/wp\/v2\/media\/6123"}],"wp:attachment":[{"href":"https:\/\/e-systemygrzewcze.eu\/sklep\/wp-json\/wp\/v2\/media?parent=6117"}],"wp:term":[{"taxonomy":"product_brand","embeddable":true,"href":"https:\/\/e-systemygrzewcze.eu\/sklep\/wp-json\/wp\/v2\/product_brand?post=6117"},{"taxonomy":"product_cat","embeddable":true,"href":"https:\/\/e-systemygrzewcze.eu\/sklep\/wp-json\/wp\/v2\/product_cat?post=6117"},{"taxonomy":"product_tag","embeddable":true,"href":"https:\/\/e-systemygrzewcze.eu\/sklep\/wp-json\/wp\/v2\/product_tag?post=6117"}],"curies":[{"name":"wp","href":"https:\/\/api.w.org\/{rel}","templated":true}]}}