{"id":6109,"date":"2025-09-08T06:05:57","date_gmt":"2025-09-08T06:05:57","guid":{"rendered":"https:\/\/e-systemygrzewcze.eu\/sklep\/produkt\/herz-glowica-termostatyczna-porsche-1-9260-89\/"},"modified":"2026-04-09T10:18:14","modified_gmt":"2026-04-09T10:18:14","slug":"herz-glowica-termostatyczna-porsche-1-9260-89","status":"publish","type":"product","link":"https:\/\/e-systemygrzewcze.eu\/sklep\/produkt\/herz-glowica-termostatyczna-porsche-1-9260-89\/","title":{"rendered":"HERZ G\u0142owica termostatyczna PORSCHE (1-9260-89)"},"content":{"rendered":"<h2 data-start=\"67\" data-end=\"112\">\ud83d\udd27 HERZ \u2013 G\u0142owica termostatyczna PORSCHE<\/h2>\n<p data-start=\"114\" data-end=\"318\"><strong data-start=\"114\" data-end=\"139\">Typ \/ Kod katalogowy:<\/strong> 1-9260-89<br data-start=\"149\" data-end=\"152\" \/><strong data-start=\"152\" data-end=\"177\">Gwint przy\u0142\u0105czeniowy:<\/strong> M30 x 1,5 (RTD)<br data-start=\"193\" data-end=\"196\" \/><strong data-start=\"196\" data-end=\"212\">Typ monta\u017cu:<\/strong> bezpo\u015bredni na zaworze RTD lub na grzejniku kompaktowym z wbudowanym zaworem RTD z czujnikiem cieczowym<\/p>\n<hr data-start=\"320\" data-end=\"323\" \/>\n<h2 data-start=\"325\" data-end=\"353\">\ud83c\udf21 Funkcje i zastosowanie<\/h2>\n<ul data-start=\"355\" data-end=\"673\">\n<li data-start=\"355\" data-end=\"426\">\n<p data-start=\"357\" data-end=\"426\">Reguluje temperatur\u0119 w zakresie <strong data-start=\"389\" data-end=\"399\">6\u201330\u00b0C<\/strong>, z dodatkow\u0105 pozycj\u0105 \u201e0\u201d<\/p>\n<\/li>\n<li data-start=\"427\" data-end=\"515\">\n<p data-start=\"429\" data-end=\"515\">Brak mechanicznego zamkni\u0119cia \u2013 automatyczna regulacja bez ryzyka uszkodzenia zaworu<\/p>\n<\/li>\n<li data-start=\"516\" data-end=\"581\">\n<p data-start=\"518\" data-end=\"581\">Umo\u017cliwia komfortowe utrzymanie temperatury w pomieszczeniach<\/p>\n<\/li>\n<li data-start=\"582\" data-end=\"673\">\n<p data-start=\"584\" data-end=\"673\">Oszcz\u0119dza energi\u0119 i wspiera ochron\u0119 \u015brodowiska naturalnego dzi\u0119ki precyzyjnej regulacji<\/p>\n<\/li>\n<\/ul>\n<hr data-start=\"675\" data-end=\"678\" \/>\n<h2 data-start=\"680\" data-end=\"696\">\u2705 W\u0142a\u015bciwo\u015bci<\/h2>\n<ul data-start=\"698\" data-end=\"874\">\n<li data-start=\"698\" data-end=\"760\">\n<p data-start=\"700\" data-end=\"760\">Czujnik cieczowy gwarantuje dok\u0142adn\u0105 regulacj\u0119 temperatury<\/p>\n<\/li>\n<li data-start=\"761\" data-end=\"812\">\n<p data-start=\"763\" data-end=\"812\">Prosty i szybki monta\u017c bez dodatkowych narz\u0119dzi<\/p>\n<\/li>\n<li data-start=\"813\" data-end=\"874\">\n<p data-start=\"815\" data-end=\"874\">Kompatybilna z systemami instalacyjnymi i grzewczymi HERZ<\/p>\n<\/li>\n<\/ul>\n","protected":false},"excerpt":{"rendered":"<p><strong>G\u0142owica termostatyczna HERZ Porsche 1-9260-89 to stylowy regulator temperatury z zakresem 6\u201328\u00a0\u00b0C, zabezpieczeniem przed zamarzni\u0119ciem i blokad\u0105 nastawy, zaprojektowany we wsp\u00f3\u0142pracy z Porsche Design dla zawor\u00f3w Danfoss RTD (stary typ)<\/strong><\/p>\n","protected":false},"featured_media":6115,"template":"","meta":{"_kad_blocks_custom_css":"","_kad_blocks_head_custom_js":"","_kad_blocks_body_custom_js":"","_kad_blocks_footer_custom_js":"","_kad_post_transparent":"default","_kad_post_title":"","_kad_post_layout":"default","_kad_post_sidebar_id":"","_kad_post_content_style":"default","_kad_post_vertical_padding":"default","_kad_post_feature":"","_kad_post_feature_position":"","_kad_post_header":false,"_kad_post_footer":false,"_kad_post_classname":""},"product_brand":[414],"product_cat":[348],"product_tag":[],"class_list":{"0":"post-6109","1":"product","2":"type-product","3":"status-publish","4":"has-post-thumbnail","6":"product_brand-herz","7":"product_cat-glowice-termostatyczne","8":"product_shipping_class-drobnica","10":"first","11":"instock","12":"taxable","13":"shipping-taxable","14":"purchasable","15":"product-type-simple","16":"entry","17":"content-bg","18":"loop-entry"},"taxonomy_info":{"product_brand":[{"value":414,"label":"HERZ"}],"product_cat":[{"value":348,"label":"G\u0142owice termostatyczne"}]},"featured_image_src_large":["https:\/\/e-systemygrzewcze.eu\/sklep\/wp-content\/uploads\/2025\/09\/Nowy-projekt-2025-09-08T081445.996.jpg",510,578,false],"author_info":[],"comment_info":"","_links":{"self":[{"href":"https:\/\/e-systemygrzewcze.eu\/sklep\/wp-json\/wp\/v2\/product\/6109","targetHints":{"allow":["GET"]}}],"collection":[{"href":"https:\/\/e-systemygrzewcze.eu\/sklep\/wp-json\/wp\/v2\/product"}],"about":[{"href":"https:\/\/e-systemygrzewcze.eu\/sklep\/wp-json\/wp\/v2\/types\/product"}],"wp:featuredmedia":[{"embeddable":true,"href":"https:\/\/e-systemygrzewcze.eu\/sklep\/wp-json\/wp\/v2\/media\/6115"}],"wp:attachment":[{"href":"https:\/\/e-systemygrzewcze.eu\/sklep\/wp-json\/wp\/v2\/media?parent=6109"}],"wp:term":[{"taxonomy":"product_brand","embeddable":true,"href":"https:\/\/e-systemygrzewcze.eu\/sklep\/wp-json\/wp\/v2\/product_brand?post=6109"},{"taxonomy":"product_cat","embeddable":true,"href":"https:\/\/e-systemygrzewcze.eu\/sklep\/wp-json\/wp\/v2\/product_cat?post=6109"},{"taxonomy":"product_tag","embeddable":true,"href":"https:\/\/e-systemygrzewcze.eu\/sklep\/wp-json\/wp\/v2\/product_tag?post=6109"}],"curies":[{"name":"wp","href":"https:\/\/api.w.org\/{rel}","templated":true}]}}