{"id":6108,"date":"2025-09-08T06:05:50","date_gmt":"2025-09-08T06:05:50","guid":{"rendered":"https:\/\/e-systemygrzewcze.eu\/sklep\/produkt\/goshe-glowica-termostatyczna-czarna-kira\/"},"modified":"2026-04-09T10:18:20","modified_gmt":"2026-04-09T10:18:20","slug":"goshe-glowica-termostatyczna-czarna-kira","status":"publish","type":"product","link":"https:\/\/e-systemygrzewcze.eu\/sklep\/produkt\/goshe-glowica-termostatyczna-czarna-kira\/","title":{"rendered":"GOSHE G\u0142owica termostatyczna KIRA czarna"},"content":{"rendered":"<h2 data-start=\"61\" data-end=\"104\">\ud83d\udd27 GOSHE \u2013 G\u0142owica termostatyczna KIRA<\/h2>\n<p data-start=\"106\" data-end=\"319\"><strong data-start=\"106\" data-end=\"116\">Kolor:<\/strong> czarny<br data-start=\"123\" data-end=\"126\" \/><strong data-start=\"126\" data-end=\"151\">Gwint przy\u0142\u0105czeniowy:<\/strong> M30 x 1,5<br data-start=\"161\" data-end=\"164\" \/><strong data-start=\"164\" data-end=\"186\">D\u0142ugo\u015b\u0107 ca\u0142kowita:<\/strong> 70 mm<br data-start=\"192\" data-end=\"195\" \/><strong data-start=\"195\" data-end=\"224\">Zakres temperatury pracy:<\/strong> 5\u00b0C \u2013 32\u00b0C<br data-start=\"235\" data-end=\"238\" \/><strong data-start=\"238\" data-end=\"271\" data-is-only-node=\"\">Zakres regulacji temperatury:<\/strong> 0\u20135<br data-start=\"275\" data-end=\"278\" \/><strong data-start=\"278\" data-end=\"311\">Maksymalne ci\u015bnienie robocze:<\/strong> 1 MPa<\/p>\n<hr data-start=\"321\" data-end=\"324\" \/>\n<h2 data-start=\"326\" data-end=\"343\">\ud83c\udf21 W\u0142a\u015bciwo\u015bci<\/h2>\n<ul data-start=\"345\" data-end=\"491\">\n<li data-start=\"345\" data-end=\"379\">\n<p data-start=\"347\" data-end=\"379\">Materia\u0142: polipropylen + metal<\/p>\n<\/li>\n<li data-start=\"380\" data-end=\"432\">\n<p data-start=\"382\" data-end=\"432\">Precyzyjna regulacja temperatury w pomieszczeniu<\/p>\n<\/li>\n<li data-start=\"433\" data-end=\"491\">\n<p data-start=\"435\" data-end=\"491\">Kompaktowa budowa, nowoczesny design w kolorze czarnym<\/p>\n<\/li>\n<\/ul>\n","protected":false},"excerpt":{"rendered":"<p><strong>G\u0142owica termostatyczna GOSHE KIRA czarna to trwa\u0142y i estetyczny regulator temperatury z gwintem M30\u00d71,5, oferuj\u0105cy pi\u0119ciostopniow\u0105 regulacj\u0119 w zakresie 8\u201328\u00a0\u00b0C, wyposa\u017cony w blokad\u0119 pokr\u0119t\u0142a oraz wykonany z polipropylenu i metalu, co zapewnia odporno\u015b\u0107 na uszkodzenia i d\u0142ug\u0105 \u017cywotno\u015b\u0107, idealny do standardowych zawor\u00f3w grzejnikowych<\/strong><\/p>\n","protected":false},"featured_media":6113,"template":"","meta":{"_kad_blocks_custom_css":"","_kad_blocks_head_custom_js":"","_kad_blocks_body_custom_js":"","_kad_blocks_footer_custom_js":"","_kad_post_transparent":"default","_kad_post_title":"","_kad_post_layout":"default","_kad_post_sidebar_id":"","_kad_post_content_style":"default","_kad_post_vertical_padding":"default","_kad_post_feature":"","_kad_post_feature_position":"","_kad_post_header":false,"_kad_post_footer":false,"_kad_post_classname":""},"product_brand":[27],"product_cat":[348],"product_tag":[],"class_list":{"0":"post-6108","1":"product","2":"type-product","3":"status-publish","4":"has-post-thumbnail","6":"product_brand-goshe","7":"product_cat-glowice-termostatyczne","8":"product_shipping_class-drobnica","10":"first","11":"instock","12":"taxable","13":"shipping-taxable","14":"purchasable","15":"product-type-simple","16":"entry","17":"content-bg","18":"loop-entry"},"taxonomy_info":{"product_brand":[{"value":27,"label":"Goshe"}],"product_cat":[{"value":348,"label":"G\u0142owice termostatyczne"}]},"featured_image_src_large":["https:\/\/e-systemygrzewcze.eu\/sklep\/wp-content\/uploads\/2025\/09\/Nowy-projekt-2025-09-08T081238.687.jpg",510,578,false],"author_info":[],"comment_info":"","_links":{"self":[{"href":"https:\/\/e-systemygrzewcze.eu\/sklep\/wp-json\/wp\/v2\/product\/6108","targetHints":{"allow":["GET"]}}],"collection":[{"href":"https:\/\/e-systemygrzewcze.eu\/sklep\/wp-json\/wp\/v2\/product"}],"about":[{"href":"https:\/\/e-systemygrzewcze.eu\/sklep\/wp-json\/wp\/v2\/types\/product"}],"wp:featuredmedia":[{"embeddable":true,"href":"https:\/\/e-systemygrzewcze.eu\/sklep\/wp-json\/wp\/v2\/media\/6113"}],"wp:attachment":[{"href":"https:\/\/e-systemygrzewcze.eu\/sklep\/wp-json\/wp\/v2\/media?parent=6108"}],"wp:term":[{"taxonomy":"product_brand","embeddable":true,"href":"https:\/\/e-systemygrzewcze.eu\/sklep\/wp-json\/wp\/v2\/product_brand?post=6108"},{"taxonomy":"product_cat","embeddable":true,"href":"https:\/\/e-systemygrzewcze.eu\/sklep\/wp-json\/wp\/v2\/product_cat?post=6108"},{"taxonomy":"product_tag","embeddable":true,"href":"https:\/\/e-systemygrzewcze.eu\/sklep\/wp-json\/wp\/v2\/product_tag?post=6108"}],"curies":[{"name":"wp","href":"https:\/\/api.w.org\/{rel}","templated":true}]}}