{"id":6107,"date":"2025-09-08T06:05:45","date_gmt":"2025-09-08T06:05:45","guid":{"rendered":"https:\/\/e-systemygrzewcze.eu\/sklep\/produkt\/goshe-glowica-termostatyczna-biala-kira\/"},"modified":"2026-04-09T10:18:26","modified_gmt":"2026-04-09T10:18:26","slug":"goshe-glowica-termostatyczna-biala-kira","status":"publish","type":"product","link":"https:\/\/e-systemygrzewcze.eu\/sklep\/produkt\/goshe-glowica-termostatyczna-biala-kira\/","title":{"rendered":"GOSHE G\u0142owica termostatyczna KIRA bia\u0142a"},"content":{"rendered":"<h2 data-start=\"87\" data-end=\"135\">\ud83c\udf21\ufe0f G\u0142owica termostatyczna KIRA bia\u0142a \u2013 GOSHE<\/h2>\n<p data-start=\"136\" data-end=\"421\">G\u0142owica termostatyczna <strong data-start=\"159\" data-end=\"179\">KIRA marki GOSHE<\/strong> to funkcjonalny i estetyczny regulator temperatury do grzejnik\u00f3w, kt\u00f3ry umo\u017cliwia <strong data-start=\"262\" data-end=\"320\">precyzyjn\u0105 kontrol\u0119 poziomu ogrzewania w pomieszczeniu<\/strong>. Dzi\u0119ki prostej, klasycznej formie w kolorze bia\u0142ym doskonale pasuje do ka\u017cdej instalacji grzewczej.<\/p>\n<hr data-start=\"423\" data-end=\"426\" \/>\n<h2 data-start=\"428\" data-end=\"463\">\ud83c\udfe0 Komfort cieplny i oszcz\u0119dno\u015b\u0107<\/h2>\n<p data-start=\"464\" data-end=\"516\">G\u0142owica automatycznie reaguje na zmiany temperatury:<\/p>\n<ul data-start=\"517\" data-end=\"672\">\n<li data-start=\"517\" data-end=\"568\">\n<p data-start=\"519\" data-end=\"568\">reguluje dop\u0142yw czynnika grzewczego do grzejnika,<\/p>\n<\/li>\n<li data-start=\"569\" data-end=\"603\">\n<p data-start=\"571\" data-end=\"603\">utrzymuje sta\u0142y poziom komfortu,<\/p>\n<\/li>\n<li data-start=\"604\" data-end=\"672\">\n<p data-start=\"606\" data-end=\"672\">pozwala ograniczy\u0107 zu\u017cycie energii i zmniejszy\u0107 koszty ogrzewania.<\/p>\n<\/li>\n<\/ul>\n<hr data-start=\"674\" data-end=\"677\" \/>\n<h2 data-start=\"679\" data-end=\"704\">\ud83d\udd27 Solidna konstrukcja<\/h2>\n<p data-start=\"705\" data-end=\"740\">Produkt wykonany jest z po\u0142\u0105czenia:<\/p>\n<ul data-start=\"741\" data-end=\"869\">\n<li data-start=\"741\" data-end=\"793\">\n<p data-start=\"743\" data-end=\"793\"><strong data-start=\"743\" data-end=\"760\">polipropylenu<\/strong> \u2013 odporny na wysok\u0105 temperatur\u0119,<\/p>\n<\/li>\n<li data-start=\"794\" data-end=\"869\">\n<p data-start=\"796\" data-end=\"869\"><strong data-start=\"796\" data-end=\"820\">element\u00f3w metalowych<\/strong> \u2013 trwa\u0142o\u015b\u0107 i stabilno\u015b\u0107 pracy przez d\u0142ugie lata.<\/p>\n<\/li>\n<\/ul>\n<hr data-start=\"871\" data-end=\"874\" \/>\n<h2 data-start=\"876\" data-end=\"897\">\ud83d\udcd0 Dane techniczne<\/h2>\n<ul data-start=\"898\" data-end=\"1216\">\n<li data-start=\"898\" data-end=\"918\">\n<p data-start=\"900\" data-end=\"918\">Kolor: <strong data-start=\"907\" data-end=\"916\">bia\u0142y<\/strong><\/p>\n<\/li>\n<li data-start=\"919\" data-end=\"956\">\n<p data-start=\"921\" data-end=\"956\">Gwint przy\u0142\u0105czeniowy: <strong data-start=\"943\" data-end=\"954\">M30x1,5<\/strong><\/p>\n<\/li>\n<li data-start=\"957\" data-end=\"1000\">\n<p data-start=\"959\" data-end=\"1000\">Maksymalne ci\u015bnienie robocze: <strong data-start=\"989\" data-end=\"998\">1 MPa<\/strong><\/p>\n<\/li>\n<li data-start=\"1001\" data-end=\"1045\">\n<p data-start=\"1003\" data-end=\"1045\">Zakres temperatury pracy: <strong data-start=\"1029\" data-end=\"1043\">5\u00b0C \u2013 32\u00b0C<\/strong><\/p>\n<\/li>\n<li data-start=\"1046\" data-end=\"1087\">\n<p data-start=\"1048\" data-end=\"1087\">Zakres regulacji temperatury: <strong data-start=\"1078\" data-end=\"1085\">0\u20135<\/strong><\/p>\n<\/li>\n<li data-start=\"1088\" data-end=\"1120\">\n<p data-start=\"1090\" data-end=\"1120\">D\u0142ugo\u015b\u0107 ca\u0142kowita: <strong data-start=\"1109\" data-end=\"1118\">70 mm<\/strong><\/p>\n<\/li>\n<li data-start=\"1121\" data-end=\"1158\">\n<p data-start=\"1123\" data-end=\"1158\">Materia\u0142: <strong data-start=\"1133\" data-end=\"1156\">polipropylen, metal<\/strong><\/p>\n<\/li>\n<li data-start=\"1159\" data-end=\"1183\">\n<p data-start=\"1161\" data-end=\"1183\">Producent: <strong data-start=\"1172\" data-end=\"1181\">GOSHE<\/strong><\/p>\n<\/li>\n<li data-start=\"1184\" data-end=\"1216\">\n<p data-start=\"1186\" data-end=\"1216\">Numer katalogowy: <strong data-start=\"1204\" data-end=\"1216\">0300.032<\/strong><\/p>\n<\/li>\n<\/ul>\n<hr data-start=\"1218\" data-end=\"1221\" \/>\n<h2 data-start=\"1223\" data-end=\"1248\">\u2705 Najwa\u017cniejsze zalety<\/h2>\n<ul data-start=\"1249\" data-end=\"1432\">\n<li data-start=\"1249\" data-end=\"1285\">\n<p data-start=\"1251\" data-end=\"1285\">precyzyjna regulacja temperatury<\/p>\n<\/li>\n<li data-start=\"1286\" data-end=\"1324\">\n<p data-start=\"1288\" data-end=\"1324\">estetyczny wygl\u0105d w bia\u0142ym kolorze<\/p>\n<\/li>\n<li data-start=\"1325\" data-end=\"1357\">\n<p data-start=\"1327\" data-end=\"1357\">trwa\u0142a i solidna konstrukcja<\/p>\n<\/li>\n<li data-start=\"1358\" data-end=\"1412\">\n<p data-start=\"1360\" data-end=\"1412\">standardowy gwint M30x1,5 \u2013 szeroka kompatybilno\u015b\u0107<\/p>\n<\/li>\n<li data-start=\"1413\" data-end=\"1432\">\n<p data-start=\"1415\" data-end=\"1432\">wygodna obs\u0142uga<\/p>\n<\/li>\n<\/ul>\n","protected":false},"excerpt":{"rendered":"<p><strong>G\u0142owica termostatyczna GOSHE KIRA to bia\u0142a g\u0142owica z gwintem M30\u00d71,5, pi\u0119ciostopniow\u0105 regulacj\u0105 temperatury (8\u201328\u00a0\u00b0C) z blokad\u0105 pokr\u0119t\u0142a, wykonan\u0105 z polipropylenu i metalu, zgodn\u0105 z norm\u0105 PN-EN-215, wyposa\u017con\u0105 w kapilar\u0119 i idealn\u0105 do standardowych zawor\u00f3w grzejnikowych<\/strong><\/p>\n","protected":false},"featured_media":6112,"template":"","meta":{"_kad_blocks_custom_css":"","_kad_blocks_head_custom_js":"","_kad_blocks_body_custom_js":"","_kad_blocks_footer_custom_js":"","_kad_post_transparent":"default","_kad_post_title":"","_kad_post_layout":"default","_kad_post_sidebar_id":"","_kad_post_content_style":"default","_kad_post_vertical_padding":"default","_kad_post_feature":"","_kad_post_feature_position":"","_kad_post_header":false,"_kad_post_footer":false,"_kad_post_classname":""},"product_brand":[27],"product_cat":[348],"product_tag":[],"class_list":{"0":"post-6107","1":"product","2":"type-product","3":"status-publish","4":"has-post-thumbnail","6":"product_brand-goshe","7":"product_cat-glowice-termostatyczne","8":"product_shipping_class-drobnica","10":"first","11":"instock","12":"taxable","13":"shipping-taxable","14":"purchasable","15":"product-type-simple","16":"entry","17":"content-bg","18":"loop-entry"},"taxonomy_info":{"product_brand":[{"value":27,"label":"Goshe"}],"product_cat":[{"value":348,"label":"G\u0142owice termostatyczne"}]},"featured_image_src_large":["https:\/\/e-systemygrzewcze.eu\/sklep\/wp-content\/uploads\/2025\/09\/Nowy-projekt-2025-09-08T081045.584.jpg",510,578,false],"author_info":[],"comment_info":"","_links":{"self":[{"href":"https:\/\/e-systemygrzewcze.eu\/sklep\/wp-json\/wp\/v2\/product\/6107","targetHints":{"allow":["GET"]}}],"collection":[{"href":"https:\/\/e-systemygrzewcze.eu\/sklep\/wp-json\/wp\/v2\/product"}],"about":[{"href":"https:\/\/e-systemygrzewcze.eu\/sklep\/wp-json\/wp\/v2\/types\/product"}],"wp:featuredmedia":[{"embeddable":true,"href":"https:\/\/e-systemygrzewcze.eu\/sklep\/wp-json\/wp\/v2\/media\/6112"}],"wp:attachment":[{"href":"https:\/\/e-systemygrzewcze.eu\/sklep\/wp-json\/wp\/v2\/media?parent=6107"}],"wp:term":[{"taxonomy":"product_brand","embeddable":true,"href":"https:\/\/e-systemygrzewcze.eu\/sklep\/wp-json\/wp\/v2\/product_brand?post=6107"},{"taxonomy":"product_cat","embeddable":true,"href":"https:\/\/e-systemygrzewcze.eu\/sklep\/wp-json\/wp\/v2\/product_cat?post=6107"},{"taxonomy":"product_tag","embeddable":true,"href":"https:\/\/e-systemygrzewcze.eu\/sklep\/wp-json\/wp\/v2\/product_tag?post=6107"}],"curies":[{"name":"wp","href":"https:\/\/api.w.org\/{rel}","templated":true}]}}