{"id":6106,"date":"2025-09-08T06:05:41","date_gmt":"2025-09-08T06:05:41","guid":{"rendered":"https:\/\/e-systemygrzewcze.eu\/sklep\/produkt\/giacomini-zawor-termostatyczny-katowy-1-r401x035\/"},"modified":"2026-04-09T10:18:32","modified_gmt":"2026-04-09T10:18:32","slug":"giacomini-zawor-termostatyczny-katowy-1-r401x035","status":"publish","type":"product","link":"https:\/\/e-systemygrzewcze.eu\/sklep\/produkt\/giacomini-zawor-termostatyczny-katowy-1-r401x035\/","title":{"rendered":"GIACOMINI Zaw\u00f3r termostatyczny k\u0105towy 1&#8243; (R401X035)"},"content":{"rendered":"<h2 data-start=\"85\" data-end=\"142\">\ud83d\udd27 GIACOMINI \u2013 Zaw\u00f3r termostatyczny k\u0105towy 1&#8243; R401X035<\/h2>\n<p data-start=\"144\" data-end=\"386\"><strong data-start=\"144\" data-end=\"152\">Typ:<\/strong> k\u0105towy<br data-start=\"159\" data-end=\"162\" \/><strong data-start=\"162\" data-end=\"176\">Przy\u0142\u0105cza:<\/strong> gwintowane<br data-start=\"187\" data-end=\"190\" \/><strong data-start=\"190\" data-end=\"214\">Kolor \/ Wyko\u0144czenie:<\/strong> chromowany<br data-start=\"225\" data-end=\"228\" \/><strong data-start=\"228\" data-end=\"251\">Zako\u0144czenie gwintu:<\/strong> samouszczelniaj\u0105ce TG (przy\u0142\u0105cze g\u0142owicy CLIP CLAP\u00ae)<br data-start=\"304\" data-end=\"307\" \/><strong data-start=\"307\" data-end=\"336\">Zakres temperatury pracy:<\/strong> 5\u00b0C \u2013 110\u00b0C<br data-start=\"348\" data-end=\"351\" \/><strong data-start=\"351\" data-end=\"384\" data-is-only-node=\"\">Maksymalne ci\u015bnienie robocze:<\/strong><\/p>\n<ul data-start=\"387\" data-end=\"447\">\n<li data-start=\"387\" data-end=\"410\">\n<p data-start=\"389\" data-end=\"410\">bez g\u0142owicy: 16 bar<\/p>\n<\/li>\n<li data-start=\"411\" data-end=\"447\">\n<p data-start=\"413\" data-end=\"447\">z g\u0142owic\u0105 termostatyczn\u0105: 10 bar<\/p>\n<\/li>\n<\/ul>\n<hr data-start=\"449\" data-end=\"452\" \/>\n<h2 data-start=\"454\" data-end=\"471\">\ud83c\udf21 W\u0142a\u015bciwo\u015bci<\/h2>\n<ul data-start=\"473\" data-end=\"722\">\n<li data-start=\"473\" data-end=\"509\">\n<p data-start=\"475\" data-end=\"509\">Os\u0142ona monta\u017cowa gniazda g\u0142owicy<\/p>\n<\/li>\n<li data-start=\"510\" data-end=\"569\">\n<p data-start=\"512\" data-end=\"569\">Przeznaczony do wsp\u00f3\u0142pracy z g\u0142owicami termostatycznymi<\/p>\n<\/li>\n<li data-start=\"570\" data-end=\"637\">\n<p data-start=\"572\" data-end=\"637\">Chromowane wyko\u0144czenie zapewnia trwa\u0142o\u015b\u0107 i odporno\u015b\u0107 na korozj\u0119<\/p>\n<\/li>\n<li data-start=\"638\" data-end=\"722\">\n<p data-start=\"640\" data-end=\"722\">Idealny do zastosowa\u0144 w systemach centralnego ogrzewania z regulacj\u0105 temperatury<\/p>\n<\/li>\n<\/ul>\n","protected":false},"excerpt":{"rendered":"<p><strong>G\u0142owica termostatyczna k\u0105towa Giacomini R401X035 (1\u201d) to chromowany zaw\u00f3r k\u0105towy z przy\u0142\u0105czeniem \u017celiwnym, samouszczelniaj\u0105cymi si\u0119 ko\u0144c\u00f3wkami Tail Piece i mo\u017cliwo\u015bci\u0105 monta\u017cu g\u0142owicy termostatycznej, zaprojektowany do pracy w systemach grzewczych pod ci\u015bnieniem do 16\u00a0bar<\/strong><\/p>\n","protected":false},"featured_media":6110,"template":"","meta":{"_kad_blocks_custom_css":"","_kad_blocks_head_custom_js":"","_kad_blocks_body_custom_js":"","_kad_blocks_footer_custom_js":"","_kad_post_transparent":"default","_kad_post_title":"","_kad_post_layout":"default","_kad_post_sidebar_id":"","_kad_post_content_style":"default","_kad_post_vertical_padding":"default","_kad_post_feature":"","_kad_post_feature_position":"","_kad_post_header":false,"_kad_post_footer":false,"_kad_post_classname":""},"product_brand":[412],"product_cat":[349],"product_tag":[],"class_list":{"0":"post-6106","1":"product","2":"type-product","3":"status-publish","4":"has-post-thumbnail","6":"product_brand-giacomini","7":"product_cat-zawory-termostatyczne-grzejniki","8":"product_shipping_class-drobnica","10":"first","11":"instock","12":"taxable","13":"shipping-taxable","14":"purchasable","15":"product-type-simple","16":"entry","17":"content-bg","18":"loop-entry"},"taxonomy_info":{"product_brand":[{"value":412,"label":"GIACOMINI"}],"product_cat":[{"value":349,"label":"Zawory termostatyczne"}]},"featured_image_src_large":["https:\/\/e-systemygrzewcze.eu\/sklep\/wp-content\/uploads\/2025\/09\/Nowy-projekt-2025-09-08T080706.693.jpg",510,578,false],"author_info":[],"comment_info":"","_links":{"self":[{"href":"https:\/\/e-systemygrzewcze.eu\/sklep\/wp-json\/wp\/v2\/product\/6106","targetHints":{"allow":["GET"]}}],"collection":[{"href":"https:\/\/e-systemygrzewcze.eu\/sklep\/wp-json\/wp\/v2\/product"}],"about":[{"href":"https:\/\/e-systemygrzewcze.eu\/sklep\/wp-json\/wp\/v2\/types\/product"}],"wp:featuredmedia":[{"embeddable":true,"href":"https:\/\/e-systemygrzewcze.eu\/sklep\/wp-json\/wp\/v2\/media\/6110"}],"wp:attachment":[{"href":"https:\/\/e-systemygrzewcze.eu\/sklep\/wp-json\/wp\/v2\/media?parent=6106"}],"wp:term":[{"taxonomy":"product_brand","embeddable":true,"href":"https:\/\/e-systemygrzewcze.eu\/sklep\/wp-json\/wp\/v2\/product_brand?post=6106"},{"taxonomy":"product_cat","embeddable":true,"href":"https:\/\/e-systemygrzewcze.eu\/sklep\/wp-json\/wp\/v2\/product_cat?post=6106"},{"taxonomy":"product_tag","embeddable":true,"href":"https:\/\/e-systemygrzewcze.eu\/sklep\/wp-json\/wp\/v2\/product_tag?post=6106"}],"curies":[{"name":"wp","href":"https:\/\/api.w.org\/{rel}","templated":true}]}}