{"id":6096,"date":"2025-09-08T05:31:23","date_gmt":"2025-09-08T05:31:23","guid":{"rendered":"https:\/\/e-systemygrzewcze.eu\/sklep\/produkt\/giacomini-glowica-termostatyczna-vk-m30x15-r470hx001\/"},"modified":"2026-04-09T10:18:38","modified_gmt":"2026-04-09T10:18:38","slug":"giacomini-glowica-termostatyczna-vk-m30x15-r470hx001","status":"publish","type":"product","link":"https:\/\/e-systemygrzewcze.eu\/sklep\/produkt\/giacomini-glowica-termostatyczna-vk-m30x15-r470hx001\/","title":{"rendered":"GIACOMINI G\u0142owica termostatyczna VK M30x1,5 (R470HX001)"},"content":{"rendered":"<hr data-start=\"84\" data-end=\"87\" \/>\n<h2 data-start=\"89\" data-end=\"142\">\ud83d\udd27 GIACOMINI \u2013 G\u0142owica termostatyczna VK R470HX001<\/h2>\n<p data-start=\"144\" data-end=\"560\"><strong data-start=\"144\" data-end=\"152\">Typ:<\/strong> g\u0142owica termostatyczna z czujnikiem cieczowym<br data-start=\"198\" data-end=\"201\" \/><strong data-start=\"201\" data-end=\"226\">Gwint przy\u0142\u0105czeniowy:<\/strong> M30x1,5 mm<br data-start=\"237\" data-end=\"240\" \/><strong data-start=\"240\" data-end=\"259\">Kompatybilno\u015b\u0107:<\/strong> zawory termostatyczne R401H, R402H, R403H, R415H (seria H)<br data-start=\"318\" data-end=\"321\" \/><strong data-start=\"321\" data-end=\"354\">Zakres temperatur ustawienia:<\/strong> 8\u00b0C \u2013 32\u00b0C (pozycje od \u201e*\u201d do \u201e\u263c\u201d)<br data-start=\"389\" data-end=\"392\" \/><strong data-start=\"392\" data-end=\"432\">Zakres pracy w po\u0142\u0105czeniu z zaworem:<\/strong> 5\u00b0C \u2013 110\u00b0C<br data-start=\"444\" data-end=\"447\" data-is-only-node=\"\" \/><strong data-start=\"447\" data-end=\"503\">Maksymalne ci\u015bnienie robocze w po\u0142\u0105czeniu z zaworem:<\/strong> 10 bar<br data-start=\"510\" data-end=\"513\" \/><strong data-start=\"513\" data-end=\"558\">Maksymalne ci\u015bnienie r\u00f3\u017cnicowe w zaworze:<\/strong><\/p>\n<ul data-start=\"561\" data-end=\"598\">\n<li data-start=\"561\" data-end=\"579\">\n<p data-start=\"563\" data-end=\"579\">1\/2\u201d \u2192 1,4 bar<\/p>\n<\/li>\n<li data-start=\"580\" data-end=\"598\">\n<p data-start=\"582\" data-end=\"598\">3\/4\u201d \u2192 0,7 bar<\/p>\n<\/li>\n<\/ul>\n<hr data-start=\"600\" data-end=\"603\" \/>\n<h2 data-start=\"605\" data-end=\"622\">\ud83c\udf21 W\u0142a\u015bciwo\u015bci<\/h2>\n<ul data-start=\"624\" data-end=\"875\">\n<li data-start=\"624\" data-end=\"688\">\n<p data-start=\"626\" data-end=\"688\">Czujnik cieczowy zapewniaj\u0105cy dok\u0142adn\u0105 regulacj\u0119 temperatury<\/p>\n<\/li>\n<li data-start=\"689\" data-end=\"726\">\n<p data-start=\"691\" data-end=\"726\">Funkcja ochrony przed zamarzaniem<\/p>\n<\/li>\n<li data-start=\"727\" data-end=\"819\">\n<p data-start=\"729\" data-end=\"819\">Mo\u017cliwo\u015b\u0107 ograniczenia zakresu otwarcia\/zamkni\u0119cia za pomoc\u0105 dostarczanych ogranicznik\u00f3w<\/p>\n<\/li>\n<li data-start=\"820\" data-end=\"875\">\n<p data-start=\"822\" data-end=\"875\">Ergonomiczne pokr\u0119t\u0142o z \u0142atw\u0105 regulacj\u0105 temperatury<\/p>\n<\/li>\n<\/ul>\n","protected":false},"excerpt":{"rendered":"<p><strong>G\u0142owica termostatyczna Giacomini R470HX001 (VK, M30\u00d71,5) to p\u0142ynowy regulator temperatury z gwintem M30\u00a0\u00d7\u00a01,5\u00a0mm, do zawor\u00f3w serii H, oferuj\u0105cy zakres ustawie\u0144 8\u00f730\u00a0\u00b0C (zakres pracy 5\u2013110\u00a0\u00b0C), ci\u015bnieniem roboczym do 10\u00a0bar, funkcj\u0105 ochrony przed zamarzaniem i mo\u017cliwo\u015bci\u0105 blokady regulacji<\/strong><\/p>\n","protected":false},"featured_media":6101,"template":"","meta":{"_kad_blocks_custom_css":"","_kad_blocks_head_custom_js":"","_kad_blocks_body_custom_js":"","_kad_blocks_footer_custom_js":"","_kad_post_transparent":"default","_kad_post_title":"","_kad_post_layout":"default","_kad_post_sidebar_id":"","_kad_post_content_style":"default","_kad_post_vertical_padding":"default","_kad_post_feature":"","_kad_post_feature_position":"","_kad_post_header":false,"_kad_post_footer":false,"_kad_post_classname":""},"product_brand":[412],"product_cat":[348],"product_tag":[],"class_list":{"0":"post-6096","1":"product","2":"type-product","3":"status-publish","4":"has-post-thumbnail","6":"product_brand-giacomini","7":"product_cat-glowice-termostatyczne","8":"product_shipping_class-drobnica","10":"first","11":"instock","12":"taxable","13":"shipping-taxable","14":"purchasable","15":"product-type-simple","16":"entry","17":"content-bg","18":"loop-entry"},"taxonomy_info":{"product_brand":[{"value":412,"label":"GIACOMINI"}],"product_cat":[{"value":348,"label":"G\u0142owice termostatyczne"}]},"featured_image_src_large":["https:\/\/e-systemygrzewcze.eu\/sklep\/wp-content\/uploads\/2025\/09\/Nowy-projekt-2025-09-08T075125.031.jpg",510,578,false],"author_info":[],"comment_info":"","_links":{"self":[{"href":"https:\/\/e-systemygrzewcze.eu\/sklep\/wp-json\/wp\/v2\/product\/6096","targetHints":{"allow":["GET"]}}],"collection":[{"href":"https:\/\/e-systemygrzewcze.eu\/sklep\/wp-json\/wp\/v2\/product"}],"about":[{"href":"https:\/\/e-systemygrzewcze.eu\/sklep\/wp-json\/wp\/v2\/types\/product"}],"wp:featuredmedia":[{"embeddable":true,"href":"https:\/\/e-systemygrzewcze.eu\/sklep\/wp-json\/wp\/v2\/media\/6101"}],"wp:attachment":[{"href":"https:\/\/e-systemygrzewcze.eu\/sklep\/wp-json\/wp\/v2\/media?parent=6096"}],"wp:term":[{"taxonomy":"product_brand","embeddable":true,"href":"https:\/\/e-systemygrzewcze.eu\/sklep\/wp-json\/wp\/v2\/product_brand?post=6096"},{"taxonomy":"product_cat","embeddable":true,"href":"https:\/\/e-systemygrzewcze.eu\/sklep\/wp-json\/wp\/v2\/product_cat?post=6096"},{"taxonomy":"product_tag","embeddable":true,"href":"https:\/\/e-systemygrzewcze.eu\/sklep\/wp-json\/wp\/v2\/product_tag?post=6096"}],"curies":[{"name":"wp","href":"https:\/\/api.w.org\/{rel}","templated":true}]}}