{"id":6095,"date":"2025-09-08T05:31:13","date_gmt":"2025-09-08T05:31:13","guid":{"rendered":"https:\/\/e-systemygrzewcze.eu\/sklep\/produkt\/giacomini-glowica-termostatyczna-z-kapilara-2m-r462lx021\/"},"modified":"2026-04-09T10:18:45","modified_gmt":"2026-04-09T10:18:45","slug":"giacomini-glowica-termostatyczna-z-kapilara-2m-r462lx021","status":"publish","type":"product","link":"https:\/\/e-systemygrzewcze.eu\/sklep\/produkt\/giacomini-glowica-termostatyczna-z-kapilara-2m-r462lx021\/","title":{"rendered":"GIACOMINI G\u0142owica termostatyczna z kapilar\u0105 2m (R462LX021)"},"content":{"rendered":"<h2 data-start=\"95\" data-end=\"158\">\ud83d\udd27 GIACOMINI \u2013 G\u0142owica termostatyczna R462LX021 (z kapilar\u0105)<\/h2>\n<p data-start=\"160\" data-end=\"454\"><strong data-start=\"160\" data-end=\"168\">Typ:<\/strong> g\u0142owica termostatyczna cieczowa z kapilar\u0105<br data-start=\"211\" data-end=\"214\" \/><strong data-start=\"214\" data-end=\"235\">D\u0142ugo\u015b\u0107 kapilary:<\/strong> 2 m<br data-start=\"239\" data-end=\"242\" \/><strong data-start=\"242\" data-end=\"260\">Przeznaczenie:<\/strong> regulacja temperatury czynnika grzewczego w ogrzewaniu pod\u0142ogowym\/p\u0142aszczyznowym<br data-start=\"341\" data-end=\"344\" \/><strong data-start=\"344\" data-end=\"369\">Gwint przy\u0142\u0105czeniowy:<\/strong> 1\/2&#8243; do pod\u0142\u0105czenia czujnika g\u0142owicy<br data-start=\"406\" data-end=\"409\" \/><strong data-start=\"409\" data-end=\"440\" data-is-only-node=\"\">Zakres nastawy temperatury:<\/strong> 20\u00b0C \u2013 70\u00b0C<\/p>\n<hr data-start=\"456\" data-end=\"459\" \/>\n<h2 data-start=\"461\" data-end=\"478\">\ud83c\udf21 W\u0142a\u015bciwo\u015bci<\/h2>\n<ul data-start=\"480\" data-end=\"753\">\n<li data-start=\"480\" data-end=\"554\">\n<p data-start=\"482\" data-end=\"554\">Precyzyjna regulacja temperatury w instalacjach ogrzewania pod\u0142ogowego<\/p>\n<\/li>\n<li data-start=\"555\" data-end=\"626\">\n<p data-start=\"557\" data-end=\"626\">Cieczowy czujnik w kapilarze reaguje na zmian\u0119 temperatury czynnika<\/p>\n<\/li>\n<li data-start=\"627\" data-end=\"706\">\n<p data-start=\"629\" data-end=\"706\">Mo\u017cliwo\u015b\u0107 monta\u017cu w r\u00f3\u017cnych punktach instalacji dzi\u0119ki 2-metrowej kapilarze<\/p>\n<\/li>\n<li data-start=\"707\" data-end=\"753\">\n<p data-start=\"709\" data-end=\"753\">Kompatybilna z obudowami gwintowanymi 1\/2&#8243;<\/p>\n<\/li>\n<\/ul>\n","protected":false},"excerpt":{"rendered":"<p><strong>G\u0142owica termostatyczna Giacomini R462LX021 to p\u0142ynowa g\u0142owica z kapilar\u0105 2\u00a0m i gwintowan\u0105 obudow\u0105 1\u201d, umo\u017cliwiaj\u0105ca precyzyjn\u0105 regulacj\u0119 temperatury czynnika grzewczego w zakresie 20\u00a0\u00f7\u00a070\u00a0\u00b0C dla system\u00f3w pod\u0142ogowych i p\u0142aszczyznowych<\/strong><\/p>\n","protected":false},"featured_media":6100,"template":"","meta":{"_kad_blocks_custom_css":"","_kad_blocks_head_custom_js":"","_kad_blocks_body_custom_js":"","_kad_blocks_footer_custom_js":"","_kad_post_transparent":"default","_kad_post_title":"","_kad_post_layout":"default","_kad_post_sidebar_id":"","_kad_post_content_style":"default","_kad_post_vertical_padding":"default","_kad_post_feature":"","_kad_post_feature_position":"","_kad_post_header":false,"_kad_post_footer":false,"_kad_post_classname":""},"product_brand":[412],"product_cat":[348],"product_tag":[],"class_list":{"0":"post-6095","1":"product","2":"type-product","3":"status-publish","4":"has-post-thumbnail","6":"product_brand-giacomini","7":"product_cat-glowice-termostatyczne","8":"product_shipping_class-drobnica","10":"first","11":"instock","12":"taxable","13":"shipping-taxable","14":"purchasable","15":"product-type-simple","16":"entry","17":"content-bg","18":"loop-entry"},"taxonomy_info":{"product_brand":[{"value":412,"label":"GIACOMINI"}],"product_cat":[{"value":348,"label":"G\u0142owice termostatyczne"}]},"featured_image_src_large":["https:\/\/e-systemygrzewcze.eu\/sklep\/wp-content\/uploads\/2025\/09\/Nowy-projekt-2025-09-08T074905.026.jpg",510,578,false],"author_info":[],"comment_info":"","_links":{"self":[{"href":"https:\/\/e-systemygrzewcze.eu\/sklep\/wp-json\/wp\/v2\/product\/6095","targetHints":{"allow":["GET"]}}],"collection":[{"href":"https:\/\/e-systemygrzewcze.eu\/sklep\/wp-json\/wp\/v2\/product"}],"about":[{"href":"https:\/\/e-systemygrzewcze.eu\/sklep\/wp-json\/wp\/v2\/types\/product"}],"wp:featuredmedia":[{"embeddable":true,"href":"https:\/\/e-systemygrzewcze.eu\/sklep\/wp-json\/wp\/v2\/media\/6100"}],"wp:attachment":[{"href":"https:\/\/e-systemygrzewcze.eu\/sklep\/wp-json\/wp\/v2\/media?parent=6095"}],"wp:term":[{"taxonomy":"product_brand","embeddable":true,"href":"https:\/\/e-systemygrzewcze.eu\/sklep\/wp-json\/wp\/v2\/product_brand?post=6095"},{"taxonomy":"product_cat","embeddable":true,"href":"https:\/\/e-systemygrzewcze.eu\/sklep\/wp-json\/wp\/v2\/product_cat?post=6095"},{"taxonomy":"product_tag","embeddable":true,"href":"https:\/\/e-systemygrzewcze.eu\/sklep\/wp-json\/wp\/v2\/product_tag?post=6095"}],"curies":[{"name":"wp","href":"https:\/\/api.w.org\/{rel}","templated":true}]}}