{"id":6094,"date":"2025-09-08T05:31:07","date_gmt":"2025-09-08T05:31:07","guid":{"rendered":"https:\/\/e-systemygrzewcze.eu\/sklep\/produkt\/giacomini-glowica-termostatyczna-clik-clak-r470x001\/"},"modified":"2026-04-09T10:18:52","modified_gmt":"2026-04-09T10:18:52","slug":"giacomini-glowica-termostatyczna-clik-clak-r470x001","status":"publish","type":"product","link":"https:\/\/e-systemygrzewcze.eu\/sklep\/produkt\/giacomini-glowica-termostatyczna-clik-clak-r470x001\/","title":{"rendered":"GIACOMINI G\u0142owica termostatyczna CLIK-CLAK (R470x001)"},"content":{"rendered":"<h2 data-start=\"109\" data-end=\"168\">\ud83d\udd27 GIACOMINI \u2013 G\u0142owica termostatyczna CLIK-CLAK R470X001<\/h2>\n<p data-start=\"170\" data-end=\"754\"><strong data-start=\"170\" data-end=\"178\">Typ:<\/strong> g\u0142owica termostatyczna z czujnikiem cieczowym<br data-start=\"224\" data-end=\"227\" \/><strong data-start=\"227\" data-end=\"246\">System monta\u017cu:<\/strong> bagnetowy <strong data-start=\"257\" data-end=\"271\">CLIP CLAP\u00ae<\/strong>, umo\u017cliwiaj\u0105cy monta\u017c na wszystkich zaworach termostatycznych typu TG, D i F<br data-start=\"348\" data-end=\"351\" \/><strong data-start=\"351\" data-end=\"371\" data-is-only-node=\"\">Funkcja ochrony:<\/strong> ochrona przed zamarzaniem instalacji<br data-start=\"408\" data-end=\"411\" \/><strong data-start=\"411\" data-end=\"453\">Zakres nastawy temperatury na g\u0142owicy:<\/strong> 8\u00b0C \u2013 32\u00b0C (* odpowiada 8\u00b0C, \u263c odpowiada 32\u00b0C)<br data-start=\"500\" data-end=\"503\" \/><strong data-start=\"503\" data-end=\"544\">Zakres pracy w po\u0142\u0105czeniu z zaworami:<\/strong> 5\u00b0C \u2013 110\u00b0C<br data-start=\"556\" data-end=\"559\" \/><strong data-start=\"559\" data-end=\"620\">Maksymalne ci\u015bnienie robocze z zaworami termostatycznymi:<\/strong> 10 bar<br data-start=\"627\" data-end=\"630\" \/><strong data-start=\"630\" data-end=\"652\">Dodatkowe funkcje:<\/strong> mo\u017cliwo\u015b\u0107 ograniczenia zakresu otwarcia\/zamkni\u0119cia przy pomocy ogranicznik\u00f3w do\u0142\u0105czonych do g\u0142owicy<\/p>\n","protected":false},"excerpt":{"rendered":"<p><strong>G\u0142owica termostatyczna Giacomini CLIK-CLAK R470X001 to precyzyjny regulator temperatury z systemem szybkiego monta\u017cu CLIP\u00a0CLAK, czujnikiem cieczowym i zakresem ustawie\u0144 od 8 do 32\u00a0\u00b0C (przy pracy 5\u2013110\u00a0\u00b0C, ci\u015bnienie do 10\u00a0bar), z funkcj\u0105 ochrony przed zamarzaniem i opcj\u0105 blokady zakresu otwarcia.<\/strong><\/p>\n","protected":false},"featured_media":6099,"template":"","meta":{"_kad_blocks_custom_css":"","_kad_blocks_head_custom_js":"","_kad_blocks_body_custom_js":"","_kad_blocks_footer_custom_js":"","_kad_post_transparent":"default","_kad_post_title":"","_kad_post_layout":"default","_kad_post_sidebar_id":"","_kad_post_content_style":"default","_kad_post_vertical_padding":"default","_kad_post_feature":"","_kad_post_feature_position":"","_kad_post_header":false,"_kad_post_footer":false,"_kad_post_classname":""},"product_brand":[412],"product_cat":[348],"product_tag":[],"class_list":{"0":"post-6094","1":"product","2":"type-product","3":"status-publish","4":"has-post-thumbnail","6":"product_brand-giacomini","7":"product_cat-glowice-termostatyczne","8":"product_shipping_class-drobnica","10":"first","11":"instock","12":"taxable","13":"shipping-taxable","14":"purchasable","15":"product-type-simple","16":"entry","17":"content-bg","18":"loop-entry"},"taxonomy_info":{"product_brand":[{"value":412,"label":"GIACOMINI"}],"product_cat":[{"value":348,"label":"G\u0142owice termostatyczne"}]},"featured_image_src_large":["https:\/\/e-systemygrzewcze.eu\/sklep\/wp-content\/uploads\/2025\/09\/Nowy-projekt-2025-09-08T074727.747.jpg",510,578,false],"author_info":[],"comment_info":"","_links":{"self":[{"href":"https:\/\/e-systemygrzewcze.eu\/sklep\/wp-json\/wp\/v2\/product\/6094","targetHints":{"allow":["GET"]}}],"collection":[{"href":"https:\/\/e-systemygrzewcze.eu\/sklep\/wp-json\/wp\/v2\/product"}],"about":[{"href":"https:\/\/e-systemygrzewcze.eu\/sklep\/wp-json\/wp\/v2\/types\/product"}],"wp:featuredmedia":[{"embeddable":true,"href":"https:\/\/e-systemygrzewcze.eu\/sklep\/wp-json\/wp\/v2\/media\/6099"}],"wp:attachment":[{"href":"https:\/\/e-systemygrzewcze.eu\/sklep\/wp-json\/wp\/v2\/media?parent=6094"}],"wp:term":[{"taxonomy":"product_brand","embeddable":true,"href":"https:\/\/e-systemygrzewcze.eu\/sklep\/wp-json\/wp\/v2\/product_brand?post=6094"},{"taxonomy":"product_cat","embeddable":true,"href":"https:\/\/e-systemygrzewcze.eu\/sklep\/wp-json\/wp\/v2\/product_cat?post=6094"},{"taxonomy":"product_tag","embeddable":true,"href":"https:\/\/e-systemygrzewcze.eu\/sklep\/wp-json\/wp\/v2\/product_tag?post=6094"}],"curies":[{"name":"wp","href":"https:\/\/api.w.org\/{rel}","templated":true}]}}