{"id":6092,"date":"2025-09-08T05:30:51","date_gmt":"2025-09-08T05:30:51","guid":{"rendered":"https:\/\/e-systemygrzewcze.eu\/sklep\/produkt\/carlo-poletti-glowica-termostatyczna-chrom-a41700b\/"},"modified":"2026-04-09T10:18:59","modified_gmt":"2026-04-09T10:18:59","slug":"carlo-poletti-glowica-termostatyczna-chrom-a41700b","status":"publish","type":"product","link":"https:\/\/e-systemygrzewcze.eu\/sklep\/produkt\/carlo-poletti-glowica-termostatyczna-chrom-a41700b\/","title":{"rendered":"CARLO POLETTI G\u0142owica termostatyczna chrom (A41700B)"},"content":{"rendered":"<h2 data-start=\"90\" data-end=\"142\">\ud83d\udd27 CARLO POLETTI \u2013 G\u0142owica termostatyczna A41700B<\/h2>\n<p data-start=\"144\" data-end=\"265\"><strong data-start=\"144\" data-end=\"162\">Typ \/ Produkt:<\/strong> g\u0142owica termostatyczna do zawor\u00f3w grzejnikowych<br data-start=\"210\" data-end=\"213\" \/><strong data-start=\"213\" data-end=\"229\">Wyko\u0144czenie:<\/strong> chromowane<br data-start=\"240\" data-end=\"243\" \/><strong data-start=\"243\" data-end=\"253\">Gwint:<\/strong> M30 \u00d7 1,5<\/p>\n","protected":false},"excerpt":{"rendered":"<p><strong>G\u0142owica termostatyczna Carlo Poletti A41700B to elegancki, chromowany regulator temperatury z gwintem M30\u00d71,5, zapewniaj\u0105cy precyzyjn\u0105 kontrol\u0119 ogrzewania.<\/strong><\/p>\n","protected":false},"featured_media":6104,"template":"","meta":{"_kad_blocks_custom_css":"","_kad_blocks_head_custom_js":"","_kad_blocks_body_custom_js":"","_kad_blocks_footer_custom_js":"","_kad_post_transparent":"default","_kad_post_title":"","_kad_post_layout":"default","_kad_post_sidebar_id":"","_kad_post_content_style":"default","_kad_post_vertical_padding":"default","_kad_post_feature":"","_kad_post_feature_position":"","_kad_post_header":false,"_kad_post_footer":false,"_kad_post_classname":""},"product_brand":[],"product_cat":[348],"product_tag":[],"class_list":{"0":"post-6092","1":"product","2":"type-product","3":"status-publish","4":"has-post-thumbnail","6":"product_cat-glowice-termostatyczne","7":"product_shipping_class-drobnica","9":"first","10":"instock","11":"taxable","12":"shipping-taxable","13":"purchasable","14":"product-type-simple","15":"entry","16":"content-bg","17":"loop-entry"},"taxonomy_info":{"product_cat":[{"value":348,"label":"G\u0142owice termostatyczne"}]},"featured_image_src_large":["https:\/\/e-systemygrzewcze.eu\/sklep\/wp-content\/uploads\/2025\/09\/Nowy-projekt-2025-09-08T080504.500.jpg",510,578,false],"author_info":[],"comment_info":"","_links":{"self":[{"href":"https:\/\/e-systemygrzewcze.eu\/sklep\/wp-json\/wp\/v2\/product\/6092","targetHints":{"allow":["GET"]}}],"collection":[{"href":"https:\/\/e-systemygrzewcze.eu\/sklep\/wp-json\/wp\/v2\/product"}],"about":[{"href":"https:\/\/e-systemygrzewcze.eu\/sklep\/wp-json\/wp\/v2\/types\/product"}],"wp:featuredmedia":[{"embeddable":true,"href":"https:\/\/e-systemygrzewcze.eu\/sklep\/wp-json\/wp\/v2\/media\/6104"}],"wp:attachment":[{"href":"https:\/\/e-systemygrzewcze.eu\/sklep\/wp-json\/wp\/v2\/media?parent=6092"}],"wp:term":[{"taxonomy":"product_brand","embeddable":true,"href":"https:\/\/e-systemygrzewcze.eu\/sklep\/wp-json\/wp\/v2\/product_brand?post=6092"},{"taxonomy":"product_cat","embeddable":true,"href":"https:\/\/e-systemygrzewcze.eu\/sklep\/wp-json\/wp\/v2\/product_cat?post=6092"},{"taxonomy":"product_tag","embeddable":true,"href":"https:\/\/e-systemygrzewcze.eu\/sklep\/wp-json\/wp\/v2\/product_tag?post=6092"}],"curies":[{"name":"wp","href":"https:\/\/api.w.org\/{rel}","templated":true}]}}