{"id":6086,"date":"2025-09-08T05:22:58","date_gmt":"2025-09-08T05:22:58","guid":{"rendered":"https:\/\/e-systemygrzewcze.eu\/sklep\/produkt\/giacomini-odpowietrznik-grzejnika-aluminiowego-prawy-1\/"},"modified":"2026-04-09T10:19:10","modified_gmt":"2026-04-09T10:19:10","slug":"giacomini-odpowietrznik-grzejnika-aluminiowego-prawy-1","status":"publish","type":"product","link":"https:\/\/e-systemygrzewcze.eu\/sklep\/produkt\/giacomini-odpowietrznik-grzejnika-aluminiowego-prawy-1\/","title":{"rendered":"GIACOMINI Odpowietrznik grzejnika aluminiowego prawy 1&#8243;"},"content":{"rendered":"<h2 data-start=\"40\" data-end=\"104\">\ud83d\udd27 GIACOMINI \u2013 Odpowietrznik grzejnika aluminiowego prawy 1\u2033<\/h2>\n<p data-start=\"106\" data-end=\"352\">Automatyczny\u00a0<strong data-start=\"119\" data-end=\"161\">grzejnikowy zaw\u00f3r odpowietrzaj\u0105cy R200<\/strong>\u00a0wyposa\u017cony w\u00a0<strong data-start=\"175\" data-end=\"184\">korek<\/strong>\u00a0i\u00a0<strong data-start=\"187\" data-end=\"224\">samouszczelniaj\u0105ce zako\u0144czenie TG<\/strong>. Zaw\u00f3r jest\u00a0<strong data-start=\"237\" data-end=\"251\">chromowany<\/strong>\u00a0i posiada\u00a0<strong data-start=\"262\" data-end=\"289\">nakr\u0119tk\u0119 bezpiecze\u0144stwa<\/strong>, co zapewnia wygod\u0119 u\u017cytkowania i bezpiecze\u0144stwo instalacji.<\/p>\n<hr data-start=\"354\" data-end=\"357\" \/>\n<h2 data-start=\"359\" data-end=\"385\">\ud83c\udf21 Parametry techniczne<\/h2>\n<ul data-start=\"387\" data-end=\"556\">\n<li data-start=\"387\" data-end=\"431\">\n<p data-start=\"389\" data-end=\"431\">Zakres temperatury pracy:\u00a0<strong data-start=\"415\" data-end=\"429\">5 \u00f7 110 \u00b0C<\/strong><\/p>\n<\/li>\n<li data-start=\"432\" data-end=\"476\">\n<p data-start=\"434\" data-end=\"476\">Maksymalne ci\u015bnienie robocze:\u00a0<strong data-start=\"464\" data-end=\"474\">10 bar<\/strong><\/p>\n<\/li>\n<li data-start=\"477\" data-end=\"529\">\n<p data-start=\"479\" data-end=\"529\">Maksymalne ci\u015bnienie wylotu powietrza:\u00a0<strong data-start=\"518\" data-end=\"527\">7 bar<\/strong><\/p>\n<\/li>\n<li data-start=\"530\" data-end=\"556\">\n<p data-start=\"532\" data-end=\"556\">Rozmiar:\u00a0<strong data-start=\"541\" data-end=\"554\">1\u2033 \u2013 prawy<\/strong><\/p>\n<\/li>\n<\/ul>\n<hr data-start=\"558\" data-end=\"561\" \/>\n<h2 data-start=\"563\" data-end=\"589\">\u2705 Zastosowanie i zalety<\/h2>\n<ul data-start=\"591\" data-end=\"838\">\n<li data-start=\"591\" data-end=\"637\">\n<p data-start=\"593\" data-end=\"637\"><strong data-start=\"593\" data-end=\"635\">Automatyczne odpowietrzanie grzejnik\u00f3w<\/strong><\/p>\n<\/li>\n<li data-start=\"638\" data-end=\"701\">\n<p data-start=\"640\" data-end=\"701\"><strong data-start=\"640\" data-end=\"677\">Samouszczelniaj\u0105ce zako\u0144czenie TG<\/strong>\u00a0dla pewnego dzia\u0142ania<\/p>\n<\/li>\n<li data-start=\"702\" data-end=\"775\">\n<p data-start=\"704\" data-end=\"775\"><strong data-start=\"704\" data-end=\"731\">Chromowana powierzchnia<\/strong>\u00a0\u2013 odporno\u015b\u0107 na korozj\u0119 i elegancki wygl\u0105d<\/p>\n<\/li>\n<li data-start=\"776\" data-end=\"838\">\n<p data-start=\"778\" data-end=\"838\"><strong data-start=\"778\" data-end=\"805\">Bezpieczna eksploatacja<\/strong>\u00a0dzi\u0119ki nakr\u0119tce bezpiecze\u0144stwa<\/p>\n<\/li>\n<\/ul>\n","protected":false},"excerpt":{"rendered":"<p><strong>Odpowietrznik grzejnika aluminiowego GIACOMINI prawy 1&#8243; umo\u017cliwia szybkie i skuteczne usuwanie powietrza z instalacji. Wykonany z trwa\u0142ych materia\u0142\u00f3w, zapewnia niezawodne dzia\u0142anie.<\/strong><\/p>\n","protected":false},"featured_media":6088,"template":"","meta":{"_kad_blocks_custom_css":"","_kad_blocks_head_custom_js":"","_kad_blocks_body_custom_js":"","_kad_blocks_footer_custom_js":"","_kad_post_transparent":"default","_kad_post_title":"","_kad_post_layout":"default","_kad_post_sidebar_id":"","_kad_post_content_style":"default","_kad_post_vertical_padding":"default","_kad_post_feature":"","_kad_post_feature_position":"","_kad_post_header":false,"_kad_post_footer":false,"_kad_post_classname":""},"product_brand":[412],"product_cat":[395],"product_tag":[],"class_list":{"0":"post-6086","1":"product","2":"type-product","3":"status-publish","4":"has-post-thumbnail","6":"product_brand-giacomini","7":"product_cat-akcesoria-grzejniki","8":"product_shipping_class-drobnica","10":"first","11":"instock","12":"taxable","13":"shipping-taxable","14":"purchasable","15":"product-type-simple","16":"entry","17":"content-bg","18":"loop-entry"},"taxonomy_info":{"product_brand":[{"value":412,"label":"GIACOMINI"}],"product_cat":[{"value":395,"label":"Akcesoria"}]},"featured_image_src_large":["https:\/\/e-systemygrzewcze.eu\/sklep\/wp-content\/uploads\/2025\/09\/Nowy-projekt-2025-09-08T072351.730.jpg",510,578,false],"author_info":[],"comment_info":"","_links":{"self":[{"href":"https:\/\/e-systemygrzewcze.eu\/sklep\/wp-json\/wp\/v2\/product\/6086","targetHints":{"allow":["GET"]}}],"collection":[{"href":"https:\/\/e-systemygrzewcze.eu\/sklep\/wp-json\/wp\/v2\/product"}],"about":[{"href":"https:\/\/e-systemygrzewcze.eu\/sklep\/wp-json\/wp\/v2\/types\/product"}],"wp:featuredmedia":[{"embeddable":true,"href":"https:\/\/e-systemygrzewcze.eu\/sklep\/wp-json\/wp\/v2\/media\/6088"}],"wp:attachment":[{"href":"https:\/\/e-systemygrzewcze.eu\/sklep\/wp-json\/wp\/v2\/media?parent=6086"}],"wp:term":[{"taxonomy":"product_brand","embeddable":true,"href":"https:\/\/e-systemygrzewcze.eu\/sklep\/wp-json\/wp\/v2\/product_brand?post=6086"},{"taxonomy":"product_cat","embeddable":true,"href":"https:\/\/e-systemygrzewcze.eu\/sklep\/wp-json\/wp\/v2\/product_cat?post=6086"},{"taxonomy":"product_tag","embeddable":true,"href":"https:\/\/e-systemygrzewcze.eu\/sklep\/wp-json\/wp\/v2\/product_tag?post=6086"}],"curies":[{"name":"wp","href":"https:\/\/api.w.org\/{rel}","templated":true}]}}