{"id":6062,"date":"2025-09-06T11:13:56","date_gmt":"2025-09-06T11:13:56","guid":{"rendered":"https:\/\/e-systemygrzewcze.eu\/sklep\/produkt\/filtr-siatkowy-50\/"},"modified":"2026-04-09T10:20:01","modified_gmt":"2026-04-09T10:20:01","slug":"filtr-siatkowy-50","status":"publish","type":"product","link":"https:\/\/e-systemygrzewcze.eu\/sklep\/produkt\/filtr-siatkowy-50\/","title":{"rendered":"Filtr siatkowy 2&#8243;"},"content":{"rendered":"","protected":false},"excerpt":{"rendered":"<p><strong>Filtr siatkowy DN50 to urz\u0105dzenie przeznaczone do usuwania zanieczyszcze\u0144 mechanicznych z instalacji wodoci\u0105gowych, grzewczych oraz przemys\u0142owych. Dzi\u0119ki zastosowaniu wk\u0142adu filtracyjnego o odpowiedniej wielko\u015bci oczek, skutecznie chroni urz\u0105dzenia przed uszkodzeniami spowodowanymi obecno\u015bci\u0105 zanieczyszcze\u0144.<\/strong><\/p>\n","protected":false},"featured_media":6064,"template":"","meta":{"_kad_blocks_custom_css":"","_kad_blocks_head_custom_js":"","_kad_blocks_body_custom_js":"","_kad_blocks_footer_custom_js":"","_kad_post_transparent":"default","_kad_post_title":"","_kad_post_layout":"default","_kad_post_sidebar_id":"","_kad_post_content_style":"default","_kad_post_vertical_padding":"default","_kad_post_feature":"","_kad_post_feature_position":"","_kad_post_header":false,"_kad_post_footer":false,"_kad_post_classname":""},"product_brand":[27],"product_cat":[192],"product_tag":[],"class_list":{"0":"post-6062","1":"product","2":"type-product","3":"status-publish","4":"has-post-thumbnail","6":"product_brand-goshe","7":"product_cat-siatkowe","8":"product_shipping_class-drobnica","10":"first","11":"instock","12":"taxable","13":"shipping-taxable","14":"purchasable","15":"product-type-simple","16":"entry","17":"content-bg","18":"loop-entry"},"taxonomy_info":{"product_brand":[{"value":27,"label":"Goshe"}],"product_cat":[{"value":192,"label":"Filtry siatkowe"}]},"featured_image_src_large":["https:\/\/e-systemygrzewcze.eu\/sklep\/wp-content\/uploads\/2025\/09\/Nowy-projekt-2025-09-06T131541.767.jpg",510,578,false],"author_info":[],"comment_info":"","_links":{"self":[{"href":"https:\/\/e-systemygrzewcze.eu\/sklep\/wp-json\/wp\/v2\/product\/6062","targetHints":{"allow":["GET"]}}],"collection":[{"href":"https:\/\/e-systemygrzewcze.eu\/sklep\/wp-json\/wp\/v2\/product"}],"about":[{"href":"https:\/\/e-systemygrzewcze.eu\/sklep\/wp-json\/wp\/v2\/types\/product"}],"wp:featuredmedia":[{"embeddable":true,"href":"https:\/\/e-systemygrzewcze.eu\/sklep\/wp-json\/wp\/v2\/media\/6064"}],"wp:attachment":[{"href":"https:\/\/e-systemygrzewcze.eu\/sklep\/wp-json\/wp\/v2\/media?parent=6062"}],"wp:term":[{"taxonomy":"product_brand","embeddable":true,"href":"https:\/\/e-systemygrzewcze.eu\/sklep\/wp-json\/wp\/v2\/product_brand?post=6062"},{"taxonomy":"product_cat","embeddable":true,"href":"https:\/\/e-systemygrzewcze.eu\/sklep\/wp-json\/wp\/v2\/product_cat?post=6062"},{"taxonomy":"product_tag","embeddable":true,"href":"https:\/\/e-systemygrzewcze.eu\/sklep\/wp-json\/wp\/v2\/product_tag?post=6062"}],"curies":[{"name":"wp","href":"https:\/\/api.w.org\/{rel}","templated":true}]}}