{"id":5902,"date":"2025-09-04T12:51:37","date_gmt":"2025-09-04T12:51:37","guid":{"rendered":"https:\/\/e-systemygrzewcze.eu\/sklep\/produkt\/cu-rura-miedziana-28\/"},"modified":"2026-03-30T10:22:21","modified_gmt":"2026-03-30T10:22:21","slug":"cu-rura-miedziana-28","status":"publish","type":"product","link":"https:\/\/e-systemygrzewcze.eu\/sklep\/produkt\/cu-rura-miedziana-28\/","title":{"rendered":"CU Rura miedziana 28"},"content":{"rendered":"","protected":false},"excerpt":{"rendered":"<p><strong>CU Rura miedziana 28 \u2013 Solidna rura miedziana o \u015brednicy 28 mm, przeznaczona do instalacji wodnych, centralnego ogrzewania, gazowych oraz ch\u0142odniczych. Odporna na korozj\u0119, wytrzyma\u0142a i trwa\u0142a, zapewnia d\u0142ug\u0105 \u017cywotno\u015b\u0107 instalacji. Dzi\u0119ki wysokiemu przewodnictwu cieplnemu doskonale sprawdza si\u0119 w systemach grzewczych.<\/strong><\/p>\n","protected":false},"featured_media":7861,"template":"","meta":{"_kad_blocks_custom_css":"","_kad_blocks_head_custom_js":"","_kad_blocks_body_custom_js":"","_kad_blocks_footer_custom_js":"","_kad_post_transparent":"default","_kad_post_title":"","_kad_post_layout":"default","_kad_post_sidebar_id":"","_kad_post_content_style":"default","_kad_post_vertical_padding":"default","_kad_post_feature":"","_kad_post_feature_position":"","_kad_post_header":false,"_kad_post_footer":false,"_kad_post_classname":""},"product_brand":[],"product_cat":[333],"product_tag":[],"class_list":{"0":"post-5902","1":"product","2":"type-product","3":"status-publish","4":"has-post-thumbnail","6":"product_cat-miedziane-rury-instalacji-grzewczych","7":"product_shipping_class-dluzyca_gabaryt","9":"first","10":"instock","11":"taxable","12":"shipping-taxable","13":"purchasable","14":"product-type-simple","15":"entry","16":"content-bg","17":"loop-entry"},"taxonomy_info":{"product_cat":[{"value":333,"label":"Miedziane"}]},"featured_image_src_large":["https:\/\/e-systemygrzewcze.eu\/sklep\/wp-content\/uploads\/2025\/09\/51sEgLaXShL.jpg",739,1000,false],"author_info":[],"comment_info":"","_links":{"self":[{"href":"https:\/\/e-systemygrzewcze.eu\/sklep\/wp-json\/wp\/v2\/product\/5902","targetHints":{"allow":["GET"]}}],"collection":[{"href":"https:\/\/e-systemygrzewcze.eu\/sklep\/wp-json\/wp\/v2\/product"}],"about":[{"href":"https:\/\/e-systemygrzewcze.eu\/sklep\/wp-json\/wp\/v2\/types\/product"}],"wp:featuredmedia":[{"embeddable":true,"href":"https:\/\/e-systemygrzewcze.eu\/sklep\/wp-json\/wp\/v2\/media\/7861"}],"wp:attachment":[{"href":"https:\/\/e-systemygrzewcze.eu\/sklep\/wp-json\/wp\/v2\/media?parent=5902"}],"wp:term":[{"taxonomy":"product_brand","embeddable":true,"href":"https:\/\/e-systemygrzewcze.eu\/sklep\/wp-json\/wp\/v2\/product_brand?post=5902"},{"taxonomy":"product_cat","embeddable":true,"href":"https:\/\/e-systemygrzewcze.eu\/sklep\/wp-json\/wp\/v2\/product_cat?post=5902"},{"taxonomy":"product_tag","embeddable":true,"href":"https:\/\/e-systemygrzewcze.eu\/sklep\/wp-json\/wp\/v2\/product_tag?post=5902"}],"curies":[{"name":"wp","href":"https:\/\/api.w.org\/{rel}","templated":true}]}}