{"id":5901,"date":"2025-09-04T12:51:33","date_gmt":"2025-09-04T12:51:33","guid":{"rendered":"https:\/\/e-systemygrzewcze.eu\/sklep\/produkt\/cu-rura-miedziana-22\/"},"modified":"2026-03-30T10:22:21","modified_gmt":"2026-03-30T10:22:21","slug":"cu-rura-miedziana-22","status":"publish","type":"product","link":"https:\/\/e-systemygrzewcze.eu\/sklep\/produkt\/cu-rura-miedziana-22\/","title":{"rendered":"CU Rura miedziana 22"},"content":{"rendered":"","protected":false},"excerpt":{"rendered":"<p><strong>CU Rura miedziana 22 \u2013 Wysokiej jako\u015bci rura miedziana o \u015brednicy 22 mm, przeznaczona do instalacji wodnych, grzewczych, gazowych i ch\u0142odniczych. Charakteryzuje si\u0119 doskona\u0142\u0105 odporno\u015bci\u0105 na korozj\u0119, du\u017c\u0105 wytrzyma\u0142o\u015bci\u0105 mechaniczn\u0105 oraz \u015bwietnym przewodnictwem cieplnym. Idealna do nowoczesnych system\u00f3w centralnego ogrzewania i instalacji sanitarnych.<\/strong><\/p>\n","protected":false},"featured_media":7861,"template":"","meta":{"_kad_blocks_custom_css":"","_kad_blocks_head_custom_js":"","_kad_blocks_body_custom_js":"","_kad_blocks_footer_custom_js":"","_kad_post_transparent":"default","_kad_post_title":"","_kad_post_layout":"default","_kad_post_sidebar_id":"","_kad_post_content_style":"default","_kad_post_vertical_padding":"default","_kad_post_feature":"","_kad_post_feature_position":"","_kad_post_header":false,"_kad_post_footer":false,"_kad_post_classname":""},"product_brand":[],"product_cat":[333],"product_tag":[],"class_list":{"0":"post-5901","1":"product","2":"type-product","3":"status-publish","4":"has-post-thumbnail","6":"product_cat-miedziane-rury-instalacji-grzewczych","7":"product_shipping_class-dluzyca_gabaryt","9":"first","10":"instock","11":"taxable","12":"shipping-taxable","13":"purchasable","14":"product-type-simple","15":"entry","16":"content-bg","17":"loop-entry"},"taxonomy_info":{"product_cat":[{"value":333,"label":"Miedziane"}]},"featured_image_src_large":["https:\/\/e-systemygrzewcze.eu\/sklep\/wp-content\/uploads\/2025\/09\/51sEgLaXShL.jpg",739,1000,false],"author_info":[],"comment_info":"","_links":{"self":[{"href":"https:\/\/e-systemygrzewcze.eu\/sklep\/wp-json\/wp\/v2\/product\/5901","targetHints":{"allow":["GET"]}}],"collection":[{"href":"https:\/\/e-systemygrzewcze.eu\/sklep\/wp-json\/wp\/v2\/product"}],"about":[{"href":"https:\/\/e-systemygrzewcze.eu\/sklep\/wp-json\/wp\/v2\/types\/product"}],"wp:featuredmedia":[{"embeddable":true,"href":"https:\/\/e-systemygrzewcze.eu\/sklep\/wp-json\/wp\/v2\/media\/7861"}],"wp:attachment":[{"href":"https:\/\/e-systemygrzewcze.eu\/sklep\/wp-json\/wp\/v2\/media?parent=5901"}],"wp:term":[{"taxonomy":"product_brand","embeddable":true,"href":"https:\/\/e-systemygrzewcze.eu\/sklep\/wp-json\/wp\/v2\/product_brand?post=5901"},{"taxonomy":"product_cat","embeddable":true,"href":"https:\/\/e-systemygrzewcze.eu\/sklep\/wp-json\/wp\/v2\/product_cat?post=5901"},{"taxonomy":"product_tag","embeddable":true,"href":"https:\/\/e-systemygrzewcze.eu\/sklep\/wp-json\/wp\/v2\/product_tag?post=5901"}],"curies":[{"name":"wp","href":"https:\/\/api.w.org\/{rel}","templated":true}]}}