{"id":5888,"date":"2025-09-04T09:37:37","date_gmt":"2025-09-04T09:37:37","guid":{"rendered":"https:\/\/e-systemygrzewcze.eu\/sklep\/produkt\/anemostat-zawor-wywiewny-awb-125\/"},"modified":"2026-04-07T06:31:19","modified_gmt":"2026-04-07T06:31:19","slug":"anemostat-zawor-wywiewny-awb-125","status":"publish","type":"product","link":"https:\/\/e-systemygrzewcze.eu\/sklep\/produkt\/anemostat-zawor-wywiewny-awb-125\/","title":{"rendered":"Anemostat zaw\u00f3r wywiewny AWB 125"},"content":{"rendered":"","protected":false},"excerpt":{"rendered":"<p><strong>Okr\u0105g\u0142y anemostat wywiewny AWB\u00a0125 (\u015brednica nominalna O\u00a0125\u00a0mm), przeznaczony do zako\u0144czenia kana\u0142\u00f3w wentylacyjnych \u2013 montowany w suficie lub \u015bcianie. Umo\u017cliwia regulacj\u0119 przep\u0142ywu powietrza i zapewnia estetyczne wyko\u0144czenie instalacji<\/strong><\/p>\n","protected":false},"featured_media":5891,"template":"","meta":{"_kad_blocks_custom_css":"","_kad_blocks_head_custom_js":"","_kad_blocks_body_custom_js":"","_kad_blocks_footer_custom_js":"","_kad_post_transparent":"default","_kad_post_title":"","_kad_post_layout":"default","_kad_post_sidebar_id":"","_kad_post_content_style":"default","_kad_post_vertical_padding":"default","_kad_post_feature":"","_kad_post_feature_position":"","_kad_post_header":false,"_kad_post_footer":false,"_kad_post_classname":""},"product_brand":[],"product_cat":[240],"product_tag":[],"class_list":{"0":"post-5888","1":"product","2":"type-product","3":"status-publish","4":"has-post-thumbnail","6":"product_cat-wyposazenie-rekuperacji","7":"product_shipping_class-drobnica","9":"first","10":"instock","11":"taxable","12":"shipping-taxable","13":"purchasable","14":"product-type-simple","15":"entry","16":"content-bg","17":"loop-entry"},"taxonomy_info":{"product_cat":[{"value":240,"label":"Elementy wyposa\u017cenia rekuperacji"}]},"featured_image_src_large":["https:\/\/e-systemygrzewcze.eu\/sklep\/wp-content\/uploads\/2025\/09\/Nowy-projekt-2025-09-04T114508.651.jpg",510,578,false],"author_info":[],"comment_info":"","_links":{"self":[{"href":"https:\/\/e-systemygrzewcze.eu\/sklep\/wp-json\/wp\/v2\/product\/5888","targetHints":{"allow":["GET"]}}],"collection":[{"href":"https:\/\/e-systemygrzewcze.eu\/sklep\/wp-json\/wp\/v2\/product"}],"about":[{"href":"https:\/\/e-systemygrzewcze.eu\/sklep\/wp-json\/wp\/v2\/types\/product"}],"wp:featuredmedia":[{"embeddable":true,"href":"https:\/\/e-systemygrzewcze.eu\/sklep\/wp-json\/wp\/v2\/media\/5891"}],"wp:attachment":[{"href":"https:\/\/e-systemygrzewcze.eu\/sklep\/wp-json\/wp\/v2\/media?parent=5888"}],"wp:term":[{"taxonomy":"product_brand","embeddable":true,"href":"https:\/\/e-systemygrzewcze.eu\/sklep\/wp-json\/wp\/v2\/product_brand?post=5888"},{"taxonomy":"product_cat","embeddable":true,"href":"https:\/\/e-systemygrzewcze.eu\/sklep\/wp-json\/wp\/v2\/product_cat?post=5888"},{"taxonomy":"product_tag","embeddable":true,"href":"https:\/\/e-systemygrzewcze.eu\/sklep\/wp-json\/wp\/v2\/product_tag?post=5888"}],"curies":[{"name":"wp","href":"https:\/\/api.w.org\/{rel}","templated":true}]}}