{"id":5873,"date":"2025-09-04T08:30:22","date_gmt":"2025-09-04T08:30:22","guid":{"rendered":"https:\/\/e-systemygrzewcze.eu\/sklep\/produkt\/wentylacja-kanal-okragly-125-15m\/"},"modified":"2026-04-07T06:58:00","modified_gmt":"2026-04-07T06:58:00","slug":"wentylacja-kanal-okragly-125-15m","status":"publish","type":"product","link":"https:\/\/e-systemygrzewcze.eu\/sklep\/produkt\/wentylacja-kanal-okragly-125-15m\/","title":{"rendered":"WENTYLACJA Kana\u0142 okr\u0105g\u0142y 125\/1,5m"},"content":{"rendered":"","protected":false},"excerpt":{"rendered":"<p><strong>WENTYLACJA Kana\u0142 okr\u0105g\u0142y \u2013 Kana\u0142 okr\u0105g\u0142y z tworzywa sztucznego stosowany w systemach wentylacyjnych do przesy\u0142u powietrza. Lekki i \u0142atwy w monta\u017cu, zapewnia szczelno\u015b\u0107 oraz odporno\u015b\u0107 na uszkodzenia.<\/strong><\/p>\n","protected":false},"featured_media":5875,"template":"","meta":{"_kad_blocks_custom_css":"","_kad_blocks_head_custom_js":"","_kad_blocks_body_custom_js":"","_kad_blocks_footer_custom_js":"","_kad_post_transparent":"default","_kad_post_title":"","_kad_post_layout":"default","_kad_post_sidebar_id":"","_kad_post_content_style":"default","_kad_post_vertical_padding":"default","_kad_post_feature":"","_kad_post_feature_position":"","_kad_post_header":false,"_kad_post_footer":false,"_kad_post_classname":""},"product_brand":[],"product_cat":[240],"product_tag":[],"class_list":{"0":"post-5873","1":"product","2":"type-product","3":"status-publish","4":"has-post-thumbnail","6":"product_cat-wyposazenie-rekuperacji","7":"product_shipping_class-dluzyca_standard","9":"first","10":"instock","11":"taxable","12":"shipping-taxable","13":"purchasable","14":"product-type-simple","15":"entry","16":"content-bg","17":"loop-entry"},"taxonomy_info":{"product_cat":[{"value":240,"label":"Elementy wyposa\u017cenia rekuperacji"}]},"featured_image_src_large":["https:\/\/e-systemygrzewcze.eu\/sklep\/wp-content\/uploads\/2025\/09\/Nowy-projekt-2025-09-04T103119.329.jpg",510,578,false],"author_info":[],"comment_info":"","_links":{"self":[{"href":"https:\/\/e-systemygrzewcze.eu\/sklep\/wp-json\/wp\/v2\/product\/5873","targetHints":{"allow":["GET"]}}],"collection":[{"href":"https:\/\/e-systemygrzewcze.eu\/sklep\/wp-json\/wp\/v2\/product"}],"about":[{"href":"https:\/\/e-systemygrzewcze.eu\/sklep\/wp-json\/wp\/v2\/types\/product"}],"wp:featuredmedia":[{"embeddable":true,"href":"https:\/\/e-systemygrzewcze.eu\/sklep\/wp-json\/wp\/v2\/media\/5875"}],"wp:attachment":[{"href":"https:\/\/e-systemygrzewcze.eu\/sklep\/wp-json\/wp\/v2\/media?parent=5873"}],"wp:term":[{"taxonomy":"product_brand","embeddable":true,"href":"https:\/\/e-systemygrzewcze.eu\/sklep\/wp-json\/wp\/v2\/product_brand?post=5873"},{"taxonomy":"product_cat","embeddable":true,"href":"https:\/\/e-systemygrzewcze.eu\/sklep\/wp-json\/wp\/v2\/product_cat?post=5873"},{"taxonomy":"product_tag","embeddable":true,"href":"https:\/\/e-systemygrzewcze.eu\/sklep\/wp-json\/wp\/v2\/product_tag?post=5873"}],"curies":[{"name":"wp","href":"https:\/\/api.w.org\/{rel}","templated":true}]}}