{"id":5862,"date":"2025-09-04T08:14:00","date_gmt":"2025-09-04T08:14:00","guid":{"rendered":"https:\/\/e-systemygrzewcze.eu\/sklep\/produkt\/wentylacja-puszka-rozprezna-z-u-275-125\/"},"modified":"2026-04-07T07:02:36","modified_gmt":"2026-04-07T07:02:36","slug":"wentylacja-puszka-rozprezna-z-u-275-125","status":"publish","type":"product","link":"https:\/\/e-systemygrzewcze.eu\/sklep\/produkt\/wentylacja-puszka-rozprezna-z-u-275-125\/","title":{"rendered":"WENTYLACJA Puszka rozpr\u0119\u017cna z\/u 2&#215;75\/125"},"content":{"rendered":"","protected":false},"excerpt":{"rendered":"<p><strong>Puszka rozpr\u0119\u017cna z\/u 2\u00d775\/125 \u2013 metalowy element wentylacyjny \u0142\u0105cz\u0105cy kana\u0142 g\u0142\u00f3wny 125 mm z dwoma kana\u0142ami 75 mm, przeznaczony do nawiewu lub wywiewu powietrza. Zapewnia r\u00f3wnomierne rozprowadzenie powietrza i redukcj\u0119 ha\u0142asu w systemach wentylacyjnych.<\/strong><\/p>\n","protected":false},"featured_media":5851,"template":"","meta":{"_kad_blocks_custom_css":"","_kad_blocks_head_custom_js":"","_kad_blocks_body_custom_js":"","_kad_blocks_footer_custom_js":"","_kad_post_transparent":"default","_kad_post_title":"","_kad_post_layout":"default","_kad_post_sidebar_id":"","_kad_post_content_style":"default","_kad_post_vertical_padding":"default","_kad_post_feature":"","_kad_post_feature_position":"","_kad_post_header":false,"_kad_post_footer":false,"_kad_post_classname":""},"product_brand":[],"product_cat":[240],"product_tag":[],"class_list":{"0":"post-5862","1":"product","2":"type-product","3":"status-publish","4":"has-post-thumbnail","6":"product_cat-wyposazenie-rekuperacji","7":"product_shipping_class-drobnica","9":"first","10":"instock","11":"taxable","12":"shipping-taxable","13":"purchasable","14":"product-type-simple","15":"entry","16":"content-bg","17":"loop-entry"},"taxonomy_info":{"product_cat":[{"value":240,"label":"Elementy wyposa\u017cenia rekuperacji"}]},"featured_image_src_large":["https:\/\/e-systemygrzewcze.eu\/sklep\/wp-content\/uploads\/2025\/09\/Nowy-projekt-2025-09-04T095732.719.jpg",510,578,false],"author_info":[],"comment_info":"","_links":{"self":[{"href":"https:\/\/e-systemygrzewcze.eu\/sklep\/wp-json\/wp\/v2\/product\/5862","targetHints":{"allow":["GET"]}}],"collection":[{"href":"https:\/\/e-systemygrzewcze.eu\/sklep\/wp-json\/wp\/v2\/product"}],"about":[{"href":"https:\/\/e-systemygrzewcze.eu\/sklep\/wp-json\/wp\/v2\/types\/product"}],"wp:featuredmedia":[{"embeddable":true,"href":"https:\/\/e-systemygrzewcze.eu\/sklep\/wp-json\/wp\/v2\/media\/5851"}],"wp:attachment":[{"href":"https:\/\/e-systemygrzewcze.eu\/sklep\/wp-json\/wp\/v2\/media?parent=5862"}],"wp:term":[{"taxonomy":"product_brand","embeddable":true,"href":"https:\/\/e-systemygrzewcze.eu\/sklep\/wp-json\/wp\/v2\/product_brand?post=5862"},{"taxonomy":"product_cat","embeddable":true,"href":"https:\/\/e-systemygrzewcze.eu\/sklep\/wp-json\/wp\/v2\/product_cat?post=5862"},{"taxonomy":"product_tag","embeddable":true,"href":"https:\/\/e-systemygrzewcze.eu\/sklep\/wp-json\/wp\/v2\/product_tag?post=5862"}],"curies":[{"name":"wp","href":"https:\/\/api.w.org\/{rel}","templated":true}]}}