{"id":5756,"date":"2025-09-03T10:47:50","date_gmt":"2025-09-03T10:47:50","guid":{"rendered":"https:\/\/e-systemygrzewcze.eu\/sklep\/produkt\/wentylacja-redukcja-200-160\/"},"modified":"2026-03-30T10:25:30","modified_gmt":"2026-03-30T10:25:30","slug":"wentylacja-redukcja-200-160","status":"publish","type":"product","link":"https:\/\/e-systemygrzewcze.eu\/sklep\/produkt\/wentylacja-redukcja-200-160\/","title":{"rendered":"WENTYLACJA Redukcja 200\/160"},"content":{"rendered":"","protected":false},"excerpt":{"rendered":"<p><strong>Redukcja wentylacyjna \u2013 element \u0142\u0105cz\u0105cy kana\u0142y o r\u00f3\u017cnych \u015brednicach, umo\u017cliwiaj\u0105cy przej\u015bcie z wi\u0119kszego kana\u0142u na mniejszy lub odwrotnie. Stosowana w systemach wentylacji do dopasowania instalacji i zapewnienia prawid\u0142owego przep\u0142ywu powietrza.<\/strong><\/p>\n","protected":false},"featured_media":5759,"template":"","meta":{"_kad_blocks_custom_css":"","_kad_blocks_head_custom_js":"","_kad_blocks_body_custom_js":"","_kad_blocks_footer_custom_js":"","_kad_post_transparent":"default","_kad_post_title":"","_kad_post_layout":"default","_kad_post_sidebar_id":"","_kad_post_content_style":"default","_kad_post_vertical_padding":"default","_kad_post_feature":"","_kad_post_feature_position":"","_kad_post_header":false,"_kad_post_footer":false,"_kad_post_classname":""},"product_brand":[],"product_cat":[240],"product_tag":[],"class_list":{"0":"post-5756","1":"product","2":"type-product","3":"status-publish","4":"has-post-thumbnail","6":"product_cat-wyposazenie-rekuperacji","7":"product_shipping_class-drobnica","9":"first","10":"instock","11":"taxable","12":"shipping-taxable","13":"purchasable","14":"product-type-simple","15":"entry","16":"content-bg","17":"loop-entry"},"taxonomy_info":{"product_cat":[{"value":240,"label":"Elementy wyposa\u017cenia rekuperacji"}]},"featured_image_src_large":["https:\/\/e-systemygrzewcze.eu\/sklep\/wp-content\/uploads\/2025\/09\/Nowy-projekt-2025-09-03T125116.367.jpg",510,578,false],"author_info":[],"comment_info":"","_links":{"self":[{"href":"https:\/\/e-systemygrzewcze.eu\/sklep\/wp-json\/wp\/v2\/product\/5756","targetHints":{"allow":["GET"]}}],"collection":[{"href":"https:\/\/e-systemygrzewcze.eu\/sklep\/wp-json\/wp\/v2\/product"}],"about":[{"href":"https:\/\/e-systemygrzewcze.eu\/sklep\/wp-json\/wp\/v2\/types\/product"}],"wp:featuredmedia":[{"embeddable":true,"href":"https:\/\/e-systemygrzewcze.eu\/sklep\/wp-json\/wp\/v2\/media\/5759"}],"wp:attachment":[{"href":"https:\/\/e-systemygrzewcze.eu\/sklep\/wp-json\/wp\/v2\/media?parent=5756"}],"wp:term":[{"taxonomy":"product_brand","embeddable":true,"href":"https:\/\/e-systemygrzewcze.eu\/sklep\/wp-json\/wp\/v2\/product_brand?post=5756"},{"taxonomy":"product_cat","embeddable":true,"href":"https:\/\/e-systemygrzewcze.eu\/sklep\/wp-json\/wp\/v2\/product_cat?post=5756"},{"taxonomy":"product_tag","embeddable":true,"href":"https:\/\/e-systemygrzewcze.eu\/sklep\/wp-json\/wp\/v2\/product_tag?post=5756"}],"curies":[{"name":"wp","href":"https:\/\/api.w.org\/{rel}","templated":true}]}}