{"id":5704,"date":"2025-09-03T05:46:26","date_gmt":"2025-09-03T05:46:26","guid":{"rendered":"https:\/\/e-systemygrzewcze.eu\/sklep\/produkt\/uszczelniacz-kominowy-czarny-1500c\/"},"modified":"2026-04-07T05:55:18","modified_gmt":"2026-04-07T05:55:18","slug":"uszczelniacz-kominowy-czarny-1500c","status":"publish","type":"product","link":"https:\/\/e-systemygrzewcze.eu\/sklep\/produkt\/uszczelniacz-kominowy-czarny-1500c\/","title":{"rendered":"BAUM Uszczelniacz kominowy czarny 1500\u00b0C"},"content":{"rendered":"<h2 data-start=\"80\" data-end=\"129\">\ud83d\udd25 Baum USZCZELNIACZ KOMINKOWY 1500\u00b0C \u2013 280 ml<\/h2>\n<p data-start=\"131\" data-end=\"357\">Jednosk\u0142adnikowa masa na bazie <strong data-start=\"162\" data-end=\"183\">silikatu sodowego<\/strong> do trwa\u0142ej naprawy oraz wype\u0142niania p\u0119kni\u0119\u0107, szczelin i ubytk\u00f3w w <strong data-start=\"250\" data-end=\"312\">kominach, piecach, rusztach oraz przewodach wentylacyjnych<\/strong>, nara\u017conych na temperatur\u0119 do <strong data-start=\"343\" data-end=\"354\">+1500\u00b0C<\/strong>.<\/p>\n<p data-start=\"359\" data-end=\"629\">Uszczelniacz zawiera <strong data-start=\"380\" data-end=\"398\">w\u0142\u00f3kno szklane<\/strong>, kt\u00f3re zwi\u0119ksza jego gazoszczelno\u015b\u0107 i powoduje, \u017ce masa po stwardnieniu <strong data-start=\"471\" data-end=\"505\">nie kurczy si\u0119 i nie rozszerza<\/strong>. Posiada <strong data-start=\"515\" data-end=\"571\">bardzo dobr\u0105 przyczepno\u015b\u0107 do metalu, ceg\u0142y i cementu<\/strong>, kt\u00f3ra nie ulega zmianie pod wp\u0142ywem waha\u0144 temperatury.<\/p>\n<p data-start=\"631\" data-end=\"845\">Produkt <strong data-start=\"639\" data-end=\"712\">nie jest odpowiedni do uszczelnie\u0144 wymagaj\u0105cych elastycznych po\u0142\u0105cze\u0144<\/strong> (np. centralne ogrzewanie, instalacje gazowe). Po utwardzeniu jest <strong data-start=\"780\" data-end=\"844\">odporny na zmienne warunki atmosferyczne i promieniowanie UV<\/strong>.<\/p>\n<hr data-start=\"847\" data-end=\"850\" \/>\n<h2 data-start=\"852\" data-end=\"868\">\u2705 W\u0142a\u015bciwo\u015bci<\/h2>\n<ul data-start=\"870\" data-end=\"1354\">\n<li data-start=\"870\" data-end=\"942\">\n<p data-start=\"872\" data-end=\"942\">odporny na temperatur\u0119 do <strong data-start=\"898\" data-end=\"909\">+1500\u00b0C<\/strong> (bezpo\u015bredni kontakt z ogniem)<\/p>\n<\/li>\n<li data-start=\"943\" data-end=\"989\">\n<p data-start=\"945\" data-end=\"989\">\u017caroodporny i stabilny jako\u015bciowo w czasie<\/p>\n<\/li>\n<li data-start=\"990\" data-end=\"1064\">\n<p data-start=\"992\" data-end=\"1064\">bardzo dobra przyczepno\u015b\u0107 do ceg\u0142y, szamotu, betonu, kamienia i \u017celiwa<\/p>\n<\/li>\n<li data-start=\"1065\" data-end=\"1092\">\n<p data-start=\"1067\" data-end=\"1092\"><strong data-start=\"1067\" data-end=\"1090\">nie zawiera azbestu<\/strong><\/p>\n<\/li>\n<li data-start=\"1093\" data-end=\"1145\">\n<p data-start=\"1095\" data-end=\"1145\">nie kruszy si\u0119 i nie p\u0119ka w statycznych z\u0142\u0105czach<\/p>\n<\/li>\n<li data-start=\"1146\" data-end=\"1228\">\n<p data-start=\"1148\" data-end=\"1228\">odporny na <strong data-start=\"1159\" data-end=\"1177\">SO\u2082, SO\u2083 i NO\u2082<\/strong> (typowe st\u0119\u017cenia dla komink\u00f3w i piec\u00f3w domowych)<\/p>\n<\/li>\n<li data-start=\"1229\" data-end=\"1287\">\n<p data-start=\"1231\" data-end=\"1287\">\u0142atwy w aplikacji, niezale\u017cnie od kszta\u0142tu powierzchni<\/p>\n<\/li>\n<li data-start=\"1288\" data-end=\"1354\">\n<p data-start=\"1290\" data-end=\"1354\">po utwardzeniu <strong data-start=\"1305\" data-end=\"1322\">nieelastyczny<\/strong> \u2013 nie nadaje si\u0119 do dylatacji<\/p>\n<\/li>\n<\/ul>\n<hr data-start=\"1356\" data-end=\"1359\" \/>\n<h2 data-start=\"1361\" data-end=\"1379\">\ud83d\udd27 Zastosowanie<\/h2>\n<ul data-start=\"1381\" data-end=\"1752\">\n<li data-start=\"1381\" data-end=\"1493\">\n<p data-start=\"1383\" data-end=\"1493\">uszczelnianie miejsc nara\u017conych na <strong data-start=\"1418\" data-end=\"1450\">bezpo\u015bredni kontakt z ogniem<\/strong>: kominy, piece, paleniska, grille, kot\u0142y<\/p>\n<\/li>\n<li data-start=\"1494\" data-end=\"1576\">\n<p data-start=\"1496\" data-end=\"1576\">uszczelnianie element\u00f3w z <strong data-start=\"1522\" data-end=\"1551\">kamienia, betonu i \u017celiwa<\/strong> (np. wk\u0142ady kominkowe)<\/p>\n<\/li>\n<li data-start=\"1577\" data-end=\"1629\">\n<p data-start=\"1579\" data-end=\"1629\">spoinowanie <strong data-start=\"1591\" data-end=\"1627\">cegie\u0142 i bloczk\u00f3w ognioodpornych<\/strong><\/p>\n<\/li>\n<li data-start=\"1630\" data-end=\"1673\">\n<p data-start=\"1632\" data-end=\"1673\">uszczelnianie <strong data-start=\"1646\" data-end=\"1671\">przewod\u00f3w spalinowych<\/strong><\/p>\n<\/li>\n<li data-start=\"1674\" data-end=\"1752\">\n<p data-start=\"1676\" data-end=\"1752\">naprawa element\u00f3w budowlanych i technicznych nara\u017conych na dzia\u0142anie ognia<\/p>\n<\/li>\n<\/ul>\n<hr data-start=\"1754\" data-end=\"1757\" \/>\n<h2 data-start=\"1759\" data-end=\"1780\">\u2699\ufe0f Dane techniczne<\/h2>\n<ul data-start=\"1782\" data-end=\"1910\">\n<li data-start=\"1782\" data-end=\"1807\">\n<p data-start=\"1784\" data-end=\"1807\">Pojemno\u015b\u0107: <strong data-start=\"1795\" data-end=\"1805\">280 ml<\/strong><\/p>\n<\/li>\n<li data-start=\"1808\" data-end=\"1829\">\n<p data-start=\"1810\" data-end=\"1829\">Kolor: <strong data-start=\"1817\" data-end=\"1827\">czarny<\/strong><\/p>\n<\/li>\n<li data-start=\"1893\" data-end=\"1910\">\n<p data-start=\"1895\" data-end=\"1910\">Marka: <strong data-start=\"1902\" data-end=\"1910\">Baum<\/strong><\/p>\n<\/li>\n<\/ul>\n","protected":false},"excerpt":{"rendered":"<p><strong>Uszczelniacz kominowy czarny 1500\u00b0C to wysokotemperaturowy preparat odporny na ekstremalne ciep\u0142o, stosowany do uszczelniania i napraw komin\u00f3w oraz piec\u00f3w.<\/strong><\/p>\n","protected":false},"featured_media":5708,"template":"","meta":{"_kad_blocks_custom_css":"","_kad_blocks_head_custom_js":"","_kad_blocks_body_custom_js":"","_kad_blocks_footer_custom_js":"","_kad_post_transparent":"default","_kad_post_title":"","_kad_post_layout":"default","_kad_post_sidebar_id":"","_kad_post_content_style":"default","_kad_post_vertical_padding":"default","_kad_post_feature":"","_kad_post_feature_position":"","_kad_post_header":false,"_kad_post_footer":false,"_kad_post_classname":""},"product_brand":[411],"product_cat":[327],"product_tag":[],"class_list":{"0":"post-5704","1":"product","2":"type-product","3":"status-publish","4":"has-post-thumbnail","6":"product_brand-baum","7":"product_cat-pianki-silikony-uszczelniacze","8":"product_shipping_class-drobnica","10":"first","11":"instock","12":"taxable","13":"shipping-taxable","14":"purchasable","15":"product-type-simple","16":"entry","17":"content-bg","18":"loop-entry"},"taxonomy_info":{"product_brand":[{"value":411,"label":"Baum"}],"product_cat":[{"value":327,"label":"Pianki\/Silikony\/Uszczelniacze"}]},"featured_image_src_large":["https:\/\/e-systemygrzewcze.eu\/sklep\/wp-content\/uploads\/2025\/09\/Nowy-projekt-2025-09-03T080220.197.jpg",510,578,false],"author_info":[],"comment_info":"","_links":{"self":[{"href":"https:\/\/e-systemygrzewcze.eu\/sklep\/wp-json\/wp\/v2\/product\/5704","targetHints":{"allow":["GET"]}}],"collection":[{"href":"https:\/\/e-systemygrzewcze.eu\/sklep\/wp-json\/wp\/v2\/product"}],"about":[{"href":"https:\/\/e-systemygrzewcze.eu\/sklep\/wp-json\/wp\/v2\/types\/product"}],"wp:featuredmedia":[{"embeddable":true,"href":"https:\/\/e-systemygrzewcze.eu\/sklep\/wp-json\/wp\/v2\/media\/5708"}],"wp:attachment":[{"href":"https:\/\/e-systemygrzewcze.eu\/sklep\/wp-json\/wp\/v2\/media?parent=5704"}],"wp:term":[{"taxonomy":"product_brand","embeddable":true,"href":"https:\/\/e-systemygrzewcze.eu\/sklep\/wp-json\/wp\/v2\/product_brand?post=5704"},{"taxonomy":"product_cat","embeddable":true,"href":"https:\/\/e-systemygrzewcze.eu\/sklep\/wp-json\/wp\/v2\/product_cat?post=5704"},{"taxonomy":"product_tag","embeddable":true,"href":"https:\/\/e-systemygrzewcze.eu\/sklep\/wp-json\/wp\/v2\/product_tag?post=5704"}],"curies":[{"name":"wp","href":"https:\/\/api.w.org\/{rel}","templated":true}]}}