{"id":5703,"date":"2025-09-03T05:46:19","date_gmt":"2025-09-03T05:46:19","guid":{"rendered":"https:\/\/e-systemygrzewcze.eu\/sklep\/produkt\/baum-pianka-montazowa-pistoletowa-750ml\/"},"modified":"2026-04-07T05:57:25","modified_gmt":"2026-04-07T05:57:25","slug":"baum-pianka-montazowa-pistoletowa-750ml","status":"publish","type":"product","link":"https:\/\/e-systemygrzewcze.eu\/sklep\/produkt\/baum-pianka-montazowa-pistoletowa-750ml\/","title":{"rendered":"BAUM Pianka monta\u017cowa pistoletowa 750ml"},"content":{"rendered":"<h2 data-start=\"71\" data-end=\"138\">\ud83d\udd27 Silverbaum Piana Pistoletowa Wielosezonowa BAUM 750 ml<\/h2>\n<p data-start=\"140\" data-end=\"325\">Jednosk\u0142adnikowa, <strong data-start=\"158\" data-end=\"203\">poliuretanowa piana monta\u017cowa pistoletowa<\/strong> przeznaczona do pracy w szerokim zakresie temperatur <strong data-start=\"257\" data-end=\"278\">od -10\u00b0C do +30\u00b0C<\/strong>. Aplikowana przy u\u017cyciu <strong data-start=\"303\" data-end=\"324\">pistoletu do pian<\/strong>.<\/p>\n<p data-start=\"327\" data-end=\"565\">Produkt charakteryzuje si\u0119 <strong data-start=\"354\" data-end=\"382\">doskona\u0142\u0105 przyczepno\u015bci\u0105<\/strong> do typowych materia\u0142\u00f3w budowlanych takich jak: ceg\u0142a, beton, stal, drewno oraz twarde PVC-U. Zapewnia <strong data-start=\"485\" data-end=\"523\">elastyczno\u015b\u0107 i stabilno\u015b\u0107 kszta\u0142tu<\/strong> \u2013 brak skurcz\u00f3w pierwotnych i wt\u00f3rnych.<\/p>\n<p data-start=\"567\" data-end=\"853\">Dzi\u0119ki <strong data-start=\"574\" data-end=\"626\">drobnoziarnistej, zamkni\u0119tokom\u00f3rkowej strukturze<\/strong> piana posiada bardzo dobre w\u0142a\u015bciwo\u015bci <strong data-start=\"666\" data-end=\"685\">termoizolacyjne<\/strong> oraz wysok\u0105 stabilno\u015b\u0107. Wysoka wydajno\u015b\u0107, kr\u00f3tki czas utwardzania i szeroki zakres temperatur pracy pozwalaj\u0105 na <strong data-start=\"799\" data-end=\"852\">szybkie i komfortowe prowadzenie prac monta\u017cowych<\/strong>.<\/p>\n<hr data-start=\"855\" data-end=\"858\" \/>\n<h2 data-start=\"860\" data-end=\"876\">\u2705 W\u0142a\u015bciwo\u015bci<\/h2>\n<ul data-start=\"878\" data-end=\"1336\">\n<li data-start=\"878\" data-end=\"943\">\n<p data-start=\"880\" data-end=\"943\">jednosk\u0142adnikowa poliuretanowa piana monta\u017cowo-uszczelniaj\u0105ca<\/p>\n<\/li>\n<li data-start=\"944\" data-end=\"968\">\n<p data-start=\"946\" data-end=\"968\">aplikacja pistoletem<\/p>\n<\/li>\n<li data-start=\"969\" data-end=\"1016\">\n<p data-start=\"971\" data-end=\"1016\">zakres temperatur pracy: <strong data-start=\"996\" data-end=\"1014\">-10\u00b0C do +30\u00b0C<\/strong><\/p>\n<\/li>\n<li data-start=\"1017\" data-end=\"1080\">\n<p data-start=\"1019\" data-end=\"1080\">wysoka przyczepno\u015b\u0107 do ceg\u0142y, betonu, drewna, stali i PVC-U<\/p>\n<\/li>\n<li data-start=\"1081\" data-end=\"1121\">\n<p data-start=\"1083\" data-end=\"1121\">brak skurcz\u00f3w pierwotnych i wt\u00f3rnych<\/p>\n<\/li>\n<li data-start=\"1122\" data-end=\"1172\">\n<p data-start=\"1124\" data-end=\"1172\">drobnokom\u00f3rkowa struktura o zamkni\u0119tych porach<\/p>\n<\/li>\n<li data-start=\"1173\" data-end=\"1217\">\n<p data-start=\"1175\" data-end=\"1217\">bardzo dobre w\u0142a\u015bciwo\u015bci termoizolacyjne<\/p>\n<\/li>\n<li data-start=\"1218\" data-end=\"1259\">\n<p data-start=\"1220\" data-end=\"1259\">wysoka wydajno\u015b\u0107 z jednego opakowania<\/p>\n<\/li>\n<li data-start=\"1260\" data-end=\"1287\">\n<p data-start=\"1262\" data-end=\"1287\">kr\u00f3tki czas utwardzania<\/p>\n<\/li>\n<li data-start=\"1288\" data-end=\"1336\">\n<p data-start=\"1290\" data-end=\"1336\">trwa\u0142e i szczelne wype\u0142nienie na d\u0142ugie lata<\/p>\n<\/li>\n<\/ul>\n<hr data-start=\"1338\" data-end=\"1341\" \/>\n<h2 data-start=\"1343\" data-end=\"1361\">\ud83c\udfe0 Zastosowanie<\/h2>\n<ul data-start=\"1363\" data-end=\"1804\">\n<li data-start=\"1363\" data-end=\"1470\">\n<p data-start=\"1365\" data-end=\"1470\">uszczelnianie przestrzeni mi\u0119dzy <strong data-start=\"1398\" data-end=\"1443\">o\u015bcie\u017cami i o\u015bcie\u017cnicami okien oraz drzwi<\/strong> z drewna, metalu i PVC-U<\/p>\n<\/li>\n<li data-start=\"1471\" data-end=\"1547\">\n<p data-start=\"1473\" data-end=\"1547\">stosowanie przy monta\u017cu okien i drzwi (z wyj\u0105tkiem drzwi ognioodpornych)<\/p>\n<\/li>\n<li data-start=\"1548\" data-end=\"1622\">\n<p data-start=\"1550\" data-end=\"1622\">wype\u0142nianie <strong data-start=\"1562\" data-end=\"1620\">p\u0119kni\u0119\u0107, przepust\u00f3w, prze\u0142om\u00f3w i nieruchomych szczelin<\/strong><\/p>\n<\/li>\n<li data-start=\"1623\" data-end=\"1693\">\n<p data-start=\"1625\" data-end=\"1693\">monta\u017c i uzupe\u0142nianie <strong data-start=\"1647\" data-end=\"1691\">izolacji cieplnych dach\u00f3w i stropodach\u00f3w<\/strong><\/p>\n<\/li>\n<li data-start=\"1694\" data-end=\"1715\">\n<p data-start=\"1696\" data-end=\"1715\">systemy docieple\u0144<\/p>\n<\/li>\n<li data-start=\"1716\" data-end=\"1756\">\n<p data-start=\"1718\" data-end=\"1756\">sieci wodne i centralnego ogrzewania<\/p>\n<\/li>\n<li data-start=\"1757\" data-end=\"1804\">\n<p data-start=\"1759\" data-end=\"1804\">wyt\u0142umianie i wyciszanie <strong data-start=\"1784\" data-end=\"1804\">\u015bcian dzia\u0142owych<\/strong><\/p>\n<\/li>\n<\/ul>\n<hr data-start=\"1806\" data-end=\"1809\" \/>\n<h2 data-start=\"1811\" data-end=\"1832\">\u2699\ufe0f Dane techniczne<\/h2>\n<ul data-start=\"1834\" data-end=\"2019\">\n<li data-start=\"1834\" data-end=\"1859\">\n<p data-start=\"1836\" data-end=\"1859\">Pojemno\u015b\u0107: <strong data-start=\"1847\" data-end=\"1857\">750 ml<\/strong><\/p>\n<\/li>\n<li data-start=\"1893\" data-end=\"1923\">Marka: <strong data-start=\"1933\" data-end=\"1941\">BAUM<\/strong><\/li>\n<\/ul>\n","protected":false},"excerpt":{"rendered":"<p><strong>BAUM pianka monta\u017cowa pistoletowa to jednosk\u0142adnikowa pianka poliuretanowa do precyzyjnego monta\u017cu, uszczelniania i izolacji przy u\u017cyciu pistoletu.<\/strong><\/p>\n","protected":false},"featured_media":5706,"template":"","meta":{"_kad_blocks_custom_css":"","_kad_blocks_head_custom_js":"","_kad_blocks_body_custom_js":"","_kad_blocks_footer_custom_js":"","_kad_post_transparent":"default","_kad_post_title":"","_kad_post_layout":"default","_kad_post_sidebar_id":"","_kad_post_content_style":"default","_kad_post_vertical_padding":"default","_kad_post_feature":"","_kad_post_feature_position":"","_kad_post_header":false,"_kad_post_footer":false,"_kad_post_classname":""},"product_brand":[411],"product_cat":[327],"product_tag":[],"class_list":{"0":"post-5703","1":"product","2":"type-product","3":"status-publish","4":"has-post-thumbnail","6":"product_brand-baum","7":"product_cat-pianki-silikony-uszczelniacze","8":"product_shipping_class-drobnica","10":"first","11":"instock","12":"taxable","13":"shipping-taxable","14":"purchasable","15":"product-type-simple","16":"entry","17":"content-bg","18":"loop-entry"},"taxonomy_info":{"product_brand":[{"value":411,"label":"Baum"}],"product_cat":[{"value":327,"label":"Pianki\/Silikony\/Uszczelniacze"}]},"featured_image_src_large":["https:\/\/e-systemygrzewcze.eu\/sklep\/wp-content\/uploads\/2025\/09\/Nowy-projekt-2025-09-03T075840.543.jpg",510,578,false],"author_info":[],"comment_info":"","_links":{"self":[{"href":"https:\/\/e-systemygrzewcze.eu\/sklep\/wp-json\/wp\/v2\/product\/5703","targetHints":{"allow":["GET"]}}],"collection":[{"href":"https:\/\/e-systemygrzewcze.eu\/sklep\/wp-json\/wp\/v2\/product"}],"about":[{"href":"https:\/\/e-systemygrzewcze.eu\/sklep\/wp-json\/wp\/v2\/types\/product"}],"wp:featuredmedia":[{"embeddable":true,"href":"https:\/\/e-systemygrzewcze.eu\/sklep\/wp-json\/wp\/v2\/media\/5706"}],"wp:attachment":[{"href":"https:\/\/e-systemygrzewcze.eu\/sklep\/wp-json\/wp\/v2\/media?parent=5703"}],"wp:term":[{"taxonomy":"product_brand","embeddable":true,"href":"https:\/\/e-systemygrzewcze.eu\/sklep\/wp-json\/wp\/v2\/product_brand?post=5703"},{"taxonomy":"product_cat","embeddable":true,"href":"https:\/\/e-systemygrzewcze.eu\/sklep\/wp-json\/wp\/v2\/product_cat?post=5703"},{"taxonomy":"product_tag","embeddable":true,"href":"https:\/\/e-systemygrzewcze.eu\/sklep\/wp-json\/wp\/v2\/product_tag?post=5703"}],"curies":[{"name":"wp","href":"https:\/\/api.w.org\/{rel}","templated":true}]}}