{"id":5694,"date":"2025-09-03T05:25:41","date_gmt":"2025-09-03T05:25:41","guid":{"rendered":"https:\/\/e-systemygrzewcze.eu\/sklep\/produkt\/silikon-uniwersalny-bezbarwny-280-ml\/"},"modified":"2026-03-30T10:19:37","modified_gmt":"2026-03-30T10:19:37","slug":"silikon-uniwersalny-bezbarwny-280-ml","status":"publish","type":"product","link":"https:\/\/e-systemygrzewcze.eu\/sklep\/produkt\/silikon-uniwersalny-bezbarwny-280-ml\/","title":{"rendered":"BAUM Silikon uniwersalny bezbarwny 280 ml"},"content":{"rendered":"<h2 data-start=\"58\" data-end=\"107\">\ud83d\udd27 Baum Silikon Uniwersalny Bezbarwny \u2013 280 ml<\/h2>\n<p data-start=\"109\" data-end=\"369\">Uniwersalny, <strong data-start=\"122\" data-end=\"191\">jednosk\u0142adnikowy, trwale elastyczny silikonowy kit uszczelniaj\u0105cy<\/strong> z octowym systemem utwardzania, przeznaczony do uszczelnie\u0144 budowlanych. Tworzy <strong data-start=\"272\" data-end=\"342\">trwale elastyczn\u0105, g\u0142adk\u0105, po\u0142yskliw\u0105, wodoodporn\u0105 i szczeln\u0105 fug\u0119<\/strong>, odporn\u0105 na odbarwienia.<\/p>\n<p data-start=\"371\" data-end=\"594\">Charakteryzuje si\u0119 <strong data-start=\"390\" data-end=\"421\">bardzo dobr\u0105 przyczepno\u015bci\u0105<\/strong> do szk\u0142a, ceramiki, porcelany, lakierowanego drewna oraz powierzchni szkliwionych, glazurowanych i emaliowanych. Przeznaczony do <strong data-start=\"551\" data-end=\"593\">zastosowa\u0144 zewn\u0119trznych i wewn\u0119trznych<\/strong>.<\/p>\n<hr data-start=\"596\" data-end=\"599\" \/>\n<h2 data-start=\"601\" data-end=\"617\">\u2705 W\u0142a\u015bciwo\u015bci<\/h2>\n<ul data-start=\"619\" data-end=\"951\">\n<li data-start=\"619\" data-end=\"655\">\n<p data-start=\"621\" data-end=\"655\">trwale elastyczny po utwardzeniu<\/p>\n<\/li>\n<li data-start=\"656\" data-end=\"696\">\n<p data-start=\"658\" data-end=\"696\">wodoodporny i odporny na odbarwienia<\/p>\n<\/li>\n<li data-start=\"697\" data-end=\"780\">\n<p data-start=\"699\" data-end=\"780\">wysoce odporny na <strong data-start=\"717\" data-end=\"778\">promieniowanie UV, opady, wilgo\u0107 oraz zmienne temperatury<\/strong><\/p>\n<\/li>\n<li data-start=\"781\" data-end=\"834\">\n<p data-start=\"783\" data-end=\"834\">bardzo dobra przyczepno\u015b\u0107 do g\u0142adkich powierzchni<\/p>\n<\/li>\n<li data-start=\"835\" data-end=\"870\">\n<p data-start=\"837\" data-end=\"870\">\u0142atwy w nak\u0142adaniu i formowaniu<\/p>\n<\/li>\n<li data-start=\"871\" data-end=\"905\">\n<p data-start=\"873\" data-end=\"905\">tworzy g\u0142adk\u0105, po\u0142yskliw\u0105 fug\u0119<\/p>\n<\/li>\n<li data-start=\"906\" data-end=\"951\">\n<p data-start=\"908\" data-end=\"951\">do zastosowa\u0144 wewn\u0119trznych i zewn\u0119trznych<\/p>\n<\/li>\n<\/ul>\n<hr data-start=\"953\" data-end=\"956\" \/>\n<h2 data-start=\"958\" data-end=\"976\">\ud83c\udfe0 Zastosowanie<\/h2>\n<ul data-start=\"978\" data-end=\"1223\">\n<li data-start=\"978\" data-end=\"1008\">\n<p data-start=\"980\" data-end=\"1008\">szk\u0142o, ceramika, porcelana<\/p>\n<\/li>\n<li data-start=\"1009\" data-end=\"1031\">\n<p data-start=\"1011\" data-end=\"1031\">lakierowane drewno<\/p>\n<\/li>\n<li data-start=\"1032\" data-end=\"1085\">\n<p data-start=\"1034\" data-end=\"1085\">powierzchnie szkliwione, glazurowane i emaliowane<\/p>\n<\/li>\n<li data-start=\"1086\" data-end=\"1162\">\n<p data-start=\"1088\" data-end=\"1162\">uszczelnienia budowlane w kuchniach, \u0142azienkach i innych pomieszczeniach<\/p>\n<\/li>\n<li data-start=\"1163\" data-end=\"1223\">\n<p data-start=\"1165\" data-end=\"1223\">prace wyko\u0144czeniowe wymagaj\u0105ce trwa\u0142ej, estetycznej fugi<\/p>\n<\/li>\n<\/ul>\n<hr data-start=\"1225\" data-end=\"1228\" \/>\n<h2 data-start=\"1230\" data-end=\"1251\">\u2699\ufe0f Dane techniczne<\/h2>\n<ul data-start=\"1253\" data-end=\"1381\">\n<li data-start=\"1253\" data-end=\"1278\">\n<p data-start=\"1255\" data-end=\"1278\">Pojemno\u015b\u0107: <strong data-start=\"1266\" data-end=\"1276\">280 ml<\/strong><\/p>\n<\/li>\n<li data-start=\"1311\" data-end=\"1335\">\n<p data-start=\"1313\" data-end=\"1335\">Kolor: <strong data-start=\"1320\" data-end=\"1333\">bezbarwny<\/strong><\/p>\n<\/li>\n<li data-start=\"1336\" data-end=\"1355\">\n<p data-start=\"1338\" data-end=\"1355\">Marka: <strong data-start=\"1345\" data-end=\"1353\">Baum<\/strong><\/p>\n<\/li>\n<\/ul>\n","protected":false},"excerpt":{"rendered":"<p><strong>Silikon uniwersalny bezbarwny 280 ml to elastyczny uszczelniacz o szerokim zastosowaniu, idealny do uszczelniania i klejenia r\u00f3\u017cnych powierzchni.<\/strong><\/p>\n","protected":false},"featured_media":5701,"template":"","meta":{"_kad_blocks_custom_css":"","_kad_blocks_head_custom_js":"","_kad_blocks_body_custom_js":"","_kad_blocks_footer_custom_js":"","_kad_post_transparent":"default","_kad_post_title":"","_kad_post_layout":"default","_kad_post_sidebar_id":"","_kad_post_content_style":"default","_kad_post_vertical_padding":"default","_kad_post_feature":"","_kad_post_feature_position":"","_kad_post_header":false,"_kad_post_footer":false,"_kad_post_classname":""},"product_brand":[411],"product_cat":[327],"product_tag":[],"class_list":{"0":"post-5694","1":"product","2":"type-product","3":"status-publish","4":"has-post-thumbnail","6":"product_brand-baum","7":"product_cat-pianki-silikony-uszczelniacze","8":"product_shipping_class-drobnica","10":"first","11":"instock","12":"taxable","13":"shipping-taxable","14":"purchasable","15":"product-type-simple","16":"entry","17":"content-bg","18":"loop-entry"},"taxonomy_info":{"product_brand":[{"value":411,"label":"Baum"}],"product_cat":[{"value":327,"label":"Pianki\/Silikony\/Uszczelniacze"}]},"featured_image_src_large":["https:\/\/e-systemygrzewcze.eu\/sklep\/wp-content\/uploads\/2025\/09\/Nowy-projekt-2025-09-03T074439.059.jpg",510,578,false],"author_info":[],"comment_info":"","_links":{"self":[{"href":"https:\/\/e-systemygrzewcze.eu\/sklep\/wp-json\/wp\/v2\/product\/5694","targetHints":{"allow":["GET"]}}],"collection":[{"href":"https:\/\/e-systemygrzewcze.eu\/sklep\/wp-json\/wp\/v2\/product"}],"about":[{"href":"https:\/\/e-systemygrzewcze.eu\/sklep\/wp-json\/wp\/v2\/types\/product"}],"wp:featuredmedia":[{"embeddable":true,"href":"https:\/\/e-systemygrzewcze.eu\/sklep\/wp-json\/wp\/v2\/media\/5701"}],"wp:attachment":[{"href":"https:\/\/e-systemygrzewcze.eu\/sklep\/wp-json\/wp\/v2\/media?parent=5694"}],"wp:term":[{"taxonomy":"product_brand","embeddable":true,"href":"https:\/\/e-systemygrzewcze.eu\/sklep\/wp-json\/wp\/v2\/product_brand?post=5694"},{"taxonomy":"product_cat","embeddable":true,"href":"https:\/\/e-systemygrzewcze.eu\/sklep\/wp-json\/wp\/v2\/product_cat?post=5694"},{"taxonomy":"product_tag","embeddable":true,"href":"https:\/\/e-systemygrzewcze.eu\/sklep\/wp-json\/wp\/v2\/product_tag?post=5694"}],"curies":[{"name":"wp","href":"https:\/\/api.w.org\/{rel}","templated":true}]}}