{"id":5693,"date":"2025-09-03T05:25:28","date_gmt":"2025-09-03T05:25:28","guid":{"rendered":"https:\/\/e-systemygrzewcze.eu\/sklep\/produkt\/silikon-uniwersalny-bialy-280-ml\/"},"modified":"2026-04-07T06:01:40","modified_gmt":"2026-04-07T06:01:40","slug":"silikon-uniwersalny-bialy-280-ml","status":"publish","type":"product","link":"https:\/\/e-systemygrzewcze.eu\/sklep\/produkt\/silikon-uniwersalny-bialy-280-ml\/","title":{"rendered":"BAUM Silikon uniwersalny bia\u0142y 280 ml"},"content":{"rendered":"<h2 data-start=\"71\" data-end=\"116\">\ud83d\udd27 Baum Silikon Uniwersalny Bia\u0142y \u2013 280 ml<\/h2>\n<p data-start=\"118\" data-end=\"378\">Uniwersalny, <strong data-start=\"131\" data-end=\"200\">jednosk\u0142adnikowy, trwale elastyczny silikonowy kit uszczelniaj\u0105cy<\/strong> z octowym systemem utwardzania, przeznaczony do uszczelnie\u0144 budowlanych. Tworzy <strong data-start=\"281\" data-end=\"351\">trwale elastyczn\u0105, g\u0142adk\u0105, po\u0142yskliw\u0105, wodoodporn\u0105 i szczeln\u0105 fug\u0119<\/strong>, odporn\u0105 na odbarwienia.<\/p>\n<p data-start=\"380\" data-end=\"603\">Charakteryzuje si\u0119 <strong data-start=\"399\" data-end=\"430\">bardzo dobr\u0105 przyczepno\u015bci\u0105<\/strong> do szk\u0142a, ceramiki, porcelany, lakierowanego drewna oraz powierzchni szkliwionych, glazurowanych i emaliowanych. Przeznaczony do <strong data-start=\"560\" data-end=\"602\">zastosowa\u0144 zewn\u0119trznych i wewn\u0119trznych<\/strong>.<\/p>\n<hr data-start=\"605\" data-end=\"608\" \/>\n<h2 data-start=\"610\" data-end=\"626\">\u2705 W\u0142a\u015bciwo\u015bci<\/h2>\n<ul data-start=\"628\" data-end=\"966\">\n<li data-start=\"628\" data-end=\"664\">\n<p data-start=\"630\" data-end=\"664\">trwale elastyczny po utwardzeniu<\/p>\n<\/li>\n<li data-start=\"665\" data-end=\"705\">\n<p data-start=\"667\" data-end=\"705\">wodoodporny i odporny na odbarwienia<\/p>\n<\/li>\n<li data-start=\"706\" data-end=\"795\">\n<p data-start=\"708\" data-end=\"795\">wysoce odporny na <strong data-start=\"726\" data-end=\"793\">promieniowanie UV, opady, wilgo\u0107 oraz szeroki zakres temperatur<\/strong><\/p>\n<\/li>\n<li data-start=\"796\" data-end=\"849\">\n<p data-start=\"798\" data-end=\"849\">bardzo dobra przyczepno\u015b\u0107 do g\u0142adkich powierzchni<\/p>\n<\/li>\n<li data-start=\"850\" data-end=\"885\">\n<p data-start=\"852\" data-end=\"885\">\u0142atwy w nak\u0142adaniu i formowaniu<\/p>\n<\/li>\n<li data-start=\"886\" data-end=\"920\">\n<p data-start=\"888\" data-end=\"920\">tworzy g\u0142adk\u0105, po\u0142yskliw\u0105 fug\u0119<\/p>\n<\/li>\n<li data-start=\"921\" data-end=\"966\">\n<p data-start=\"923\" data-end=\"966\">do zastosowa\u0144 wewn\u0119trznych i zewn\u0119trznych<\/p>\n<\/li>\n<\/ul>\n<hr data-start=\"968\" data-end=\"971\" \/>\n<h2 data-start=\"973\" data-end=\"991\">\ud83c\udfe0 Zastosowanie<\/h2>\n<ul data-start=\"993\" data-end=\"1238\">\n<li data-start=\"993\" data-end=\"1023\">\n<p data-start=\"995\" data-end=\"1023\">szk\u0142o, ceramika, porcelana<\/p>\n<\/li>\n<li data-start=\"1024\" data-end=\"1046\">\n<p data-start=\"1026\" data-end=\"1046\">lakierowane drewno<\/p>\n<\/li>\n<li data-start=\"1047\" data-end=\"1100\">\n<p data-start=\"1049\" data-end=\"1100\">powierzchnie szkliwione, glazurowane i emaliowane<\/p>\n<\/li>\n<li data-start=\"1101\" data-end=\"1177\">\n<p data-start=\"1103\" data-end=\"1177\">uszczelnienia budowlane w kuchniach, \u0142azienkach i innych pomieszczeniach<\/p>\n<\/li>\n<li data-start=\"1178\" data-end=\"1238\">\n<p data-start=\"1180\" data-end=\"1238\">prace wyko\u0144czeniowe wymagaj\u0105ce trwa\u0142ej, estetycznej fugi<\/p>\n<\/li>\n<\/ul>\n<hr data-start=\"1240\" data-end=\"1243\" \/>\n<h2 data-start=\"1245\" data-end=\"1266\">\u2699\ufe0f Dane techniczne<\/h2>\n<ul data-start=\"1268\" data-end=\"1392\">\n<li data-start=\"1268\" data-end=\"1293\">\n<p data-start=\"1270\" data-end=\"1293\">Pojemno\u015b\u0107: <strong data-start=\"1281\" data-end=\"1291\">280 ml<\/strong><\/p>\n<\/li>\n<li data-start=\"1326\" data-end=\"1346\">\n<p data-start=\"1328\" data-end=\"1346\">Kolor: <strong data-start=\"1335\" data-end=\"1344\">bia\u0142y<\/strong><\/p>\n<\/li>\n<li data-start=\"1347\" data-end=\"1366\">\n<p data-start=\"1349\" data-end=\"1366\">Marka: <strong data-start=\"1356\" data-end=\"1364\">Baum<\/strong><\/p>\n<\/li>\n<\/ul>\n","protected":false},"excerpt":{"rendered":"<p><strong>Silikon uniwersalny bia\u0142y 280 ml to elastyczny uszczelniacz o szerokim zastosowaniu, idealny do uszczelniania i klejenia r\u00f3\u017cnych powierzchni.<\/strong><\/p>\n","protected":false},"featured_media":5699,"template":"","meta":{"_kad_blocks_custom_css":"","_kad_blocks_head_custom_js":"","_kad_blocks_body_custom_js":"","_kad_blocks_footer_custom_js":"","_kad_post_transparent":"default","_kad_post_title":"","_kad_post_layout":"default","_kad_post_sidebar_id":"","_kad_post_content_style":"default","_kad_post_vertical_padding":"default","_kad_post_feature":"","_kad_post_feature_position":"","_kad_post_header":false,"_kad_post_footer":false,"_kad_post_classname":""},"product_brand":[411],"product_cat":[327],"product_tag":[],"class_list":{"0":"post-5693","1":"product","2":"type-product","3":"status-publish","4":"has-post-thumbnail","6":"product_brand-baum","7":"product_cat-pianki-silikony-uszczelniacze","8":"product_shipping_class-drobnica","10":"first","11":"instock","12":"taxable","13":"shipping-taxable","14":"purchasable","15":"product-type-simple","16":"entry","17":"content-bg","18":"loop-entry"},"taxonomy_info":{"product_brand":[{"value":411,"label":"Baum"}],"product_cat":[{"value":327,"label":"Pianki\/Silikony\/Uszczelniacze"}]},"featured_image_src_large":["https:\/\/e-systemygrzewcze.eu\/sklep\/wp-content\/uploads\/2025\/09\/Nowy-projekt-2025-09-03T074301.192.jpg",510,578,false],"author_info":[],"comment_info":"","_links":{"self":[{"href":"https:\/\/e-systemygrzewcze.eu\/sklep\/wp-json\/wp\/v2\/product\/5693","targetHints":{"allow":["GET"]}}],"collection":[{"href":"https:\/\/e-systemygrzewcze.eu\/sklep\/wp-json\/wp\/v2\/product"}],"about":[{"href":"https:\/\/e-systemygrzewcze.eu\/sklep\/wp-json\/wp\/v2\/types\/product"}],"wp:featuredmedia":[{"embeddable":true,"href":"https:\/\/e-systemygrzewcze.eu\/sklep\/wp-json\/wp\/v2\/media\/5699"}],"wp:attachment":[{"href":"https:\/\/e-systemygrzewcze.eu\/sklep\/wp-json\/wp\/v2\/media?parent=5693"}],"wp:term":[{"taxonomy":"product_brand","embeddable":true,"href":"https:\/\/e-systemygrzewcze.eu\/sklep\/wp-json\/wp\/v2\/product_brand?post=5693"},{"taxonomy":"product_cat","embeddable":true,"href":"https:\/\/e-systemygrzewcze.eu\/sklep\/wp-json\/wp\/v2\/product_cat?post=5693"},{"taxonomy":"product_tag","embeddable":true,"href":"https:\/\/e-systemygrzewcze.eu\/sklep\/wp-json\/wp\/v2\/product_tag?post=5693"}],"curies":[{"name":"wp","href":"https:\/\/api.w.org\/{rel}","templated":true}]}}