{"id":5692,"date":"2025-09-03T05:25:02","date_gmt":"2025-09-03T05:25:02","guid":{"rendered":"https:\/\/e-systemygrzewcze.eu\/sklep\/produkt\/silikon-wysokotemperaturowy-do-300-stopni-czerwony-280ml\/"},"modified":"2026-04-07T06:02:09","modified_gmt":"2026-04-07T06:02:09","slug":"silikon-wysokotemperaturowy-do-300-stopni-czerwony-280ml","status":"publish","type":"product","link":"https:\/\/e-systemygrzewcze.eu\/sklep\/produkt\/silikon-wysokotemperaturowy-do-300-stopni-czerwony-280ml\/","title":{"rendered":"Silikon wysokotemperaturowy do 300\u00b0C czerwony 280ml"},"content":{"rendered":"<h2 data-start=\"71\" data-end=\"133\">\ud83d\udd25 Baum Silikon Wysokotemperaturowy 300\u00b0C \u2013 Czerwony 280 ml<\/h2>\n<p data-start=\"135\" data-end=\"424\">Jednosk\u0142adnikowy, <strong data-start=\"153\" data-end=\"225\">trwale elastyczny, wysokotemperaturowy silikonowy kit uszczelniaj\u0105cy<\/strong>, odporny na temperatur\u0119 do <strong data-start=\"253\" data-end=\"263\">+315\u00b0C<\/strong>. Utwardza si\u0119 w wyniku absorpcji wilgoci z powietrza. Przeznaczony do zastosowa\u0144 profesjonalnych w budownictwie, motoryzacji, technice grzewczej oraz przemy\u015ble.<\/p>\n<hr data-start=\"426\" data-end=\"429\" \/>\n<h2 data-start=\"431\" data-end=\"447\">\u2705 W\u0142a\u015bciwo\u015bci<\/h2>\n<ul data-start=\"449\" data-end=\"1134\">\n<li data-start=\"449\" data-end=\"483\">\n<p data-start=\"451\" data-end=\"483\">odporny na wahania temperatury<\/p>\n<\/li>\n<li data-start=\"484\" data-end=\"606\">\n<p data-start=\"486\" data-end=\"606\">chemoodporna \u201ep\u0142ynna\u201d uszczelka zast\u0119puj\u0105ca tradycyjne uszczelki (gumowe, korkowe, papierowe, filcowe, azbestowe itd.)<\/p>\n<\/li>\n<li data-start=\"607\" data-end=\"824\">\n<p data-start=\"609\" data-end=\"824\">odporny na <strong data-start=\"620\" data-end=\"696\">promieniowanie UV, wod\u0119, s\u00f3l oraz dzia\u0142anie wielu substancji chemicznych<\/strong>, takich jak: benzyna, kwasy, t\u0142uszcze, oleje, paliwa, ciecze hydrauliczne, smary, spaliny, p\u0142yny mrozoodporne, ch\u0142odnice itp.<\/p>\n<\/li>\n<li data-start=\"825\" data-end=\"884\">\n<p data-start=\"827\" data-end=\"884\">\u0142atwy w zastosowaniu bez wzgl\u0119du na kszta\u0142t powierzchni<\/p>\n<\/li>\n<li data-start=\"885\" data-end=\"1015\">\n<p data-start=\"887\" data-end=\"1015\">bardzo dobra przyczepno\u015b\u0107 do powierzchni g\u0142adkich i porowatych (ceramika, stal, metale i ich stopy, szk\u0142o, lakierowane drewno)<\/p>\n<\/li>\n<li data-start=\"1016\" data-end=\"1069\">\n<p data-start=\"1018\" data-end=\"1069\">trwale elastyczny w ca\u0142ym zakresie temperaturowym<\/p>\n<\/li>\n<li data-start=\"1070\" data-end=\"1102\">\n<p data-start=\"1072\" data-end=\"1102\">nie zawiera rozpuszczalnik\u00f3w<\/p>\n<\/li>\n<li data-start=\"1103\" data-end=\"1121\">\n<p data-start=\"1105\" data-end=\"1121\">znikomy skurcz<\/p>\n<\/li>\n<li data-start=\"1122\" data-end=\"1134\">\n<p data-start=\"1124\" data-end=\"1134\">nie p\u0119ka<\/p>\n<\/li>\n<\/ul>\n<hr data-start=\"1136\" data-end=\"1139\" \/>\n<h2 data-start=\"1141\" data-end=\"1159\">\ud83c\udfed Zastosowania<\/h2>\n<ul data-start=\"1161\" data-end=\"1835\">\n<li data-start=\"1161\" data-end=\"1296\">\n<p data-start=\"1163\" data-end=\"1296\">uszczelnianie po\u0142\u0105cze\u0144 w budownictwie, transporcie i przemy\u015ble o wysokiej odporno\u015bci chemicznej i termicznej od <strong data-start=\"1275\" data-end=\"1294\">\u201365\u00b0C do +315\u00b0C<\/strong><\/p>\n<\/li>\n<li data-start=\"1297\" data-end=\"1419\">\n<p data-start=\"1299\" data-end=\"1419\">technika grzewcza: kot\u0142y, podgrzewacze, piece, kuchenki, zasobniki, wymienniki, przewody spalinowe, filtry, termostaty<\/p>\n<\/li>\n<li data-start=\"1420\" data-end=\"1568\">\n<p data-start=\"1422\" data-end=\"1568\">uszczelnienia motoryzacyjne: pompy wodne, pokrywy zawor\u00f3w, miski olejowe, pokrywy rozrz\u0105du, mosty nap\u0119dowe, skrzynie bieg\u00f3w, obudowy termostat\u00f3w<\/p>\n<\/li>\n<li data-start=\"1569\" data-end=\"1619\">\n<p data-start=\"1571\" data-end=\"1619\">uszczelnianie element\u00f3w kolektor\u00f3w s\u0142onecznych<\/p>\n<\/li>\n<li data-start=\"1620\" data-end=\"1835\">\n<p data-start=\"1622\" data-end=\"1835\">klejenie element\u00f3w z materia\u0142\u00f3w budowlanych: szk\u0142o, ceramika, tworzywa sztuczne, porcelana, lakierowane drewno, powierzchnie szkliwione, glazurowane, emaliowane, a po zagruntowaniu tak\u017ce beton, tynki i p\u0142yty G-K<\/p>\n<\/li>\n<\/ul>\n<hr data-start=\"1837\" data-end=\"1840\" \/>\n<h2 data-start=\"1842\" data-end=\"1871\">\u2699\ufe0f Specyfikacja techniczna<\/h2>\n<ul data-start=\"1873\" data-end=\"2034\">\n<li data-start=\"1873\" data-end=\"1898\">\n<p data-start=\"1875\" data-end=\"1898\">Pojemno\u015b\u0107: <strong data-start=\"1886\" data-end=\"1896\">280 ml<\/strong><\/p>\n<\/li>\n<li data-start=\"1963\" data-end=\"1986\">\n<p data-start=\"1965\" data-end=\"1986\">Kolor: <strong data-start=\"1972\" data-end=\"1984\">czerwony<\/strong><\/p>\n<\/li>\n<li data-start=\"1987\" data-end=\"2006\">\n<p data-start=\"1989\" data-end=\"2006\">Marka: <strong data-start=\"1996\" data-end=\"2004\">Baum<\/strong><\/p>\n<\/li>\n<\/ul>\n","protected":false},"excerpt":{"rendered":"<p><strong>Silikon wysokotemperaturowy do 300\u00b0C czerwony 280 ml to odporny na wysok\u0105 temperatur\u0119 uszczelniacz, przeznaczony do zastosowa\u0144 przemys\u0142owych i motoryzacyjnych.<\/strong><\/p>\n","protected":false},"featured_media":5698,"template":"","meta":{"_kad_blocks_custom_css":"","_kad_blocks_head_custom_js":"","_kad_blocks_body_custom_js":"","_kad_blocks_footer_custom_js":"","_kad_post_transparent":"default","_kad_post_title":"","_kad_post_layout":"default","_kad_post_sidebar_id":"","_kad_post_content_style":"default","_kad_post_vertical_padding":"default","_kad_post_feature":"","_kad_post_feature_position":"","_kad_post_header":false,"_kad_post_footer":false,"_kad_post_classname":""},"product_brand":[411],"product_cat":[327],"product_tag":[],"class_list":{"0":"post-5692","1":"product","2":"type-product","3":"status-publish","4":"has-post-thumbnail","6":"product_brand-baum","7":"product_cat-pianki-silikony-uszczelniacze","8":"product_shipping_class-drobnica","10":"first","11":"instock","12":"taxable","13":"shipping-taxable","14":"purchasable","15":"product-type-simple","16":"entry","17":"content-bg","18":"loop-entry"},"taxonomy_info":{"product_brand":[{"value":411,"label":"Baum"}],"product_cat":[{"value":327,"label":"Pianki\/Silikony\/Uszczelniacze"}]},"featured_image_src_large":["https:\/\/e-systemygrzewcze.eu\/sklep\/wp-content\/uploads\/2025\/09\/Nowy-projekt-2025-09-03T074134.245.jpg",510,578,false],"author_info":[],"comment_info":"","_links":{"self":[{"href":"https:\/\/e-systemygrzewcze.eu\/sklep\/wp-json\/wp\/v2\/product\/5692","targetHints":{"allow":["GET"]}}],"collection":[{"href":"https:\/\/e-systemygrzewcze.eu\/sklep\/wp-json\/wp\/v2\/product"}],"about":[{"href":"https:\/\/e-systemygrzewcze.eu\/sklep\/wp-json\/wp\/v2\/types\/product"}],"wp:featuredmedia":[{"embeddable":true,"href":"https:\/\/e-systemygrzewcze.eu\/sklep\/wp-json\/wp\/v2\/media\/5698"}],"wp:attachment":[{"href":"https:\/\/e-systemygrzewcze.eu\/sklep\/wp-json\/wp\/v2\/media?parent=5692"}],"wp:term":[{"taxonomy":"product_brand","embeddable":true,"href":"https:\/\/e-systemygrzewcze.eu\/sklep\/wp-json\/wp\/v2\/product_brand?post=5692"},{"taxonomy":"product_cat","embeddable":true,"href":"https:\/\/e-systemygrzewcze.eu\/sklep\/wp-json\/wp\/v2\/product_cat?post=5692"},{"taxonomy":"product_tag","embeddable":true,"href":"https:\/\/e-systemygrzewcze.eu\/sklep\/wp-json\/wp\/v2\/product_tag?post=5692"}],"curies":[{"name":"wp","href":"https:\/\/api.w.org\/{rel}","templated":true}]}}