{"id":5680,"date":"2025-09-03T05:08:38","date_gmt":"2025-09-03T05:08:38","guid":{"rendered":"https:\/\/e-systemygrzewcze.eu\/sklep\/produkt\/zestaw-konopie-100g-pasta\/"},"modified":"2026-04-07T06:12:31","modified_gmt":"2026-04-07T06:12:31","slug":"zestaw-konopie-100g-pasta","status":"publish","type":"product","link":"https:\/\/e-systemygrzewcze.eu\/sklep\/produkt\/zestaw-konopie-100g-pasta\/","title":{"rendered":"AGAM Zestaw konopie 100g + Pasta"},"content":{"rendered":"<h2 data-start=\"65\" data-end=\"150\">\ud83e\uddf5 Zestaw instalacyjny AGAM \u2013 paku\u0142y lniane 100 g + pasta uszczelniaj\u0105ca AGAM 65 g<\/h2>\n<p data-start=\"152\" data-end=\"451\">Kompletny <strong data-start=\"162\" data-end=\"209\">zestaw do uszczelniania po\u0142\u0105cze\u0144 gwintowych<\/strong>, przeznaczony do instalacji wody u\u017cytkowej, <strong data-start=\"254\" data-end=\"312\">CO, CWU oraz niskoci\u015bnieniowych instalacji pary wodnej<\/strong>. Zestaw zawiera <strong data-start=\"329\" data-end=\"356\">naturalne paku\u0142y lniane<\/strong> oraz <strong data-start=\"362\" data-end=\"391\">past\u0119 uszczelniaj\u0105c\u0105 AGAM<\/strong>, kt\u00f3re razem gwarantuj\u0105 <strong data-start=\"416\" data-end=\"450\">maksymaln\u0105 szczelno\u015b\u0107 po\u0142\u0105cze\u0144<\/strong>.<\/p>\n<hr data-start=\"453\" data-end=\"456\" \/>\n<h2 data-start=\"458\" data-end=\"481\">\u2705 Paku\u0142y lniane AGAM<\/h2>\n<p data-start=\"483\" data-end=\"670\">Paku\u0142y s\u0105 <strong data-start=\"493\" data-end=\"517\">produktem naturalnym<\/strong>, powstaj\u0105cym z przerobionych \u0142odyg lnianych. Stosowane s\u0105 <strong data-start=\"576\" data-end=\"620\">w po\u0142\u0105czeniu z past\u0105 uszczelniaj\u0105c\u0105 AGAM<\/strong> do trwa\u0142ego i bezpiecznego uszczelniania gwint\u00f3w.<\/p>\n<p data-start=\"672\" data-end=\"691\"><strong data-start=\"672\" data-end=\"689\">Zakres pracy:<\/strong><\/p>\n<ul data-start=\"692\" data-end=\"755\">\n<li data-start=\"692\" data-end=\"755\">\n<p data-start=\"694\" data-end=\"755\">do instalacji, w kt\u00f3rych <strong data-start=\"719\" data-end=\"755\">temperatura nie przekracza 130\u00b0C<\/strong><\/p>\n<\/li>\n<\/ul>\n<hr data-start=\"757\" data-end=\"760\" \/>\n<h2 data-start=\"762\" data-end=\"792\">\u2705 Pasta uszczelniaj\u0105ca AGAM<\/h2>\n<p data-start=\"794\" data-end=\"903\">AGAM to wysokiej jako\u015bci <strong data-start=\"819\" data-end=\"875\">pasta uszczelniaj\u0105ca na bazie naturalnych sk\u0142adnik\u00f3w<\/strong>. Jej g\u0142\u00f3wne sk\u0142adniki to:<\/p>\n<ul data-start=\"904\" data-end=\"967\">\n<li data-start=\"904\" data-end=\"938\">\n<p data-start=\"906\" data-end=\"938\">minera\u0142y wyst\u0119puj\u0105ce w naturze<\/p>\n<\/li>\n<li data-start=\"939\" data-end=\"958\">\n<p data-start=\"941\" data-end=\"958\">olej parafinowy<\/p>\n<\/li>\n<li data-start=\"959\" data-end=\"967\">\n<p data-start=\"961\" data-end=\"967\">woda<\/p>\n<\/li>\n<\/ul>\n<p data-start=\"969\" data-end=\"1129\">Wszystkie sk\u0142adniki posiadaj\u0105 <strong data-start=\"999\" data-end=\"1052\">dopuszczenia do stosowania w przemy\u015ble spo\u017cywczym<\/strong>, dzi\u0119ki czemu pasta mo\u017ce by\u0107 bezpiecznie u\u017cywana w instalacjach wody pitnej.<\/p>\n<hr data-start=\"1131\" data-end=\"1134\" \/>\n<h2 data-start=\"1136\" data-end=\"1160\">\u2705 W\u0142a\u015bciwo\u015bci zestawu<\/h2>\n<ul data-start=\"1162\" data-end=\"1402\">\n<li data-start=\"1162\" data-end=\"1205\">\n<p data-start=\"1164\" data-end=\"1205\">absolutnie szczelne po\u0142\u0105czenia gwintowe<\/p>\n<\/li>\n<li data-start=\"1206\" data-end=\"1290\">\n<p data-start=\"1208\" data-end=\"1290\">mo\u017cliwo\u015b\u0107 <strong data-start=\"1218\" data-end=\"1248\">cofania i korekty po\u0142\u0105cze\u0144<\/strong> (w przeciwie\u0144stwie do ta\u015bm teflonowych)<\/p>\n<\/li>\n<li data-start=\"1291\" data-end=\"1323\">\n<p data-start=\"1293\" data-end=\"1323\">\u0142atwiejszy monta\u017c i demonta\u017c<\/p>\n<\/li>\n<li data-start=\"1324\" data-end=\"1365\">\n<p data-start=\"1326\" data-end=\"1365\">bezpieczny dla instalacji wody pitnej<\/p>\n<\/li>\n<li data-start=\"1366\" data-end=\"1402\">\n<p data-start=\"1368\" data-end=\"1402\">naturalne i sprawdzone materia\u0142y<\/p>\n<\/li>\n<\/ul>\n<hr data-start=\"1404\" data-end=\"1407\" \/>\n<h2 data-start=\"1409\" data-end=\"1426\">\u2705 Zastosowanie<\/h2>\n<p data-start=\"1428\" data-end=\"1507\">Zestaw przeznaczony jest do uszczelniania po\u0142\u0105cze\u0144 gwintowych w instalacjach:<\/p>\n<ul data-start=\"1508\" data-end=\"1620\">\n<li data-start=\"1508\" data-end=\"1523\">\n<p data-start=\"1510\" data-end=\"1523\">wody pitnej<\/p>\n<\/li>\n<li data-start=\"1524\" data-end=\"1531\">\n<p data-start=\"1526\" data-end=\"1531\">CWU<\/p>\n<\/li>\n<li data-start=\"1532\" data-end=\"1538\">\n<p data-start=\"1534\" data-end=\"1538\">CO<\/p>\n<\/li>\n<li data-start=\"1539\" data-end=\"1586\">\n<p data-start=\"1541\" data-end=\"1586\">niskoci\u015bnieniowych instalacjach pary wodnej<\/p>\n<\/li>\n<li data-start=\"1587\" data-end=\"1620\">\n<p data-start=\"1589\" data-end=\"1620\">oraz innych podobnych systemach<\/p>\n<\/li>\n<\/ul>\n<hr data-start=\"1622\" data-end=\"1625\" \/>\n<h2 data-start=\"1627\" data-end=\"1645\">\u2705 Spos\u00f3b u\u017cycia<\/h2>\n<ol data-start=\"1647\" data-end=\"1845\">\n<li data-start=\"1647\" data-end=\"1703\">\n<p data-start=\"1650\" data-end=\"1703\">Paku\u0142y nale\u017cy <strong data-start=\"1664\" data-end=\"1700\">nawin\u0105\u0107 na ca\u0142ej d\u0142ugo\u015bci gwintu<\/strong>.<\/p>\n<\/li>\n<li data-start=\"1704\" data-end=\"1765\">\n<p data-start=\"1707\" data-end=\"1765\">Nast\u0119pnie <strong data-start=\"1717\" data-end=\"1762\">posmarowa\u0107 odpowiedni\u0105 ilo\u015bci\u0105 pasty AGAM<\/strong>.<\/p>\n<\/li>\n<li data-start=\"1766\" data-end=\"1790\">\n<p data-start=\"1769\" data-end=\"1790\">Skr\u0119ci\u0107 po\u0142\u0105czenie.<\/p>\n<\/li>\n<li data-start=\"1791\" data-end=\"1845\">\n<p data-start=\"1794\" data-end=\"1845\">Po wykonaniu pr\u00f3b instalacja jest gotowa do u\u017cytku.<\/p>\n<\/li>\n<\/ol>\n","protected":false},"excerpt":{"rendered":"<p><strong>Zestaw konopie 100\u00a0g + pasta to komplet do uszczelniania po\u0142\u0105cze\u0144 gwintowanych w instalacjach wodnych i grzewczych.<\/strong><\/p>\n","protected":false},"featured_media":5684,"template":"","meta":{"_kad_blocks_custom_css":"","_kad_blocks_head_custom_js":"","_kad_blocks_body_custom_js":"","_kad_blocks_footer_custom_js":"","_kad_post_transparent":"default","_kad_post_title":"","_kad_post_layout":"default","_kad_post_sidebar_id":"","_kad_post_content_style":"default","_kad_post_vertical_padding":"default","_kad_post_feature":"","_kad_post_feature_position":"","_kad_post_header":false,"_kad_post_footer":false,"_kad_post_classname":""},"product_brand":[410],"product_cat":[327],"product_tag":[],"class_list":{"0":"post-5680","1":"product","2":"type-product","3":"status-publish","4":"has-post-thumbnail","6":"product_brand-agam","7":"product_cat-pianki-silikony-uszczelniacze","8":"product_shipping_class-drobnica","10":"first","11":"instock","12":"taxable","13":"shipping-taxable","14":"purchasable","15":"product-type-simple","16":"entry","17":"content-bg","18":"loop-entry"},"taxonomy_info":{"product_brand":[{"value":410,"label":"Agam"}],"product_cat":[{"value":327,"label":"Pianki\/Silikony\/Uszczelniacze"}]},"featured_image_src_large":["https:\/\/e-systemygrzewcze.eu\/sklep\/wp-content\/uploads\/2025\/09\/Nowy-projekt-2025-09-03T071137.993.jpg",510,578,false],"author_info":[],"comment_info":"","_links":{"self":[{"href":"https:\/\/e-systemygrzewcze.eu\/sklep\/wp-json\/wp\/v2\/product\/5680","targetHints":{"allow":["GET"]}}],"collection":[{"href":"https:\/\/e-systemygrzewcze.eu\/sklep\/wp-json\/wp\/v2\/product"}],"about":[{"href":"https:\/\/e-systemygrzewcze.eu\/sklep\/wp-json\/wp\/v2\/types\/product"}],"wp:featuredmedia":[{"embeddable":true,"href":"https:\/\/e-systemygrzewcze.eu\/sklep\/wp-json\/wp\/v2\/media\/5684"}],"wp:attachment":[{"href":"https:\/\/e-systemygrzewcze.eu\/sklep\/wp-json\/wp\/v2\/media?parent=5680"}],"wp:term":[{"taxonomy":"product_brand","embeddable":true,"href":"https:\/\/e-systemygrzewcze.eu\/sklep\/wp-json\/wp\/v2\/product_brand?post=5680"},{"taxonomy":"product_cat","embeddable":true,"href":"https:\/\/e-systemygrzewcze.eu\/sklep\/wp-json\/wp\/v2\/product_cat?post=5680"},{"taxonomy":"product_tag","embeddable":true,"href":"https:\/\/e-systemygrzewcze.eu\/sklep\/wp-json\/wp\/v2\/product_tag?post=5680"}],"curies":[{"name":"wp","href":"https:\/\/api.w.org\/{rel}","templated":true}]}}