{"id":5676,"date":"2025-09-02T14:31:48","date_gmt":"2025-09-02T14:31:48","guid":{"rendered":"https:\/\/e-systemygrzewcze.eu\/sklep\/produkt\/agam-pasta-uszczelniajaca-360g\/"},"modified":"2026-04-07T06:13:05","modified_gmt":"2026-04-07T06:13:05","slug":"agam-pasta-uszczelniajaca-360g","status":"publish","type":"product","link":"https:\/\/e-systemygrzewcze.eu\/sklep\/produkt\/agam-pasta-uszczelniajaca-360g\/","title":{"rendered":"AGAM Pasta uszczelniaj\u0105ca 360g"},"content":{"rendered":"<h2 data-start=\"72\" data-end=\"103\">\u00a0Pasta uszczelniaj\u0105ca AGAM<\/h2>\n<p data-start=\"105\" data-end=\"430\">Pasta uszczelniaj\u0105ca AGAM s\u0142u\u017cy do <strong data-start=\"140\" data-end=\"206\">uszczelniania po\u0142\u0105cze\u0144 gwintowych metalowych oraz plastikowych<\/strong>. Produkt posiada <strong data-start=\"224\" data-end=\"279\">atest higieniczny Pa\u0144stwowego Zak\u0142adu Higieny (PZH)<\/strong> oraz zosta\u0142 <strong data-start=\"292\" data-end=\"345\">pozytywnie przebadany przez Instytut Nafty i Gazu<\/strong> pod k\u0105tem stosowania w instalacjach gazowych zgodnie z norm\u0105 <strong data-start=\"407\" data-end=\"427\">PN-EN 751-2:2005<\/strong>.<\/p>\n<p data-start=\"432\" data-end=\"615\">Pasta umo\u017cliwia <strong data-start=\"448\" data-end=\"490\">ponowny demonta\u017c skr\u0119conego po\u0142\u0105czenia<\/strong>, nawet po d\u0142ugim czasie u\u017cytkowania. Dla uzyskania pe\u0142nej szczelno\u015bci <strong data-start=\"561\" data-end=\"614\">nale\u017cy stosowa\u0107 j\u0105 razem z paku\u0142ami lnianymi AGAM<\/strong>.<\/p>\n<hr data-start=\"617\" data-end=\"620\" \/>\n<h2 data-start=\"622\" data-end=\"650\">\u2705 Zakres parametr\u00f3w pracy<\/h2>\n<ul data-start=\"652\" data-end=\"775\">\n<li data-start=\"652\" data-end=\"692\">\n<p data-start=\"654\" data-end=\"692\">maksymalna temperatura: <strong data-start=\"678\" data-end=\"690\">do 130\u00b0C<\/strong><\/p>\n<\/li>\n<li data-start=\"693\" data-end=\"737\">\n<p data-start=\"695\" data-end=\"737\">zakres temperatur: <strong data-start=\"714\" data-end=\"735\">od -20\u00b0C do 130\u00b0C<\/strong><\/p>\n<\/li>\n<li data-start=\"738\" data-end=\"775\">\n<p data-start=\"740\" data-end=\"775\">maksymalne ci\u015bnienie: <strong data-start=\"762\" data-end=\"775\">do 16 bar<\/strong><\/p>\n<\/li>\n<\/ul>\n<hr data-start=\"777\" data-end=\"780\" \/>\n<h2 data-start=\"782\" data-end=\"798\">\u2705 W\u0142a\u015bciwo\u015bci<\/h2>\n<ul data-start=\"800\" data-end=\"1122\">\n<li data-start=\"800\" data-end=\"842\">\n<p data-start=\"802\" data-end=\"842\">nie twardnieje \u2013 <strong data-start=\"819\" data-end=\"840\">trwale elastyczna<\/strong><\/p>\n<\/li>\n<li data-start=\"843\" data-end=\"858\">\n<p data-start=\"845\" data-end=\"858\">nie wysycha<\/p>\n<\/li>\n<li data-start=\"859\" data-end=\"902\">\n<p data-start=\"861\" data-end=\"902\">wytrzyma\u0142o\u015b\u0107 na ci\u015bnienie <strong data-start=\"887\" data-end=\"900\">do 16 bar<\/strong><\/p>\n<\/li>\n<li data-start=\"903\" data-end=\"932\">\n<p data-start=\"905\" data-end=\"932\">nie podra\u017cnia sk\u00f3ry d\u0142oni<\/p>\n<\/li>\n<li data-start=\"933\" data-end=\"982\">\n<p data-start=\"935\" data-end=\"982\">u\u0142atwia monta\u017c i demonta\u017c \u0142\u0105czonych element\u00f3w<\/p>\n<\/li>\n<li data-start=\"983\" data-end=\"1005\">\n<p data-start=\"985\" data-end=\"1005\">du\u017ca si\u0142a klejenia<\/p>\n<\/li>\n<li data-start=\"1006\" data-end=\"1041\">\n<p data-start=\"1008\" data-end=\"1041\">chroni po\u0142\u0105czenie przed korozj\u0105<\/p>\n<\/li>\n<li data-start=\"1042\" data-end=\"1073\">\n<p data-start=\"1044\" data-end=\"1073\">nie rozpuszcza si\u0119 w wodzie<\/p>\n<\/li>\n<li data-start=\"1074\" data-end=\"1122\">\n<p data-start=\"1076\" data-end=\"1122\">przeznaczona do <strong data-start=\"1092\" data-end=\"1122\">impregnacji paku\u0142 lnianych<\/strong><\/p>\n<\/li>\n<\/ul>\n<hr data-start=\"1124\" data-end=\"1127\" \/>\n<h2 data-start=\"1129\" data-end=\"1146\">\u2705 Zastosowanie<\/h2>\n<ul data-start=\"1148\" data-end=\"1253\">\n<li data-start=\"1148\" data-end=\"1189\">\n<p data-start=\"1150\" data-end=\"1189\">instalacje <strong data-start=\"1161\" data-end=\"1187\">centralnego ogrzewania<\/strong><\/p>\n<\/li>\n<li data-start=\"1190\" data-end=\"1215\">\n<p data-start=\"1192\" data-end=\"1215\">instalacje <strong data-start=\"1203\" data-end=\"1213\">gazowe<\/strong><\/p>\n<\/li>\n<li data-start=\"1216\" data-end=\"1253\">\n<p data-start=\"1218\" data-end=\"1253\">instalacje <strong data-start=\"1229\" data-end=\"1253\">spr\u0119\u017conego powietrza<\/strong><\/p>\n<\/li>\n<\/ul>\n<hr data-start=\"1255\" data-end=\"1258\" \/>\n<h2 data-start=\"1260\" data-end=\"1291\">\u2705 Dokumentacja i certyfikaty<\/h2>\n<ul data-start=\"1293\" data-end=\"1575\">\n<li data-start=\"1293\" data-end=\"1360\">\n<p data-start=\"1295\" data-end=\"1360\"><strong data-start=\"1295\" data-end=\"1320\">Atest higieniczny PZH<\/strong> \u2013 decyzja nr <strong data-start=\"1334\" data-end=\"1358\">B.BK.60110.0653.2025<\/strong><\/p>\n<\/li>\n<li data-start=\"1361\" data-end=\"1490\">\n<p data-start=\"1363\" data-end=\"1490\"><strong data-start=\"1363\" data-end=\"1418\">Instytut Nafty i Gazu \u2013 Pa\u0144stwowy Instytut Badawczy<\/strong> \u2013 decyzja nr <strong data-start=\"1432\" data-end=\"1448\">4072\/GP-1\/14<\/strong>, zgodno\u015b\u0107 z norm\u0105 <strong data-start=\"1467\" data-end=\"1488\">PN-EN 751-2:2005P<\/strong><\/p>\n<\/li>\n<li data-start=\"1491\" data-end=\"1575\">\n<p data-start=\"1493\" data-end=\"1575\"><strong data-start=\"1493\" data-end=\"1528\">CARSO Certificate of Conformity<\/strong> \u2013 17 CLP LY 013 (file reference 23 CLP LY 026)<\/p>\n<\/li>\n<\/ul>\n<hr data-start=\"1577\" data-end=\"1580\" \/>\n<h2 data-start=\"1582\" data-end=\"1600\">\u2705 Spos\u00f3b u\u017cycia<\/h2>\n<ol data-start=\"1602\" data-end=\"1983\">\n<li data-start=\"1602\" data-end=\"1649\">\n<p data-start=\"1605\" data-end=\"1649\">Dok\u0142adnie <strong data-start=\"1615\" data-end=\"1646\">wyczy\u015bci\u0107 i odt\u0142u\u015bci\u0107 gwint<\/strong>.<\/p>\n<\/li>\n<li data-start=\"1650\" data-end=\"1687\">\n<p data-start=\"1653\" data-end=\"1687\"><strong data-start=\"1653\" data-end=\"1684\">Posmarowa\u0107 gwint past\u0105 AGAM<\/strong>.<\/p>\n<\/li>\n<li data-start=\"1688\" data-end=\"1834\">\n<p data-start=\"1691\" data-end=\"1834\"><strong data-start=\"1691\" data-end=\"1716\">Nawin\u0105\u0107 paku\u0142y lniane<\/strong> na ca\u0142ej d\u0142ugo\u015bci gwintu<br data-start=\"1741\" data-end=\"1744\" \/>(dla lepszego przywierania mo\u017cna przetrze\u0107 gwint ostrym brzeszczotem lub krzesakiem).<\/p>\n<\/li>\n<li data-start=\"1835\" data-end=\"1870\">\n<p data-start=\"1838\" data-end=\"1870\">Ponownie <strong data-start=\"1847\" data-end=\"1867\">posmarowa\u0107 past\u0105<\/strong>.<\/p>\n<\/li>\n<li data-start=\"1871\" data-end=\"1983\">\n<p data-start=\"1874\" data-end=\"1983\"><strong data-start=\"1874\" data-end=\"1902\">Mocno skr\u0119ci\u0107 po\u0142\u0105czenie<\/strong> \u2013 po dokr\u0119ceniu mo\u017cna je <strong data-start=\"1928\" data-end=\"1952\">cofn\u0105\u0107 do p\u00f3\u0142 obrotu<\/strong> bez ryzyka utraty szczelno\u015bci.<\/p>\n<\/li>\n<\/ol>\n","protected":false},"excerpt":{"rendered":"<p><strong>AGAM pasta uszczelniaj\u0105ca to preparat s\u0142u\u017c\u0105cy do uszczelniania po\u0142\u0105cze\u0144 gwintowanych w instalacjach wodnych i grzewczych.<\/strong><\/p>\n","protected":false},"featured_media":5679,"template":"","meta":{"_kad_blocks_custom_css":"","_kad_blocks_head_custom_js":"","_kad_blocks_body_custom_js":"","_kad_blocks_footer_custom_js":"","_kad_post_transparent":"default","_kad_post_title":"","_kad_post_layout":"default","_kad_post_sidebar_id":"","_kad_post_content_style":"default","_kad_post_vertical_padding":"default","_kad_post_feature":"","_kad_post_feature_position":"","_kad_post_header":false,"_kad_post_footer":false,"_kad_post_classname":""},"product_brand":[410],"product_cat":[327],"product_tag":[],"class_list":{"0":"post-5676","1":"product","2":"type-product","3":"status-publish","4":"has-post-thumbnail","6":"product_brand-agam","7":"product_cat-pianki-silikony-uszczelniacze","8":"product_shipping_class-drobnica","10":"first","11":"instock","12":"taxable","13":"shipping-taxable","14":"purchasable","15":"product-type-simple","16":"entry","17":"content-bg","18":"loop-entry"},"taxonomy_info":{"product_brand":[{"value":410,"label":"Agam"}],"product_cat":[{"value":327,"label":"Pianki\/Silikony\/Uszczelniacze"}]},"featured_image_src_large":["https:\/\/e-systemygrzewcze.eu\/sklep\/wp-content\/uploads\/2025\/09\/Pasta-uszczelniajaca-konserwujacy-gwint-trwala-150.webp",512,512,false],"author_info":[],"comment_info":"","_links":{"self":[{"href":"https:\/\/e-systemygrzewcze.eu\/sklep\/wp-json\/wp\/v2\/product\/5676","targetHints":{"allow":["GET"]}}],"collection":[{"href":"https:\/\/e-systemygrzewcze.eu\/sklep\/wp-json\/wp\/v2\/product"}],"about":[{"href":"https:\/\/e-systemygrzewcze.eu\/sklep\/wp-json\/wp\/v2\/types\/product"}],"wp:featuredmedia":[{"embeddable":true,"href":"https:\/\/e-systemygrzewcze.eu\/sklep\/wp-json\/wp\/v2\/media\/5679"}],"wp:attachment":[{"href":"https:\/\/e-systemygrzewcze.eu\/sklep\/wp-json\/wp\/v2\/media?parent=5676"}],"wp:term":[{"taxonomy":"product_brand","embeddable":true,"href":"https:\/\/e-systemygrzewcze.eu\/sklep\/wp-json\/wp\/v2\/product_brand?post=5676"},{"taxonomy":"product_cat","embeddable":true,"href":"https:\/\/e-systemygrzewcze.eu\/sklep\/wp-json\/wp\/v2\/product_cat?post=5676"},{"taxonomy":"product_tag","embeddable":true,"href":"https:\/\/e-systemygrzewcze.eu\/sklep\/wp-json\/wp\/v2\/product_tag?post=5676"}],"curies":[{"name":"wp","href":"https:\/\/api.w.org\/{rel}","templated":true}]}}