{"id":5465,"date":"2025-08-29T11:27:24","date_gmt":"2025-08-29T11:27:24","guid":{"rendered":"https:\/\/e-systemygrzewcze.eu\/sklep\/produkt\/czujnik-gazu-mtg-3000h\/"},"modified":"2026-04-07T05:23:14","modified_gmt":"2026-04-07T05:23:14","slug":"czujnik-gazu-mtg-3000h","status":"publish","type":"product","link":"https:\/\/e-systemygrzewcze.eu\/sklep\/produkt\/czujnik-gazu-mtg-3000h\/","title":{"rendered":"Czujnik gazu MTG-3000H"},"content":{"rendered":"<h2 data-start=\"123\" data-end=\"153\">\ud83d\uded1 Czujnik gazu MTG-3000H<\/h2>\n<p data-start=\"155\" data-end=\"234\">Czujnik <strong data-start=\"163\" data-end=\"176\">MTG-3000H<\/strong> s\u0142u\u017cy do monitorowania pomieszcze\u0144 pod k\u0105tem obecno\u015bci:<\/p>\n<ul data-start=\"235\" data-end=\"326\">\n<li data-start=\"235\" data-end=\"258\">\n<p data-start=\"237\" data-end=\"258\">gazu ziemnego (LNG)<\/p>\n<\/li>\n<li data-start=\"259\" data-end=\"269\">\n<p data-start=\"261\" data-end=\"269\">metanu<\/p>\n<\/li>\n<li data-start=\"270\" data-end=\"281\">\n<p data-start=\"272\" data-end=\"281\">propanu<\/p>\n<\/li>\n<li data-start=\"282\" data-end=\"292\">\n<p data-start=\"284\" data-end=\"292\">butanu<\/p>\n<\/li>\n<li data-start=\"293\" data-end=\"326\">\n<p data-start=\"295\" data-end=\"326\">mieszaniny propan-butan (LPG)<\/p>\n<\/li>\n<\/ul>\n<p data-start=\"328\" data-end=\"552\">Zasilany jest <strong data-start=\"342\" data-end=\"373\">bezpiecznym napi\u0119ciem 12VDC<\/strong> przez zasilacz sieciowy 230V\/50Hz, do\u0142\u0105czony do zestawu.<br data-start=\"430\" data-end=\"433\" \/>Urz\u0105dzenie produkowane jest zgodnie z polsk\u0105 norm\u0105 <strong data-start=\"484\" data-end=\"499\">PN-EN 50194<\/strong> i posiada certyfikat TUV SUD Product Service GmbH.<\/p>\n<p data-start=\"554\" data-end=\"655\">Czujnik zapewnia <strong data-start=\"571\" data-end=\"610\">szerokie spektrum wykrywanych gaz\u00f3w<\/strong> oraz <strong data-start=\"616\" data-end=\"652\">sygnalizacj\u0119 optyczno-akustyczn\u0105<\/strong>.<\/p>\n<hr data-start=\"657\" data-end=\"660\" \/>\n<h3 data-start=\"662\" data-end=\"684\">\u2699\ufe0f Dane techniczne<\/h3>\n<ul data-start=\"685\" data-end=\"1595\">\n<li data-start=\"685\" data-end=\"718\">\n<p data-start=\"687\" data-end=\"718\">Typ produktu: Czujka gazu<\/p>\n<\/li>\n<li data-start=\"719\" data-end=\"743\">\n<p data-start=\"721\" data-end=\"743\">Szeroko\u015b\u0107: 75 mm<\/p>\n<\/li>\n<li data-start=\"744\" data-end=\"767\">\n<p data-start=\"746\" data-end=\"767\">\u015arednica: 75 mm<\/p>\n<\/li>\n<li data-start=\"768\" data-end=\"802\">\n<p data-start=\"770\" data-end=\"802\">G\u0142\u0119boko\u015b\u0107 \/ Grubo\u015b\u0107: 35 mm<\/p>\n<\/li>\n<li data-start=\"803\" data-end=\"825\">\n<p data-start=\"805\" data-end=\"825\">D\u0142ugo\u015b\u0107: 75 mm<\/p>\n<\/li>\n<li data-start=\"826\" data-end=\"849\">\n<p data-start=\"828\" data-end=\"849\">G\u0142o\u015bno\u015b\u0107: 85 dB<\/p>\n<\/li>\n<li data-start=\"850\" data-end=\"880\">\n<p data-start=\"852\" data-end=\"880\">Cz\u0119stotliwo\u015b\u0107: 433 MHz<\/p>\n<\/li>\n<li data-start=\"881\" data-end=\"912\">\n<p data-start=\"883\" data-end=\"912\">Temperatura pracy: 40\u00b0C<\/p>\n<\/li>\n<li data-start=\"913\" data-end=\"938\">\n<p data-start=\"915\" data-end=\"938\">Funkcja TEST: Nie<\/p>\n<\/li>\n<li data-start=\"939\" data-end=\"972\">\n<p data-start=\"941\" data-end=\"972\">Funkcja pauzy (hush): Nie<\/p>\n<\/li>\n<li data-start=\"973\" data-end=\"1019\">\n<p data-start=\"975\" data-end=\"1019\">\u017bywotno\u015b\u0107 baterii: Produkt bez baterii<\/p>\n<\/li>\n<li data-start=\"1020\" data-end=\"1083\">\n<p data-start=\"1022\" data-end=\"1083\">Zasilanie: Sie\u0107 zasilaj\u0105ca DC 12V (zasilacz w zestawie)<\/p>\n<\/li>\n<li data-start=\"1084\" data-end=\"1104\">\n<p data-start=\"1086\" data-end=\"1104\">Kolor: Bia\u0142y<\/p>\n<\/li>\n<li data-start=\"1105\" data-end=\"1147\">\n<p data-start=\"1107\" data-end=\"1147\">Zabezpieczenie wandaloodporne: Nie<\/p>\n<\/li>\n<li data-start=\"1148\" data-end=\"1211\">\n<p data-start=\"1150\" data-end=\"1211\">Mo\u017cliwo\u015b\u0107 pod\u0142\u0105czenia w system: Nie, dzia\u0142a niezale\u017cnie<\/p>\n<\/li>\n<li data-start=\"1212\" data-end=\"1253\">\n<p data-start=\"1214\" data-end=\"1253\">Sygnalizacja s\u0142abych baterii: Tak<\/p>\n<\/li>\n<li data-start=\"1254\" data-end=\"1313\">\n<p data-start=\"1256\" data-end=\"1313\">Sygnalizacja d\u017awi\u0119kowa: Tak, 85 dB w odleg\u0142o\u015bci 3 m<\/p>\n<\/li>\n<li data-start=\"1314\" data-end=\"1348\">\n<p data-start=\"1316\" data-end=\"1348\">Sygnalizacja \u015bwietlna: Tak<\/p>\n<\/li>\n<li data-start=\"1349\" data-end=\"1368\">\n<p data-start=\"1351\" data-end=\"1368\">Pami\u0119\u0107: Nie<\/p>\n<\/li>\n<li data-start=\"1369\" data-end=\"1393\">\n<p data-start=\"1371\" data-end=\"1393\">Wy\u015bwietlacz: Nie<\/p>\n<\/li>\n<li data-start=\"1394\" data-end=\"1418\">\n<p data-start=\"1396\" data-end=\"1418\">Ilo\u015b\u0107 modu\u0142\u00f3w: 1<\/p>\n<\/li>\n<li data-start=\"1419\" data-end=\"1473\">\n<p data-start=\"1421\" data-end=\"1473\">Rodzaj gazu: Butan | Gaz ziemny | LPG | Propan<\/p>\n<\/li>\n<li data-start=\"1474\" data-end=\"1504\">\n<p data-start=\"1476\" data-end=\"1504\">Rodzaj pomiaru: Ci\u0105g\u0142y<\/p>\n<\/li>\n<li data-start=\"1505\" data-end=\"1551\">\n<p data-start=\"1507\" data-end=\"1551\">Baterie \/ akumulatorki w zestawie: Nie<\/p>\n<\/li>\n<li data-start=\"1552\" data-end=\"1595\">\n<p data-start=\"1554\" data-end=\"1595\">Akcesoria monta\u017cowe w zestawie: Tak<\/p>\n<\/li>\n<\/ul>\n<hr data-start=\"1597\" data-end=\"1600\" \/>\n<h3 data-start=\"1602\" data-end=\"1631\">\ud83c\udfe0 Monta\u017c i przeznaczenie<\/h3>\n<ul data-start=\"1632\" data-end=\"1919\">\n<li data-start=\"1632\" data-end=\"1678\">\n<p data-start=\"1634\" data-end=\"1678\">Przeznaczenie: Do sufitu lub na \u015bcian\u0119<\/p>\n<\/li>\n<li data-start=\"1679\" data-end=\"1748\">\n<p data-start=\"1681\" data-end=\"1748\">Zawarto\u015b\u0107 zestawu: Czujnik, zasilacz, uchwyt monta\u017cowy, ko\u0142ki<\/p>\n<\/li>\n<li data-start=\"1749\" data-end=\"1782\">\n<p data-start=\"1751\" data-end=\"1782\">Model produktu: MTG-3000H<\/p>\n<\/li>\n<li data-start=\"1783\" data-end=\"1812\">\n<p data-start=\"1785\" data-end=\"1812\">Marka produktu: KIDDE<\/p>\n<\/li>\n<li data-start=\"1813\" data-end=\"1838\">\n<p data-start=\"1815\" data-end=\"1838\">Gwarancja: 3 lata<\/p>\n<\/li>\n<li data-start=\"1839\" data-end=\"1866\">\n<p data-start=\"1841\" data-end=\"1866\">Waga netto: 0,14 kg<\/p>\n<\/li>\n<li data-start=\"1867\" data-end=\"1919\">\n<p data-start=\"1869\" data-end=\"1919\">Kompatybilna aplikacja: Nie wymaga aplikacji<\/p>\n<\/li>\n<\/ul>\n","protected":false},"excerpt":{"rendered":"<p><strong>Czujnik gazu MTG-3000H wykrywa obecno\u015b\u0107 gaz\u00f3w palnych w pomieszczeniach, ostrzegaj\u0105c przed ryzykiem wycieku. Wyposa\u017cony w sygnalizacj\u0119 d\u017awi\u0119kow\u0105 i \u015bwietln\u0105, zapewnia bezpiecze\u0144stwo i szybkie reagowanie na zagro\u017cenie.<\/strong><\/p>\n","protected":false},"featured_media":5473,"template":"","meta":{"_kad_blocks_custom_css":"","_kad_blocks_head_custom_js":"","_kad_blocks_body_custom_js":"","_kad_blocks_footer_custom_js":"","_kad_post_transparent":"default","_kad_post_title":"","_kad_post_layout":"default","_kad_post_sidebar_id":"","_kad_post_content_style":"default","_kad_post_vertical_padding":"default","_kad_post_feature":"","_kad_post_feature_position":"","_kad_post_header":false,"_kad_post_footer":false,"_kad_post_classname":""},"product_brand":[],"product_cat":[319],"product_tag":[],"class_list":{"0":"post-5465","1":"product","2":"type-product","3":"status-publish","4":"has-post-thumbnail","6":"product_cat-akcesoria-gazowe","7":"product_shipping_class-drobnica","9":"first","10":"instock","11":"taxable","12":"shipping-taxable","13":"purchasable","14":"product-type-simple","15":"entry","16":"content-bg","17":"loop-entry"},"taxonomy_info":{"product_cat":[{"value":319,"label":"Akcesoria"}]},"featured_image_src_large":["https:\/\/e-systemygrzewcze.eu\/sklep\/wp-content\/uploads\/2025\/08\/Nowy-projekt-2025-08-29T133051.486.jpg",510,578,false],"author_info":[],"comment_info":"","_links":{"self":[{"href":"https:\/\/e-systemygrzewcze.eu\/sklep\/wp-json\/wp\/v2\/product\/5465","targetHints":{"allow":["GET"]}}],"collection":[{"href":"https:\/\/e-systemygrzewcze.eu\/sklep\/wp-json\/wp\/v2\/product"}],"about":[{"href":"https:\/\/e-systemygrzewcze.eu\/sklep\/wp-json\/wp\/v2\/types\/product"}],"wp:featuredmedia":[{"embeddable":true,"href":"https:\/\/e-systemygrzewcze.eu\/sklep\/wp-json\/wp\/v2\/media\/5473"}],"wp:attachment":[{"href":"https:\/\/e-systemygrzewcze.eu\/sklep\/wp-json\/wp\/v2\/media?parent=5465"}],"wp:term":[{"taxonomy":"product_brand","embeddable":true,"href":"https:\/\/e-systemygrzewcze.eu\/sklep\/wp-json\/wp\/v2\/product_brand?post=5465"},{"taxonomy":"product_cat","embeddable":true,"href":"https:\/\/e-systemygrzewcze.eu\/sklep\/wp-json\/wp\/v2\/product_cat?post=5465"},{"taxonomy":"product_tag","embeddable":true,"href":"https:\/\/e-systemygrzewcze.eu\/sklep\/wp-json\/wp\/v2\/product_tag?post=5465"}],"curies":[{"name":"wp","href":"https:\/\/api.w.org\/{rel}","templated":true}]}}