{"id":5216,"date":"2025-08-28T13:13:56","date_gmt":"2025-08-28T13:13:56","guid":{"rendered":"https:\/\/e-systemygrzewcze.eu\/sklep\/produkt\/dmuchawa-z-przeslona-i-przewodem-2m-wpa-06p\/"},"modified":"2026-03-30T10:21:10","modified_gmt":"2026-03-30T10:21:10","slug":"dmuchawa-z-przeslona-i-przewodem-2m-wpa-06p","status":"publish","type":"product","link":"https:\/\/e-systemygrzewcze.eu\/sklep\/produkt\/dmuchawa-z-przeslona-i-przewodem-2m-wpa-06p\/","title":{"rendered":"Dmuchawa z przes\u0142on\u0105 i przewodem 2m WPA 06P"},"content":{"rendered":"<h2 data-start=\"0\" data-end=\"279\"><strong data-start=\"0\" data-end=\"71\">Dmuchawa do kot\u0142a C.O. Dmuchawa z przes\u0142on\u0105 i przewodem 2 m WPA 06P<\/strong><\/h2>\n<p data-start=\"0\" data-end=\"279\">to wydajny wentylator przeznaczony do nadmuchu powietrza do palenisk kot\u0142\u00f3w centralnego ogrzewania. Zapewnia stabilne dostarczanie powietrza do procesu spalania, co poprawia wydajno\u015b\u0107 i ekonomi\u0119 pracy kot\u0142a.Urz\u0105dzenie mo\u017ce by\u0107 r\u00f3wnie\u017c stosowane do og\u00f3lnej wentylacji pomieszcze\u0144 oraz urz\u0105dze\u0144 technologicznych. Solidna konstrukcja z aluminiow\u0105 obudow\u0105 oraz zabezpieczenie wlotu powietrza metalow\u0105 siatk\u0105 gwarantuj\u0105 bezpieczn\u0105 i d\u0142ugotrwa\u0142\u0105 prac\u0119.<\/p>\n<hr data-start=\"522\" data-end=\"525\" \/>\n<h2 data-start=\"527\" data-end=\"546\">\ud83c\udfe0 <strong data-start=\"530\" data-end=\"546\">Zastosowanie<\/strong><\/h2>\n<p data-start=\"548\" data-end=\"731\">\u2022 Kot\u0142y centralnego ogrzewania na paliwa sta\u0142e<br data-start=\"594\" data-end=\"597\" \/>\u2022 Kot\u0142y z podajnikiem retortowym<br data-start=\"629\" data-end=\"632\" \/>\u2022 Systemy nadmuchu powietrza w paleniskach<br data-start=\"674\" data-end=\"677\" \/>\u2022 Wentylacja pomieszcze\u0144 i urz\u0105dze\u0144 technologicznych<\/p>\n<hr data-start=\"733\" data-end=\"736\" \/>\n<h2 data-start=\"738\" data-end=\"759\">\u2b50 <strong data-start=\"740\" data-end=\"759\">Zalety produktu<\/strong><\/h2>\n<p data-start=\"761\" data-end=\"1046\">\u2022 Stabilny nadmuch powietrza do paleniska kot\u0142a<br data-start=\"808\" data-end=\"811\" \/>\u2022 Solidna aluminiowa obudowa<br data-start=\"839\" data-end=\"842\" \/>\u2022 Zabezpieczenie wlotu powietrza metalow\u0105 siatk\u0105<br data-start=\"890\" data-end=\"893\" \/>\u2022 Prosty monta\u017c dzi\u0119ki ko\u0142nierzowi z otworami<br data-start=\"938\" data-end=\"941\" \/>\u2022 Mo\u017cliwo\u015b\u0107 zastosowania w instalacjach grzewczych i wentylacyjnych<br data-start=\"1008\" data-end=\"1011\" \/>\u2022 Trwa\u0142a i niezawodna konstrukcja<\/p>\n<hr data-start=\"1048\" data-end=\"1051\" \/>\n<h2 data-start=\"1053\" data-end=\"1080\">\u2699\ufe0f <strong data-start=\"1056\" data-end=\"1080\">Parametry techniczne<\/strong><\/h2>\n<p data-start=\"1082\" data-end=\"1350\">\u2022 Model: WPA 06P<br data-start=\"1098\" data-end=\"1101\" \/>\u2022 Typ silnika: R2E 120-AR38-40 \/ RF2C-120\/062 K010<br data-start=\"1151\" data-end=\"1154\" \/>\u2022 Zasilanie: 230 V \/ 50 Hz<br data-start=\"1180\" data-end=\"1183\" \/>\u2022 Maksymalne spr\u0119\u017canie: 360 Pa<br data-start=\"1213\" data-end=\"1216\" \/>\u2022 Maksymalna wydajno\u015b\u0107: 255 m\u00b3\/h<br data-start=\"1248\" data-end=\"1251\" \/>\u2022 Pr\u0119dko\u015b\u0107 obrotowa: 2350 obr.\/min<br data-start=\"1285\" data-end=\"1288\" \/>\u2022 Moc pobierana: 83 W<br data-start=\"1309\" data-end=\"1312\" \/>\u2022 Temperatura pracy: od 0\u00b0C do +40\u00b0C<\/p>\n<hr data-start=\"1352\" data-end=\"1355\" \/>\n<h2 data-start=\"1357\" data-end=\"1371\">\ud83d\udccf <strong data-start=\"1360\" data-end=\"1371\">Wymiary<\/strong><\/h2>\n<p data-start=\"1373\" data-end=\"1516\">\u2022 Otw\u00f3r wylotowy: 68 \u00d7 47 mm<br data-start=\"1401\" data-end=\"1404\" \/>\u2022 Ramka monta\u017cowa: 105 \u00d7 64 mm<br data-start=\"1434\" data-end=\"1437\" \/>\u2022 Rozstaw \u015brub monta\u017cowych: 92 \u00d7 33 mm<br data-start=\"1475\" data-end=\"1478\" \/>\u2022 D\u0142ugo\u015b\u0107 przewodu zasilaj\u0105cego: 2 m<\/p>\n","protected":false},"excerpt":{"rendered":"<p><strong>Dmuchawa WPA 06P z przes\u0142on\u0105 i przewodem 2 m stosowana jest w kot\u0142ach C.O., wspomagaj\u0105c proces spalania poprzez doprowadzanie powietrza do paleniska. Wyposa\u017cona w regulowan\u0105 przes\u0142on\u0119, pozwala na precyzyjne sterowanie przep\u0142ywem powietrza i zwi\u0119ksza efektywno\u015b\u0107 pracy kot\u0142a.<\/strong><\/p>\n","protected":false},"featured_media":5239,"template":"","meta":{"_kad_blocks_custom_css":"","_kad_blocks_head_custom_js":"","_kad_blocks_body_custom_js":"","_kad_blocks_footer_custom_js":"","_kad_post_transparent":"default","_kad_post_title":"","_kad_post_layout":"default","_kad_post_sidebar_id":"","_kad_post_content_style":"default","_kad_post_vertical_padding":"default","_kad_post_feature":"","_kad_post_feature_position":"","_kad_post_header":false,"_kad_post_footer":false,"_kad_post_classname":""},"product_brand":[],"product_cat":[224],"product_tag":[],"class_list":{"0":"post-5216","1":"product","2":"type-product","3":"status-publish","4":"has-post-thumbnail","6":"product_cat-czesci-zamienne-kotlow","7":"product_shipping_class-drobnica","9":"first","10":"instock","11":"taxable","12":"shipping-taxable","13":"purchasable","14":"product-type-simple","15":"entry","16":"content-bg","17":"loop-entry"},"taxonomy_info":{"product_cat":[{"value":224,"label":"Cz\u0119\u015bci zamienne kot\u0142\u00f3w na eko-groszek"}]},"featured_image_src_large":["https:\/\/e-systemygrzewcze.eu\/sklep\/wp-content\/uploads\/2025\/08\/Nowy-projekt-2025-08-28T153359.050.jpg",510,578,false],"author_info":[],"comment_info":"","_links":{"self":[{"href":"https:\/\/e-systemygrzewcze.eu\/sklep\/wp-json\/wp\/v2\/product\/5216","targetHints":{"allow":["GET"]}}],"collection":[{"href":"https:\/\/e-systemygrzewcze.eu\/sklep\/wp-json\/wp\/v2\/product"}],"about":[{"href":"https:\/\/e-systemygrzewcze.eu\/sklep\/wp-json\/wp\/v2\/types\/product"}],"wp:featuredmedia":[{"embeddable":true,"href":"https:\/\/e-systemygrzewcze.eu\/sklep\/wp-json\/wp\/v2\/media\/5239"}],"wp:attachment":[{"href":"https:\/\/e-systemygrzewcze.eu\/sklep\/wp-json\/wp\/v2\/media?parent=5216"}],"wp:term":[{"taxonomy":"product_brand","embeddable":true,"href":"https:\/\/e-systemygrzewcze.eu\/sklep\/wp-json\/wp\/v2\/product_brand?post=5216"},{"taxonomy":"product_cat","embeddable":true,"href":"https:\/\/e-systemygrzewcze.eu\/sklep\/wp-json\/wp\/v2\/product_cat?post=5216"},{"taxonomy":"product_tag","embeddable":true,"href":"https:\/\/e-systemygrzewcze.eu\/sklep\/wp-json\/wp\/v2\/product_tag?post=5216"}],"curies":[{"name":"wp","href":"https:\/\/api.w.org\/{rel}","templated":true}]}}