{"id":5202,"date":"2025-08-28T13:08:06","date_gmt":"2025-08-28T13:08:06","guid":{"rendered":"https:\/\/e-systemygrzewcze.eu\/sklep\/produkt\/deflektor-zeliwny-50-75-kw\/"},"modified":"2026-03-30T10:19:46","modified_gmt":"2026-03-30T10:19:46","slug":"deflektor-zeliwny-50-75-kw","status":"publish","type":"product","link":"https:\/\/e-systemygrzewcze.eu\/sklep\/produkt\/deflektor-zeliwny-50-75-kw\/","title":{"rendered":"Deflektor \u017celiwny 50\/75 KW"},"content":{"rendered":"<h2 data-start=\"0\" data-end=\"354\"><strong data-start=\"0\" data-end=\"48\">Deflektor \u017celiwny Deflektor \u017celiwny 50\/75 kW <\/strong><span style=\"font-family: 'Open Sans', sans-serif; font-size: 16px; font-weight: normal;\">to element przeznaczony do kot\u0142\u00f3w z podajnikiem \u015blimakowym, kt\u00f3rego zadaniem jest poprawa procesu spalania paliwa. Montowany nad palnikiem deflektor miesza spaliny z powietrzem oraz utrzymuje wysok\u0105 temperatur\u0119 w komorze spalania, co zwi\u0119ksza efektywno\u015b\u0107 spalania i ogranicza powstawanie sadzy oraz smo\u0142y.<\/span><\/h2>\n<p data-start=\"356\" data-end=\"677\">Wykonany z wysokiej jako\u015bci \u017celiwa deflektor charakteryzuje si\u0119 du\u017c\u0105 trwa\u0142o\u015bci\u0105 oraz odporno\u015bci\u0105 na wysokie temperatury. Produkt przeznaczony jest g\u0142\u00f3wnie do podajnik\u00f3w o mocy od 50 do 75 kW, jednak mo\u017ce by\u0107 stosowany tak\u017ce w innych urz\u0105dzeniach grzewczych, o ile producent zaleca zastosowanie elementu o takiej \u015brednicy.<\/p>\n<hr data-start=\"679\" data-end=\"682\" \/>\n<h2 data-start=\"684\" data-end=\"703\">\ud83c\udfe0 <strong data-start=\"687\" data-end=\"703\">Zastosowanie<\/strong><\/h2>\n<p data-start=\"705\" data-end=\"887\">\u2022 Kot\u0142y z podajnikiem \u015blimakowym<br data-start=\"737\" data-end=\"740\" \/>\u2022 Instalacje grzewcze o mocy 50\u201375 kW<br data-start=\"777\" data-end=\"780\" \/>\u2022 Poprawa procesu spalania w kot\u0142ach retortowych<br data-start=\"828\" data-end=\"831\" \/>\u2022 Ograniczenie powstawania sadzy i osad\u00f3w w wymienniku<\/p>\n<hr data-start=\"889\" data-end=\"892\" \/>\n<h2 data-start=\"894\" data-end=\"915\">\u2b50 <strong data-start=\"896\" data-end=\"915\">Zalety produktu<\/strong><\/h2>\n<p data-start=\"917\" data-end=\"1189\">\u2022 Wykonanie z wysokiej jako\u015bci \u017celiwa odpornego na wysok\u0105 temperatur\u0119<br data-start=\"986\" data-end=\"989\" \/>\u2022 Poprawa efektywno\u015bci spalania paliwa<br data-start=\"1027\" data-end=\"1030\" \/>\u2022 Lepsze dopalanie gaz\u00f3w i substancji lotnych<br data-start=\"1075\" data-end=\"1078\" \/>\u2022 Ograniczenie powstawania sadzy oraz osad\u00f3w smo\u0142y<br data-start=\"1128\" data-end=\"1131\" \/>\u2022 Uniwersalne zastosowanie w wielu kot\u0142ach z podajnikiem<\/p>\n<hr data-start=\"1191\" data-end=\"1194\" \/>\n<h2 data-start=\"1196\" data-end=\"1223\">\u2699\ufe0f <strong data-start=\"1199\" data-end=\"1223\">Parametry techniczne<\/strong><\/h2>\n<p data-start=\"1225\" data-end=\"1471\">\u2022 Przeznaczenie: kot\u0142y z podajnikiem 50\u201375 kW<br data-start=\"1270\" data-end=\"1273\" \/>\u2022 Materia\u0142: \u017celiwo<br data-start=\"1291\" data-end=\"1294\" \/>\u2022 \u015arednica (L): 205 mm<br data-start=\"1316\" data-end=\"1319\" \/>\u2022 Wysoko\u015b\u0107 H1: 15 mm<br data-start=\"1339\" data-end=\"1342\" \/>\u2022 Wysoko\u015b\u0107 H2: 30 mm<br data-start=\"1362\" data-end=\"1365\" \/>\u2022 Gwint wewn\u0119trzny: M12<br data-start=\"1388\" data-end=\"1391\" \/>\u2022 Zalecana wysoko\u015b\u0107 monta\u017cu nad palnikiem: ok. 15 cm<br data-start=\"1443\" data-end=\"1446\" \/>\u2022 Uchwyt mocuj\u0105cy: brak<\/p>\n<hr data-start=\"1473\" data-end=\"1476\" \/>\n<h2 data-start=\"1478\" data-end=\"1505\">\ud83d\udee0 <strong data-start=\"1481\" data-end=\"1505\">Informacje monta\u017cowe<\/strong><\/h2>\n<p data-start=\"1507\" data-end=\"1783\">\u2022 Deflektor nale\u017cy montowa\u0107 dopiero po osi\u0105gni\u0119ciu przez niego temperatury zbli\u017conej do temperatury kot\u0142a<br data-start=\"1612\" data-end=\"1615\" \/>\u2022 Zaleca si\u0119 po\u0142o\u017cenie elementu na czopuchu przed monta\u017cem, aby stopniowo si\u0119 nagrza\u0142<br data-start=\"1700\" data-end=\"1703\" \/>\u2022 Monta\u017c zimnego deflektora mo\u017ce spowodowa\u0107 p\u0119kni\u0119cie lub uszkodzenie elementu<\/p>\n","protected":false},"excerpt":{"rendered":"<p><strong>Deflektor \u017celiwny 50\/75 kW stosowany jest w kot\u0142ach grzewczych, gdzie wspomaga r\u00f3wnomierne rozprowadzanie ciep\u0142a i optymalizuje proces spalania. Wykonany z wysokiej jako\u015bci \u017celiwa, zapewnia odporno\u015b\u0107 na wysokie temperatury i d\u0142ugotrwa\u0142\u0105 trwa\u0142o\u015b\u0107.<\/strong><\/p>\n","protected":false},"featured_media":5207,"template":"","meta":{"_kad_blocks_custom_css":"","_kad_blocks_head_custom_js":"","_kad_blocks_body_custom_js":"","_kad_blocks_footer_custom_js":"","_kad_post_transparent":"default","_kad_post_title":"","_kad_post_layout":"default","_kad_post_sidebar_id":"","_kad_post_content_style":"default","_kad_post_vertical_padding":"default","_kad_post_feature":"","_kad_post_feature_position":"","_kad_post_header":false,"_kad_post_footer":false,"_kad_post_classname":""},"product_brand":[],"product_cat":[224],"product_tag":[],"class_list":{"0":"post-5202","1":"product","2":"type-product","3":"status-publish","4":"has-post-thumbnail","6":"product_cat-czesci-zamienne-kotlow","7":"product_shipping_class-drobnica","9":"first","10":"instock","11":"taxable","12":"shipping-taxable","13":"purchasable","14":"product-type-simple","15":"entry","16":"content-bg","17":"loop-entry"},"taxonomy_info":{"product_cat":[{"value":224,"label":"Cz\u0119\u015bci zamienne kot\u0142\u00f3w na eko-groszek"}]},"featured_image_src_large":["https:\/\/e-systemygrzewcze.eu\/sklep\/wp-content\/uploads\/2025\/08\/Nowy-projekt-2025-08-28T151123.654.jpg",510,578,false],"author_info":[],"comment_info":"","_links":{"self":[{"href":"https:\/\/e-systemygrzewcze.eu\/sklep\/wp-json\/wp\/v2\/product\/5202","targetHints":{"allow":["GET"]}}],"collection":[{"href":"https:\/\/e-systemygrzewcze.eu\/sklep\/wp-json\/wp\/v2\/product"}],"about":[{"href":"https:\/\/e-systemygrzewcze.eu\/sklep\/wp-json\/wp\/v2\/types\/product"}],"wp:featuredmedia":[{"embeddable":true,"href":"https:\/\/e-systemygrzewcze.eu\/sklep\/wp-json\/wp\/v2\/media\/5207"}],"wp:attachment":[{"href":"https:\/\/e-systemygrzewcze.eu\/sklep\/wp-json\/wp\/v2\/media?parent=5202"}],"wp:term":[{"taxonomy":"product_brand","embeddable":true,"href":"https:\/\/e-systemygrzewcze.eu\/sklep\/wp-json\/wp\/v2\/product_brand?post=5202"},{"taxonomy":"product_cat","embeddable":true,"href":"https:\/\/e-systemygrzewcze.eu\/sklep\/wp-json\/wp\/v2\/product_cat?post=5202"},{"taxonomy":"product_tag","embeddable":true,"href":"https:\/\/e-systemygrzewcze.eu\/sklep\/wp-json\/wp\/v2\/product_tag?post=5202"}],"curies":[{"name":"wp","href":"https:\/\/api.w.org\/{rel}","templated":true}]}}