{"id":5073,"date":"2025-08-27T12:59:24","date_gmt":"2025-08-27T12:59:24","guid":{"rendered":"https:\/\/e-systemygrzewcze.eu\/sklep\/produkt\/slimak-obrotowy-do-pieca-na-eko-groszek-1010-mm\/"},"modified":"2026-03-24T08:23:23","modified_gmt":"2026-03-24T08:23:23","slug":"slimak-obrotowy-do-pieca-na-eko-groszek-1010-mm","status":"publish","type":"product","link":"https:\/\/e-systemygrzewcze.eu\/sklep\/produkt\/slimak-obrotowy-do-pieca-na-eko-groszek-1010-mm\/","title":{"rendered":"\u015alimak obrotowy do pieca na EKO-Groszek 1010 mm"},"content":{"rendered":"","protected":false},"excerpt":{"rendered":"<p><strong>\u015alimak obrotowy do pieca na EKO-Groszek 1010 mm przeznaczony jest do transportu paliwa w kot\u0142ach z podajnikiem \u015blimakowym. Wykonany z solidnych materia\u0142\u00f3w, zapewnia trwa\u0142o\u015b\u0107 i niezawodn\u0105 prac\u0119 urz\u0105dzenia.<\/strong><\/p>\n","protected":false},"featured_media":5077,"template":"","meta":{"_kad_blocks_custom_css":"","_kad_blocks_head_custom_js":"","_kad_blocks_body_custom_js":"","_kad_blocks_footer_custom_js":"","_kad_post_transparent":"default","_kad_post_title":"","_kad_post_layout":"default","_kad_post_sidebar_id":"","_kad_post_content_style":"default","_kad_post_vertical_padding":"default","_kad_post_feature":"","_kad_post_feature_position":"","_kad_post_header":false,"_kad_post_footer":false,"_kad_post_classname":""},"product_brand":[],"product_cat":[224],"product_tag":[],"class_list":{"0":"post-5073","1":"product","2":"type-product","3":"status-publish","4":"has-post-thumbnail","6":"product_cat-czesci-zamienne-kotlow","7":"product_shipping_class-drobnica","9":"first","10":"instock","11":"taxable","12":"shipping-taxable","13":"purchasable","14":"product-type-simple","15":"entry","16":"content-bg","17":"loop-entry"},"taxonomy_info":{"product_cat":[{"value":224,"label":"Cz\u0119\u015bci zamienne kot\u0142\u00f3w na eko-groszek"}]},"featured_image_src_large":["https:\/\/e-systemygrzewcze.eu\/sklep\/wp-content\/uploads\/2025\/08\/Nowy-projekt-2025-08-27T151202.652.jpg",510,578,false],"author_info":[],"comment_info":"","_links":{"self":[{"href":"https:\/\/e-systemygrzewcze.eu\/sklep\/wp-json\/wp\/v2\/product\/5073","targetHints":{"allow":["GET"]}}],"collection":[{"href":"https:\/\/e-systemygrzewcze.eu\/sklep\/wp-json\/wp\/v2\/product"}],"about":[{"href":"https:\/\/e-systemygrzewcze.eu\/sklep\/wp-json\/wp\/v2\/types\/product"}],"wp:featuredmedia":[{"embeddable":true,"href":"https:\/\/e-systemygrzewcze.eu\/sklep\/wp-json\/wp\/v2\/media\/5077"}],"wp:attachment":[{"href":"https:\/\/e-systemygrzewcze.eu\/sklep\/wp-json\/wp\/v2\/media?parent=5073"}],"wp:term":[{"taxonomy":"product_brand","embeddable":true,"href":"https:\/\/e-systemygrzewcze.eu\/sklep\/wp-json\/wp\/v2\/product_brand?post=5073"},{"taxonomy":"product_cat","embeddable":true,"href":"https:\/\/e-systemygrzewcze.eu\/sklep\/wp-json\/wp\/v2\/product_cat?post=5073"},{"taxonomy":"product_tag","embeddable":true,"href":"https:\/\/e-systemygrzewcze.eu\/sklep\/wp-json\/wp\/v2\/product_tag?post=5073"}],"curies":[{"name":"wp","href":"https:\/\/api.w.org\/{rel}","templated":true}]}}