{"id":5054,"date":"2025-08-27T12:20:37","date_gmt":"2025-08-27T12:20:37","guid":{"rendered":"https:\/\/e-systemygrzewcze.eu\/sklep\/produkt\/regulator-temperatury-argon-3\/"},"modified":"2026-04-03T06:28:47","modified_gmt":"2026-04-03T06:28:47","slug":"regulator-temperatury-argon-3","status":"publish","type":"product","link":"https:\/\/e-systemygrzewcze.eu\/sklep\/produkt\/regulator-temperatury-argon-3\/","title":{"rendered":"PROND Regulator temperatury Argon 3"},"content":{"rendered":"<h2 data-start=\"85\" data-end=\"123\">\ud83c\udf21\ufe0f Regulator temperatury Argon 3<\/h2>\n<p data-start=\"125\" data-end=\"375\">Mikroprocesorowy regulator pracy kot\u0142a ARGON 3 przeznaczony jest do sterowania prac\u0105 kot\u0142a z podajnikiem \u015blimakowym.<br data-start=\"241\" data-end=\"244\" \/>Regulator ARGON 3 posiada mo\u017cliwo\u015b\u0107 pod\u0142\u0105czenia pokojowego regulatora temperatury <strong data-start=\"326\" data-end=\"337\">PILOT R<\/strong>, co zwi\u0119ksza komfort obs\u0142ugi pieca.<\/p>\n<hr data-start=\"377\" data-end=\"380\" \/>\n<h3 data-start=\"382\" data-end=\"410\">\ud83d\udee0\ufe0f Parametry techniczne<\/h3>\n<ul data-start=\"411\" data-end=\"706\">\n<li data-start=\"411\" data-end=\"550\">\n<p data-start=\"413\" data-end=\"464\"><strong data-start=\"413\" data-end=\"462\">Temperatura za\u0142\u0105czenia termostatu awaryjnego:<\/strong><\/p>\n<ul data-start=\"467\" data-end=\"550\">\n<li data-start=\"467\" data-end=\"524\">\n<p data-start=\"469\" data-end=\"524\">sprz\u0119towego zewn\u0119trznego \/ wewn\u0119trznego: ~90 \/ ~94\u202f\u00b0C<\/p>\n<\/li>\n<li data-start=\"527\" data-end=\"550\">\n<p data-start=\"529\" data-end=\"550\">programowego: 93\u202f\u00b0C<\/p>\n<\/li>\n<\/ul>\n<\/li>\n<li data-start=\"551\" data-end=\"616\">\n<p data-start=\"553\" data-end=\"616\"><strong data-start=\"553\" data-end=\"604\">Temperatura otoczenia podczas pracy regulatora:<\/strong> 5 \u00f7 45\u202f\u00b0C<\/p>\n<\/li>\n<li data-start=\"617\" data-end=\"652\">\n<p data-start=\"619\" data-end=\"652\"><strong data-start=\"619\" data-end=\"643\">Napi\u0119cie zasilaj\u0105ce:<\/strong> ~230\u202fV<\/p>\n<\/li>\n<li data-start=\"653\" data-end=\"706\">\n<p data-start=\"655\" data-end=\"706\"><strong data-start=\"655\" data-end=\"693\">Zakres pracy czujnika temperatury:<\/strong> 0 \u00f7 100\u202f\u00b0C<\/p>\n<\/li>\n<\/ul>\n<hr data-start=\"708\" data-end=\"711\" \/>\n<h3 data-start=\"713\" data-end=\"737\">\u26a1 Obci\u0105\u017calno\u015b\u0107 wyj\u015b\u0107<\/h3>\n<ul data-start=\"738\" data-end=\"848\">\n<li data-start=\"738\" data-end=\"766\">\n<p data-start=\"740\" data-end=\"766\">Pompy C.O.: 230\u202fV, 250\u202fW<\/p>\n<\/li>\n<li data-start=\"767\" data-end=\"792\">\n<p data-start=\"769\" data-end=\"792\">C.W.U.: ~230\u202fV, 250\u202fW<\/p>\n<\/li>\n<li data-start=\"793\" data-end=\"820\">\n<p data-start=\"795\" data-end=\"820\">Dmuchawa: ~230\u202fV, 250\u202fW<\/p>\n<\/li>\n<li data-start=\"821\" data-end=\"848\">\n<p data-start=\"823\" data-end=\"848\">Podajnik: ~230\u202fV, 500\u202fW<\/p>\n<\/li>\n<\/ul>\n<hr data-start=\"850\" data-end=\"853\" \/>\n<h3 data-start=\"855\" data-end=\"879\">\ud83d\udd0b Pozosta\u0142e funkcje<\/h3>\n<ul data-start=\"880\" data-end=\"1130\">\n<li data-start=\"880\" data-end=\"910\">\n<p data-start=\"882\" data-end=\"910\">Pob\u00f3r mocy regulatora: 5\u202fW<\/p>\n<\/li>\n<li data-start=\"911\" data-end=\"967\">\n<p data-start=\"913\" data-end=\"967\">W\u0142\u0105czenie pompy w niskich temperaturach poni\u017cej 5\u202f\u00b0C<\/p>\n<\/li>\n<li data-start=\"968\" data-end=\"1130\">\n<p data-start=\"970\" data-end=\"1130\">Automatyczne w\u0142\u0105czanie pompy co 14 dni na 1 minut\u0119, aby zapobiec zastaniu si\u0119 po sezonie grzewczym <em data-start=\"1069\" data-end=\"1128\">(warunkiem dzia\u0142ania tej funkcji jest w\u0142\u0105czony regulator)<\/em><\/p>\n<\/li>\n<\/ul>\n","protected":false},"excerpt":{"rendered":"<p><strong>Regulator temperatury Argon 3 s\u0142u\u017cy do sterowania prac\u0105 kot\u0142\u00f3w i instalacji grzewczych, zapewniaj\u0105c optymalne warunki cieplne. Dzi\u0119ki intuicyjnej obs\u0142udze i niezawodno\u015bci umo\u017cliwia efektywne zarz\u0105dzanie ogrzewaniem.<\/strong><\/p>\n","protected":false},"featured_media":5070,"template":"","meta":{"_kad_blocks_custom_css":"","_kad_blocks_head_custom_js":"","_kad_blocks_body_custom_js":"","_kad_blocks_footer_custom_js":"","_kad_post_transparent":"default","_kad_post_title":"","_kad_post_layout":"default","_kad_post_sidebar_id":"","_kad_post_content_style":"default","_kad_post_vertical_padding":"default","_kad_post_feature":"","_kad_post_feature_position":"","_kad_post_header":false,"_kad_post_footer":false,"_kad_post_classname":""},"product_brand":[135],"product_cat":[340],"product_tag":[],"class_list":{"0":"post-5054","1":"product","2":"type-product","3":"status-publish","4":"has-post-thumbnail","6":"product_brand-prond","7":"product_cat-sterowniki-czesci-zamienne-kotlow","8":"product_shipping_class-drobnica","10":"first","11":"instock","12":"taxable","13":"shipping-taxable","14":"purchasable","15":"product-type-simple","16":"entry","17":"content-bg","18":"loop-entry"},"taxonomy_info":{"product_brand":[{"value":135,"label":"Prond"}],"product_cat":[{"value":340,"label":"Sterowniki"}]},"featured_image_src_large":["https:\/\/e-systemygrzewcze.eu\/sklep\/wp-content\/uploads\/2025\/08\/Nowy-projekt-2025-08-27T143139.666.jpg",510,578,false],"author_info":[],"comment_info":"","_links":{"self":[{"href":"https:\/\/e-systemygrzewcze.eu\/sklep\/wp-json\/wp\/v2\/product\/5054","targetHints":{"allow":["GET"]}}],"collection":[{"href":"https:\/\/e-systemygrzewcze.eu\/sklep\/wp-json\/wp\/v2\/product"}],"about":[{"href":"https:\/\/e-systemygrzewcze.eu\/sklep\/wp-json\/wp\/v2\/types\/product"}],"wp:featuredmedia":[{"embeddable":true,"href":"https:\/\/e-systemygrzewcze.eu\/sklep\/wp-json\/wp\/v2\/media\/5070"}],"wp:attachment":[{"href":"https:\/\/e-systemygrzewcze.eu\/sklep\/wp-json\/wp\/v2\/media?parent=5054"}],"wp:term":[{"taxonomy":"product_brand","embeddable":true,"href":"https:\/\/e-systemygrzewcze.eu\/sklep\/wp-json\/wp\/v2\/product_brand?post=5054"},{"taxonomy":"product_cat","embeddable":true,"href":"https:\/\/e-systemygrzewcze.eu\/sklep\/wp-json\/wp\/v2\/product_cat?post=5054"},{"taxonomy":"product_tag","embeddable":true,"href":"https:\/\/e-systemygrzewcze.eu\/sklep\/wp-json\/wp\/v2\/product_tag?post=5054"}],"curies":[{"name":"wp","href":"https:\/\/api.w.org\/{rel}","templated":true}]}}