{"id":5053,"date":"2025-08-27T12:20:34","date_gmt":"2025-08-27T12:20:34","guid":{"rendered":"https:\/\/e-systemygrzewcze.eu\/sklep\/produkt\/euroster-12p-sterownik-kotla-c-o-z-podajniki-wbudowany\/"},"modified":"2026-04-03T06:30:37","modified_gmt":"2026-04-03T06:30:37","slug":"euroster-12p-sterownik-kotla-c-o-z-podajniki-wbudowany","status":"publish","type":"product","link":"https:\/\/e-systemygrzewcze.eu\/sklep\/produkt\/euroster-12p-sterownik-kotla-c-o-z-podajniki-wbudowany\/","title":{"rendered":"EUROSTER 12P &#8211; Sterownik kotla C.O. z podajnikiem (WBUDOWANY)"},"content":{"rendered":"<h2 data-start=\"103\" data-end=\"172\">\u2699\ufe0f EUROSTER 12P \u2013 Sterownik kot\u0142a C.O. z podajnikiem (WBUDOWANY)<\/h2>\n<p data-start=\"174\" data-end=\"411\">Euroster 12P to elektroniczny, programowalny sterownik do kot\u0142a na paliwo sta\u0142e z podajnikiem \u015blimakowym.<br data-start=\"279\" data-end=\"282\" \/>Umo\u017cliwia sterowanie: podajnikiem \u015blimakowym, wentylatorem nadmuchowym, pomp\u0105 obiegow\u0105 C.O. oraz pomp\u0105 \u0142aduj\u0105c\u0105 zasobnik C.W.U.<\/p>\n<p data-start=\"413\" data-end=\"754\">Sterownik posiada harmonogram tygodniowy pracy kot\u0142a i pompy \u0142aduj\u0105cej zasobnik C.W.U.<br data-start=\"499\" data-end=\"502\" \/>Wyposa\u017cony jest w system ochrony pompy przed zastaniem <strong data-start=\"557\" data-end=\"570\">Anty Stop<\/strong>, kt\u00f3ry zapobiega zatarciu wirnika nieu\u017cywanej pompy.<br data-start=\"623\" data-end=\"626\" \/>Po zako\u0144czeniu sezonu grzewczego system co dwa tygodnie uruchamia pomp\u0119 na 30 sekund <em data-start=\"711\" data-end=\"751\">(sterownik nale\u017cy pozostawi\u0107 w\u0142\u0105czony)<\/em>.<\/p>\n<p data-start=\"756\" data-end=\"861\">Euroster 12P posiada r\u00f3wnie\u017c zabezpieczenie termiczne i jest przystosowany do monta\u017cu w obudowie kot\u0142a.<\/p>\n<hr data-start=\"863\" data-end=\"866\" \/>\n<h3 data-start=\"868\" data-end=\"881\">\ud83c\udf1f Zalety<\/h3>\n<ul data-start=\"882\" data-end=\"1617\">\n<li data-start=\"882\" data-end=\"967\">\n<p data-start=\"884\" data-end=\"967\">Utrzymuje zadan\u0105 temperatur\u0119 kot\u0142a poprzez sterowanie nadmuchem i prac\u0105 podajnika<\/p>\n<\/li>\n<li data-start=\"968\" data-end=\"1024\">\n<p data-start=\"970\" data-end=\"1024\">Steruje prac\u0105 pompy obiegowej centralnego ogrzewania<\/p>\n<\/li>\n<li data-start=\"1025\" data-end=\"1081\">\n<p data-start=\"1027\" data-end=\"1081\">Zarz\u0105dza \u0142adowaniem zasobnika ciep\u0142ej wody u\u017cytkowej<\/p>\n<\/li>\n<li data-start=\"1082\" data-end=\"1119\">\n<p data-start=\"1084\" data-end=\"1119\">P\u0142ynna regulacja obrot\u00f3w dmuchawy<\/p>\n<\/li>\n<li data-start=\"1120\" data-end=\"1192\">\n<p data-start=\"1122\" data-end=\"1192\">Harmonogram tygodniowy pracy kot\u0142a i pompy \u0142aduj\u0105cej zasobnik C.W.U.<\/p>\n<\/li>\n<li data-start=\"1193\" data-end=\"1240\">\n<p data-start=\"1195\" data-end=\"1240\">Mo\u017cliwo\u015b\u0107 pod\u0142\u0105czenia regulatora pokojowego<\/p>\n<\/li>\n<li data-start=\"1241\" data-end=\"1291\">\n<p data-start=\"1243\" data-end=\"1291\">Mo\u017cliwo\u015b\u0107 za\u0142\u0105czenia priorytetu grzania C.W.U.<\/p>\n<\/li>\n<li data-start=\"1292\" data-end=\"1333\">\n<p data-start=\"1294\" data-end=\"1333\">Blokada przed wych\u0142adzaniem zasobnika<\/p>\n<\/li>\n<li data-start=\"1334\" data-end=\"1400\">\n<p data-start=\"1336\" data-end=\"1400\">Zabezpieczenia przed przegrzaniem kot\u0142a, podajnika i zasobnika<\/p>\n<\/li>\n<li data-start=\"1401\" data-end=\"1432\">\n<p data-start=\"1403\" data-end=\"1432\">Rejestr sytuacji alarmowych<\/p>\n<\/li>\n<li data-start=\"1433\" data-end=\"1511\">\n<p data-start=\"1435\" data-end=\"1511\">Zabezpieczenie termiczne \u2013 dodatkowe podnosz\u0105ce bezpiecze\u0144stwo u\u017cytkowania<\/p>\n<\/li>\n<li data-start=\"1512\" data-end=\"1589\">\n<p data-start=\"1514\" data-end=\"1589\">System Anty Stop \u2013 cykliczne uruchamianie pompy obiegowej C.O. po sezonie<\/p>\n<\/li>\n<li data-start=\"1590\" data-end=\"1617\">\n<p data-start=\"1592\" data-end=\"1617\">Monta\u017c w obudowie kot\u0142a<\/p>\n<\/li>\n<\/ul>\n<hr data-start=\"1619\" data-end=\"1622\" \/>\n<h3 data-start=\"1624\" data-end=\"1655\">\ud83d\udee0\ufe0f Specyfikacja techniczna<\/h3>\n<ul data-start=\"1656\" data-end=\"2638\">\n<li data-start=\"1656\" data-end=\"1740\">\n<p data-start=\"1658\" data-end=\"1740\"><strong data-start=\"1658\" data-end=\"1683\">Urz\u0105dzenie sterowane:<\/strong> pompa C.O., dmuchawa, pompa C.W.U., podajnik \u015blimakowy<\/p>\n<\/li>\n<li data-start=\"1741\" data-end=\"1780\">\n<p data-start=\"1743\" data-end=\"1780\"><strong data-start=\"1743\" data-end=\"1766\">Napi\u0119cie zasilania:<\/strong> 230 V 50 Hz<\/p>\n<\/li>\n<li data-start=\"1781\" data-end=\"1840\">\n<p data-start=\"1783\" data-end=\"1840\"><strong data-start=\"1783\" data-end=\"1822\">Maksymalne obci\u0105\u017cenie wyj\u015bcia pomp:<\/strong> 2 A 230 V 50 Hz<\/p>\n<\/li>\n<li data-start=\"1841\" data-end=\"1906\">\n<p data-start=\"1843\" data-end=\"1906\"><strong data-start=\"1843\" data-end=\"1886\">Maksymalne obci\u0105\u017cenie wyj\u015bcia dmuchawy:<\/strong> 0,5 A 230 V 50 Hz<\/p>\n<\/li>\n<li data-start=\"1907\" data-end=\"1971\">\n<p data-start=\"1909\" data-end=\"1971\"><strong data-start=\"1909\" data-end=\"1953\">Maksymalne obci\u0105\u017cenie wyj\u015bcia podajnika:<\/strong> 1 A 230 V 50 Hz<\/p>\n<\/li>\n<li data-start=\"1972\" data-end=\"2006\">\n<p data-start=\"1974\" data-end=\"2006\"><strong data-start=\"1974\" data-end=\"2000\">Maksymalny pob\u00f3r mocy:<\/strong> 3 W<\/p>\n<\/li>\n<li data-start=\"2007\" data-end=\"2059\">\n<p data-start=\"2009\" data-end=\"2059\"><strong data-start=\"2009\" data-end=\"2040\">Zakres pomiaru temperatury:<\/strong> od 0\u00b0C do +100\u00b0C<\/p>\n<\/li>\n<li data-start=\"2060\" data-end=\"2122\">\n<p data-start=\"2062\" data-end=\"2122\"><strong data-start=\"2062\" data-end=\"2102\">Zakres regulacji temperatury C.W.U.:<\/strong> od +20\u00b0C do +90\u00b0C<\/p>\n<\/li>\n<li data-start=\"2123\" data-end=\"2184\">\n<p data-start=\"2125\" data-end=\"2184\"><strong data-start=\"2125\" data-end=\"2164\">Zakres regulacji temperatury kot\u0142a:<\/strong> od +40\u00b0C do +90\u00b0C<\/p>\n<\/li>\n<li data-start=\"2185\" data-end=\"2230\">\n<p data-start=\"2187\" data-end=\"2230\"><strong data-start=\"2187\" data-end=\"2224\">Dok\u0142adno\u015b\u0107 regulacji temperatury:<\/strong> 1\u00b0C<\/p>\n<\/li>\n<li data-start=\"2231\" data-end=\"2266\">\n<p data-start=\"2233\" data-end=\"2266\"><strong data-start=\"2233\" data-end=\"2254\">Zakres histerezy:<\/strong> 2\u00b0C &#8211; 5\u00b0C<\/p>\n<\/li>\n<li data-start=\"2267\" data-end=\"2326\">\n<p data-start=\"2269\" data-end=\"2326\"><strong data-start=\"2269\" data-end=\"2295\">Sygnalizacja wizualna:<\/strong> pod\u015bwietlany wy\u015bwietlacz LCD<\/p>\n<\/li>\n<li data-start=\"2327\" data-end=\"2370\">\n<p data-start=\"2329\" data-end=\"2370\"><strong data-start=\"2329\" data-end=\"2351\">Temperatura pracy:<\/strong> od +5\u00b0C do +40\u00b0C<\/p>\n<\/li>\n<li data-start=\"2371\" data-end=\"2422\">\n<p data-start=\"2373\" data-end=\"2422\"><strong data-start=\"2373\" data-end=\"2404\">Temperatura przechowywania:<\/strong> od 0\u00b0C do +50\u00b0C<\/p>\n<\/li>\n<li data-start=\"2423\" data-end=\"2452\">\n<p data-start=\"2425\" data-end=\"2452\"><strong data-start=\"2425\" data-end=\"2445\">Stopie\u0144 ochrony:<\/strong> IP40<\/p>\n<\/li>\n<li data-start=\"2453\" data-end=\"2474\">\n<p data-start=\"2455\" data-end=\"2474\"><strong data-start=\"2455\" data-end=\"2465\">Kolor:<\/strong> czarny<\/p>\n<\/li>\n<li data-start=\"2475\" data-end=\"2515\">\n<p data-start=\"2477\" data-end=\"2515\"><strong data-start=\"2477\" data-end=\"2496\">Spos\u00f3b monta\u017cu:<\/strong> w obudowie kot\u0142a<\/p>\n<\/li>\n<li data-start=\"2516\" data-end=\"2561\">\n<p data-start=\"2518\" data-end=\"2561\"><strong data-start=\"2518\" data-end=\"2551\">Masa sterownika z przewodami:<\/strong> 0,45 kg<\/p>\n<\/li>\n<li data-start=\"2562\" data-end=\"2638\">\n<p data-start=\"2564\" data-end=\"2638\"><strong data-start=\"2564\" data-end=\"2597\">Normy, aprobaty, certyfikaty:<\/strong> zgodno\u015b\u0107 z dyrektywami EMC, LVD i RoHS<\/p>\n<\/li>\n<\/ul>\n","protected":false},"excerpt":{"rendered":"<p><strong>EUROSTER 12P to sterownik kot\u0142a C.O. z wbudowanym podajnikiem, przeznaczony do automatycznego zarz\u0105dzania prac\u0105 kot\u0142a i systemu grzewczego. Umo\u017cliwia precyzyjn\u0105 regulacj\u0119 temperatury, zwi\u0119kszaj\u0105c komfort u\u017cytkowania i efektywno\u015b\u0107 spalania.<\/strong><\/p>\n","protected":false},"featured_media":5072,"template":"","meta":{"_kad_blocks_custom_css":"","_kad_blocks_head_custom_js":"","_kad_blocks_body_custom_js":"","_kad_blocks_footer_custom_js":"","_kad_post_transparent":"default","_kad_post_title":"","_kad_post_layout":"default","_kad_post_sidebar_id":"","_kad_post_content_style":"default","_kad_post_vertical_padding":"default","_kad_post_feature":"","_kad_post_feature_position":"","_kad_post_header":false,"_kad_post_footer":false,"_kad_post_classname":""},"product_brand":[406],"product_cat":[340],"product_tag":[],"class_list":{"0":"post-5053","1":"product","2":"type-product","3":"status-publish","4":"has-post-thumbnail","6":"product_brand-euroster","7":"product_cat-sterowniki-czesci-zamienne-kotlow","8":"product_shipping_class-drobnica","10":"first","11":"instock","12":"taxable","13":"shipping-taxable","14":"purchasable","15":"product-type-simple","16":"entry","17":"content-bg","18":"loop-entry"},"taxonomy_info":{"product_brand":[{"value":406,"label":"Euroster"}],"product_cat":[{"value":340,"label":"Sterowniki"}]},"featured_image_src_large":["https:\/\/e-systemygrzewcze.eu\/sklep\/wp-content\/uploads\/2025\/08\/Nowy-projekt-2025-08-27T145427.333.jpg",510,578,false],"author_info":[],"comment_info":"","_links":{"self":[{"href":"https:\/\/e-systemygrzewcze.eu\/sklep\/wp-json\/wp\/v2\/product\/5053","targetHints":{"allow":["GET"]}}],"collection":[{"href":"https:\/\/e-systemygrzewcze.eu\/sklep\/wp-json\/wp\/v2\/product"}],"about":[{"href":"https:\/\/e-systemygrzewcze.eu\/sklep\/wp-json\/wp\/v2\/types\/product"}],"wp:featuredmedia":[{"embeddable":true,"href":"https:\/\/e-systemygrzewcze.eu\/sklep\/wp-json\/wp\/v2\/media\/5072"}],"wp:attachment":[{"href":"https:\/\/e-systemygrzewcze.eu\/sklep\/wp-json\/wp\/v2\/media?parent=5053"}],"wp:term":[{"taxonomy":"product_brand","embeddable":true,"href":"https:\/\/e-systemygrzewcze.eu\/sklep\/wp-json\/wp\/v2\/product_brand?post=5053"},{"taxonomy":"product_cat","embeddable":true,"href":"https:\/\/e-systemygrzewcze.eu\/sklep\/wp-json\/wp\/v2\/product_cat?post=5053"},{"taxonomy":"product_tag","embeddable":true,"href":"https:\/\/e-systemygrzewcze.eu\/sklep\/wp-json\/wp\/v2\/product_tag?post=5053"}],"curies":[{"name":"wp","href":"https:\/\/api.w.org\/{rel}","templated":true}]}}