{"id":5023,"date":"2025-08-27T06:22:29","date_gmt":"2025-08-27T06:22:29","guid":{"rendered":"https:\/\/e-systemygrzewcze.eu\/sklep\/produkt\/czujnik-czadu-na-baterie-fireangel\/"},"modified":"2026-04-03T05:56:31","modified_gmt":"2026-04-03T05:56:31","slug":"czujnik-czadu-na-baterie-fireangel","status":"publish","type":"product","link":"https:\/\/e-systemygrzewcze.eu\/sklep\/produkt\/czujnik-czadu-na-baterie-fireangel\/","title":{"rendered":"FireAngel Czujnik czadu na baterie (FA3313)"},"content":{"rendered":"<h2 data-start=\"79\" data-end=\"158\">\ud83d\udd25 Czujnik tlenku w\u0119gla FireAngel FA3313 \u2013 precyzyjna ochrona przed czadem<\/h2>\n<p data-start=\"160\" data-end=\"507\"><strong data-start=\"160\" data-end=\"180\">FireAngel FA3313<\/strong> to najwy\u017cszej klasy <strong data-start=\"201\" data-end=\"225\">czujnik tlenku w\u0119gla<\/strong>, przeznaczony do skutecznej ochrony przed zatruciem CO. Dzi\u0119ki <strong data-start=\"289\" data-end=\"336\">zaawansowanemu sensorowi elektrochemicznemu<\/strong> oraz <strong data-start=\"342\" data-end=\"383\">inteligentnemu algorytmowi wykrywania<\/strong>, urz\u0105dzenie reaguje <strong data-start=\"404\" data-end=\"454\">ju\u017c na \u015bladowe ilo\u015bci tlenku w\u0119gla w powietrzu<\/strong>, zapewniaj\u0105c maksymalne bezpiecze\u0144stwo u\u017cytkownik\u00f3w.<\/p>\n<p data-start=\"509\" data-end=\"636\">Czujnik doskonale sprawdzi si\u0119 zar\u00f3wno w <strong data-start=\"550\" data-end=\"587\">domach, mieszkaniach, kot\u0142owniach<\/strong>, jak i jako urz\u0105dzenie <strong data-start=\"611\" data-end=\"635\">przeno\u015bne na wakacje<\/strong>.<\/p>\n<hr data-start=\"638\" data-end=\"641\" \/>\n<h2 data-start=\"643\" data-end=\"662\">\u2705 Kluczowe cechy<\/h2>\n<ul data-start=\"664\" data-end=\"1125\">\n<li data-start=\"664\" data-end=\"710\">\n<p data-start=\"666\" data-end=\"710\">10 lat gwarancji i \u017cywotno\u015bci urz\u0105dzenia<\/p>\n<\/li>\n<li data-start=\"711\" data-end=\"733\">\n<p data-start=\"713\" data-end=\"733\">Znak Budowlany B<\/p>\n<\/li>\n<li data-start=\"734\" data-end=\"798\">\n<p data-start=\"736\" data-end=\"748\">certyfikaty:<\/p>\n<ul data-start=\"751\" data-end=\"798\">\n<li data-start=\"751\" data-end=\"775\">\n<p data-start=\"753\" data-end=\"775\">BSI EN50291-1:2018<\/p>\n<\/li>\n<li data-start=\"778\" data-end=\"798\">\n<p data-start=\"780\" data-end=\"798\">EN50291-2:2019<\/p>\n<\/li>\n<\/ul>\n<\/li>\n<li data-start=\"799\" data-end=\"841\">\n<p data-start=\"801\" data-end=\"841\">zaawansowany sensor elektrochemiczny<\/p>\n<\/li>\n<li data-start=\"842\" data-end=\"924\">\n<p data-start=\"844\" data-end=\"924\">inteligentny algorytm wykrywania CO \u2013 szybka reakcja przy niskich st\u0119\u017ceniach<\/p>\n<\/li>\n<li data-start=\"925\" data-end=\"1000\">\n<p data-start=\"927\" data-end=\"1000\">funkcja pami\u0119ci zdarze\u0144 \u2013 sygnalizacja wcze\u015bniejszej aktywacji alarmu<\/p>\n<\/li>\n<li data-start=\"1001\" data-end=\"1028\">\n<p data-start=\"1003\" data-end=\"1028\">przycisk TEST \/ RESET<\/p>\n<\/li>\n<li data-start=\"1029\" data-end=\"1084\">\n<p data-start=\"1031\" data-end=\"1084\">sygnalizacja s\u0142abej baterii oraz ko\u0144ca \u017cywotno\u015bci<\/p>\n<\/li>\n<li data-start=\"1085\" data-end=\"1125\">\n<p data-start=\"1087\" data-end=\"1125\">zasilanie: 2 \u00d7 wymienne baterie AA<\/p>\n<\/li>\n<\/ul>\n<hr data-start=\"1127\" data-end=\"1130\" \/>\n<h2 data-start=\"1132\" data-end=\"1177\">\ud83d\udee1 Precyzyjne wykrywanie niskich st\u0119\u017ce\u0144 CO<\/h2>\n<p data-start=\"1179\" data-end=\"1255\">Czujnik wyposa\u017cony jest w wysokiej klasy sensor elektrochemiczny, kt\u00f3ry:<\/p>\n<ul data-start=\"1256\" data-end=\"1399\">\n<li data-start=\"1256\" data-end=\"1319\">\n<p data-start=\"1258\" data-end=\"1319\">dok\u0142adnie mierzy nawet bardzo niskie poziomy tlenku w\u0119gla<\/p>\n<\/li>\n<li data-start=\"1320\" data-end=\"1358\">\n<p data-start=\"1322\" data-end=\"1358\">zapewnia szybk\u0105 reakcj\u0119 alarmow\u0105<\/p>\n<\/li>\n<li data-start=\"1359\" data-end=\"1399\">\n<p data-start=\"1361\" data-end=\"1399\">minimalizuje ryzyko fa\u0142szywych alarm\u00f3w<\/p>\n<\/li>\n<\/ul>\n<p data-start=\"1401\" data-end=\"1522\">Dodatkowo inteligentny algorytm wykrywania zwi\u0119ksza skuteczno\u015b\u0107 dzia\u0142ania urz\u0105dzenia w warunkach realnego zagro\u017cenia.<\/p>\n<hr data-start=\"1524\" data-end=\"1527\" \/>\n<h2 data-start=\"1529\" data-end=\"1575\">\ud83d\udd0b Zasilanie bateryjne \u2013 wygoda i mobilno\u015b\u0107<\/h2>\n<p data-start=\"1577\" data-end=\"1656\">FireAngel FA3313 zasilany jest dwiema wymiennymi bateriami AA, co zapewnia:<\/p>\n<ul data-start=\"1657\" data-end=\"1803\">\n<li data-start=\"1657\" data-end=\"1680\">\n<p data-start=\"1659\" data-end=\"1680\">prost\u0105 eksploatacj\u0119<\/p>\n<\/li>\n<li data-start=\"1681\" data-end=\"1719\">\n<p data-start=\"1683\" data-end=\"1719\">mo\u017cliwo\u015b\u0107 \u0142atwej wymiany zasilania<\/p>\n<\/li>\n<li data-start=\"1720\" data-end=\"1803\">\n<p data-start=\"1722\" data-end=\"1803\">pe\u0142n\u0105 mobilno\u015b\u0107 \u2013 idealny tak\u017ce na wyjazdy, do kamper\u00f3w i domk\u00f3w letniskowych<\/p>\n<\/li>\n<\/ul>\n<p data-start=\"1805\" data-end=\"1825\">Czujnik informuje o:<\/p>\n<ul data-start=\"1826\" data-end=\"1889\">\n<li data-start=\"1826\" data-end=\"1855\">\n<p data-start=\"1828\" data-end=\"1855\">niskim poziomie baterii<\/p>\n<\/li>\n<li data-start=\"1856\" data-end=\"1889\">\n<p data-start=\"1858\" data-end=\"1889\">ko\u0144cu \u017cywotno\u015bci urz\u0105dzenia<\/p>\n<\/li>\n<\/ul>\n<hr data-start=\"1891\" data-end=\"1894\" \/>\n<h2 data-start=\"1896\" data-end=\"1917\">\ud83d\udcc4 Dane techniczne<\/h2>\n<ul data-start=\"1919\" data-end=\"2312\">\n<li data-start=\"1919\" data-end=\"1948\">\n<p data-start=\"1921\" data-end=\"1948\">Model: FireAngel FA3313<\/p>\n<\/li>\n<li data-start=\"1949\" data-end=\"1989\">\n<p data-start=\"1951\" data-end=\"1989\">Rodzaj czujnika: tlenek w\u0119gla (CO)<\/p>\n<\/li>\n<li data-start=\"1990\" data-end=\"2020\">\n<p data-start=\"1992\" data-end=\"2020\">Sensor: elektrochemiczny<\/p>\n<\/li>\n<li data-start=\"2021\" data-end=\"2058\">\n<p data-start=\"2023\" data-end=\"2058\">Algorytm detekcji: inteligentny<\/p>\n<\/li>\n<li data-start=\"2059\" data-end=\"2090\">\n<p data-start=\"2061\" data-end=\"2090\">Zasilanie: 2 \u00d7 baterie AA<\/p>\n<\/li>\n<li data-start=\"2091\" data-end=\"2114\">\n<p data-start=\"2093\" data-end=\"2114\">\u017bywotno\u015b\u0107: 10 lat<\/p>\n<\/li>\n<li data-start=\"2115\" data-end=\"2138\">\n<p data-start=\"2117\" data-end=\"2138\">Gwarancja: 10 lat<\/p>\n<\/li>\n<li data-start=\"2139\" data-end=\"2228\">\n<p data-start=\"2141\" data-end=\"2153\">Certyfikaty:<\/p>\n<ul data-start=\"2156\" data-end=\"2228\">\n<li data-start=\"2156\" data-end=\"2178\">\n<p data-start=\"2158\" data-end=\"2178\">Znak Budowlany B<\/p>\n<\/li>\n<li data-start=\"2181\" data-end=\"2205\">\n<p data-start=\"2183\" data-end=\"2205\">BSI EN50291-1:2018<\/p>\n<\/li>\n<li data-start=\"2208\" data-end=\"2228\">\n<p data-start=\"2210\" data-end=\"2228\">EN50291-2:2019<\/p>\n<\/li>\n<\/ul>\n<\/li>\n<li data-start=\"2229\" data-end=\"2312\">\n<p data-start=\"2231\" data-end=\"2312\">Funkcje: TEST \/ RESET, pami\u0119\u0107 alarm\u00f3w, sygnalizacja baterii i ko\u0144ca dzia\u0142ania<\/p>\n<\/li>\n<\/ul>\n","protected":false},"excerpt":{"rendered":"<p><strong>Czujnik czadu na baterie FireAngel wykrywa niebezpieczne st\u0119\u017cenia tlenku w\u0119gla w pomieszczeniach, chroni\u0105c domownik\u00f3w przed zatruciem. Zasilany bateriami, zapewnia niezawodn\u0105 prac\u0119 i \u0142atwy monta\u017c w ka\u017cdym pomieszczeniu.<\/strong><\/p>\n","protected":false},"featured_media":5034,"template":"","meta":{"_kad_blocks_custom_css":"","_kad_blocks_head_custom_js":"","_kad_blocks_body_custom_js":"","_kad_blocks_footer_custom_js":"","_kad_post_transparent":"default","_kad_post_title":"","_kad_post_layout":"default","_kad_post_sidebar_id":"","_kad_post_content_style":"default","_kad_post_vertical_padding":"default","_kad_post_feature":"","_kad_post_feature_position":"","_kad_post_header":false,"_kad_post_footer":false,"_kad_post_classname":""},"product_brand":[405],"product_cat":[315],"product_tag":[],"class_list":{"0":"post-5023","1":"product","2":"type-product","3":"status-publish","4":"has-post-thumbnail","6":"product_brand-fireangel","7":"product_cat-akcesoria-czesci-zamienne-kotlow","8":"product_shipping_class-drobnica","10":"first","11":"instock","12":"taxable","13":"shipping-taxable","14":"purchasable","15":"product-type-simple","16":"entry","17":"content-bg","18":"loop-entry"},"taxonomy_info":{"product_brand":[{"value":405,"label":"FireAngel"}],"product_cat":[{"value":315,"label":"Akcesoria"}]},"featured_image_src_large":["https:\/\/e-systemygrzewcze.eu\/sklep\/wp-content\/uploads\/2025\/08\/Nowy-projekt-2025-08-27T084113.428.jpg",510,578,false],"author_info":[],"comment_info":"","_links":{"self":[{"href":"https:\/\/e-systemygrzewcze.eu\/sklep\/wp-json\/wp\/v2\/product\/5023","targetHints":{"allow":["GET"]}}],"collection":[{"href":"https:\/\/e-systemygrzewcze.eu\/sklep\/wp-json\/wp\/v2\/product"}],"about":[{"href":"https:\/\/e-systemygrzewcze.eu\/sklep\/wp-json\/wp\/v2\/types\/product"}],"wp:featuredmedia":[{"embeddable":true,"href":"https:\/\/e-systemygrzewcze.eu\/sklep\/wp-json\/wp\/v2\/media\/5034"}],"wp:attachment":[{"href":"https:\/\/e-systemygrzewcze.eu\/sklep\/wp-json\/wp\/v2\/media?parent=5023"}],"wp:term":[{"taxonomy":"product_brand","embeddable":true,"href":"https:\/\/e-systemygrzewcze.eu\/sklep\/wp-json\/wp\/v2\/product_brand?post=5023"},{"taxonomy":"product_cat","embeddable":true,"href":"https:\/\/e-systemygrzewcze.eu\/sklep\/wp-json\/wp\/v2\/product_cat?post=5023"},{"taxonomy":"product_tag","embeddable":true,"href":"https:\/\/e-systemygrzewcze.eu\/sklep\/wp-json\/wp\/v2\/product_tag?post=5023"}],"curies":[{"name":"wp","href":"https:\/\/api.w.org\/{rel}","templated":true}]}}