{"id":5022,"date":"2025-08-27T06:22:27","date_gmt":"2025-08-27T06:22:27","guid":{"rendered":"https:\/\/e-systemygrzewcze.eu\/sklep\/produkt\/czujnik-tlenku-wegla-fireangel-co-9x10\/"},"modified":"2026-04-03T05:56:58","modified_gmt":"2026-04-03T05:56:58","slug":"czujnik-tlenku-wegla-fireangel-co-9x10","status":"publish","type":"product","link":"https:\/\/e-systemygrzewcze.eu\/sklep\/produkt\/czujnik-tlenku-wegla-fireangel-co-9x10\/","title":{"rendered":"FireAngel Czujnik tlenku w\u0119gla (CO-9X10)"},"content":{"rendered":"<h2 data-start=\"95\" data-end=\"178\">\ud83d\udd25 Czujnik tlenku w\u0119gla FireAngel CO-9X10 \u2013 10 lat ochrony bez wymiany baterii<\/h2>\n<p data-start=\"180\" data-end=\"582\"><strong data-start=\"180\" data-end=\"201\">FireAngel CO-9X10<\/strong> to certyfikowany <strong data-start=\"219\" data-end=\"251\">czujnik czadu (tlenku w\u0119gla)<\/strong> wyposa\u017cony w <strong data-start=\"265\" data-end=\"293\">wbudowan\u0105 bateri\u0119 litow\u0105<\/strong> oraz obj\u0119ty <strong data-start=\"306\" data-end=\"343\">10-letni\u0105 gwarancj\u0105 i \u017cywotno\u015bci\u0105<\/strong>. Dzi\u0119ki zastosowaniu <strong data-start=\"365\" data-end=\"420\">zaawansowanego sensora elektrochemicznego FireAngel<\/strong>, urz\u0105dzenie wykrywa obecno\u015b\u0107 CO ju\u017c przy <strong data-start=\"462\" data-end=\"488\">bardzo niskim st\u0119\u017ceniu<\/strong>, zapewniaj\u0105c wysoki poziom bezpiecze\u0144stwa w domu, mieszkaniu, kot\u0142owni czy domku letniskowym.<\/p>\n<p data-start=\"584\" data-end=\"690\">To idealne rozwi\u0105zanie dla os\u00f3b, kt\u00f3re oczekuj\u0105 <strong data-start=\"632\" data-end=\"689\">wieloletniej, bezobs\u0142ugowej ochrony w rozs\u0105dnej cenie<\/strong>.<\/p>\n<hr data-start=\"692\" data-end=\"695\" \/>\n<h2 data-start=\"697\" data-end=\"716\">\u2705 Kluczowe cechy<\/h2>\n<ul data-start=\"718\" data-end=\"1146\">\n<li data-start=\"718\" data-end=\"769\">\n<p data-start=\"720\" data-end=\"769\">wbudowana bateria litowa \u2013 10 lat bez wymiany<\/p>\n<\/li>\n<li data-start=\"770\" data-end=\"805\">\n<p data-start=\"772\" data-end=\"805\">10 lat gwarancji i \u017cywotno\u015bci<\/p>\n<\/li>\n<li data-start=\"806\" data-end=\"870\">\n<p data-start=\"808\" data-end=\"820\">certyfikaty:<\/p>\n<ul data-start=\"823\" data-end=\"870\">\n<li data-start=\"823\" data-end=\"847\">\n<p data-start=\"825\" data-end=\"847\">BSI EN50291-1:2010<\/p>\n<\/li>\n<li data-start=\"850\" data-end=\"870\">\n<p data-start=\"852\" data-end=\"870\">EN50291-2:2010<\/p>\n<\/li>\n<\/ul>\n<\/li>\n<li data-start=\"871\" data-end=\"923\">\n<p data-start=\"873\" data-end=\"923\">poziom czu\u0142o\u015bci CO: 50 ppm (zgodnie z EN50291)<\/p>\n<\/li>\n<li data-start=\"924\" data-end=\"966\">\n<p data-start=\"926\" data-end=\"966\">zaawansowany sensor elektrochemiczny<\/p>\n<\/li>\n<li data-start=\"967\" data-end=\"1010\">\n<p data-start=\"969\" data-end=\"1010\">wska\u017anik LED trybu zasilania i alarmu<\/p>\n<\/li>\n<li data-start=\"1011\" data-end=\"1063\">\n<p data-start=\"1013\" data-end=\"1063\">automatyczne sprawdzanie poprawno\u015bci dzia\u0142ania<\/p>\n<\/li>\n<li data-start=\"1064\" data-end=\"1118\">\n<p data-start=\"1066\" data-end=\"1118\">sygnalizacja s\u0142abej baterii oraz ko\u0144ca dzia\u0142ania<\/p>\n<\/li>\n<li data-start=\"1119\" data-end=\"1146\">\n<p data-start=\"1121\" data-end=\"1146\">przycisk TEST \/ RESET<\/p>\n<\/li>\n<\/ul>\n<hr data-start=\"1148\" data-end=\"1151\" \/>\n<h2 data-start=\"1153\" data-end=\"1208\">\ud83d\udee1 Precyzyjne wykrywanie niskich st\u0119\u017ce\u0144 tlenku w\u0119gla<\/h2>\n<p data-start=\"1210\" data-end=\"1281\">Czujnik wyposa\u017cono w wysokiej klasy sensor elektrochemiczny, kt\u00f3ry:<\/p>\n<ul data-start=\"1282\" data-end=\"1481\">\n<li data-start=\"1282\" data-end=\"1325\">\n<p data-start=\"1284\" data-end=\"1325\">precyzyjnie wykrywa niskie poziomy CO<\/p>\n<\/li>\n<li data-start=\"1326\" data-end=\"1377\">\n<p data-start=\"1328\" data-end=\"1377\">reaguje zgodnie z rygorystyczn\u0105 norm\u0105 EN50291<\/p>\n<\/li>\n<li data-start=\"1378\" data-end=\"1440\">\n<p data-start=\"1380\" data-end=\"1440\">zapewnia szybk\u0105 reakcj\u0119 alarmow\u0105 przy realnym zagro\u017ceniu<\/p>\n<\/li>\n<li data-start=\"1441\" data-end=\"1481\">\n<p data-start=\"1443\" data-end=\"1481\">minimalizuje ryzyko fa\u0142szywych alarm\u00f3w<\/p>\n<\/li>\n<\/ul>\n<hr data-start=\"1483\" data-end=\"1486\" \/>\n<h2 data-start=\"1488\" data-end=\"1541\">\ud83d\udd0b Wbudowana bateria \u2013 10 lat pe\u0142nej niezale\u017cno\u015bci<\/h2>\n<p data-start=\"1543\" data-end=\"1608\">FireAngel CO-9X10 posiada zintegrowan\u0105 bateri\u0119 litow\u0105, kt\u00f3ra:<\/p>\n<ul data-start=\"1609\" data-end=\"1753\">\n<li data-start=\"1609\" data-end=\"1647\">\n<p data-start=\"1611\" data-end=\"1647\">nie wymaga wymiany ani \u0142adowania<\/p>\n<\/li>\n<li data-start=\"1648\" data-end=\"1690\">\n<p data-start=\"1650\" data-end=\"1690\">gwarantuje ci\u0105g\u0142\u0105 prac\u0119 przez 10 lat<\/p>\n<\/li>\n<li data-start=\"1691\" data-end=\"1753\">\n<p data-start=\"1693\" data-end=\"1753\">eliminuje ryzyko roz\u0142adowania z powodu zaniedba\u0144 u\u017cytkownika<\/p>\n<\/li>\n<\/ul>\n<p data-start=\"1755\" data-end=\"1785\">Dodatkowo czujnik informuje o:<\/p>\n<ul data-start=\"1786\" data-end=\"1866\">\n<li data-start=\"1786\" data-end=\"1826\">\n<p data-start=\"1788\" data-end=\"1826\">ko\u0144cz\u0105cym si\u0119 czasie pracy baterii<\/p>\n<\/li>\n<li data-start=\"1827\" data-end=\"1866\">\n<p data-start=\"1829\" data-end=\"1866\">zako\u0144czeniu \u017cywotno\u015bci urz\u0105dzenia<\/p>\n<\/li>\n<\/ul>\n<hr data-start=\"1868\" data-end=\"1871\" \/>\n<h2 data-start=\"1873\" data-end=\"1891\">\ud83c\udfe0 Zastosowanie<\/h2>\n<ul data-start=\"1893\" data-end=\"2061\">\n<li data-start=\"1893\" data-end=\"1915\">\n<p data-start=\"1895\" data-end=\"1915\">domy jednorodzinne<\/p>\n<\/li>\n<li data-start=\"1916\" data-end=\"1930\">\n<p data-start=\"1918\" data-end=\"1930\">mieszkania<\/p>\n<\/li>\n<li data-start=\"1931\" data-end=\"1974\">\n<p data-start=\"1933\" data-end=\"1974\">kot\u0142ownie, \u0142azienki z piecykiem gazowym<\/p>\n<\/li>\n<li data-start=\"1975\" data-end=\"1995\">\n<p data-start=\"1977\" data-end=\"1995\">domki letniskowe<\/p>\n<\/li>\n<li data-start=\"1996\" data-end=\"2018\">\n<p data-start=\"1998\" data-end=\"2018\">kampery, przyczepy<\/p>\n<\/li>\n<li data-start=\"2019\" data-end=\"2061\">\n<p data-start=\"2021\" data-end=\"2061\">zastosowanie <strong data-start=\"2034\" data-end=\"2061\">stacjonarne i przeno\u015bne<\/strong><\/p>\n<\/li>\n<\/ul>\n<hr data-start=\"2063\" data-end=\"2066\" \/>\n<h2 data-start=\"2068\" data-end=\"2089\">\ud83d\udcc4 Dane techniczne<\/h2>\n<ul data-start=\"2091\" data-end=\"2465\">\n<li data-start=\"2091\" data-end=\"2121\">\n<p data-start=\"2093\" data-end=\"2121\">Model: FireAngel CO-9X10<\/p>\n<\/li>\n<li data-start=\"2122\" data-end=\"2162\">\n<p data-start=\"2124\" data-end=\"2162\">Rodzaj czujnika: tlenek w\u0119gla (CO)<\/p>\n<\/li>\n<li data-start=\"2163\" data-end=\"2193\">\n<p data-start=\"2165\" data-end=\"2193\">Sensor: elektrochemiczny<\/p>\n<\/li>\n<li data-start=\"2194\" data-end=\"2215\">\n<p data-start=\"2196\" data-end=\"2215\">Czu\u0142o\u015b\u0107: 50 ppm<\/p>\n<\/li>\n<li data-start=\"2216\" data-end=\"2257\">\n<p data-start=\"2218\" data-end=\"2257\">Zasilanie: wbudowana bateria litowa<\/p>\n<\/li>\n<li data-start=\"2258\" data-end=\"2281\">\n<p data-start=\"2260\" data-end=\"2281\">\u017bywotno\u015b\u0107: 10 lat<\/p>\n<\/li>\n<li data-start=\"2282\" data-end=\"2305\">\n<p data-start=\"2284\" data-end=\"2305\">Gwarancja: 10 lat<\/p>\n<\/li>\n<li data-start=\"2306\" data-end=\"2362\">\n<p data-start=\"2308\" data-end=\"2362\">Sygnalizacja: LED, niska bateria, koniec dzia\u0142ania<\/p>\n<\/li>\n<li data-start=\"2363\" data-end=\"2400\">\n<p data-start=\"2365\" data-end=\"2400\">Funkcje: TEST \/ RESET, autotest<\/p>\n<\/li>\n<li data-start=\"2401\" data-end=\"2465\">\n<p data-start=\"2403\" data-end=\"2415\">Certyfikaty:<\/p>\n<ul data-start=\"2418\" data-end=\"2465\">\n<li data-start=\"2418\" data-end=\"2442\">\n<p data-start=\"2420\" data-end=\"2442\">BSI EN50291-1:2010<\/p>\n<\/li>\n<li data-start=\"2445\" data-end=\"2465\">\n<p data-start=\"2447\" data-end=\"2465\">EN50291-2:2010<\/p>\n<\/li>\n<\/ul>\n<\/li>\n<\/ul>\n","protected":false},"excerpt":{"rendered":"<p><strong>Czujnik tlenku w\u0119gla FireAngel CO-9X10 wykrywa niebezpieczne st\u0119\u017cenia CO w pomieszczeniach, chroni\u0105c domownik\u00f3w przed zatruciem. Wyposa\u017cony w niezawodny system alarmowy i trwa\u0142\u0105 konstrukcj\u0119, zapewnia d\u0142ugotrwa\u0142\u0105 ochron\u0119 i bezpiecze\u0144stwo.<\/strong><\/p>\n","protected":false},"featured_media":5031,"template":"","meta":{"_kad_blocks_custom_css":"","_kad_blocks_head_custom_js":"","_kad_blocks_body_custom_js":"","_kad_blocks_footer_custom_js":"","_kad_post_transparent":"default","_kad_post_title":"","_kad_post_layout":"default","_kad_post_sidebar_id":"","_kad_post_content_style":"default","_kad_post_vertical_padding":"default","_kad_post_feature":"","_kad_post_feature_position":"","_kad_post_header":false,"_kad_post_footer":false,"_kad_post_classname":""},"product_brand":[405],"product_cat":[315],"product_tag":[],"class_list":{"0":"post-5022","1":"product","2":"type-product","3":"status-publish","4":"has-post-thumbnail","6":"product_brand-fireangel","7":"product_cat-akcesoria-czesci-zamienne-kotlow","8":"product_shipping_class-drobnica","10":"first","11":"instock","12":"taxable","13":"shipping-taxable","14":"purchasable","15":"product-type-simple","16":"entry","17":"content-bg","18":"loop-entry"},"taxonomy_info":{"product_brand":[{"value":405,"label":"FireAngel"}],"product_cat":[{"value":315,"label":"Akcesoria"}]},"featured_image_src_large":["https:\/\/e-systemygrzewcze.eu\/sklep\/wp-content\/uploads\/2025\/08\/Nowy-projekt-2025-08-27T083813.453.jpg",510,578,false],"author_info":[],"comment_info":"","_links":{"self":[{"href":"https:\/\/e-systemygrzewcze.eu\/sklep\/wp-json\/wp\/v2\/product\/5022","targetHints":{"allow":["GET"]}}],"collection":[{"href":"https:\/\/e-systemygrzewcze.eu\/sklep\/wp-json\/wp\/v2\/product"}],"about":[{"href":"https:\/\/e-systemygrzewcze.eu\/sklep\/wp-json\/wp\/v2\/types\/product"}],"wp:featuredmedia":[{"embeddable":true,"href":"https:\/\/e-systemygrzewcze.eu\/sklep\/wp-json\/wp\/v2\/media\/5031"}],"wp:attachment":[{"href":"https:\/\/e-systemygrzewcze.eu\/sklep\/wp-json\/wp\/v2\/media?parent=5022"}],"wp:term":[{"taxonomy":"product_brand","embeddable":true,"href":"https:\/\/e-systemygrzewcze.eu\/sklep\/wp-json\/wp\/v2\/product_brand?post=5022"},{"taxonomy":"product_cat","embeddable":true,"href":"https:\/\/e-systemygrzewcze.eu\/sklep\/wp-json\/wp\/v2\/product_cat?post=5022"},{"taxonomy":"product_tag","embeddable":true,"href":"https:\/\/e-systemygrzewcze.eu\/sklep\/wp-json\/wp\/v2\/product_tag?post=5022"}],"curies":[{"name":"wp","href":"https:\/\/api.w.org\/{rel}","templated":true}]}}