{"id":5021,"date":"2025-08-27T06:22:25","date_gmt":"2025-08-27T06:22:25","guid":{"rendered":"https:\/\/e-systemygrzewcze.eu\/sklep\/produkt\/czujnik-tlenku-wegla-z-wyswietlaczem-fireangel-co-9d\/"},"modified":"2026-04-03T05:57:45","modified_gmt":"2026-04-03T05:57:45","slug":"czujnik-tlenku-wegla-z-wyswietlaczem-fireangel-co-9d","status":"publish","type":"product","link":"https:\/\/e-systemygrzewcze.eu\/sklep\/produkt\/czujnik-tlenku-wegla-z-wyswietlaczem-fireangel-co-9d\/","title":{"rendered":"FireAngel Czujnik tlenku w\u0119gla z wy\u015bwietlaczem (CO-9D)"},"content":{"rendered":"<div class=\"row\">\n<div class=\"col-md-6\">\n<section class=\"pro-key\">\n<div class=\"container\">\n<div class=\"row\">\n<div class=\"col-md-6\">\n<h2 data-start=\"83\" data-end=\"159\">\ud83d\udd25 Czujnik tlenku w\u0119gla FireAngel CO-9D \u2013 z wy\u015bwietlaczem i termometrem<\/h2>\n<p data-start=\"161\" data-end=\"546\"><strong data-start=\"161\" data-end=\"180\">FireAngel CO-9D<\/strong> to certyfikowany <strong data-start=\"198\" data-end=\"230\">czujnik tlenku w\u0119gla (czadu)<\/strong> wyposa\u017cony w <strong data-start=\"244\" data-end=\"279\">najwi\u0119kszy na rynku wy\u015bwietlacz<\/strong>, <strong data-start=\"281\" data-end=\"304\">wbudowany termometr<\/strong> oraz <strong data-start=\"310\" data-end=\"341\">zintegrowan\u0105 bateri\u0119 litow\u0105<\/strong>, kt\u00f3ra nie wymaga wymiany ani \u0142adowania przez ca\u0142y okres u\u017cytkowania. Urz\u0105dzenie umo\u017cliwia tak\u017ce <strong data-start=\"439\" data-end=\"491\">podgl\u0105d historii st\u0119\u017ce\u0144 CO z ostatnich 4 tygodni<\/strong>, co znacz\u0105co podnosi poziom kontroli i bezpiecze\u0144stwa.<\/p>\n<p data-start=\"548\" data-end=\"661\">To model przeznaczony dla u\u017cytkownik\u00f3w, kt\u00f3rzy oczekuj\u0105 <strong data-start=\"604\" data-end=\"660\">precyzji, czytelno\u015bci i d\u0142ugiej, bezobs\u0142ugowej pracy<\/strong>.<\/p>\n<hr data-start=\"663\" data-end=\"666\" \/>\n<h2 data-start=\"668\" data-end=\"687\">\u2705 Kluczowe cechy<\/h2>\n<ul data-start=\"689\" data-end=\"1166\">\n<li data-start=\"689\" data-end=\"726\">\n<p data-start=\"691\" data-end=\"726\">najwi\u0119kszy na rynku wy\u015bwietlacz<\/p>\n<\/li>\n<li data-start=\"727\" data-end=\"757\">\n<p data-start=\"729\" data-end=\"757\">wbudowana bateria litowa<\/p>\n<\/li>\n<li data-start=\"758\" data-end=\"792\">\n<p data-start=\"760\" data-end=\"792\">7 lat gwarancji i \u017cywotno\u015bci<\/p>\n<\/li>\n<li data-start=\"793\" data-end=\"852\">\n<p data-start=\"795\" data-end=\"852\">cyfrowy wy\u015bwietlacz pokazuj\u0105cy st\u0119\u017cenie ju\u017c od 10 ppm<\/p>\n<\/li>\n<li data-start=\"853\" data-end=\"878\">\n<p data-start=\"855\" data-end=\"878\">wbudowany termometr<\/p>\n<\/li>\n<li data-start=\"879\" data-end=\"922\">\n<p data-start=\"881\" data-end=\"922\">pami\u0119\u0107 pomiar\u00f3w z ostatnich 4 tygodni<\/p>\n<\/li>\n<li data-start=\"923\" data-end=\"987\">\n<p data-start=\"925\" data-end=\"937\">certyfikaty:<\/p>\n<ul data-start=\"940\" data-end=\"987\">\n<li data-start=\"940\" data-end=\"964\">\n<p data-start=\"942\" data-end=\"964\">BSI EN50291-1:2010<\/p>\n<\/li>\n<li data-start=\"967\" data-end=\"987\">\n<p data-start=\"969\" data-end=\"987\">EN50291-2:2010<\/p>\n<\/li>\n<\/ul>\n<\/li>\n<li data-start=\"988\" data-end=\"1030\">\n<p data-start=\"990\" data-end=\"1030\">zaawansowany sensor elektrochemiczny<\/p>\n<\/li>\n<li data-start=\"1031\" data-end=\"1083\">\n<p data-start=\"1033\" data-end=\"1083\">automatyczne sprawdzanie poprawno\u015bci dzia\u0142ania<\/p>\n<\/li>\n<li data-start=\"1084\" data-end=\"1138\">\n<p data-start=\"1086\" data-end=\"1138\">sygnalizacja s\u0142abej baterii oraz ko\u0144ca dzia\u0142ania<\/p>\n<\/li>\n<li data-start=\"1139\" data-end=\"1166\">\n<p data-start=\"1141\" data-end=\"1166\">przycisk TEST \/ RESET<\/p>\n<\/li>\n<\/ul>\n<hr data-start=\"1168\" data-end=\"1171\" \/>\n<h2 data-start=\"1173\" data-end=\"1213\">\ud83d\udee1 Precyzyjny pomiar i pe\u0142na kontrola<\/h2>\n<p data-start=\"1215\" data-end=\"1269\">Zaawansowany sensor elektrochemiczny odpowiada za:<\/p>\n<ul data-start=\"1270\" data-end=\"1395\">\n<li data-start=\"1270\" data-end=\"1320\">\n<p data-start=\"1272\" data-end=\"1320\">bardzo dok\u0142adne wykrywanie niskich st\u0119\u017ce\u0144 CO<\/p>\n<\/li>\n<li data-start=\"1321\" data-end=\"1355\">\n<p data-start=\"1323\" data-end=\"1355\">szybkie reagowanie na zagro\u017cenie<\/p>\n<\/li>\n<li data-start=\"1356\" data-end=\"1395\">\n<p data-start=\"1358\" data-end=\"1395\">stabiln\u0105 prac\u0119 bez fa\u0142szywych alarm\u00f3w<\/p>\n<\/li>\n<\/ul>\n<p data-start=\"1397\" data-end=\"1442\">Du\u017cy, czytelny wy\u015bwietlacz LCD umo\u017cliwia:<\/p>\n<ul data-start=\"1443\" data-end=\"1570\">\n<li data-start=\"1443\" data-end=\"1493\">\n<p data-start=\"1445\" data-end=\"1493\">bie\u017c\u0105cy podgl\u0105d st\u0119\u017cenia czadu ju\u017c od 10 ppm<\/p>\n<\/li>\n<li data-start=\"1494\" data-end=\"1530\">\n<p data-start=\"1496\" data-end=\"1530\">kontrol\u0119 temperatury otoczenia<\/p>\n<\/li>\n<li data-start=\"1531\" data-end=\"1570\">\n<p data-start=\"1533\" data-end=\"1570\">przegl\u0105d archiwalnych pomiar\u00f3w CO<\/p>\n<\/li>\n<\/ul>\n<hr data-start=\"1572\" data-end=\"1575\" \/>\n<h2 data-start=\"1577\" data-end=\"1620\">\ud83d\udd0b Wbudowana bateria \u2013 7 lat bez wymiany<\/h2>\n<p data-start=\"1622\" data-end=\"1685\">FireAngel CO-9D posiada zintegrowan\u0105 bateri\u0119 litow\u0105, kt\u00f3ra:<\/p>\n<ul data-start=\"1686\" data-end=\"1813\">\n<li data-start=\"1686\" data-end=\"1724\">\n<p data-start=\"1688\" data-end=\"1724\">nie wymaga wymiany ani \u0142adowania<\/p>\n<\/li>\n<li data-start=\"1725\" data-end=\"1760\">\n<p data-start=\"1727\" data-end=\"1760\">dzia\u0142a nieprzerwanie do 7 lat<\/p>\n<\/li>\n<li data-start=\"1761\" data-end=\"1813\">\n<p data-start=\"1763\" data-end=\"1813\">zapewnia sta\u0142\u0105 ochron\u0119 bez obs\u0142ugi u\u017cytkownika<\/p>\n<\/li>\n<\/ul>\n<hr data-start=\"1815\" data-end=\"1818\" \/>\n<h2 data-start=\"1820\" data-end=\"1838\">\ud83c\udfe0 Zastosowanie<\/h2>\n<ul data-start=\"1840\" data-end=\"1969\">\n<li data-start=\"1840\" data-end=\"1862\">\n<p data-start=\"1842\" data-end=\"1862\">domy jednorodzinne<\/p>\n<\/li>\n<li data-start=\"1863\" data-end=\"1877\">\n<p data-start=\"1865\" data-end=\"1877\">mieszkania<\/p>\n<\/li>\n<li data-start=\"1878\" data-end=\"1910\">\n<p data-start=\"1880\" data-end=\"1910\">\u0142azienki z piecykiem gazowym<\/p>\n<\/li>\n<li data-start=\"1911\" data-end=\"1924\">\n<p data-start=\"1913\" data-end=\"1924\">kot\u0142ownie<\/p>\n<\/li>\n<li data-start=\"1925\" data-end=\"1945\">\n<p data-start=\"1927\" data-end=\"1945\">domki letniskowe<\/p>\n<\/li>\n<li data-start=\"1946\" data-end=\"1969\">\n<p data-start=\"1948\" data-end=\"1969\">kampery i przyczepy<\/p>\n<\/li>\n<\/ul>\n<hr data-start=\"1971\" data-end=\"1974\" \/>\n<h2 data-start=\"1976\" data-end=\"1997\">\ud83d\udcc4 Dane techniczne<\/h2>\n<ul data-start=\"1999\" data-end=\"2485\">\n<li data-start=\"1999\" data-end=\"2027\">\n<p data-start=\"2001\" data-end=\"2027\">Model: FireAngel CO-9D<\/p>\n<\/li>\n<li data-start=\"2028\" data-end=\"2068\">\n<p data-start=\"2030\" data-end=\"2068\">Rodzaj czujnika: tlenek w\u0119gla (CO)<\/p>\n<\/li>\n<li data-start=\"2069\" data-end=\"2099\">\n<p data-start=\"2071\" data-end=\"2099\">Sensor: elektrochemiczny<\/p>\n<\/li>\n<li data-start=\"2100\" data-end=\"2131\">\n<p data-start=\"2102\" data-end=\"2131\">Zakres wskaza\u0144: od 10 ppm<\/p>\n<\/li>\n<li data-start=\"2132\" data-end=\"2173\">\n<p data-start=\"2134\" data-end=\"2173\">Zasilanie: wbudowana bateria litowa<\/p>\n<\/li>\n<li data-start=\"2174\" data-end=\"2196\">\n<p data-start=\"2176\" data-end=\"2196\">\u017bywotno\u015b\u0107: 7 lat<\/p>\n<\/li>\n<li data-start=\"2197\" data-end=\"2219\">\n<p data-start=\"2199\" data-end=\"2219\">Gwarancja: 7 lat<\/p>\n<\/li>\n<li data-start=\"2220\" data-end=\"2264\">\n<p data-start=\"2222\" data-end=\"2264\">Wy\u015bwietlacz: LCD \u2013 najwi\u0119kszy na rynku<\/p>\n<\/li>\n<li data-start=\"2265\" data-end=\"2318\">\n<p data-start=\"2267\" data-end=\"2318\">Dodatkowe funkcje: termometr, pami\u0119\u0107 4 tygodnie<\/p>\n<\/li>\n<li data-start=\"2319\" data-end=\"2382\">\n<p data-start=\"2321\" data-end=\"2382\">Sygnalizacja: LED, niski poziom baterii, koniec dzia\u0142ania<\/p>\n<\/li>\n<li data-start=\"2383\" data-end=\"2420\">\n<p data-start=\"2385\" data-end=\"2420\">Funkcje: TEST \/ RESET, autotest<\/p>\n<\/li>\n<li data-start=\"2421\" data-end=\"2485\">\n<p data-start=\"2423\" data-end=\"2435\">Certyfikaty:<\/p>\n<ul data-start=\"2438\" data-end=\"2485\">\n<li data-start=\"2438\" data-end=\"2462\">\n<p data-start=\"2440\" data-end=\"2462\">BSI EN50291-1:2010<\/p>\n<\/li>\n<li data-start=\"2465\" data-end=\"2485\">\n<p data-start=\"2467\" data-end=\"2485\">EN50291-2:2010<\/p>\n<\/li>\n<\/ul>\n<\/li>\n<\/ul>\n<\/div>\n<\/div>\n<\/div>\n<\/section>\n<section class=\"mid-slider\">\n<div id=\"owl-example\" class=\"owl-carousel owl-theme owl-loaded owl-drag\">\n<div class=\"owl-stage-outer\">\n<div class=\"owl-stage\"><\/div>\n<\/div>\n<\/div>\n<\/section>\n<section class=\"two-col\">\n<div class=\"container-fluid\">\n<div class=\"row\"><\/div>\n<\/div>\n<\/section>\n<\/div>\n<\/div>\n","protected":false},"excerpt":{"rendered":"<p><strong>Czujnik tlenku w\u0119gla z wy\u015bwietlaczem FireAngel CO-9D monitoruje st\u0119\u017cenie CO w pomieszczeniach i wy\u015bwietla aktualne warto\u015bci na ekranie. Dzi\u0119ki niezawodnej konstrukcji i sygnalizacji alarmowej zapewnia bezpiecze\u0144stwo domownik\u00f3w.<\/strong><\/p>\n","protected":false},"featured_media":5029,"template":"","meta":{"_kad_blocks_custom_css":"","_kad_blocks_head_custom_js":"","_kad_blocks_body_custom_js":"","_kad_blocks_footer_custom_js":"","_kad_post_transparent":"default","_kad_post_title":"","_kad_post_layout":"default","_kad_post_sidebar_id":"","_kad_post_content_style":"default","_kad_post_vertical_padding":"default","_kad_post_feature":"","_kad_post_feature_position":"","_kad_post_header":false,"_kad_post_footer":false,"_kad_post_classname":""},"product_brand":[405],"product_cat":[315],"product_tag":[],"class_list":{"0":"post-5021","1":"product","2":"type-product","3":"status-publish","4":"has-post-thumbnail","6":"product_brand-fireangel","7":"product_cat-akcesoria-czesci-zamienne-kotlow","8":"product_shipping_class-drobnica","10":"first","11":"instock","12":"taxable","13":"shipping-taxable","14":"purchasable","15":"product-type-simple","16":"entry","17":"content-bg","18":"loop-entry"},"taxonomy_info":{"product_brand":[{"value":405,"label":"FireAngel"}],"product_cat":[{"value":315,"label":"Akcesoria"}]},"featured_image_src_large":["https:\/\/e-systemygrzewcze.eu\/sklep\/wp-content\/uploads\/2025\/08\/Nowy-projekt-2025-08-27T082818.933.jpg",510,578,false],"author_info":[],"comment_info":"","_links":{"self":[{"href":"https:\/\/e-systemygrzewcze.eu\/sklep\/wp-json\/wp\/v2\/product\/5021","targetHints":{"allow":["GET"]}}],"collection":[{"href":"https:\/\/e-systemygrzewcze.eu\/sklep\/wp-json\/wp\/v2\/product"}],"about":[{"href":"https:\/\/e-systemygrzewcze.eu\/sklep\/wp-json\/wp\/v2\/types\/product"}],"wp:featuredmedia":[{"embeddable":true,"href":"https:\/\/e-systemygrzewcze.eu\/sklep\/wp-json\/wp\/v2\/media\/5029"}],"wp:attachment":[{"href":"https:\/\/e-systemygrzewcze.eu\/sklep\/wp-json\/wp\/v2\/media?parent=5021"}],"wp:term":[{"taxonomy":"product_brand","embeddable":true,"href":"https:\/\/e-systemygrzewcze.eu\/sklep\/wp-json\/wp\/v2\/product_brand?post=5021"},{"taxonomy":"product_cat","embeddable":true,"href":"https:\/\/e-systemygrzewcze.eu\/sklep\/wp-json\/wp\/v2\/product_cat?post=5021"},{"taxonomy":"product_tag","embeddable":true,"href":"https:\/\/e-systemygrzewcze.eu\/sklep\/wp-json\/wp\/v2\/product_tag?post=5021"}],"curies":[{"name":"wp","href":"https:\/\/api.w.org\/{rel}","templated":true}]}}