{"id":5020,"date":"2025-08-27T06:22:23","date_gmt":"2025-08-27T06:22:23","guid":{"rendered":"https:\/\/e-systemygrzewcze.eu\/sklep\/produkt\/czujnik-tlenku-wegla-na-baterie-fireangel-co-9b\/"},"modified":"2026-04-03T06:03:40","modified_gmt":"2026-04-03T06:03:40","slug":"czujnik-tlenku-wegla-na-baterie-fireangel-co-9b","status":"publish","type":"product","link":"https:\/\/e-systemygrzewcze.eu\/sklep\/produkt\/czujnik-tlenku-wegla-na-baterie-fireangel-co-9b\/","title":{"rendered":"FireAngel Czujnik tlenku w\u0119gla na baterie (CO-9B)"},"content":{"rendered":"<h2 data-start=\"70\" data-end=\"130\">\ud83d\udd25 Czujnik tlenku w\u0119gla FireAngel CO-9B \u2013 na baterie AA<\/h2>\n<p data-start=\"132\" data-end=\"450\"><strong data-start=\"132\" data-end=\"151\">FireAngel CO-9B<\/strong> to certyfikowany <strong data-start=\"169\" data-end=\"201\">czujnik tlenku w\u0119gla (czadu)<\/strong> zasilany <strong data-start=\"211\" data-end=\"234\">dwiema bateriami AA<\/strong>, wyposa\u017cony w <strong data-start=\"249\" data-end=\"289\">zaawansowany sensor elektrochemiczny<\/strong>, kt\u00f3ry wykrywa ju\u017c <strong data-start=\"309\" data-end=\"348\">najmniejsze st\u0119\u017cenia CO w powietrzu<\/strong>. To idealne rozwi\u0105zanie do domu, mieszkania, kot\u0142owni oraz jako <strong data-start=\"413\" data-end=\"449\">czujnik przeno\u015bny np. na wyjazdy<\/strong>.<\/p>\n<hr data-start=\"452\" data-end=\"455\" \/>\n<h2 data-start=\"457\" data-end=\"476\">\u2705 Kluczowe cechy<\/h2>\n<ul data-start=\"478\" data-end=\"881\">\n<li data-start=\"478\" data-end=\"512\">\n<p data-start=\"480\" data-end=\"512\"><strong data-start=\"480\" data-end=\"512\">7 lat gwarancji i \u017cywotno\u015bci<\/strong><\/p>\n<\/li>\n<li data-start=\"513\" data-end=\"577\">\n<p data-start=\"515\" data-end=\"527\">certyfikaty:<\/p>\n<ul data-start=\"530\" data-end=\"577\">\n<li data-start=\"530\" data-end=\"554\">\n<p data-start=\"532\" data-end=\"554\">BSI EN50291-1:2010<\/p>\n<\/li>\n<li data-start=\"557\" data-end=\"577\">\n<p data-start=\"559\" data-end=\"577\">EN50291-2:2010<\/p>\n<\/li>\n<\/ul>\n<\/li>\n<li data-start=\"578\" data-end=\"609\">\n<p data-start=\"580\" data-end=\"609\">zasilanie: 2 \u00d7 baterie AA<\/p>\n<\/li>\n<li data-start=\"610\" data-end=\"662\">\n<p data-start=\"612\" data-end=\"662\">poziom czu\u0142o\u015bci CO: 50 ppm (zgodnie z EN50291)<\/p>\n<\/li>\n<li data-start=\"663\" data-end=\"702\">\n<p data-start=\"665\" data-end=\"702\">wska\u017anik LED trybu pracy i alarmu<\/p>\n<\/li>\n<li data-start=\"703\" data-end=\"755\">\n<p data-start=\"705\" data-end=\"755\">automatyczne sprawdzanie poprawno\u015bci dzia\u0142ania<\/p>\n<\/li>\n<li data-start=\"756\" data-end=\"810\">\n<p data-start=\"758\" data-end=\"810\">sygnalizacja s\u0142abej baterii oraz ko\u0144ca dzia\u0142ania<\/p>\n<\/li>\n<li data-start=\"811\" data-end=\"838\">\n<p data-start=\"813\" data-end=\"838\">przycisk TEST \/ RESET<\/p>\n<\/li>\n<li data-start=\"839\" data-end=\"881\">\n<p data-start=\"841\" data-end=\"881\">zaawansowany sensor elektrochemiczny<\/p>\n<\/li>\n<\/ul>\n<hr data-start=\"883\" data-end=\"886\" \/>\n<h2 data-start=\"888\" data-end=\"928\">\ud83d\udee1 Precyzyjny pomiar i szybka reakcja<\/h2>\n<p data-start=\"930\" data-end=\"1006\">Czujnik wykorzystuje <strong data-start=\"951\" data-end=\"989\">nowoczesny sensor elektrochemiczny<\/strong>, kt\u00f3ry zapewnia:<\/p>\n<ul data-start=\"1007\" data-end=\"1153\">\n<li data-start=\"1007\" data-end=\"1045\">\n<p data-start=\"1009\" data-end=\"1045\">bardzo <strong data-start=\"1016\" data-end=\"1045\">wysok\u0105 dok\u0142adno\u015b\u0107 pomiaru<\/strong><\/p>\n<\/li>\n<li data-start=\"1046\" data-end=\"1094\">\n<p data-start=\"1048\" data-end=\"1094\"><strong data-start=\"1048\" data-end=\"1094\">szybk\u0105 reakcj\u0119 nawet na niskie st\u0119\u017cenia CO<\/strong><\/p>\n<\/li>\n<li data-start=\"1095\" data-end=\"1153\">\n<p data-start=\"1097\" data-end=\"1153\">stabiln\u0105 i bezpieczn\u0105 prac\u0119 przez ca\u0142y okres u\u017cytkowania<\/p>\n<\/li>\n<\/ul>\n<hr data-start=\"1155\" data-end=\"1158\" \/>\n<h2 data-start=\"1160\" data-end=\"1207\">\ud83d\udd0b Zasilanie na baterie AA \u2013 pe\u0142na mobilno\u015b\u0107<\/h2>\n<p data-start=\"1209\" data-end=\"1225\">FireAngel CO-9B:<\/p>\n<ul data-start=\"1226\" data-end=\"1436\">\n<li data-start=\"1226\" data-end=\"1263\">\n<p data-start=\"1228\" data-end=\"1263\">dzia\u0142a na 2 wymienne baterie AA<\/p>\n<\/li>\n<li data-start=\"1264\" data-end=\"1367\">\n<p data-start=\"1266\" data-end=\"1275\">mo\u017ce by\u0107:<\/p>\n<ul data-start=\"1278\" data-end=\"1367\">\n<li data-start=\"1278\" data-end=\"1304\">\n<p data-start=\"1280\" data-end=\"1304\">zamontowany na sta\u0142e<\/p>\n<\/li>\n<li data-start=\"1307\" data-end=\"1367\">\n<p data-start=\"1309\" data-end=\"1367\">u\u017cywany przeno\u015bnie (wakacje, kamper, domek letniskowy)<\/p>\n<\/li>\n<\/ul>\n<\/li>\n<li data-start=\"1368\" data-end=\"1436\">\n<p data-start=\"1370\" data-end=\"1436\">zapewnia ci\u0105g\u0142\u0105 ochron\u0119 niezale\u017cnie od instalacji elektrycznej<\/p>\n<\/li>\n<\/ul>\n<hr data-start=\"1438\" data-end=\"1441\" \/>\n<h2 data-start=\"1443\" data-end=\"1461\">\ud83c\udfe0 Zastosowanie<\/h2>\n<ul data-start=\"1463\" data-end=\"1613\">\n<li data-start=\"1463\" data-end=\"1485\">\n<p data-start=\"1465\" data-end=\"1485\">domy jednorodzinne<\/p>\n<\/li>\n<li data-start=\"1486\" data-end=\"1500\">\n<p data-start=\"1488\" data-end=\"1500\">mieszkania<\/p>\n<\/li>\n<li data-start=\"1501\" data-end=\"1533\">\n<p data-start=\"1503\" data-end=\"1533\">\u0142azienki z piecykiem gazowym<\/p>\n<\/li>\n<li data-start=\"1534\" data-end=\"1547\">\n<p data-start=\"1536\" data-end=\"1547\">kot\u0142ownie<\/p>\n<\/li>\n<li data-start=\"1548\" data-end=\"1568\">\n<p data-start=\"1550\" data-end=\"1568\">domki letniskowe<\/p>\n<\/li>\n<li data-start=\"1569\" data-end=\"1591\">\n<p data-start=\"1571\" data-end=\"1591\">kampery, przyczepy<\/p>\n<\/li>\n<li data-start=\"1592\" data-end=\"1613\">\n<p data-start=\"1594\" data-end=\"1613\">wyjazdy wakacyjne<\/p>\n<\/li>\n<\/ul>\n<hr data-start=\"1615\" data-end=\"1618\" \/>\n<h2 data-start=\"1620\" data-end=\"1641\">\ud83d\udcc4 Dane techniczne<\/h2>\n<ul data-start=\"1643\" data-end=\"2054\">\n<li data-start=\"1643\" data-end=\"1671\">\n<p data-start=\"1645\" data-end=\"1671\">Model: FireAngel CO-9B<\/p>\n<\/li>\n<li data-start=\"1672\" data-end=\"1712\">\n<p data-start=\"1674\" data-end=\"1712\">Rodzaj czujnika: tlenek w\u0119gla (CO)<\/p>\n<\/li>\n<li data-start=\"1713\" data-end=\"1743\">\n<p data-start=\"1715\" data-end=\"1743\">Sensor: elektrochemiczny<\/p>\n<\/li>\n<li data-start=\"1744\" data-end=\"1773\">\n<p data-start=\"1746\" data-end=\"1773\">Poziom czu\u0142o\u015bci: 50 ppm<\/p>\n<\/li>\n<li data-start=\"1774\" data-end=\"1805\">\n<p data-start=\"1776\" data-end=\"1805\">Zasilanie: 2 \u00d7 baterie AA<\/p>\n<\/li>\n<li data-start=\"1806\" data-end=\"1828\">\n<p data-start=\"1808\" data-end=\"1828\">\u017bywotno\u015b\u0107: 7 lat<\/p>\n<\/li>\n<li data-start=\"1829\" data-end=\"1851\">\n<p data-start=\"1831\" data-end=\"1851\">Gwarancja: 7 lat<\/p>\n<\/li>\n<li data-start=\"1852\" data-end=\"1892\">\n<p data-start=\"1854\" data-end=\"1892\">Wska\u017aniki: LED \u2013 zasilanie \/ alarm<\/p>\n<\/li>\n<li data-start=\"1893\" data-end=\"1930\">\n<p data-start=\"1895\" data-end=\"1930\">Funkcje: TEST \/ RESET, autotest<\/p>\n<\/li>\n<li data-start=\"1931\" data-end=\"1989\">\n<p data-start=\"1933\" data-end=\"1989\">Sygnalizacja: niski poziom baterii, koniec dzia\u0142ania<\/p>\n<\/li>\n<li data-start=\"1990\" data-end=\"2054\">\n<p data-start=\"1992\" data-end=\"2004\">Certyfikaty:<\/p>\n<ul data-start=\"2007\" data-end=\"2054\">\n<li data-start=\"2007\" data-end=\"2031\">\n<p data-start=\"2009\" data-end=\"2031\">BSI EN50291-1:2010<\/p>\n<\/li>\n<li data-start=\"2034\" data-end=\"2054\">\n<p data-start=\"2036\" data-end=\"2054\">EN50291-2:2010<\/p>\n<\/li>\n<\/ul>\n<\/li>\n<\/ul>\n","protected":false},"excerpt":{"rendered":"<p><strong>Czujnik tlenku w\u0119gla na baterie FireAngel CO-9B wykrywa niebezpieczne st\u0119\u017cenia CO w pomieszczeniach, zapewniaj\u0105c bezpiecze\u0144stwo domownik\u00f3w. Wytrzyma\u0142a konstrukcja i zasilanie bateryjne gwarantuj\u0105 niezawodn\u0105 prac\u0119 i \u0142atwy monta\u017c.<\/strong><\/p>\n","protected":false},"featured_media":5027,"template":"","meta":{"_kad_blocks_custom_css":"","_kad_blocks_head_custom_js":"","_kad_blocks_body_custom_js":"","_kad_blocks_footer_custom_js":"","_kad_post_transparent":"default","_kad_post_title":"","_kad_post_layout":"default","_kad_post_sidebar_id":"","_kad_post_content_style":"default","_kad_post_vertical_padding":"default","_kad_post_feature":"","_kad_post_feature_position":"","_kad_post_header":false,"_kad_post_footer":false,"_kad_post_classname":""},"product_brand":[405],"product_cat":[315],"product_tag":[],"class_list":{"0":"post-5020","1":"product","2":"type-product","3":"status-publish","4":"has-post-thumbnail","6":"product_brand-fireangel","7":"product_cat-akcesoria-czesci-zamienne-kotlow","8":"product_shipping_class-drobnica","10":"first","11":"instock","12":"taxable","13":"shipping-taxable","14":"purchasable","15":"product-type-simple","16":"entry","17":"content-bg","18":"loop-entry"},"taxonomy_info":{"product_brand":[{"value":405,"label":"FireAngel"}],"product_cat":[{"value":315,"label":"Akcesoria"}]},"featured_image_src_large":["https:\/\/e-systemygrzewcze.eu\/sklep\/wp-content\/uploads\/2025\/08\/Nowy-projekt-2025-08-27T082412.410.jpg",510,578,false],"author_info":[],"comment_info":"","_links":{"self":[{"href":"https:\/\/e-systemygrzewcze.eu\/sklep\/wp-json\/wp\/v2\/product\/5020","targetHints":{"allow":["GET"]}}],"collection":[{"href":"https:\/\/e-systemygrzewcze.eu\/sklep\/wp-json\/wp\/v2\/product"}],"about":[{"href":"https:\/\/e-systemygrzewcze.eu\/sklep\/wp-json\/wp\/v2\/types\/product"}],"wp:featuredmedia":[{"embeddable":true,"href":"https:\/\/e-systemygrzewcze.eu\/sklep\/wp-json\/wp\/v2\/media\/5027"}],"wp:attachment":[{"href":"https:\/\/e-systemygrzewcze.eu\/sklep\/wp-json\/wp\/v2\/media?parent=5020"}],"wp:term":[{"taxonomy":"product_brand","embeddable":true,"href":"https:\/\/e-systemygrzewcze.eu\/sklep\/wp-json\/wp\/v2\/product_brand?post=5020"},{"taxonomy":"product_cat","embeddable":true,"href":"https:\/\/e-systemygrzewcze.eu\/sklep\/wp-json\/wp\/v2\/product_cat?post=5020"},{"taxonomy":"product_tag","embeddable":true,"href":"https:\/\/e-systemygrzewcze.eu\/sklep\/wp-json\/wp\/v2\/product_tag?post=5020"}],"curies":[{"name":"wp","href":"https:\/\/api.w.org\/{rel}","templated":true}]}}