{"id":4902,"date":"2025-08-25T11:51:01","date_gmt":"2025-08-25T11:51:01","guid":{"rendered":"https:\/\/e-systemygrzewcze.eu\/sklep\/produkt\/zakonczenie-karyta-kablowego-pcv-110\/"},"modified":"2026-03-30T10:18:43","modified_gmt":"2026-03-30T10:18:43","slug":"zakonczenie-karyta-kablowego-pcv-110","status":"publish","type":"product","link":"https:\/\/e-systemygrzewcze.eu\/sklep\/produkt\/zakonczenie-karyta-kablowego-pcv-110\/","title":{"rendered":"Zako\u0144czenie karyta kablowego PCV 110"},"content":{"rendered":"","protected":false},"excerpt":{"rendered":"<p><strong>Zako\u0144czenie koryta kablowego PCV 110 zamyka koniec koryta o szeroko\u015bci 110 mm, chroni\u0105c przewody przed kurzem i uszkodzeniami. Wykonane z wytrzyma\u0142ego PCV, zapewnia trwa\u0142o\u015b\u0107 i estetyczny wygl\u0105d instalacji.<\/strong><\/p>\n","protected":false},"featured_media":4904,"template":"","meta":{"_kad_blocks_custom_css":"","_kad_blocks_head_custom_js":"","_kad_blocks_body_custom_js":"","_kad_blocks_footer_custom_js":"","_kad_post_transparent":"default","_kad_post_title":"","_kad_post_layout":"default","_kad_post_sidebar_id":"","_kad_post_content_style":"default","_kad_post_vertical_padding":"default","_kad_post_feature":"","_kad_post_feature_position":"","_kad_post_header":false,"_kad_post_footer":false,"_kad_post_classname":""},"product_brand":[],"product_cat":[345],"product_tag":[],"class_list":{"0":"post-4902","1":"product","2":"type-product","3":"status-publish","4":"has-post-thumbnail","6":"product_cat-koryta-kablowe","7":"product_shipping_class-drobnica","9":"first","10":"instock","11":"taxable","12":"shipping-taxable","13":"purchasable","14":"product-type-simple","15":"entry","16":"content-bg","17":"loop-entry"},"taxonomy_info":{"product_cat":[{"value":345,"label":"Koryta kablowe"}]},"featured_image_src_large":["https:\/\/e-systemygrzewcze.eu\/sklep\/wp-content\/uploads\/2025\/08\/Nowy-projekt-2025-08-25T135134.558.jpg",510,578,false],"author_info":[],"comment_info":"","_links":{"self":[{"href":"https:\/\/e-systemygrzewcze.eu\/sklep\/wp-json\/wp\/v2\/product\/4902","targetHints":{"allow":["GET"]}}],"collection":[{"href":"https:\/\/e-systemygrzewcze.eu\/sklep\/wp-json\/wp\/v2\/product"}],"about":[{"href":"https:\/\/e-systemygrzewcze.eu\/sklep\/wp-json\/wp\/v2\/types\/product"}],"wp:featuredmedia":[{"embeddable":true,"href":"https:\/\/e-systemygrzewcze.eu\/sklep\/wp-json\/wp\/v2\/media\/4904"}],"wp:attachment":[{"href":"https:\/\/e-systemygrzewcze.eu\/sklep\/wp-json\/wp\/v2\/media?parent=4902"}],"wp:term":[{"taxonomy":"product_brand","embeddable":true,"href":"https:\/\/e-systemygrzewcze.eu\/sklep\/wp-json\/wp\/v2\/product_brand?post=4902"},{"taxonomy":"product_cat","embeddable":true,"href":"https:\/\/e-systemygrzewcze.eu\/sklep\/wp-json\/wp\/v2\/product_cat?post=4902"},{"taxonomy":"product_tag","embeddable":true,"href":"https:\/\/e-systemygrzewcze.eu\/sklep\/wp-json\/wp\/v2\/product_tag?post=4902"}],"curies":[{"name":"wp","href":"https:\/\/api.w.org\/{rel}","templated":true}]}}