{"id":4899,"date":"2025-08-25T11:50:55","date_gmt":"2025-08-25T11:50:55","guid":{"rendered":"https:\/\/e-systemygrzewcze.eu\/sklep\/produkt\/rozeta-koryta-kablowego-pcv-110\/"},"modified":"2026-03-18T09:12:42","modified_gmt":"2026-03-18T09:12:42","slug":"rozeta-koryta-kablowego-pcv-110","status":"publish","type":"product","link":"https:\/\/e-systemygrzewcze.eu\/sklep\/produkt\/rozeta-koryta-kablowego-pcv-110\/","title":{"rendered":"Rozeta koryta kablowego PCV 110"},"content":{"rendered":"","protected":false},"excerpt":{"rendered":"<p><strong>Rozeta koryta kablowego PCV 110 zapewnia estetyczne wyko\u0144czenie przepust\u00f3w kablowych przy korycie o szeroko\u015bci 110 mm. Wykonana z trwa\u0142ego PCV, chroni przewody i nadaje instalacji schludny wygl\u0105d.<\/strong><\/p>\n","protected":false},"featured_media":4940,"template":"","meta":{"_kad_blocks_custom_css":"","_kad_blocks_head_custom_js":"","_kad_blocks_body_custom_js":"","_kad_blocks_footer_custom_js":"","_kad_post_transparent":"default","_kad_post_title":"","_kad_post_layout":"default","_kad_post_sidebar_id":"","_kad_post_content_style":"default","_kad_post_vertical_padding":"default","_kad_post_feature":"","_kad_post_feature_position":"","_kad_post_header":false,"_kad_post_footer":false,"_kad_post_classname":""},"product_brand":[],"product_cat":[345],"product_tag":[],"class_list":{"0":"post-4899","1":"product","2":"type-product","3":"status-publish","4":"has-post-thumbnail","6":"product_cat-koryta-kablowe","7":"product_shipping_class-drobnica","9":"first","10":"instock","11":"taxable","12":"shipping-taxable","13":"purchasable","14":"product-type-simple","15":"entry","16":"content-bg","17":"loop-entry"},"taxonomy_info":{"product_cat":[{"value":345,"label":"Koryta kablowe"}]},"featured_image_src_large":["https:\/\/e-systemygrzewcze.eu\/sklep\/wp-content\/uploads\/2025\/08\/Nowy-projekt-2025-08-26T085814.865.jpg",510,578,false],"author_info":[],"comment_info":"","_links":{"self":[{"href":"https:\/\/e-systemygrzewcze.eu\/sklep\/wp-json\/wp\/v2\/product\/4899","targetHints":{"allow":["GET"]}}],"collection":[{"href":"https:\/\/e-systemygrzewcze.eu\/sklep\/wp-json\/wp\/v2\/product"}],"about":[{"href":"https:\/\/e-systemygrzewcze.eu\/sklep\/wp-json\/wp\/v2\/types\/product"}],"wp:featuredmedia":[{"embeddable":true,"href":"https:\/\/e-systemygrzewcze.eu\/sklep\/wp-json\/wp\/v2\/media\/4940"}],"wp:attachment":[{"href":"https:\/\/e-systemygrzewcze.eu\/sklep\/wp-json\/wp\/v2\/media?parent=4899"}],"wp:term":[{"taxonomy":"product_brand","embeddable":true,"href":"https:\/\/e-systemygrzewcze.eu\/sklep\/wp-json\/wp\/v2\/product_brand?post=4899"},{"taxonomy":"product_cat","embeddable":true,"href":"https:\/\/e-systemygrzewcze.eu\/sklep\/wp-json\/wp\/v2\/product_cat?post=4899"},{"taxonomy":"product_tag","embeddable":true,"href":"https:\/\/e-systemygrzewcze.eu\/sklep\/wp-json\/wp\/v2\/product_tag?post=4899"}],"curies":[{"name":"wp","href":"https:\/\/api.w.org\/{rel}","templated":true}]}}