{"id":4743,"date":"2025-08-23T05:40:54","date_gmt":"2025-08-23T05:40:54","guid":{"rendered":"https:\/\/e-systemygrzewcze.eu\/sklep\/produkt\/ibo-wylacznik-cisnieniowy-lci-2-400v-1-6-bar-z-nyplem\/"},"modified":"2026-03-31T08:10:57","modified_gmt":"2026-03-31T08:10:57","slug":"ibo-wylacznik-cisnieniowy-lci-2-400v-1-6-bar-z-nyplem","status":"publish","type":"product","link":"https:\/\/e-systemygrzewcze.eu\/sklep\/produkt\/ibo-wylacznik-cisnieniowy-lci-2-400v-1-6-bar-z-nyplem\/","title":{"rendered":"IBO Wy\u0142\u0105cznik ci\u015bnieniowy LCI 2-400V 1-6 Bar z nyplem"},"content":{"rendered":"<h2 data-start=\"507\" data-end=\"572\">\u00a0IBO Wy\u0142\u0105cznik ci\u015bnieniowy LCI 2 \u2013 400 V | 1\u20136 bar z nyplem<\/h2>\n<p data-start=\"597\" data-end=\"964\">Wy\u0142\u0105cznik ci\u015bnieniowy IBO LCI 2 przeznaczony jest do automatycznego sterowania prac\u0105 zestaw\u00f3w hydroforowych wsp\u00f3\u0142pracuj\u0105cych z pompami powierzchniowymi oraz g\u0142\u0119binowymi wyposa\u017conymi w silniki tr\u00f3jfazowe. Urz\u0105dzenie za\u0142\u0105cza i wy\u0142\u0105cza pomp\u0119 w zale\u017cno\u015bci od ustawionych prog\u00f3w ci\u015bnienia, zapewniaj\u0105c stabiln\u0105, bezpieczn\u0105 i w pe\u0142ni automatyczn\u0105 prac\u0119 instalacji wodnej.<\/p>\n<p data-start=\"966\" data-end=\"1280\">Solidna obudowa z trwa\u0142ego tworzywa sztucznego chroni elementy wewn\u0119trzne przed uszkodzeniami mechanicznymi, a styki robocze wykonane z miedzi lub srebra gwarantuj\u0105 wysok\u0105 przewodno\u015b\u0107 i d\u0142ug\u0105 \u017cywotno\u015b\u0107 urz\u0105dzenia. Wy\u0142\u0105cznik wyposa\u017cono w nypel z gwintem zewn\u0119trznym 1\/2&#8243;, co umo\u017cliwia szybki i bezproblemowy monta\u017c.<\/p>\n<h3 data-start=\"1282\" data-end=\"1303\">\ud83c\udfed Zastosowanie<\/h3>\n<p data-start=\"1304\" data-end=\"1437\">Wy\u0142\u0105cznik ci\u015bnieniowy IBO LCI 2 przeznaczony jest do instalacji z silnikami tr\u00f3jfazowymi 3~400 V \/ 50 Hz i znajduje zastosowanie w:<\/p>\n<ul>\n<li data-start=\"1438\" data-end=\"1465\">\n<p data-start=\"1440\" data-end=\"1465\">zestawach hydroforowych<\/p>\n<\/li>\n<li data-start=\"1466\" data-end=\"1525\">\n<p data-start=\"1468\" data-end=\"1525\">instalacjach wodnych w domach i obiektach przemys\u0142owych<\/p>\n<\/li>\n<li data-start=\"1526\" data-end=\"1564\">\n<p data-start=\"1528\" data-end=\"1564\">systemach podlewania i nawadniania<\/p>\n<\/li>\n<li data-start=\"1567\" data-end=\"1610\">instalacjach wodoci\u0105gowych i technicznych<\/li>\n<\/ul>\n<p data-start=\"1567\" data-end=\"1610\"><span style=\"font-family: Oswald, sans-serif; font-size: 28px; font-weight: bold;\">\ud83d\udcca Dane techniczne<\/span><\/p>\n<ul data-start=\"2503\" data-end=\"2707\">\n<li data-start=\"2503\" data-end=\"2538\">\n<p data-start=\"2505\" data-end=\"2538\">Zakres ci\u015bnienia: 1,0 \u2013 6,0 bar<\/p>\n<\/li>\n<li data-start=\"2539\" data-end=\"2575\">\n<p data-start=\"2541\" data-end=\"2575\">Maksymalne nat\u0119\u017cenie pr\u0105du: 16 A<\/p>\n<\/li>\n<li data-start=\"2576\" data-end=\"2598\">\n<p data-start=\"2578\" data-end=\"2598\">Zasilanie: 3~400 V<\/p>\n<\/li>\n<li data-start=\"2599\" data-end=\"2623\">\n<p data-start=\"2601\" data-end=\"2623\">Cz\u0119stotliwo\u015b\u0107: 50 Hz<\/p>\n<\/li>\n<li data-start=\"2624\" data-end=\"2647\">\n<p data-start=\"2626\" data-end=\"2647\">Pob\u00f3r pr\u0105du: 16,0 A<\/p>\n<\/li>\n<li data-start=\"2648\" data-end=\"2674\">\n<p data-start=\"2650\" data-end=\"2674\">Rodzaj gwintu: GW \/ GZ<\/p>\n<\/li>\n<li data-start=\"2675\" data-end=\"2707\">\n<p data-start=\"2677\" data-end=\"2707\">\u015arednica kr\u00f3\u0107ca: 1\/4&#8243; \/ 1\/2&#8243;<\/p>\n<\/li>\n<\/ul>\n<h3 data-start=\"1937\" data-end=\"1965\">\ud83d\udee0\ufe0f Zalecenia u\u017cytkowe<\/h3>\n<p data-start=\"1966\" data-end=\"2015\">Dla prawid\u0142owej i bezpiecznej pracy zaleca si\u0119:<\/p>\n<ul data-start=\"2016\" data-end=\"2215\">\n<li data-start=\"2016\" data-end=\"2062\">\n<p data-start=\"2018\" data-end=\"2062\">monta\u017c przez wykwalifikowanego instalatora<\/p>\n<\/li>\n<li data-start=\"2063\" data-end=\"2105\">\n<p data-start=\"2065\" data-end=\"2105\">prawid\u0142owe ustawienie prog\u00f3w ci\u015bnienia<\/p>\n<\/li>\n<li data-start=\"2106\" data-end=\"2169\">\n<p data-start=\"2108\" data-end=\"2169\">stosowanie w instalacjach zgodnych z parametrami urz\u0105dzenia<\/p>\n<\/li>\n<li data-start=\"2170\" data-end=\"2215\">\n<p data-start=\"2172\" data-end=\"2215\">regularn\u0105 kontrol\u0119 po\u0142\u0105cze\u0144 elektrycznych<\/p>\n<\/li>\n<\/ul>\n<h3 data-start=\"2217\" data-end=\"2238\">\ud83d\udce6 Podsumowanie<\/h3>\n<p data-start=\"2239\" data-end=\"2476\">IBO LCI 2 400 V to solidny i niezawodny wy\u0142\u0105cznik ci\u015bnieniowy do zestaw\u00f3w hydroforowych z pompami tr\u00f3jfazowymi. Zapewnia automatyczn\u0105, bezpieczn\u0105 i stabiln\u0105 prac\u0119 instalacji wodnej w zastosowaniach domowych, rolnych i przemys\u0142owych \u2699\ufe0f\ud83d\udca7.<\/p>\n","protected":false},"excerpt":{"rendered":"<p><strong>IBO LCI 2 (400 V) to wytrzyma\u0142y wy\u0142\u0105cznik ci\u015bnieniowy do zestaw\u00f3w hydroforowych z pompami tr\u00f3jfazowymi. Umo\u017cliwia automatyczne za\u0142\u0105czanie i wy\u0142\u0105czanie pompy w zakresie 1\u20136 bar, zapewniaj\u0105c stabiln\u0105 prac\u0119 instalacji wodnej w zastosowaniach domowych, rolnych i przemys\u0142owych.<\/strong><\/p>\n","protected":false},"featured_media":4758,"template":"","meta":{"_kad_blocks_custom_css":"","_kad_blocks_head_custom_js":"","_kad_blocks_body_custom_js":"","_kad_blocks_footer_custom_js":"","_kad_post_transparent":"default","_kad_post_title":"","_kad_post_layout":"default","_kad_post_sidebar_id":"","_kad_post_content_style":"default","_kad_post_vertical_padding":"default","_kad_post_feature":"","_kad_post_feature_position":"","_kad_post_header":false,"_kad_post_footer":false,"_kad_post_classname":""},"product_brand":[120],"product_cat":[257],"product_tag":[],"class_list":{"0":"post-4743","1":"product","2":"type-product","3":"status-publish","4":"has-post-thumbnail","6":"product_brand-ibo","7":"product_cat-wylaczniki-cisnieniowe","8":"product_shipping_class-drobnica","10":"first","11":"instock","12":"taxable","13":"shipping-taxable","14":"purchasable","15":"product-type-simple","16":"entry","17":"content-bg","18":"loop-entry"},"taxonomy_info":{"product_brand":[{"value":120,"label":"Ibo"}],"product_cat":[{"value":257,"label":"Wy\u0142\u0105czniki ci\u015bnieniowe"}]},"featured_image_src_large":["https:\/\/e-systemygrzewcze.eu\/sklep\/wp-content\/uploads\/2025\/08\/Nowy-projekt-2025-08-23T075424.117.jpg",510,578,false],"author_info":[],"comment_info":"","_links":{"self":[{"href":"https:\/\/e-systemygrzewcze.eu\/sklep\/wp-json\/wp\/v2\/product\/4743","targetHints":{"allow":["GET"]}}],"collection":[{"href":"https:\/\/e-systemygrzewcze.eu\/sklep\/wp-json\/wp\/v2\/product"}],"about":[{"href":"https:\/\/e-systemygrzewcze.eu\/sklep\/wp-json\/wp\/v2\/types\/product"}],"wp:featuredmedia":[{"embeddable":true,"href":"https:\/\/e-systemygrzewcze.eu\/sklep\/wp-json\/wp\/v2\/media\/4758"}],"wp:attachment":[{"href":"https:\/\/e-systemygrzewcze.eu\/sklep\/wp-json\/wp\/v2\/media?parent=4743"}],"wp:term":[{"taxonomy":"product_brand","embeddable":true,"href":"https:\/\/e-systemygrzewcze.eu\/sklep\/wp-json\/wp\/v2\/product_brand?post=4743"},{"taxonomy":"product_cat","embeddable":true,"href":"https:\/\/e-systemygrzewcze.eu\/sklep\/wp-json\/wp\/v2\/product_cat?post=4743"},{"taxonomy":"product_tag","embeddable":true,"href":"https:\/\/e-systemygrzewcze.eu\/sklep\/wp-json\/wp\/v2\/product_tag?post=4743"}],"curies":[{"name":"wp","href":"https:\/\/api.w.org\/{rel}","templated":true}]}}