{"id":4741,"date":"2025-08-23T05:40:49","date_gmt":"2025-08-23T05:40:49","guid":{"rendered":"https:\/\/e-systemygrzewcze.eu\/sklep\/produkt\/ibo-sensor-cisnienia-10mpa-ivr-9-10-do-2-kw\/"},"modified":"2026-03-31T08:12:01","modified_gmt":"2026-03-31T08:12:01","slug":"ibo-sensor-cisnienia-10mpa-ivr-9-10-do-2-kw","status":"publish","type":"product","link":"https:\/\/e-systemygrzewcze.eu\/sklep\/produkt\/ibo-sensor-cisnienia-10mpa-ivr-9-10-do-2-kw\/","title":{"rendered":"IBO Sensor ci\u015bnienia 1,0MPa IVR-9\/10 do 2 KW"},"content":{"rendered":"<h2 data-start=\"510\" data-end=\"563\">\u2699\ufe0f IBO Sensor ci\u015bnienia 1,0 MPa IVR\u20119\/10 do 2 kW<\/h2>\n<p data-start=\"588\" data-end=\"908\">Sensor ci\u015bnienia IBO IVR\u20119\/10 to kluczowy element instalacji wodnych wyposa\u017conych w falowniki, odpowiedzialny za precyzyjny pomiar ci\u015bnienia w uk\u0142adzie. Dzi\u0119ki ci\u0105g\u0142emu monitorowaniu parametr\u00f3w pracy systemu umo\u017cliwia p\u0142ynn\u0105, stabiln\u0105 i bezawaryjn\u0105 prac\u0119 pompy, jednocze\u015bnie zwi\u0119kszaj\u0105c jej efektywno\u015b\u0107 oraz \u017cywotno\u015b\u0107.<\/p>\n<p data-start=\"910\" data-end=\"1144\">Sensor przeznaczony jest do wsp\u00f3\u0142pracy z falownikami IBO IVR\u20119 oraz IVR\u201110 w instalacjach o mocy do 2 kW. Jego zastosowanie pozwala na utrzymanie sta\u0142ego ci\u015bnienia w instalacji wodnej niezale\u017cnie od aktualnego zapotrzebowania na wod\u0119.<\/p>\n<h3 data-start=\"1146\" data-end=\"1195\">\u26a1 Inteligentne sterowanie z falownikami IBO<\/h3>\n<p data-start=\"1196\" data-end=\"1428\">Falowniki IBO IVR\u20119 i IVR\u201110, wsp\u00f3\u0142pracuj\u0105ce z sensorem ci\u015bnienia, automatycznie reguluj\u0105 pr\u0119dko\u015b\u0107 obrotow\u0105 silnika pompy. Eliminuje to skoki ci\u015bnienia oraz ogranicza cz\u0119ste za\u0142\u0105czanie i wy\u0142\u0105czanie urz\u0105dzenia, co przek\u0142ada si\u0119 na:<\/p>\n<ul data-start=\"1429\" data-end=\"1535\">\n<li data-start=\"1429\" data-end=\"1470\">\n<p data-start=\"1431\" data-end=\"1470\">mniejsze zu\u017cycie energii elektrycznej<\/p>\n<\/li>\n<li data-start=\"1471\" data-end=\"1505\">\n<p data-start=\"1473\" data-end=\"1505\">stabilniejsz\u0105 prac\u0119 instalacji<\/p>\n<\/li>\n<li data-start=\"1506\" data-end=\"1535\">\n<p data-start=\"1508\" data-end=\"1535\">wyd\u0142u\u017con\u0105 \u017cywotno\u015b\u0107 pompy<\/p>\n<\/li>\n<\/ul>\n<h3 data-start=\"1537\" data-end=\"1572\">\ud83d\udee0\ufe0f Rola sensora w instalacji<\/h3>\n<p data-start=\"1573\" data-end=\"1666\">Sensor ci\u015bnienia odpowiada za sta\u0142y pomiar i przekazywanie danych do falownika, co pozwala:<\/p>\n<ul data-start=\"1667\" data-end=\"1882\">\n<li data-start=\"1667\" data-end=\"1714\">\n<p data-start=\"1669\" data-end=\"1714\">utrzyma\u0107 sta\u0142e ci\u015bnienie w ca\u0142ej instalacji<\/p>\n<\/li>\n<li data-start=\"1715\" data-end=\"1751\">\n<p data-start=\"1717\" data-end=\"1751\">zredukowa\u0107 liczb\u0119 za\u0142\u0105cze\u0144 pompy<\/p>\n<\/li>\n<li data-start=\"1752\" data-end=\"1779\">\n<p data-start=\"1754\" data-end=\"1779\">obni\u017cy\u0107 zu\u017cycie energii<\/p>\n<\/li>\n<li data-start=\"1780\" data-end=\"1832\">\n<p data-start=\"1782\" data-end=\"1832\">chroni\u0107 pomp\u0119 przed suchobiegiem i przeci\u0105\u017ceniem<\/p>\n<\/li>\n<li data-start=\"1833\" data-end=\"1882\">\n<p data-start=\"1835\" data-end=\"1882\">zapewni\u0107 bezpieczn\u0105 i efektywn\u0105 prac\u0119 systemu<\/p>\n<\/li>\n<\/ul>\n<h3 data-start=\"1884\" data-end=\"1922\">\ud83c\udfed Zastosowanie i kompatybilno\u015b\u0107<\/h3>\n<p data-start=\"1923\" data-end=\"2003\">Sensor ci\u015bnienia IBO IVR\u20119\/10 przeznaczony jest do instalacji z falownikami w:<\/p>\n<ul data-start=\"2004\" data-end=\"2142\">\n<li data-start=\"2004\" data-end=\"2030\">\n<p data-start=\"2006\" data-end=\"2030\">domach jednorodzinnych<\/p>\n<\/li>\n<li data-start=\"2031\" data-end=\"2069\">\n<p data-start=\"2033\" data-end=\"2069\">systemach nawadniania i podlewania<\/p>\n<\/li>\n<li data-start=\"2070\" data-end=\"2096\">\n<p data-start=\"2072\" data-end=\"2096\">gospodarstwach rolnych<\/p>\n<\/li>\n<li data-start=\"2097\" data-end=\"2142\">\n<p data-start=\"2099\" data-end=\"2142\">instalacjach przemys\u0142owych i technicznych<\/p>\n<\/li>\n<\/ul>\n<p data-start=\"2144\" data-end=\"2223\">Kompatybilny z falownikami IBO IVR\u20119 oraz IVR\u201110 w instalacjach o mocy do 2 kW.<\/p>\n<h3 data-start=\"2811\" data-end=\"2835\">\ud83d\udcca Dane techniczne<\/h3>\n<ul data-start=\"2836\" data-end=\"3013\">\n<li data-start=\"2836\" data-end=\"2877\">\n<p data-start=\"2838\" data-end=\"2877\">Maksymalne ci\u015bnienie robocze: 1,0 MPa<\/p>\n<\/li>\n<li data-start=\"2878\" data-end=\"2925\">\n<p data-start=\"2880\" data-end=\"2925\">Kompatybilno\u015b\u0107: falowniki IBO IVR\u20119, IVR\u201110<\/p>\n<\/li>\n<li data-start=\"2926\" data-end=\"2964\">\n<p data-start=\"2928\" data-end=\"2964\">Maksymalna moc instalacji: do 2 kW<\/p>\n<\/li>\n<li data-start=\"2965\" data-end=\"3013\">\n<p data-start=\"2967\" data-end=\"3013\">Zastosowanie: instalacje wodne z falownikiem<\/p>\n<\/li>\n<\/ul>\n<h3 data-start=\"2225\" data-end=\"2248\">\ud83d\udce6 Podsumowanie<\/h3>\n<p data-start=\"2537\" data-end=\"2809\">Sensor ci\u015bnienia IBO IVR\u20119\/10 to niezawodny element nowoczesnych instalacji wodnych z falownikiem. Zapewnia precyzyjn\u0105 kontrol\u0119 ci\u015bnienia, stabiln\u0105 prac\u0119 pompy oraz realne oszcz\u0119dno\u015bci energii, sprawdzaj\u0105c si\u0119 zar\u00f3wno w zastosowaniach domowych, jak i profesjonalnych \u2699\ufe0f\ud83d\udca7.<\/p>\n<p data-start=\"2967\" data-end=\"3013\">\n","protected":false},"excerpt":{"rendered":"<p><strong>Sensor ci\u015bnienia IBO IVR\u20119\/10 (1,0 MPa) to precyzyjny czujnik przeznaczony do wsp\u00f3\u0142pracy z falownikami IBO o mocy do 2 kW. Umo\u017cliwia dok\u0142adny pomiar ci\u015bnienia, stabiln\u0105 prac\u0119 instalacji wodnej oraz efektywne sterowanie pomp\u0105, zmniejszaj\u0105c zu\u017cycie energii i wyd\u0142u\u017caj\u0105c \u017cywotno\u015b\u0107 ca\u0142ego systemu.<\/strong><\/p>\n","protected":false},"featured_media":4754,"template":"","meta":{"_kad_blocks_custom_css":"","_kad_blocks_head_custom_js":"","_kad_blocks_body_custom_js":"","_kad_blocks_footer_custom_js":"","_kad_post_transparent":"default","_kad_post_title":"","_kad_post_layout":"default","_kad_post_sidebar_id":"","_kad_post_content_style":"default","_kad_post_vertical_padding":"default","_kad_post_feature":"","_kad_post_feature_position":"","_kad_post_header":false,"_kad_post_footer":false,"_kad_post_classname":""},"product_brand":[120],"product_cat":[257],"product_tag":[],"class_list":{"0":"post-4741","1":"product","2":"type-product","3":"status-publish","4":"has-post-thumbnail","6":"product_brand-ibo","7":"product_cat-wylaczniki-cisnieniowe","8":"product_shipping_class-drobnica","10":"first","11":"instock","12":"taxable","13":"shipping-taxable","14":"purchasable","15":"product-type-simple","16":"entry","17":"content-bg","18":"loop-entry"},"taxonomy_info":{"product_brand":[{"value":120,"label":"Ibo"}],"product_cat":[{"value":257,"label":"Wy\u0142\u0105czniki ci\u015bnieniowe"}]},"featured_image_src_large":["https:\/\/e-systemygrzewcze.eu\/sklep\/wp-content\/uploads\/2025\/08\/Nowy-projekt-2025-08-23T075057.348.jpg",510,578,false],"author_info":[],"comment_info":"","_links":{"self":[{"href":"https:\/\/e-systemygrzewcze.eu\/sklep\/wp-json\/wp\/v2\/product\/4741","targetHints":{"allow":["GET"]}}],"collection":[{"href":"https:\/\/e-systemygrzewcze.eu\/sklep\/wp-json\/wp\/v2\/product"}],"about":[{"href":"https:\/\/e-systemygrzewcze.eu\/sklep\/wp-json\/wp\/v2\/types\/product"}],"wp:featuredmedia":[{"embeddable":true,"href":"https:\/\/e-systemygrzewcze.eu\/sklep\/wp-json\/wp\/v2\/media\/4754"}],"wp:attachment":[{"href":"https:\/\/e-systemygrzewcze.eu\/sklep\/wp-json\/wp\/v2\/media?parent=4741"}],"wp:term":[{"taxonomy":"product_brand","embeddable":true,"href":"https:\/\/e-systemygrzewcze.eu\/sklep\/wp-json\/wp\/v2\/product_brand?post=4741"},{"taxonomy":"product_cat","embeddable":true,"href":"https:\/\/e-systemygrzewcze.eu\/sklep\/wp-json\/wp\/v2\/product_cat?post=4741"},{"taxonomy":"product_tag","embeddable":true,"href":"https:\/\/e-systemygrzewcze.eu\/sklep\/wp-json\/wp\/v2\/product_tag?post=4741"}],"curies":[{"name":"wp","href":"https:\/\/api.w.org\/{rel}","templated":true}]}}