{"id":4739,"date":"2025-08-23T05:40:44","date_gmt":"2025-08-23T05:40:44","guid":{"rendered":"https:\/\/e-systemygrzewcze.eu\/sklep\/produkt\/ibo-automatyczny-elektroniczny-wylacznik-pompy-pc-15\/"},"modified":"2026-03-16T15:39:44","modified_gmt":"2026-03-16T15:39:44","slug":"ibo-automatyczny-elektroniczny-wylacznik-pompy-pc-15","status":"publish","type":"product","link":"https:\/\/e-systemygrzewcze.eu\/sklep\/produkt\/ibo-automatyczny-elektroniczny-wylacznik-pompy-pc-15\/","title":{"rendered":"IBO Automatyczny elektroniczny wy\u0142\u0105cznik pompy PC-15"},"content":{"rendered":"<h2 data-start=\"571\" data-end=\"631\">\u2699\ufe0f IBO Automatyczny elektroniczny wy\u0142\u0105cznik pompy PC\u201115<\/h2>\n<p data-start=\"656\" data-end=\"972\">Sterownik PC\u201115 IBO to nowoczesne i praktyczne urz\u0105dzenie przeznaczone do automatycznego sterowania prac\u0105 pomp powierzchniowych oraz g\u0142\u0119binowych w instalacjach wodnych bez dost\u0119pu do sieci wodoci\u0105gowej. Znacz\u0105co zwi\u0119ksza komfort u\u017cytkowania, poprawia bezpiecze\u0144stwo instalacji oraz realnie wyd\u0142u\u017ca \u017cywotno\u015b\u0107 pompy.<\/p>\n<p data-start=\"974\" data-end=\"1148\">Urz\u0105dzenie doskonale sprawdzi si\u0119 w domach jednorodzinnych, gospodarstwach rolnych oraz obiektach u\u017cytkowych, gdzie wymagane jest niezawodne i proste sterowanie poborem wody.<\/p>\n<hr data-start=\"1150\" data-end=\"1153\" \/>\n<h3 data-start=\"1155\" data-end=\"1180\">\ud83d\udd04 Zasada dzia\u0142ania<\/h3>\n<p data-start=\"1181\" data-end=\"1399\">Sterownik PC\u201115 automatycznie uruchamia pomp\u0119 w momencie poboru wody (np. po odkr\u0119ceniu kranu) oraz wy\u0142\u0105cza j\u0105 po zako\u0144czeniu poboru. Dzi\u0119ki temu w instalacji utrzymywane jest stabilne ci\u015bnienie, co przek\u0142ada si\u0119 na:<\/p>\n<ul data-start=\"1400\" data-end=\"1535\">\n<li data-start=\"1400\" data-end=\"1430\">\n<p data-start=\"1402\" data-end=\"1430\">wysoki komfort u\u017cytkowania<\/p>\n<\/li>\n<li data-start=\"1431\" data-end=\"1469\">\n<p data-start=\"1433\" data-end=\"1469\">r\u00f3wnomiern\u0105 i p\u0142ynn\u0105 prac\u0119 systemu<\/p>\n<\/li>\n<li data-start=\"1470\" data-end=\"1535\">\n<p data-start=\"1472\" data-end=\"1535\">bezproblemowe dzia\u0142anie przy zmiennym zapotrzebowaniu na wod\u0119<\/p>\n<\/li>\n<\/ul>\n<p data-start=\"1537\" data-end=\"1696\">PC\u201115 mo\u017ce z powodzeniem zast\u0105pi\u0107 klasyczny wy\u0142\u0105cznik ci\u015bnieniowy oraz zbiornik hydroforowy, umo\u017cliwiaj\u0105c budow\u0119 nowoczesnego i kompaktowego zestawu pompowego.<\/p>\n<hr data-start=\"1698\" data-end=\"1701\" \/>\n<h3 data-start=\"1703\" data-end=\"1735\">\ud83d\udee1 Wygoda i bezpiecze\u0144stwo<\/h3>\n<p data-start=\"1736\" data-end=\"1807\">Sterownik PC\u201115 IBO zapewnia wysoki poziom ochrony instalacji dzi\u0119ki:<\/p>\n<ul data-start=\"1808\" data-end=\"2013\">\n<li data-start=\"1808\" data-end=\"1885\">\n<p data-start=\"1810\" data-end=\"1885\">wbudowanemu zaworowi zwrotnemu \u2013 ochrona przed uderzeniami hydraulicznymi<\/p>\n<\/li>\n<li data-start=\"1886\" data-end=\"1971\">\n<p data-start=\"1888\" data-end=\"1971\">zabezpieczeniu przed suchobiegiem \u2013 automatyczne wy\u0142\u0105czenie pompy przy braku wody<\/p>\n<\/li>\n<li data-start=\"1972\" data-end=\"2013\">\n<p data-start=\"1974\" data-end=\"2013\">wsp\u00f3\u0142pracy z pompami o mocy do 2200 W<\/p>\n<\/li>\n<\/ul>\n<p data-start=\"2015\" data-end=\"2139\">Takie rozwi\u0105zanie skutecznie ogranicza ryzyko awarii i pozwala na d\u0142ugotrwa\u0142\u0105, bezproblemow\u0105 eksploatacj\u0119 instalacji wodnej.<\/p>\n<hr data-start=\"2141\" data-end=\"2144\" \/>\n<h3 data-start=\"2146\" data-end=\"2167\">\ud83c\udfe1 Zastosowanie<\/h3>\n<ul data-start=\"2168\" data-end=\"2365\">\n<li data-start=\"2168\" data-end=\"2195\">\n<p data-start=\"2170\" data-end=\"2195\">domowe instalacje wodne<\/p>\n<\/li>\n<li data-start=\"2196\" data-end=\"2218\">\n<p data-start=\"2198\" data-end=\"2218\">gospodarstwa rolne<\/p>\n<\/li>\n<li data-start=\"2219\" data-end=\"2257\">\n<p data-start=\"2221\" data-end=\"2257\">instalacje ogrodowe i nawadniaj\u0105ce<\/p>\n<\/li>\n<li data-start=\"2258\" data-end=\"2312\">\n<p data-start=\"2260\" data-end=\"2312\">obiekty u\u017cytkowe bez dost\u0119pu do sieci wodoci\u0105gowej<\/p>\n<\/li>\n<li data-start=\"2313\" data-end=\"2365\">\n<p data-start=\"2315\" data-end=\"2365\">systemy z pompami powierzchniowymi i g\u0142\u0119binowymi<\/p>\n<\/li>\n<\/ul>\n<hr data-start=\"2949\" data-end=\"2952\" \/>\n<h3 data-start=\"2954\" data-end=\"2978\">\ud83d\udcca Dane techniczne<\/h3>\n<ul data-start=\"2979\" data-end=\"3253\">\n<li data-start=\"2979\" data-end=\"3001\">\n<p data-start=\"2981\" data-end=\"3001\">Kr\u00f3ciec: DN25 (1&#8243;)<\/p>\n<\/li>\n<li data-start=\"3002\" data-end=\"3042\">\n<p data-start=\"3004\" data-end=\"3042\">Maksymalne ci\u015bnienie robocze: 10 bar<\/p>\n<\/li>\n<li data-start=\"3043\" data-end=\"3081\">\n<p data-start=\"3045\" data-end=\"3081\">Maksymalny pob\u00f3r pr\u0105du pompy: 10 A<\/p>\n<\/li>\n<li data-start=\"3082\" data-end=\"3116\">\n<p data-start=\"3084\" data-end=\"3116\">Ci\u015bnienie w\u0142\u0105czania: 0 \u2013 6 bar<\/p>\n<\/li>\n<li data-start=\"3117\" data-end=\"3153\">\n<p data-start=\"3119\" data-end=\"3153\">Minimalna r\u00f3\u017cnica ci\u015bnie\u0144: 7 bar<\/p>\n<\/li>\n<li data-start=\"3154\" data-end=\"3184\">\n<p data-start=\"3156\" data-end=\"3184\">Napi\u0119cie znamionowe: 230 V<\/p>\n<\/li>\n<li data-start=\"3185\" data-end=\"3227\">\n<p data-start=\"3187\" data-end=\"3227\">Maksymalna temperatura otoczenia: 60\u00b0C<\/p>\n<\/li>\n<li data-start=\"3228\" data-end=\"3253\">\n<p data-start=\"3230\" data-end=\"3253\">Stopie\u0144 ochrony: IP65<\/p>\n<\/li>\n<\/ul>\n<h3 data-start=\"2672\" data-end=\"2693\">\ud83d\udce6 Podsumowanie<\/h3>\n<p data-start=\"2694\" data-end=\"2947\">IBO PC\u201115 to niezawodny i prosty w obs\u0142udze automatyczny wy\u0142\u0105cznik pompy, kt\u00f3ry zwi\u0119ksza komfort u\u017cytkowania instalacji wodnej i skutecznie chroni pomp\u0119. Idealny wyb\u00f3r do nowoczesnych, kompaktowych system\u00f3w wodnych w domu, ogrodzie i gospodarstwie \u2699\ufe0f\ud83d\udca7.<\/p>\n","protected":false},"excerpt":{"rendered":"<p><strong>IBO PC\u201115 to automatyczny elektroniczny wy\u0142\u0105cznik pompy, kt\u00f3ry zapewnia wygodn\u0105 i bezpieczn\u0105 automatyzacj\u0119 pracy pomp powierzchniowych oraz g\u0142\u0119binowych 230 V. Utrzymuje stabilne ci\u015bnienie w instalacji, chroni pomp\u0119 przed suchobiegiem i pozwala zast\u0105pi\u0107 tradycyjny wy\u0142\u0105cznik ci\u015bnieniowy oraz zbiornik hydroforowy w kompaktowych systemach wodnych.<\/strong><\/p>\n","protected":false},"featured_media":4751,"template":"","meta":{"_kad_blocks_custom_css":"","_kad_blocks_head_custom_js":"","_kad_blocks_body_custom_js":"","_kad_blocks_footer_custom_js":"","_kad_post_transparent":"default","_kad_post_title":"","_kad_post_layout":"default","_kad_post_sidebar_id":"","_kad_post_content_style":"default","_kad_post_vertical_padding":"default","_kad_post_feature":"","_kad_post_feature_position":"","_kad_post_header":false,"_kad_post_footer":false,"_kad_post_classname":""},"product_brand":[120],"product_cat":[257],"product_tag":[],"class_list":{"0":"post-4739","1":"product","2":"type-product","3":"status-publish","4":"has-post-thumbnail","6":"product_brand-ibo","7":"product_cat-wylaczniki-cisnieniowe","8":"product_shipping_class-drobnica","10":"first","11":"instock","12":"taxable","13":"shipping-taxable","14":"purchasable","15":"product-type-simple","16":"entry","17":"content-bg","18":"loop-entry"},"taxonomy_info":{"product_brand":[{"value":120,"label":"Ibo"}],"product_cat":[{"value":257,"label":"Wy\u0142\u0105czniki ci\u015bnieniowe"}]},"featured_image_src_large":["https:\/\/e-systemygrzewcze.eu\/sklep\/wp-content\/uploads\/2025\/08\/Nowy-projekt-2025-08-23T074741.898.jpg",510,578,false],"author_info":[],"comment_info":"","_links":{"self":[{"href":"https:\/\/e-systemygrzewcze.eu\/sklep\/wp-json\/wp\/v2\/product\/4739","targetHints":{"allow":["GET"]}}],"collection":[{"href":"https:\/\/e-systemygrzewcze.eu\/sklep\/wp-json\/wp\/v2\/product"}],"about":[{"href":"https:\/\/e-systemygrzewcze.eu\/sklep\/wp-json\/wp\/v2\/types\/product"}],"wp:featuredmedia":[{"embeddable":true,"href":"https:\/\/e-systemygrzewcze.eu\/sklep\/wp-json\/wp\/v2\/media\/4751"}],"wp:attachment":[{"href":"https:\/\/e-systemygrzewcze.eu\/sklep\/wp-json\/wp\/v2\/media?parent=4739"}],"wp:term":[{"taxonomy":"product_brand","embeddable":true,"href":"https:\/\/e-systemygrzewcze.eu\/sklep\/wp-json\/wp\/v2\/product_brand?post=4739"},{"taxonomy":"product_cat","embeddable":true,"href":"https:\/\/e-systemygrzewcze.eu\/sklep\/wp-json\/wp\/v2\/product_cat?post=4739"},{"taxonomy":"product_tag","embeddable":true,"href":"https:\/\/e-systemygrzewcze.eu\/sklep\/wp-json\/wp\/v2\/product_tag?post=4739"}],"curies":[{"name":"wp","href":"https:\/\/api.w.org\/{rel}","templated":true}]}}