{"id":4737,"date":"2025-08-23T05:40:39","date_gmt":"2025-08-23T05:40:39","guid":{"rendered":"https:\/\/e-systemygrzewcze.eu\/sklep\/produkt\/hydro-vacuum-wylacznik-cisnieniowy-lca-2\/"},"modified":"2026-03-31T08:13:08","modified_gmt":"2026-03-31T08:13:08","slug":"hydro-vacuum-wylacznik-cisnieniowy-lca-2","status":"publish","type":"product","link":"https:\/\/e-systemygrzewcze.eu\/sklep\/produkt\/hydro-vacuum-wylacznik-cisnieniowy-lca-2\/","title":{"rendered":"HYDRO-VACUUM Wy\u0142\u0105cznik ci\u015bnieniowy LCA-2"},"content":{"rendered":"<h2 data-start=\"587\" data-end=\"635\">\u2699\ufe0f Wy\u0142\u0105cznik ci\u015bnieniowy LCA 2 Hydro Vacuum<\/h2>\n<p data-start=\"660\" data-end=\"983\">Wy\u0142\u0105cznik ci\u015bnieniowy LCA 2 renomowanej marki\u00a0<strong data-start=\"706\" data-end=\"722\">Hydro Vacuum<\/strong>\u00a0to sprawdzone rozwi\u0105zanie do automatycznej kontroli pracy pomp wodnych. Urz\u0105dzenie odpowiada za za\u0142\u0105czanie i wy\u0142\u0105czanie pompy w zale\u017cno\u015bci od ci\u015bnienia w instalacji, zapewniaj\u0105c bezpieczn\u0105, stabiln\u0105 i komfortow\u0105 prac\u0119 systemu hydroforowego lub przemys\u0142owego.<\/p>\n<p data-start=\"985\" data-end=\"1144\">Dzi\u0119ki wieloletniemu do\u015bwiadczeniu producenta oraz zastosowaniu wysokiej jako\u015bci materia\u0142\u00f3w model LCA 2 cieszy si\u0119 du\u017cym zaufaniem u\u017cytkownik\u00f3w i instalator\u00f3w.<\/p>\n<hr data-start=\"1146\" data-end=\"1149\" \/>\n<h3 data-start=\"1151\" data-end=\"1189\">\ud83d\udd04 Uniwersalny zakres zastosowa\u0144<\/h3>\n<p data-start=\"1190\" data-end=\"1332\">Wy\u0142\u0105cznik LCA 2 dost\u0119pny jest w wersji regulacyjnej o zakresie pracy\u00a0<strong data-start=\"1259\" data-end=\"1270\">2\u20138 bar<\/strong>, co pozwala na jego dopasowanie do wi\u0119kszo\u015bci pomp wodnych.<\/p>\n<p data-start=\"1334\" data-end=\"1360\">Znajduje zastosowanie w:<\/p>\n<ul data-start=\"1361\" data-end=\"1535\">\n<li data-start=\"1361\" data-end=\"1387\">\n<p data-start=\"1363\" data-end=\"1387\">domach jednorodzinnych<\/p>\n<\/li>\n<li data-start=\"1388\" data-end=\"1414\">\n<p data-start=\"1390\" data-end=\"1414\">gospodarstwach rolnych<\/p>\n<\/li>\n<li data-start=\"1415\" data-end=\"1461\">\n<p data-start=\"1417\" data-end=\"1461\">instalacjach przemys\u0142owych i produkcyjnych<\/p>\n<\/li>\n<li data-start=\"1462\" data-end=\"1501\">\n<p data-start=\"1464\" data-end=\"1501\">klasycznych zestawach hydroforowych<\/p>\n<\/li>\n<li data-start=\"1502\" data-end=\"1535\">\n<p data-start=\"1504\" data-end=\"1535\">uk\u0142adach spr\u0119\u017conego powietrza<\/p>\n<\/li>\n<\/ul>\n<p data-start=\"1537\" data-end=\"1716\">W przypadku niestabilnej pracy hydroforu lub braku prawid\u0142owego wy\u0142\u0105czania pompy, wymiana wy\u0142\u0105cznika na model LCA 2 cz\u0119sto rozwi\u0105zuje problem i zwi\u0119ksza bezpiecze\u0144stwo instalacji.<\/p>\n<hr data-start=\"1718\" data-end=\"1721\" \/>\n<h3 data-start=\"1723\" data-end=\"1770\">\ud83d\udd29 Solidna konstrukcja i trwa\u0142e materia\u0142y<\/h3>\n<p data-start=\"1771\" data-end=\"1840\">Wy\u0142\u0105cznik LCA 2 charakteryzuje si\u0119 dopracowan\u0105 i wytrzyma\u0142\u0105 budow\u0105:<\/p>\n<ul data-start=\"1841\" data-end=\"1992\">\n<li data-start=\"1841\" data-end=\"1879\">\n<p data-start=\"1843\" data-end=\"1879\">obudowa z wytrzyma\u0142ego poliw\u0119glanu<\/p>\n<\/li>\n<li data-start=\"1880\" data-end=\"1899\">\n<p data-start=\"1882\" data-end=\"1899\">styki miedziane<\/p>\n<\/li>\n<li data-start=\"1900\" data-end=\"1933\">\n<p data-start=\"1902\" data-end=\"1933\">nak\u0142adki z tlenku srebra\u2011kadm<\/p>\n<\/li>\n<li data-start=\"1934\" data-end=\"1992\">\n<p data-start=\"1936\" data-end=\"1992\">wzmocnione tworzywo odporne na uszkodzenia mechaniczne<\/p>\n<\/li>\n<\/ul>\n<p data-start=\"1994\" data-end=\"2126\">Takie po\u0142\u0105czenie materia\u0142\u00f3w gwarantuje d\u0142ug\u0105 \u017cywotno\u015b\u0107, wysok\u0105 odporno\u015b\u0107 na przeci\u0105\u017cenia oraz niezawodn\u0105 prac\u0119 w trudnych warunkach.<\/p>\n<hr data-start=\"2128\" data-end=\"2131\" \/>\n<h3 data-start=\"2133\" data-end=\"2172\">\ud83c\udfe0 Przeznaczenie i kompatybilno\u015b\u0107<\/h3>\n<p data-start=\"2173\" data-end=\"2245\">Wy\u0142\u0105cznik ci\u015bnieniowy LCA 2 Hydro Vacuum przeznaczony jest do pracy z:<\/p>\n<ul data-start=\"2246\" data-end=\"2351\">\n<li data-start=\"2246\" data-end=\"2294\">\n<p data-start=\"2248\" data-end=\"2294\">instalacjami\u00a0<strong data-start=\"2261\" data-end=\"2270\">230 V<\/strong>\u00a0\u2013 pompy do\u00a0<strong data-start=\"2282\" data-end=\"2292\">2,2 kW<\/strong><\/p>\n<\/li>\n<li data-start=\"2295\" data-end=\"2351\">\n<p data-start=\"2297\" data-end=\"2351\">instalacjami\u00a0<strong data-start=\"2310\" data-end=\"2327\">400 V (380 V)<\/strong>\u00a0\u2013 pompy do\u00a0<strong data-start=\"2339\" data-end=\"2349\">4,0 kW<\/strong><\/p>\n<\/li>\n<\/ul>\n<p data-start=\"2353\" data-end=\"2451\">Mo\u017ce by\u0107 stosowany zar\u00f3wno w instalacjach domowych, jak i profesjonalnych systemach przemys\u0142owych.<\/p>\n<hr data-start=\"2453\" data-end=\"2456\" \/>\n<h3 data-start=\"2458\" data-end=\"2494\">\ud83d\udee0\ufe0f Regulacja wy\u0142\u0105cznika LCA 2<\/h3>\n<p data-start=\"2495\" data-end=\"2546\">Regulacja odbywa si\u0119 przy pomocy dw\u00f3ch element\u00f3w:<\/p>\n<ul data-start=\"2547\" data-end=\"2649\">\n<li data-start=\"2547\" data-end=\"2599\">\n<p data-start=\"2549\" data-end=\"2599\"><strong data-start=\"2549\" data-end=\"2564\">nakr\u0119tka Pw<\/strong>\u00a0\u2013 regulacja ci\u015bnienia wy\u0142\u0105czania<\/p>\n<\/li>\n<li data-start=\"2600\" data-end=\"2649\">\n<p data-start=\"2602\" data-end=\"2649\"><strong data-start=\"2602\" data-end=\"2614\">wkr\u0119t Pz<\/strong>\u00a0\u2013 regulacja ci\u015bnienia za\u0142\u0105czania<\/p>\n<\/li>\n<\/ul>\n<p data-start=\"2651\" data-end=\"2678\"><strong data-start=\"2651\" data-end=\"2676\">Ustawienia fabryczne:<\/strong><\/p>\n<ul data-start=\"2679\" data-end=\"2723\">\n<li data-start=\"2679\" data-end=\"2700\">\n<p data-start=\"2681\" data-end=\"2700\">za\u0142\u0105czanie: 1 bar<\/p>\n<\/li>\n<li data-start=\"2701\" data-end=\"2723\">\n<p data-start=\"2703\" data-end=\"2723\">wy\u0142\u0105czanie: 2 bary<\/p>\n<\/li>\n<\/ul>\n<p data-start=\"2725\" data-end=\"2751\"><strong data-start=\"2725\" data-end=\"2749\">Procedura regulacji:<\/strong><\/p>\n<ol data-start=\"2752\" data-end=\"3138\">\n<li data-start=\"2752\" data-end=\"2802\">\n<p data-start=\"2755\" data-end=\"2802\">Pod\u0142\u0105czy\u0107 wy\u0142\u0105cznik do pompy i zdj\u0105\u0107 pokryw\u0119.<\/p>\n<\/li>\n<li data-start=\"2803\" data-end=\"2937\">\n<p data-start=\"2806\" data-end=\"2853\">Nakr\u0119tk\u0105\u00a0<strong data-start=\"2815\" data-end=\"2821\">Pw<\/strong>\u00a0ustawi\u0107 ci\u015bnienie wy\u0142\u0105czania:<\/p>\n<ul data-start=\"2857\" data-end=\"2937\">\n<li data-start=\"2857\" data-end=\"2895\">\n<p data-start=\"2859\" data-end=\"2895\">obr\u00f3t w prawo \u2013 zwi\u0119ksza ci\u015bnienie<\/p>\n<\/li>\n<li data-start=\"2899\" data-end=\"2937\">\n<p data-start=\"2901\" data-end=\"2937\">obr\u00f3t w lewo \u2013 zmniejsza ci\u015bnienie<\/p>\n<\/li>\n<\/ul>\n<\/li>\n<li data-start=\"2938\" data-end=\"3071\">\n<p data-start=\"2941\" data-end=\"3019\">Poluzowa\u0107 nakr\u0119tk\u0119 kontruj\u0105c\u0105 i wkr\u0119tem\u00a0<strong data-start=\"2981\" data-end=\"2987\">Pz<\/strong>\u00a0ustawi\u0107 ci\u015bnienie za\u0142\u0105czania:<\/p>\n<ul data-start=\"3023\" data-end=\"3071\">\n<li data-start=\"3023\" data-end=\"3045\">\n<p data-start=\"3025\" data-end=\"3045\">w prawo \u2013 zwi\u0119ksza<\/p>\n<\/li>\n<li data-start=\"3049\" data-end=\"3071\">\n<p data-start=\"3051\" data-end=\"3071\">w lewo \u2013 zmniejsza<\/p>\n<\/li>\n<\/ul>\n<\/li>\n<li data-start=\"3072\" data-end=\"3138\">\n<p data-start=\"3075\" data-end=\"3138\">Po regulacji dokr\u0119ci\u0107 nakr\u0119tk\u0119 kontruj\u0105c\u0105 i zamontowa\u0107 pokryw\u0119.<\/p>\n<\/li>\n<\/ol>\n<h2 data-start=\"3444\" data-end=\"3673\">\ud83d\udcca Dane techniczne<\/h2>\n<ul data-start=\"3705\" data-end=\"3968\">\n<li data-start=\"3705\" data-end=\"3772\">\n<p data-start=\"3707\" data-end=\"3730\">Maksymalna moc pompy:<\/p>\n<ul data-start=\"3733\" data-end=\"3772\">\n<li data-start=\"3733\" data-end=\"3751\">\n<p data-start=\"3735\" data-end=\"3751\">230 V \u2013 2,2 kW<\/p>\n<\/li>\n<li data-start=\"3754\" data-end=\"3772\">\n<p data-start=\"3756\" data-end=\"3772\">400 V \u2013 4,0 kW<\/p>\n<\/li>\n<\/ul>\n<\/li>\n<li data-start=\"3773\" data-end=\"3804\">\n<p data-start=\"3775\" data-end=\"3804\">Zakres regulacji: 2 \u2013 8 bar<\/p>\n<\/li>\n<li data-start=\"3805\" data-end=\"3856\">\n<p data-start=\"3807\" data-end=\"3856\">Maksymalna pr\u0119dko\u015b\u0107 zmian ci\u015bnienia: 0,05 MPa\/s<\/p>\n<\/li>\n<li data-start=\"3857\" data-end=\"3908\">\n<p data-start=\"3859\" data-end=\"3908\">Minimalna pr\u0119dko\u015b\u0107 zmian ci\u015bnienia: 0,001 MPa\/s<\/p>\n<\/li>\n<li data-start=\"3909\" data-end=\"3950\">\n<p data-start=\"3911\" data-end=\"3950\">Zakres temperatury czynnika: 0 \u2013 40\u00b0C<\/p>\n<\/li>\n<li data-start=\"3951\" data-end=\"3968\">\n<p data-start=\"3953\" data-end=\"3968\">Waga: 0,45 kg<\/p>\n<\/li>\n<\/ul>\n<hr data-start=\"3417\" data-end=\"3420\" \/>\n<h3 data-start=\"3422\" data-end=\"3443\">\ud83d\udce6 Podsumowanie<\/h3>\n<p data-start=\"3444\" data-end=\"3673\">LCA 2 Hydro Vacuum to solidny, uniwersalny i precyzyjny wy\u0142\u0105cznik ci\u015bnieniowy do instalacji hydroforowych i przemys\u0142owych. Zapewnia bezpieczn\u0105 prac\u0119 pompy, stabilne ci\u015bnienie w instalacji oraz d\u0142ug\u0105 \u017cywotno\u015b\u0107 ca\u0142ego systemu \u2699\ufe0f\ud83d\udca7<\/p>\n","protected":false},"excerpt":{"rendered":"<p><strong>Wy\u0142\u0105cznik ci\u015bnieniowy LCA 2 Hydro Vacuum to solidne i niezawodne urz\u0105dzenie do automatycznego sterowania prac\u0105 pomp w instalacjach hydroforowych oraz przemys\u0142owych. Oferuje regulacj\u0119 w zakresie 2\u20138 bar, wysok\u0105 trwa\u0142o\u015b\u0107 dzi\u0119ki jako\u015bciowym materia\u0142om oraz mo\u017cliwo\u015b\u0107 pracy z instalacjami 230 V i 400 V, zapewniaj\u0105c bezpieczn\u0105 i stabiln\u0105 eksploatacj\u0119.<\/strong><\/p>\n","protected":false},"featured_media":4747,"template":"","meta":{"_kad_blocks_custom_css":"","_kad_blocks_head_custom_js":"","_kad_blocks_body_custom_js":"","_kad_blocks_footer_custom_js":"","_kad_post_transparent":"default","_kad_post_title":"","_kad_post_layout":"default","_kad_post_sidebar_id":"","_kad_post_content_style":"default","_kad_post_vertical_padding":"default","_kad_post_feature":"","_kad_post_feature_position":"","_kad_post_header":false,"_kad_post_footer":false,"_kad_post_classname":""},"product_brand":[25],"product_cat":[257],"product_tag":[],"class_list":{"0":"post-4737","1":"product","2":"type-product","3":"status-publish","4":"has-post-thumbnail","6":"product_brand-hydro-vacuum","7":"product_cat-wylaczniki-cisnieniowe","8":"product_shipping_class-drobnica","10":"first","11":"instock","12":"taxable","13":"shipping-taxable","14":"purchasable","15":"product-type-simple","16":"entry","17":"content-bg","18":"loop-entry"},"taxonomy_info":{"product_brand":[{"value":25,"label":"Hydro Vacuum"}],"product_cat":[{"value":257,"label":"Wy\u0142\u0105czniki ci\u015bnieniowe"}]},"featured_image_src_large":["https:\/\/e-systemygrzewcze.eu\/sklep\/wp-content\/uploads\/2025\/08\/Nowy-projekt-2025-08-23T074253.558.jpg",510,578,false],"author_info":[],"comment_info":"","_links":{"self":[{"href":"https:\/\/e-systemygrzewcze.eu\/sklep\/wp-json\/wp\/v2\/product\/4737","targetHints":{"allow":["GET"]}}],"collection":[{"href":"https:\/\/e-systemygrzewcze.eu\/sklep\/wp-json\/wp\/v2\/product"}],"about":[{"href":"https:\/\/e-systemygrzewcze.eu\/sklep\/wp-json\/wp\/v2\/types\/product"}],"wp:featuredmedia":[{"embeddable":true,"href":"https:\/\/e-systemygrzewcze.eu\/sklep\/wp-json\/wp\/v2\/media\/4747"}],"wp:attachment":[{"href":"https:\/\/e-systemygrzewcze.eu\/sklep\/wp-json\/wp\/v2\/media?parent=4737"}],"wp:term":[{"taxonomy":"product_brand","embeddable":true,"href":"https:\/\/e-systemygrzewcze.eu\/sklep\/wp-json\/wp\/v2\/product_brand?post=4737"},{"taxonomy":"product_cat","embeddable":true,"href":"https:\/\/e-systemygrzewcze.eu\/sklep\/wp-json\/wp\/v2\/product_cat?post=4737"},{"taxonomy":"product_tag","embeddable":true,"href":"https:\/\/e-systemygrzewcze.eu\/sklep\/wp-json\/wp\/v2\/product_tag?post=4737"}],"curies":[{"name":"wp","href":"https:\/\/api.w.org\/{rel}","templated":true}]}}