{"id":4716,"date":"2025-08-22T12:28:20","date_gmt":"2025-08-22T12:28:20","guid":{"rendered":"https:\/\/e-systemygrzewcze.eu\/sklep\/produkt\/ibo-pompa-glebinowa-italy-fp4-e020-15kw-230v\/"},"modified":"2026-03-31T07:43:24","modified_gmt":"2026-03-31T07:43:24","slug":"ibo-pompa-glebinowa-italy-fp4-e020-15kw-230v","status":"publish","type":"product","link":"https:\/\/e-systemygrzewcze.eu\/sklep\/produkt\/ibo-pompa-glebinowa-italy-fp4-e020-15kw-230v\/","title":{"rendered":"IBO ITALY Pompa g\u0142\u0119binowa FP4 E020 (1,5KW 230V)"},"content":{"rendered":"<h2 data-start=\"196\" data-end=\"251\">Pompa g\u0142\u0119binowa ITALY FP4 E020 (1,5 kW, 230 V)<\/h2>\n<p data-start=\"276\" data-end=\"611\">Pompa g\u0142\u0119binowa IBO ITALY FP4 E020 to profesjonalna, wielostopniowa pompa g\u0142\u0119binowa 4\u2033 produkcji w\u0142oskiej, wykonana z wysokiej jako\u015bci stali nierdzewnej. Zastosowana technologia\u00a0<strong data-start=\"454\" data-end=\"469\">DRY RUN PRO<\/strong>\u00a0zapewnia podwy\u017cszon\u0105 odporno\u015b\u0107 na zatarcie w przypadku chwilowej pracy na sucho, co znacz\u0105co zwi\u0119ksza bezpiecze\u0144stwo i trwa\u0142o\u015b\u0107 urz\u0105dzenia.<\/p>\n<p data-start=\"613\" data-end=\"893\">Model przeznaczony jest do studni o minimalnej \u015brednicy 115 mm. Dzi\u0119ki mocy 1,5 kW, wydajno\u015bci do 110 l\/min oraz wysoko\u015bci podnoszenia do 109 m, pompa doskonale sprawdzi si\u0119 w intensywnych instalacjach domowych, rolniczych, przemys\u0142owych, a tak\u017ce w systemach PPO\u017b i odwodnieniach.<\/p>\n<hr data-start=\"895\" data-end=\"898\" \/>\n<h3 data-start=\"900\" data-end=\"921\">\ud83c\udfe0 Zastosowanie<\/h3>\n<ul data-start=\"922\" data-end=\"1169\">\n<li data-start=\"922\" data-end=\"977\">\n<p data-start=\"924\" data-end=\"977\">Zaopatrywanie w wod\u0119 dom\u00f3w jedno\u2011 i wielorodzinnych<\/p>\n<\/li>\n<li data-start=\"978\" data-end=\"1012\">\n<p data-start=\"980\" data-end=\"1012\">Gospodarstwa rolne i hodowlane<\/p>\n<\/li>\n<li data-start=\"1013\" data-end=\"1081\">\n<p data-start=\"1015\" data-end=\"1081\">Zasilanie system\u00f3w nawodnieniowych (zraszacze, linie kropluj\u0105ce)<\/p>\n<\/li>\n<li data-start=\"1082\" data-end=\"1108\">\n<p data-start=\"1084\" data-end=\"1108\">Instalacje przemys\u0142owe<\/p>\n<\/li>\n<li data-start=\"1109\" data-end=\"1146\">\n<p data-start=\"1111\" data-end=\"1146\">Instalacje PPO\u017b (przeciwpo\u017carowe)<\/p>\n<\/li>\n<li data-start=\"1147\" data-end=\"1169\">\n<p data-start=\"1149\" data-end=\"1169\">Odwodnienia terenu<\/p>\n<\/li>\n<\/ul>\n<hr data-start=\"1171\" data-end=\"1174\" \/>\n<h3 data-start=\"1176\" data-end=\"1199\">\u2b50 Zalety produktu<\/h3>\n<ul data-start=\"1200\" data-end=\"1775\">\n<li data-start=\"1200\" data-end=\"1268\">\n<p data-start=\"1202\" data-end=\"1268\">Technologia DRY RUN PRO \u2013 zwi\u0119kszona odporno\u015b\u0107 na prac\u0119 na sucho<\/p>\n<\/li>\n<li data-start=\"1269\" data-end=\"1311\">\n<p data-start=\"1271\" data-end=\"1311\">Wysoka wysoko\u015b\u0107 podnoszenia \u2013 do 109 m<\/p>\n<\/li>\n<li data-start=\"1312\" data-end=\"1351\">\n<p data-start=\"1314\" data-end=\"1351\">Bardzo dobra wydajno\u015b\u0107 do 110 l\/min<\/p>\n<\/li>\n<li data-start=\"1352\" data-end=\"1413\">\n<p data-start=\"1354\" data-end=\"1413\">Mocny silnik o mocy 1,5 kW przystosowany do pracy ci\u0105g\u0142ej<\/p>\n<\/li>\n<li data-start=\"1414\" data-end=\"1478\">\n<p data-start=\"1416\" data-end=\"1478\">Stopie\u0144 ochrony IP68 \u2013 pe\u0142na odporno\u015b\u0107 na prac\u0119 w zanurzeniu<\/p>\n<\/li>\n<li data-start=\"1479\" data-end=\"1539\">\n<p data-start=\"1481\" data-end=\"1539\">Maksymalnie 30 start\u00f3w na godzin\u0119 \u2013 wysoka kultura pracy<\/p>\n<\/li>\n<li data-start=\"1540\" data-end=\"1584\">\n<p data-start=\"1542\" data-end=\"1584\">Maksymalna g\u0142\u0119boko\u015b\u0107 zanurzenia do 200 m<\/p>\n<\/li>\n<li data-start=\"1585\" data-end=\"1634\">\n<p data-start=\"1587\" data-end=\"1634\">Podwy\u017cszona odporno\u015b\u0107 na piasek \u2013 do 185 g\/m\u00b3<\/p>\n<\/li>\n<li data-start=\"1635\" data-end=\"1665\">\n<p data-start=\"1637\" data-end=\"1665\">Standard przy\u0142\u0105cza NEMA 4\u2033<\/p>\n<\/li>\n<li data-start=\"1666\" data-end=\"1717\">\n<p data-start=\"1668\" data-end=\"1717\">Mo\u017cliwo\u015b\u0107 monta\u017cu w pozycji pionowej i poziomej<\/p>\n<\/li>\n<li data-start=\"1718\" data-end=\"1775\">\n<p data-start=\"1720\" data-end=\"1775\">Wysokiej klasy materia\u0142y odporne na zu\u017cycie i korozj\u0119<\/p>\n<\/li>\n<\/ul>\n<hr data-start=\"1777\" data-end=\"1780\" \/>\n<h3 data-start=\"1782\" data-end=\"1811\">\u2699\ufe0f Parametry techniczne<\/h3>\n<ul data-start=\"1812\" data-end=\"2506\">\n<li data-start=\"1812\" data-end=\"1841\">\n<p data-start=\"1814\" data-end=\"1841\"><strong data-start=\"1814\" data-end=\"1824\">Model:<\/strong>\u00a0ITALY FP4 E020<\/p>\n<\/li>\n<li data-start=\"1842\" data-end=\"1868\">\n<p data-start=\"1844\" data-end=\"1868\"><strong data-start=\"1844\" data-end=\"1863\">\u015arednica pompy:<\/strong>\u00a04\u2033<\/p>\n<\/li>\n<li data-start=\"1869\" data-end=\"1903\">\n<p data-start=\"1871\" data-end=\"1903\"><strong data-start=\"1871\" data-end=\"1895\">\u015arednica zewn\u0119trzna:<\/strong>\u00a098 mm<\/p>\n<\/li>\n<li data-start=\"1904\" data-end=\"1934\">\n<p data-start=\"1906\" data-end=\"1934\"><strong data-start=\"1906\" data-end=\"1925\">Wysoko\u015b\u0107 pompy:<\/strong>\u00a0945 mm<\/p>\n<\/li>\n<li data-start=\"1935\" data-end=\"1962\">\n<p data-start=\"1937\" data-end=\"1962\"><strong data-start=\"1937\" data-end=\"1953\">Moc silnika:<\/strong>\u00a01,5 kW<\/p>\n<\/li>\n<li data-start=\"1963\" data-end=\"1994\">\n<p data-start=\"1965\" data-end=\"1994\"><strong data-start=\"1965\" data-end=\"1979\">Zasilanie:<\/strong>\u00a01 \u00d7 230 V AC<\/p>\n<\/li>\n<li data-start=\"1995\" data-end=\"2023\">\n<p data-start=\"1997\" data-end=\"2023\"><strong data-start=\"1997\" data-end=\"2015\">Cz\u0119stotliwo\u015b\u0107:<\/strong>\u00a050 Hz<\/p>\n<\/li>\n<li data-start=\"2024\" data-end=\"2044\">\n<p data-start=\"2026\" data-end=\"2044\"><strong data-start=\"2026\" data-end=\"2035\">Pr\u0105d:<\/strong>\u00a010,7 A<\/p>\n<\/li>\n<li data-start=\"2045\" data-end=\"2085\">\n<p data-start=\"2047\" data-end=\"2085\"><strong data-start=\"2047\" data-end=\"2069\">Pr\u0119dko\u015b\u0107 obrotowa:<\/strong>\u00a02850 obr.\/min<\/p>\n<\/li>\n<li data-start=\"2086\" data-end=\"2132\">\n<p data-start=\"2088\" data-end=\"2132\"><strong data-start=\"2088\" data-end=\"2124\">Maksymalna wysoko\u015b\u0107 podnoszenia:<\/strong>\u00a0109 m<\/p>\n<\/li>\n<li data-start=\"2133\" data-end=\"2172\">\n<p data-start=\"2135\" data-end=\"2172\"><strong data-start=\"2135\" data-end=\"2160\">Maksymalna wydajno\u015b\u0107:<\/strong>\u00a0110 l\/min<\/p>\n<\/li>\n<li data-start=\"2173\" data-end=\"2199\">\n<p data-start=\"2175\" data-end=\"2199\"><strong data-start=\"2175\" data-end=\"2190\">Tryb pracy:<\/strong>\u00a0ci\u0105g\u0142y<\/p>\n<\/li>\n<li data-start=\"2200\" data-end=\"2225\">\n<p data-start=\"2202\" data-end=\"2225\"><strong data-start=\"2202\" data-end=\"2221\">Klasa izolacji:<\/strong>\u00a0F<\/p>\n<\/li>\n<li data-start=\"2226\" data-end=\"2255\">\n<p data-start=\"2228\" data-end=\"2255\"><strong data-start=\"2228\" data-end=\"2248\">Stopie\u0144 ochrony:<\/strong>\u00a0IP68<\/p>\n<\/li>\n<li data-start=\"2256\" data-end=\"2296\">\n<p data-start=\"2258\" data-end=\"2296\"><strong data-start=\"2258\" data-end=\"2276\">Pozycja pracy:<\/strong>\u00a0pionowa \/ pozioma<\/p>\n<\/li>\n<li data-start=\"2297\" data-end=\"2341\">\n<p data-start=\"2299\" data-end=\"2341\"><strong data-start=\"2299\" data-end=\"2333\">Maksymalna temperatura cieczy:<\/strong>\u00a035 \u00b0C<\/p>\n<\/li>\n<li data-start=\"2342\" data-end=\"2385\">\n<p data-start=\"2344\" data-end=\"2385\"><strong data-start=\"2344\" data-end=\"2374\">Maksymalna liczba start\u00f3w:<\/strong>\u00a030 \u00d7 \/ h<\/p>\n<\/li>\n<li data-start=\"2386\" data-end=\"2432\">\n<p data-start=\"2388\" data-end=\"2432\"><strong data-start=\"2388\" data-end=\"2424\">Maksymalna g\u0142\u0119boko\u015b\u0107 zanurzenia:<\/strong>\u00a0200 m<\/p>\n<\/li>\n<li data-start=\"2433\" data-end=\"2455\">\n<p data-start=\"2435\" data-end=\"2455\"><strong data-start=\"2435\" data-end=\"2449\">Przy\u0142\u0105cze:<\/strong>\u00a01\u00bc\u2033<\/p>\n<\/li>\n<li data-start=\"2456\" data-end=\"2484\">\n<p data-start=\"2458\" data-end=\"2484\"><strong data-start=\"2458\" data-end=\"2476\">D\u0142ugo\u015b\u0107 kabla:<\/strong>\u00a01,5 m<\/p>\n<\/li>\n<li data-start=\"2485\" data-end=\"2506\">\n<p data-start=\"2487\" data-end=\"2506\"><strong data-start=\"2487\" data-end=\"2496\">Waga:<\/strong>\u00a017,5 kg<\/p>\n<\/li>\n<\/ul>\n<p data-start=\"2508\" data-end=\"2535\"><strong data-start=\"2508\" data-end=\"2533\">Dodatkowe informacje:<\/strong><\/p>\n<ul data-start=\"2536\" data-end=\"2622\">\n<li data-start=\"2536\" data-end=\"2577\">\n<p data-start=\"2538\" data-end=\"2577\">Maksymalna zawarto\u015b\u0107 piasku: 185 g\/m\u00b3<\/p>\n<\/li>\n<li data-start=\"2578\" data-end=\"2622\">\n<p data-start=\"2580\" data-end=\"2622\">Gniazdo przy\u0142\u0105czeniowe: standard NEMA 4\u2033<\/p>\n<\/li>\n<\/ul>\n<p data-start=\"2624\" data-end=\"2650\"><strong data-start=\"2624\" data-end=\"2648\">Materia\u0142y wykonania:<\/strong><\/p>\n<ul data-start=\"2651\" data-end=\"2795\">\n<li data-start=\"2651\" data-end=\"2716\">\n<p data-start=\"2653\" data-end=\"2716\">Kr\u00f3ciec ss\u0105cy i t\u0142oczny, wa\u0142, rotor: stal nierdzewna AISI 304<\/p>\n<\/li>\n<li data-start=\"2717\" data-end=\"2743\">\n<p data-start=\"2719\" data-end=\"2743\">Wirniki i dyfuzory: PA<\/p>\n<\/li>\n<li data-start=\"2744\" data-end=\"2795\">\n<p data-start=\"2746\" data-end=\"2795\">Uszczelnienie mechaniczne: ceramika \/ SiC \/ NBR<\/p>\n<\/li>\n<\/ul>\n","protected":false},"excerpt":{"rendered":"<p><strong>Pompa g\u0142\u0119binowa IBO ITALY FP4 E020 to profesjonalna, wielostopniowa pompa g\u0142\u0119binowa 4\u2033 produkcji w\u0142oskiej, wykonana z wysokiej jako\u015bci stali nierdzewnej. Zastosowana technologia\u00a0DRY RUN PRO\u00a0zapewnia podwy\u017cszon\u0105 odporno\u015b\u0107 na zatarcie w przypadku chwilowej pracy na sucho, co znacz\u0105co zwi\u0119ksza bezpiecze\u0144stwo i trwa\u0142o\u015b\u0107 urz\u0105dzenia.<\/strong><\/p>\n","protected":false},"featured_media":4720,"template":"","meta":{"_kad_blocks_custom_css":"","_kad_blocks_head_custom_js":"","_kad_blocks_body_custom_js":"","_kad_blocks_footer_custom_js":"","_kad_post_transparent":"default","_kad_post_title":"","_kad_post_layout":"default","_kad_post_sidebar_id":"","_kad_post_content_style":"default","_kad_post_vertical_padding":"default","_kad_post_feature":"","_kad_post_feature_position":"","_kad_post_header":false,"_kad_post_footer":false,"_kad_post_classname":""},"product_brand":[120],"product_cat":[254],"product_tag":[],"class_list":{"0":"post-4716","1":"product","2":"type-product","3":"status-publish","4":"has-post-thumbnail","6":"product_brand-ibo","7":"product_cat-pompy-glebinowe","8":"product_shipping_class-drobnica","10":"first","11":"instock","12":"taxable","13":"shipping-taxable","14":"purchasable","15":"product-type-simple","16":"entry","17":"content-bg","18":"loop-entry"},"taxonomy_info":{"product_brand":[{"value":120,"label":"Ibo"}],"product_cat":[{"value":254,"label":"Pompy g\u0142\u0119binowe"}]},"featured_image_src_large":["https:\/\/e-systemygrzewcze.eu\/sklep\/wp-content\/uploads\/2025\/08\/Nowy-projekt-2025-08-22T143943.153.jpg",510,578,false],"author_info":[],"comment_info":"","_links":{"self":[{"href":"https:\/\/e-systemygrzewcze.eu\/sklep\/wp-json\/wp\/v2\/product\/4716","targetHints":{"allow":["GET"]}}],"collection":[{"href":"https:\/\/e-systemygrzewcze.eu\/sklep\/wp-json\/wp\/v2\/product"}],"about":[{"href":"https:\/\/e-systemygrzewcze.eu\/sklep\/wp-json\/wp\/v2\/types\/product"}],"wp:featuredmedia":[{"embeddable":true,"href":"https:\/\/e-systemygrzewcze.eu\/sklep\/wp-json\/wp\/v2\/media\/4720"}],"wp:attachment":[{"href":"https:\/\/e-systemygrzewcze.eu\/sklep\/wp-json\/wp\/v2\/media?parent=4716"}],"wp:term":[{"taxonomy":"product_brand","embeddable":true,"href":"https:\/\/e-systemygrzewcze.eu\/sklep\/wp-json\/wp\/v2\/product_brand?post=4716"},{"taxonomy":"product_cat","embeddable":true,"href":"https:\/\/e-systemygrzewcze.eu\/sklep\/wp-json\/wp\/v2\/product_cat?post=4716"},{"taxonomy":"product_tag","embeddable":true,"href":"https:\/\/e-systemygrzewcze.eu\/sklep\/wp-json\/wp\/v2\/product_tag?post=4716"}],"curies":[{"name":"wp","href":"https:\/\/api.w.org\/{rel}","templated":true}]}}