{"id":4704,"date":"2025-08-22T08:18:04","date_gmt":"2025-08-22T08:18:04","guid":{"rendered":"https:\/\/e-systemygrzewcze.eu\/sklep\/produkt\/ibo-pompa-glebinowa-4-sd-6-14-22kw-400v-bez-kabla\/"},"modified":"2026-03-31T07:46:12","modified_gmt":"2026-03-31T07:46:12","slug":"ibo-pompa-glebinowa-4-sd-6-14-22kw-400v-bez-kabla","status":"publish","type":"product","link":"https:\/\/e-systemygrzewcze.eu\/sklep\/produkt\/ibo-pompa-glebinowa-4-sd-6-14-22kw-400v-bez-kabla\/","title":{"rendered":"IBO Pompa g\u0142\u0119binowa 4&#8243; SD 6-14 (2,2KW 400V BEZ KABLA )"},"content":{"rendered":"<h2 data-start=\"139\" data-end=\"222\"><strong data-start=\"141\" data-end=\"222\">IBO Pompa g\u0142\u0119binowa 4\u2033 SD 6-14 (2,2 kW, 400 V, bez kabla) \u2013 antypiaskowa\u00a0<\/strong><\/h2>\n<p data-start=\"248\" data-end=\"602\">Pompa g\u0142\u0119binowa <strong data-start=\"264\" data-end=\"282\">IBO 4\u2033 SD 6-14<\/strong> to profesjonalna, <strong data-start=\"301\" data-end=\"338\">wielostopniowa pompa antypiaskowa<\/strong> przeznaczona do intensywnej pracy w studniach o minimalnej \u015brednicy wewn\u0119trznej <strong data-start=\"419\" data-end=\"429\">115 mm<\/strong>. Urz\u0105dzenie zosta\u0142o wyposa\u017cone w <strong data-start=\"463\" data-end=\"504\">tr\u00f3jfazowy silnik 400 V o mocy 2,2 kW<\/strong>, kt\u00f3ry zapewnia bardzo dobr\u0105 wydajno\u015b\u0107 <strong data-start=\"544\" data-end=\"560\">do 162 l\/min<\/strong> oraz maksymalne podnoszenie <strong data-start=\"589\" data-end=\"601\">do 103 m<\/strong>.<\/p>\n<p data-start=\"604\" data-end=\"850\">Dzi\u0119ki <strong data-start=\"611\" data-end=\"648\">podwy\u017cszonej odporno\u015bci na piasek<\/strong>, <strong data-start=\"650\" data-end=\"666\">atestowi PZH<\/strong>, zastosowaniu <strong data-start=\"681\" data-end=\"702\">silnika IBO ITALY<\/strong> oraz <strong data-start=\"708\" data-end=\"740\">olejowemu ch\u0142odzeniu silnika<\/strong>, pompa gwarantuje d\u0142ug\u0105 \u017cywotno\u015b\u0107, stabiln\u0105 prac\u0119 i bezpiecze\u0144stwo u\u017cytkowania nawet w trudnych warunkach \ud83d\udca7.<\/p>\n<hr data-start=\"852\" data-end=\"855\" \/>\n<h2 data-start=\"121\" data-end=\"184\"><img decoding=\"async\" class=\"emoji\" role=\"img\" draggable=\"false\" src=\"https:\/\/s.w.org\/images\/core\/emoji\/17.0.2\/svg\/2705.svg\" alt=\"\u2705\" \/><strong data-start=\"861\" data-end=\"877\">Zastosowanie<\/strong><\/h2>\n<ul data-start=\"878\" data-end=\"1162\">\n<li data-start=\"878\" data-end=\"940\">\n<p data-start=\"880\" data-end=\"940\">Zaopatrywanie w wod\u0119 <strong data-start=\"901\" data-end=\"935\">dom\u00f3w jedno- i wielorodzinnych<\/strong><\/p>\n<\/li>\n<li data-start=\"941\" data-end=\"979\">\n<p data-start=\"943\" data-end=\"979\"><strong data-start=\"943\" data-end=\"977\">Gospodarstwa rolne i hodowlane<\/strong><\/p>\n<\/li>\n<li data-start=\"980\" data-end=\"1055\">\n<p data-start=\"982\" data-end=\"1055\">Zasilanie <strong data-start=\"992\" data-end=\"1020\">system\u00f3w nawodnieniowych<\/strong> (zraszacze, linie kropluj\u0105ce)<\/p>\n<\/li>\n<li data-start=\"1056\" data-end=\"1086\">\n<p data-start=\"1058\" data-end=\"1086\">Instalacje <strong data-start=\"1069\" data-end=\"1084\">przemys\u0142owe<\/strong><\/p>\n<\/li>\n<li data-start=\"1087\" data-end=\"1113\">\n<p data-start=\"1089\" data-end=\"1113\"><strong data-start=\"1089\" data-end=\"1111\">Odwodnienia terenu<\/strong><\/p>\n<\/li>\n<li data-start=\"1114\" data-end=\"1162\">\n<p data-start=\"1116\" data-end=\"1162\">Zestawy hydroforowe i instalacje ci\u015bnieniowe<\/p>\n<\/li>\n<\/ul>\n<hr data-start=\"1164\" data-end=\"1167\" \/>\n<h3 data-start=\"1009\" data-end=\"1032\"><img decoding=\"async\" class=\"emoji\" role=\"img\" draggable=\"false\" src=\"https:\/\/s.w.org\/images\/core\/emoji\/17.0.2\/svg\/2b50.svg\" alt=\"\u2b50\" \/><strong data-start=\"1173\" data-end=\"1192\">Zalety produktu<\/strong><\/h3>\n<ul data-start=\"1193\" data-end=\"1790\">\n<li data-start=\"1193\" data-end=\"1273\">\n<p data-start=\"1195\" data-end=\"1273\"><strong data-start=\"1197\" data-end=\"1232\">Podwy\u017cszona odporno\u015b\u0107 na piasek<\/strong> \u2013 bezpieczna praca w trudnych uj\u0119ciach<\/p>\n<\/li>\n<li data-start=\"1274\" data-end=\"1334\">\n<p data-start=\"1276\" data-end=\"1334\"><strong data-start=\"1278\" data-end=\"1291\">Atest PZH<\/strong> \u2013 mo\u017cliwo\u015b\u0107 stosowania do wody u\u017cytkowej<\/p>\n<\/li>\n<li data-start=\"1335\" data-end=\"1388\">\n<p data-start=\"1337\" data-end=\"1388\"><strong data-start=\"1339\" data-end=\"1359\">Silnik IBO ITALY<\/strong> \u2013 wysoka jako\u015b\u0107 i trwa\u0142o\u015b\u0107<\/p>\n<\/li>\n<li data-start=\"1389\" data-end=\"1443\">\n<p data-start=\"1391\" data-end=\"1443\"><strong data-start=\"1393\" data-end=\"1441\">Zabezpieczenie termiczne w uzwojeniu silnika<\/strong><\/p>\n<\/li>\n<li data-start=\"1444\" data-end=\"1517\">\n<p data-start=\"1446\" data-end=\"1517\"><strong data-start=\"1448\" data-end=\"1478\">Wysoka wydajno\u015b\u0107 162 l\/min<\/strong> \u2013 szybki pob\u00f3r du\u017cych ilo\u015bci wody<\/p>\n<\/li>\n<li data-start=\"1518\" data-end=\"1580\">\n<p data-start=\"1520\" data-end=\"1580\"><strong data-start=\"1522\" data-end=\"1546\">Podnoszenie do 103 m<\/strong> \u2013 idealna do g\u0142\u0119bokich studni<\/p>\n<\/li>\n<li data-start=\"1581\" data-end=\"1643\">\n<p data-start=\"1583\" data-end=\"1643\"><strong data-start=\"1585\" data-end=\"1609\">Stopie\u0144 ochrony IP68<\/strong> \u2013 pe\u0142na odporno\u015b\u0107 na zanurzenie<\/p>\n<\/li>\n<li data-start=\"1644\" data-end=\"1717\">\n<p data-start=\"1646\" data-end=\"1717\"><strong data-start=\"1648\" data-end=\"1675\">Silnik ch\u0142odzony olejem<\/strong> \u2013 lepsze ch\u0142odzenie i d\u0142u\u017csza \u017cywotno\u015b\u0107<\/p>\n<\/li>\n<li data-start=\"1718\" data-end=\"1790\">\n<p data-start=\"1720\" data-end=\"1790\"><strong data-start=\"1722\" data-end=\"1750\">Materia\u0142y klasy premium:<\/strong> stal nierdzewna, mosi\u0105dz, polimer PPO<\/p>\n<\/li>\n<\/ul>\n<hr data-start=\"2106\" data-end=\"2109\" \/>\n<h3 data-start=\"1390\" data-end=\"1419\"><img decoding=\"async\" class=\"emoji\" role=\"img\" draggable=\"false\" src=\"https:\/\/s.w.org\/images\/core\/emoji\/17.0.2\/svg\/2699.svg\" alt=\"\u2699\ufe0f\" \/><strong data-start=\"2115\" data-end=\"2139\">Parametry techniczne<\/strong><\/h3>\n<ul data-start=\"2140\" data-end=\"2829\">\n<li data-start=\"2140\" data-end=\"2164\">\n<p data-start=\"2142\" data-end=\"2164\"><strong data-start=\"2142\" data-end=\"2152\">Model:<\/strong> 4 SD 6-14<\/p>\n<\/li>\n<li data-start=\"2165\" data-end=\"2191\">\n<p data-start=\"2167\" data-end=\"2191\"><strong data-start=\"2167\" data-end=\"2186\">\u015arednica pompy:<\/strong> 4\u2033<\/p>\n<\/li>\n<li data-start=\"2192\" data-end=\"2226\">\n<p data-start=\"2194\" data-end=\"2226\"><strong data-start=\"2194\" data-end=\"2218\">\u015arednica zewn\u0119trzna:<\/strong> 98 mm<\/p>\n<\/li>\n<li data-start=\"2227\" data-end=\"2251\">\n<p data-start=\"2229\" data-end=\"2251\"><strong data-start=\"2229\" data-end=\"2242\">Wysoko\u015b\u0107:<\/strong> 134 cm<\/p>\n<\/li>\n<li data-start=\"2252\" data-end=\"2279\">\n<p data-start=\"2254\" data-end=\"2279\"><strong data-start=\"2254\" data-end=\"2270\">Moc silnika:<\/strong> 2,2 kW<\/p>\n<\/li>\n<li data-start=\"2280\" data-end=\"2307\">\n<p data-start=\"2282\" data-end=\"2307\"><strong data-start=\"2282\" data-end=\"2296\">Zasilanie:<\/strong> 3~ 400 V<\/p>\n<\/li>\n<li data-start=\"2308\" data-end=\"2336\">\n<p data-start=\"2310\" data-end=\"2336\"><strong data-start=\"2310\" data-end=\"2328\">Cz\u0119stotliwo\u015b\u0107:<\/strong> 50 Hz<\/p>\n<\/li>\n<li data-start=\"2337\" data-end=\"2356\">\n<p data-start=\"2339\" data-end=\"2356\"><strong data-start=\"2339\" data-end=\"2348\">Pr\u0105d:<\/strong> 6,3 A<\/p>\n<\/li>\n<li data-start=\"2357\" data-end=\"2405\">\n<p data-start=\"2359\" data-end=\"2405\"><strong data-start=\"2359\" data-end=\"2389\">Pr\u0119dko\u015b\u0107 obrotowa silnika:<\/strong> 2850 obr.\/min<\/p>\n<\/li>\n<li data-start=\"2406\" data-end=\"2443\">\n<p data-start=\"2408\" data-end=\"2443\"><strong data-start=\"2408\" data-end=\"2435\">Podnoszenie maksymalne:<\/strong> 103 m<\/p>\n<\/li>\n<li data-start=\"2444\" data-end=\"2483\">\n<p data-start=\"2446\" data-end=\"2483\"><strong data-start=\"2446\" data-end=\"2471\">Wydajno\u015b\u0107 maksymalna:<\/strong> 162 l\/min<\/p>\n<\/li>\n<li data-start=\"2484\" data-end=\"2510\">\n<p data-start=\"2486\" data-end=\"2510\"><strong data-start=\"2486\" data-end=\"2501\">Tryb pracy:<\/strong> ci\u0105g\u0142y<\/p>\n<\/li>\n<li data-start=\"2511\" data-end=\"2536\">\n<p data-start=\"2513\" data-end=\"2536\"><strong data-start=\"2513\" data-end=\"2532\">Klasa izolacji:<\/strong> F<\/p>\n<\/li>\n<li data-start=\"2537\" data-end=\"2566\">\n<p data-start=\"2539\" data-end=\"2566\"><strong data-start=\"2539\" data-end=\"2559\">Stopie\u0144 ochrony:<\/strong> IP68<\/p>\n<\/li>\n<li data-start=\"2567\" data-end=\"2597\">\n<p data-start=\"2569\" data-end=\"2597\"><strong data-start=\"2569\" data-end=\"2587\">Pozycja pracy:<\/strong> pionowa<\/p>\n<\/li>\n<li data-start=\"2598\" data-end=\"2641\">\n<p data-start=\"2600\" data-end=\"2641\"><strong data-start=\"2600\" data-end=\"2634\">Maksymalna temperatura cieczy:<\/strong> 35\u00b0C<\/p>\n<\/li>\n<li data-start=\"2642\" data-end=\"2689\">\n<p data-start=\"2644\" data-end=\"2689\"><strong data-start=\"2644\" data-end=\"2674\">Maksymalna liczba start\u00f3w:<\/strong> 20 \/ godzin\u0119<\/p>\n<\/li>\n<li data-start=\"2690\" data-end=\"2736\">\n<p data-start=\"2692\" data-end=\"2736\"><strong data-start=\"2692\" data-end=\"2728\">Maksymalna g\u0142\u0119boko\u015b\u0107 zanurzenia:<\/strong> 100 m<\/p>\n<\/li>\n<li data-start=\"2737\" data-end=\"2765\">\n<p data-start=\"2739\" data-end=\"2765\"><strong data-start=\"2739\" data-end=\"2753\">Przy\u0142\u0105cze:<\/strong> DN50 \u2013 2\u2033<\/p>\n<\/li>\n<li data-start=\"2766\" data-end=\"2807\">\n<p data-start=\"2768\" data-end=\"2807\"><strong data-start=\"2768\" data-end=\"2799\">D\u0142ugo\u015b\u0107 kabla zasilaj\u0105cego:<\/strong> 1,5 m<\/p>\n<\/li>\n<li data-start=\"2808\" data-end=\"2829\">\n<p data-start=\"2810\" data-end=\"2829\"><strong data-start=\"2810\" data-end=\"2819\">Waga:<\/strong> 25,7 kg<\/p>\n<\/li>\n<\/ul>\n<hr data-start=\"2831\" data-end=\"2834\" \/>\n<h3 data-start=\"2836\" data-end=\"2863\"><strong data-start=\"2840\" data-end=\"2863\">Materia\u0142y wykonania<\/strong><\/h3>\n<ul data-start=\"2864\" data-end=\"3141\">\n<li data-start=\"2864\" data-end=\"2904\">\n<p data-start=\"2866\" data-end=\"2904\"><strong data-start=\"2866\" data-end=\"2894\">Kr\u00f3ciec ss\u0105cy \/ t\u0142oczny:<\/strong> mosi\u0105dz<\/p>\n<\/li>\n<li data-start=\"2905\" data-end=\"2946\">\n<p data-start=\"2907\" data-end=\"2946\"><strong data-start=\"2907\" data-end=\"2919\">Obudowa:<\/strong> stal nierdzewna AISI 304<\/p>\n<\/li>\n<li data-start=\"2947\" data-end=\"2992\">\n<p data-start=\"2949\" data-end=\"2992\"><strong data-start=\"2949\" data-end=\"2965\">Wa\u0142 i rotor:<\/strong> stal nierdzewna AISI 304<\/p>\n<\/li>\n<li data-start=\"2993\" data-end=\"3020\">\n<p data-start=\"2995\" data-end=\"3020\"><strong data-start=\"2995\" data-end=\"3006\">Wirnik:<\/strong> polimer PPO<\/p>\n<\/li>\n<li data-start=\"3021\" data-end=\"3049\">\n<p data-start=\"3023\" data-end=\"3049\"><strong data-start=\"3023\" data-end=\"3035\">Dyfuzor:<\/strong> polimer PPO<\/p>\n<\/li>\n<li data-start=\"3050\" data-end=\"3105\">\n<p data-start=\"3052\" data-end=\"3105\"><strong data-start=\"3052\" data-end=\"3082\">Uszczelnienie mechaniczne:<\/strong> ceramika \/ SiC \/ NBR<\/p>\n<\/li>\n<li data-start=\"3106\" data-end=\"3141\">\n<p data-start=\"3108\" data-end=\"3141\"><strong data-start=\"3108\" data-end=\"3131\">Ch\u0142odzenie silnika:<\/strong> olejowe<\/p>\n<\/li>\n<\/ul>\n<hr data-start=\"3143\" data-end=\"3146\" \/>\n<h3 data-start=\"3148\" data-end=\"3170\"><strong data-start=\"3152\" data-end=\"3168\">Podsumowanie<\/strong><\/h3>\n<p data-start=\"3171\" data-end=\"3426\"><strong data-start=\"3171\" data-end=\"3205\">IBO 4\u2033 SD 6-14 (2,2 kW, 400 V)<\/strong> to wydajna, trwa\u0142a i odporna na piasek pompa g\u0142\u0119binowa do profesjonalnych zastosowa\u0144 w domu, gospodarstwie, nawadnianiu i przemy\u015ble. Du\u017ca moc, wysoka wydajno\u015b\u0107 i solidna konstrukcja czyni\u0105 j\u0105 sprz\u0119tem klasy premium \ud83d\udca7\u2699\ufe0f.<\/p>\n","protected":false},"excerpt":{"rendered":"<p><strong>Wydajna pompa do g\u0142\u0119bokich studni \u2013 mocna i niezawodna, bez kabla w zestawie, co pozwala na dob\u00f3r przewodu wed\u0142ug potrzeb.<\/strong><\/p>\n","protected":false},"featured_media":4712,"template":"","meta":{"_kad_blocks_custom_css":"","_kad_blocks_head_custom_js":"","_kad_blocks_body_custom_js":"","_kad_blocks_footer_custom_js":"","_kad_post_transparent":"default","_kad_post_title":"","_kad_post_layout":"default","_kad_post_sidebar_id":"","_kad_post_content_style":"default","_kad_post_vertical_padding":"default","_kad_post_feature":"","_kad_post_feature_position":"","_kad_post_header":false,"_kad_post_footer":false,"_kad_post_classname":""},"product_brand":[120],"product_cat":[254],"product_tag":[],"class_list":{"0":"post-4704","1":"product","2":"type-product","3":"status-publish","4":"has-post-thumbnail","6":"product_brand-ibo","7":"product_cat-pompy-glebinowe","8":"product_shipping_class-drobnica","10":"first","11":"instock","12":"taxable","13":"shipping-taxable","14":"purchasable","15":"product-type-simple","16":"entry","17":"content-bg","18":"loop-entry"},"taxonomy_info":{"product_brand":[{"value":120,"label":"Ibo"}],"product_cat":[{"value":254,"label":"Pompy g\u0142\u0119binowe"}]},"featured_image_src_large":["https:\/\/e-systemygrzewcze.eu\/sklep\/wp-content\/uploads\/2025\/08\/Nowy-projekt-2025-08-22T120033.599.jpg",510,578,false],"author_info":[],"comment_info":"","_links":{"self":[{"href":"https:\/\/e-systemygrzewcze.eu\/sklep\/wp-json\/wp\/v2\/product\/4704","targetHints":{"allow":["GET"]}}],"collection":[{"href":"https:\/\/e-systemygrzewcze.eu\/sklep\/wp-json\/wp\/v2\/product"}],"about":[{"href":"https:\/\/e-systemygrzewcze.eu\/sklep\/wp-json\/wp\/v2\/types\/product"}],"wp:featuredmedia":[{"embeddable":true,"href":"https:\/\/e-systemygrzewcze.eu\/sklep\/wp-json\/wp\/v2\/media\/4712"}],"wp:attachment":[{"href":"https:\/\/e-systemygrzewcze.eu\/sklep\/wp-json\/wp\/v2\/media?parent=4704"}],"wp:term":[{"taxonomy":"product_brand","embeddable":true,"href":"https:\/\/e-systemygrzewcze.eu\/sklep\/wp-json\/wp\/v2\/product_brand?post=4704"},{"taxonomy":"product_cat","embeddable":true,"href":"https:\/\/e-systemygrzewcze.eu\/sklep\/wp-json\/wp\/v2\/product_cat?post=4704"},{"taxonomy":"product_tag","embeddable":true,"href":"https:\/\/e-systemygrzewcze.eu\/sklep\/wp-json\/wp\/v2\/product_tag?post=4704"}],"curies":[{"name":"wp","href":"https:\/\/api.w.org\/{rel}","templated":true}]}}