{"id":4702,"date":"2025-08-22T08:18:00","date_gmt":"2025-08-22T08:18:00","guid":{"rendered":"https:\/\/e-systemygrzewcze.eu\/sklep\/produkt\/ibo-pompa-glebinowa-4-sd-6-14-22kw-230v\/"},"modified":"2026-03-30T10:20:30","modified_gmt":"2026-03-30T10:20:30","slug":"ibo-pompa-glebinowa-4-sd-6-14-22kw-230v","status":"publish","type":"product","link":"https:\/\/e-systemygrzewcze.eu\/sklep\/produkt\/ibo-pompa-glebinowa-4-sd-6-14-22kw-230v\/","title":{"rendered":"IBO Pompa g\u0142\u0119binowa 4&#8243; SD 6-14 (2,2KW 230V)"},"content":{"rendered":"<h2 data-start=\"184\" data-end=\"248\">\u00a0IBO Pompa g\u0142\u0119binowa 4\u2033 SD 6\u201114 (2,2 kW, 230 V) antypiaskowa<\/h2>\n<p data-start=\"273\" data-end=\"665\">Pompa g\u0142\u0119binowa IBO 4\u2033 SD 6\u201114 to bardzo wydajna, wielostopniowa pompa antypiaskowa zasilana jednofazowo 230 V, przeznaczona do zaopatrywania w wod\u0119 dom\u00f3w jednorodzinnych, gospodarstw rolnych oraz instalacji nawadniaj\u0105cych. Model ten wyr\u00f3\u017cnia si\u0119 du\u017c\u0105 moc\u0105 2,2 kW, wysok\u0105 wydajno\u015bci\u0105 oraz imponuj\u0105c\u0105 wysoko\u015bci\u0105 podnoszenia, dzi\u0119ki czemu doskonale sprawdza si\u0119 r\u00f3wnie\u017c w g\u0142\u0119bokich studniach.<\/p>\n<p data-start=\"667\" data-end=\"922\">Zastosowanie p\u0142ywaj\u0105cych wirnik\u00f3w zapewnia zwi\u0119kszon\u0105 odporno\u015b\u0107 na obecno\u015b\u0107 piasku (do 5%), a kompaktowa \u015brednica 98 mm umo\u017cliwia monta\u017c w wi\u0119kszo\u015bci standardowych odwiert\u00f3w. Pompa przeznaczona jest do pompowania czystej, zimnej wody, r\u00f3wnie\u017c wody pitnej.<\/p>\n<hr data-start=\"924\" data-end=\"927\" \/>\n<h3 data-start=\"929\" data-end=\"950\">\ud83c\udfe0 Zastosowanie<\/h3>\n<ul data-start=\"951\" data-end=\"1183\">\n<li data-start=\"951\" data-end=\"996\">\n<p data-start=\"953\" data-end=\"996\">Zaopatrzenie budynk\u00f3w mieszkalnych w wod\u0119<\/p>\n<\/li>\n<li data-start=\"997\" data-end=\"1033\">\n<p data-start=\"999\" data-end=\"1033\">Zasilanie zestaw\u00f3w hydroforowych<\/p>\n<\/li>\n<li data-start=\"1034\" data-end=\"1085\">\n<p data-start=\"1036\" data-end=\"1085\">Nawadnianie ogrodu, dzia\u0142ki i teren\u00f3w zielonych<\/p>\n<\/li>\n<li data-start=\"1086\" data-end=\"1108\">\n<p data-start=\"1088\" data-end=\"1108\">Gospodarstwa rolne<\/p>\n<\/li>\n<li data-start=\"1109\" data-end=\"1145\">\n<p data-start=\"1111\" data-end=\"1145\">Oczka wodne, stawy i odwodnienia<\/p>\n<\/li>\n<li data-start=\"1146\" data-end=\"1183\">\n<p data-start=\"1148\" data-end=\"1183\">Instalacje wodoci\u0105gowe i u\u017cytkowe<\/p>\n<\/li>\n<\/ul>\n<hr data-start=\"1185\" data-end=\"1188\" \/>\n<h3 data-start=\"1190\" data-end=\"1213\">\u2b50 Zalety produktu<\/h3>\n<ul data-start=\"1214\" data-end=\"1767\">\n<li data-start=\"1214\" data-end=\"1280\">\n<p data-start=\"1216\" data-end=\"1280\">Wysoka moc 2,2 kW zapewniaj\u0105ca du\u017c\u0105 wydajno\u015b\u0107 i stabiln\u0105 prac\u0119<\/p>\n<\/li>\n<li data-start=\"1281\" data-end=\"1337\">\n<p data-start=\"1283\" data-end=\"1337\">Bardzo du\u017ca wysoko\u015b\u0107 podnoszenia \u2013 do 103 m (10 bar)<\/p>\n<\/li>\n<li data-start=\"1338\" data-end=\"1364\">\n<p data-start=\"1340\" data-end=\"1364\">Wydajno\u015b\u0107 do 162 l\/min<\/p>\n<\/li>\n<li data-start=\"1365\" data-end=\"1429\">\n<p data-start=\"1367\" data-end=\"1429\">Antypiaskowa konstrukcja \u2013 odporno\u015b\u0107 do 5% zawarto\u015bci piasku<\/p>\n<\/li>\n<li data-start=\"1430\" data-end=\"1479\">\n<p data-start=\"1432\" data-end=\"1479\">P\u0142ywaj\u0105ce wirniki zwi\u0119kszaj\u0105ce trwa\u0142o\u015b\u0107 pompy<\/p>\n<\/li>\n<li data-start=\"1480\" data-end=\"1542\">\n<p data-start=\"1482\" data-end=\"1542\">Zasilanie jednofazowe 230 V \u2013 bez potrzeby stosowania si\u0142y<\/p>\n<\/li>\n<li data-start=\"1543\" data-end=\"1613\">\n<p data-start=\"1545\" data-end=\"1613\">Kompaktowa \u015brednica 98 mm \u2013 \u0142atwy monta\u017c w standardowych studniach<\/p>\n<\/li>\n<li data-start=\"1614\" data-end=\"1650\">\n<p data-start=\"1616\" data-end=\"1650\">Mo\u017cliwo\u015b\u0107 pompowania wody pitnej<\/p>\n<\/li>\n<li data-start=\"1651\" data-end=\"1677\">\n<p data-start=\"1653\" data-end=\"1677\">Cicha i stabilna praca<\/p>\n<\/li>\n<li data-start=\"1678\" data-end=\"1711\">\n<p data-start=\"1680\" data-end=\"1711\">Puszka rozruchowa w komplecie<\/p>\n<\/li>\n<li data-start=\"1712\" data-end=\"1767\">\n<p data-start=\"1714\" data-end=\"1767\">Przew\u00f3d zasilaj\u0105cy 1,5 m z mo\u017cliwo\u015bci\u0105 przed\u0142u\u017cenia<\/p>\n<\/li>\n<\/ul>\n<hr data-start=\"1769\" data-end=\"1772\" \/>\n<h3 data-start=\"1774\" data-end=\"1801\">\u26a0\ufe0f Zalecenia u\u017cytkowe<\/h3>\n<p data-start=\"1802\" data-end=\"1994\">Ze wzgl\u0119du na bardzo wysok\u0105 wydajno\u015b\u0107, pomp\u0119 zaleca si\u0119 stosowa\u0107 wy\u0142\u0105cznie w zasobnych uj\u0119ciach wody. Zbyt szybkie obni\u017canie poziomu cieczy mo\u017ce prowadzi\u0107 do zapowietrzenia i pracy na sucho.<\/p>\n<p data-start=\"1996\" data-end=\"2065\">Dla pe\u0142nej ochrony i d\u0142ugiej \u017cywotno\u015bci zalecane jest zastosowanie:<\/p>\n<ul data-start=\"2066\" data-end=\"2245\">\n<li data-start=\"2066\" data-end=\"2102\">\n<p data-start=\"2068\" data-end=\"2102\">kontrolera suchobiegu (np. M21),<\/p>\n<\/li>\n<li data-start=\"2103\" data-end=\"2124\">\n<p data-start=\"2105\" data-end=\"2124\">zaworu zwrotnego,<\/p>\n<\/li>\n<li data-start=\"2125\" data-end=\"2150\">\n<p data-start=\"2127\" data-end=\"2150\">stalowej liny no\u015bnej,<\/p>\n<\/li>\n<li data-start=\"2151\" data-end=\"2175\">\n<p data-start=\"2153\" data-end=\"2175\">g\u0142owicy studziennej,<\/p>\n<\/li>\n<li data-start=\"2176\" data-end=\"2245\">\n<p data-start=\"2178\" data-end=\"2245\">zbiornika hydroforowego lub wy\u0142\u0105cznika automatycznego (np. PC P10).<\/p>\n<\/li>\n<\/ul>\n<hr data-start=\"2247\" data-end=\"2250\" \/>\n<h3 data-start=\"2252\" data-end=\"2281\">\u2699\ufe0f Parametry techniczne<\/h3>\n<ul data-start=\"2282\" data-end=\"2703\">\n<li data-start=\"2282\" data-end=\"2306\">\n<p data-start=\"2284\" data-end=\"2306\"><strong data-start=\"2284\" data-end=\"2294\">Model:<\/strong>\u00a04 SD 6\u201114<\/p>\n<\/li>\n<li data-start=\"2307\" data-end=\"2341\">\n<p data-start=\"2309\" data-end=\"2341\"><strong data-start=\"2309\" data-end=\"2328\">\u015arednica pompy:<\/strong>\u00a04\u2033 \/ 98 mm<\/p>\n<\/li>\n<li data-start=\"2342\" data-end=\"2369\">\n<p data-start=\"2344\" data-end=\"2369\"><strong data-start=\"2344\" data-end=\"2360\">Moc silnika:<\/strong>\u00a02,2 kW<\/p>\n<\/li>\n<li data-start=\"2370\" data-end=\"2401\">\n<p data-start=\"2372\" data-end=\"2401\"><strong data-start=\"2372\" data-end=\"2386\">Zasilanie:<\/strong>\u00a01 \u00d7 230 V AC<\/p>\n<\/li>\n<li data-start=\"2402\" data-end=\"2433\">\n<p data-start=\"2404\" data-end=\"2433\"><strong data-start=\"2404\" data-end=\"2424\">Nat\u0119\u017cenie pr\u0105du:<\/strong>\u00a015,5 A<\/p>\n<\/li>\n<li data-start=\"2434\" data-end=\"2480\">\n<p data-start=\"2436\" data-end=\"2480\"><strong data-start=\"2436\" data-end=\"2472\">Maksymalna wysoko\u015b\u0107 podnoszenia:<\/strong>\u00a0103 m<\/p>\n<\/li>\n<li data-start=\"2481\" data-end=\"2520\">\n<p data-start=\"2483\" data-end=\"2520\"><strong data-start=\"2483\" data-end=\"2508\">Maksymalna wydajno\u015b\u0107:<\/strong>\u00a0162 l\/min<\/p>\n<\/li>\n<li data-start=\"2521\" data-end=\"2557\">\n<p data-start=\"2523\" data-end=\"2557\"><strong data-start=\"2523\" data-end=\"2548\">Maksymalne ci\u015bnienie:<\/strong>\u00a010 bar<\/p>\n<\/li>\n<li data-start=\"2558\" data-end=\"2588\">\n<p data-start=\"2560\" data-end=\"2588\"><strong data-start=\"2560\" data-end=\"2579\">Wysoko\u015b\u0107 pompy:<\/strong>\u00a0134 cm<\/p>\n<\/li>\n<li data-start=\"2589\" data-end=\"2623\">\n<p data-start=\"2591\" data-end=\"2623\"><strong data-start=\"2591\" data-end=\"2611\">Kr\u00f3ciec t\u0142oczny:<\/strong>\u00a0DN50 (2\u2033)<\/p>\n<\/li>\n<li data-start=\"2624\" data-end=\"2652\">\n<p data-start=\"2626\" data-end=\"2652\"><strong data-start=\"2626\" data-end=\"2644\">D\u0142ugo\u015b\u0107 kabla:<\/strong>\u00a01,5 m<\/p>\n<\/li>\n<li data-start=\"2653\" data-end=\"2672\">\n<p data-start=\"2655\" data-end=\"2672\"><strong data-start=\"2655\" data-end=\"2664\">Waga:<\/strong>\u00a021 kg<\/p>\n<\/li>\n<li data-start=\"2673\" data-end=\"2703\">\n<p data-start=\"2675\" data-end=\"2703\"><strong data-start=\"2675\" data-end=\"2697\">Puszka rozruchowa:<\/strong>\u00a0tak<\/p>\n<\/li>\n<\/ul>\n","protected":false},"excerpt":{"rendered":"<p><strong>IBO 4\u2033 SD 6\u201114 (2,2 kW, 230 V) to wyj\u0105tkowo wydajna i trwa\u0142a pompa g\u0142\u0119binowa antypiaskowa. \u0141\u0105czy du\u017c\u0105 moc, wysok\u0105 odporno\u015b\u0107 na piasek oraz bardzo wysok\u0105 wysoko\u015b\u0107 podnoszenia, zapewniaj\u0105c niezawodne zaopatrzenie w wod\u0119 w instalacjach domowych i rolniczych.<\/strong><\/p>\n","protected":false},"featured_media":4695,"template":"","meta":{"_kad_blocks_custom_css":"","_kad_blocks_head_custom_js":"","_kad_blocks_body_custom_js":"","_kad_blocks_footer_custom_js":"","_kad_post_transparent":"default","_kad_post_title":"","_kad_post_layout":"default","_kad_post_sidebar_id":"","_kad_post_content_style":"default","_kad_post_vertical_padding":"default","_kad_post_feature":"","_kad_post_feature_position":"","_kad_post_header":false,"_kad_post_footer":false,"_kad_post_classname":""},"product_brand":[120],"product_cat":[254],"product_tag":[],"class_list":{"0":"post-4702","1":"product","2":"type-product","3":"status-publish","4":"has-post-thumbnail","6":"product_brand-ibo","7":"product_cat-pompy-glebinowe","8":"product_shipping_class-drobnica","10":"first","11":"outofstock","12":"taxable","13":"shipping-taxable","14":"purchasable","15":"product-type-simple","16":"entry","17":"content-bg","18":"loop-entry"},"taxonomy_info":{"product_brand":[{"value":120,"label":"Ibo"}],"product_cat":[{"value":254,"label":"Pompy g\u0142\u0119binowe"}]},"featured_image_src_large":["https:\/\/e-systemygrzewcze.eu\/sklep\/wp-content\/uploads\/2025\/08\/Nowy-projekt-2025-08-22T091817.211.jpg",510,578,false],"author_info":[],"comment_info":"","_links":{"self":[{"href":"https:\/\/e-systemygrzewcze.eu\/sklep\/wp-json\/wp\/v2\/product\/4702","targetHints":{"allow":["GET"]}}],"collection":[{"href":"https:\/\/e-systemygrzewcze.eu\/sklep\/wp-json\/wp\/v2\/product"}],"about":[{"href":"https:\/\/e-systemygrzewcze.eu\/sklep\/wp-json\/wp\/v2\/types\/product"}],"wp:featuredmedia":[{"embeddable":true,"href":"https:\/\/e-systemygrzewcze.eu\/sklep\/wp-json\/wp\/v2\/media\/4695"}],"wp:attachment":[{"href":"https:\/\/e-systemygrzewcze.eu\/sklep\/wp-json\/wp\/v2\/media?parent=4702"}],"wp:term":[{"taxonomy":"product_brand","embeddable":true,"href":"https:\/\/e-systemygrzewcze.eu\/sklep\/wp-json\/wp\/v2\/product_brand?post=4702"},{"taxonomy":"product_cat","embeddable":true,"href":"https:\/\/e-systemygrzewcze.eu\/sklep\/wp-json\/wp\/v2\/product_cat?post=4702"},{"taxonomy":"product_tag","embeddable":true,"href":"https:\/\/e-systemygrzewcze.eu\/sklep\/wp-json\/wp\/v2\/product_tag?post=4702"}],"curies":[{"name":"wp","href":"https:\/\/api.w.org\/{rel}","templated":true}]}}