{"id":4701,"date":"2025-08-22T08:17:58","date_gmt":"2025-08-22T08:17:58","guid":{"rendered":"https:\/\/e-systemygrzewcze.eu\/sklep\/produkt\/ibo-pompa-glebinowa-4-sd-3-18-15kw-230v\/"},"modified":"2026-03-31T07:47:21","modified_gmt":"2026-03-31T07:47:21","slug":"ibo-pompa-glebinowa-4-sd-3-18-15kw-230v","status":"publish","type":"product","link":"https:\/\/e-systemygrzewcze.eu\/sklep\/produkt\/ibo-pompa-glebinowa-4-sd-3-18-15kw-230v\/","title":{"rendered":"IBO Pompa g\u0142\u0119binowa 4&#8243; SD 3-18 (1,5KW 230V)"},"content":{"rendered":"<h2 data-start=\"203\" data-end=\"267\">\u00a0IBO Pompa g\u0142\u0119binowa 4\u2033 SD 3\u201118 (1,5 kW, 230 V) antypiaskowa<\/h2>\n<p data-start=\"292\" data-end=\"677\">Pompa g\u0142\u0119binowa IBO 4\u2033 SD 3\u201118 to wydajna i trwa\u0142a, wielostopniowa pompa antypiaskowa zasilana jednofazowo 230 V, przeznaczona do zaopatrywania w wod\u0119 dom\u00f3w jednorodzinnych, gospodarstw rolnych oraz wymagaj\u0105cych instalacji u\u017cytkowych. Moc silnika 1,5 kW, bardzo wysoka wysoko\u015b\u0107 podnoszenia oraz stabilna wydajno\u015b\u0107 sprawiaj\u0105, \u017ce model ten doskonale sprawdza si\u0119 w g\u0142\u0119bokich studniach.<\/p>\n<p data-start=\"679\" data-end=\"1003\">Zastosowanie p\u0142ywaj\u0105cych wirnik\u00f3w zapewnia zwi\u0119kszon\u0105 odporno\u015b\u0107 na obecno\u015b\u0107 piasku (do 5%), co znacz\u0105co wyd\u0142u\u017ca \u017cywotno\u015b\u0107 pompy. Kompaktowa \u015brednica 98 mm umo\u017cliwia monta\u017c w wi\u0119kszo\u015bci standardowych odwiert\u00f3w o minimalnej \u015brednicy 4\u2033 (125 mm). Pompa przeznaczona jest do pompowania czystej, zimnej wody, r\u00f3wnie\u017c wody pitnej.<\/p>\n<hr data-start=\"1005\" data-end=\"1008\" \/>\n<h3 data-start=\"1010\" data-end=\"1031\">\ud83c\udfe0 Zastosowanie<\/h3>\n<ul data-start=\"1032\" data-end=\"1277\">\n<li data-start=\"1032\" data-end=\"1091\">\n<p data-start=\"1034\" data-end=\"1091\">Zaopatrzenie dom\u00f3w jednorodzinnych i gospodarstw w wod\u0119<\/p>\n<\/li>\n<li data-start=\"1092\" data-end=\"1128\">\n<p data-start=\"1094\" data-end=\"1128\">Zasilanie zestaw\u00f3w hydroforowych<\/p>\n<\/li>\n<li data-start=\"1129\" data-end=\"1179\">\n<p data-start=\"1131\" data-end=\"1179\">Nawadnianie ogrod\u00f3w, sad\u00f3w i teren\u00f3w zielonych<\/p>\n<\/li>\n<li data-start=\"1180\" data-end=\"1202\">\n<p data-start=\"1182\" data-end=\"1202\">Gospodarstwa rolne<\/p>\n<\/li>\n<li data-start=\"1203\" data-end=\"1239\">\n<p data-start=\"1205\" data-end=\"1239\">Zasilanie oczek wodnych i staw\u00f3w<\/p>\n<\/li>\n<li data-start=\"1240\" data-end=\"1277\">\n<p data-start=\"1242\" data-end=\"1277\">Instalacje przemys\u0142owe i u\u017cytkowe<\/p>\n<\/li>\n<\/ul>\n<hr data-start=\"1279\" data-end=\"1282\" \/>\n<h3 data-start=\"1284\" data-end=\"1307\">\u2b50 Zalety produktu<\/h3>\n<ul data-start=\"1308\" data-end=\"1899\">\n<li data-start=\"1308\" data-end=\"1366\">\n<p data-start=\"1310\" data-end=\"1366\">Mocny silnik o mocy 1,5 kW zapewniaj\u0105cy stabiln\u0105 prac\u0119<\/p>\n<\/li>\n<li data-start=\"1367\" data-end=\"1425\">\n<p data-start=\"1369\" data-end=\"1425\">Bardzo du\u017ca wysoko\u015b\u0107 podnoszenia \u2013 do 135 m (13,5 bar)<\/p>\n<\/li>\n<li data-start=\"1426\" data-end=\"1451\">\n<p data-start=\"1428\" data-end=\"1451\">Wydajno\u015b\u0107 do 94 l\/min<\/p>\n<\/li>\n<li data-start=\"1452\" data-end=\"1516\">\n<p data-start=\"1454\" data-end=\"1516\">Antypiaskowa konstrukcja \u2013 odporno\u015b\u0107 do 5% zawarto\u015bci piasku<\/p>\n<\/li>\n<li data-start=\"1517\" data-end=\"1575\">\n<p data-start=\"1519\" data-end=\"1575\">P\u0142ywaj\u0105ce wirniki zwi\u0119kszaj\u0105ce trwa\u0142o\u015b\u0107 i niezawodno\u015b\u0107<\/p>\n<\/li>\n<li data-start=\"1576\" data-end=\"1642\">\n<p data-start=\"1578\" data-end=\"1642\">Zasilanie jednofazowe 230 V \u2013 bez konieczno\u015bci stosowania si\u0142y<\/p>\n<\/li>\n<li data-start=\"1643\" data-end=\"1712\">\n<p data-start=\"1645\" data-end=\"1712\">Niewielka \u015brednica 98 mm \u2013 \u0142atwy monta\u017c w standardowych studniach<\/p>\n<\/li>\n<li data-start=\"1713\" data-end=\"1749\">\n<p data-start=\"1715\" data-end=\"1749\">Mo\u017cliwo\u015b\u0107 pompowania wody pitnej<\/p>\n<\/li>\n<li data-start=\"1750\" data-end=\"1809\">\n<p data-start=\"1752\" data-end=\"1809\">Solidne materia\u0142y wykonania \u2013 stal nierdzewna i mosi\u0105dz<\/p>\n<\/li>\n<li data-start=\"1810\" data-end=\"1843\">\n<p data-start=\"1812\" data-end=\"1843\">Puszka rozruchowa w komplecie<\/p>\n<\/li>\n<li data-start=\"1844\" data-end=\"1899\">\n<p data-start=\"1846\" data-end=\"1899\">Przew\u00f3d zasilaj\u0105cy 1,5 m z mo\u017cliwo\u015bci\u0105 przed\u0142u\u017cenia<\/p>\n<\/li>\n<\/ul>\n<hr data-start=\"1901\" data-end=\"1904\" \/>\n<h3 data-start=\"1906\" data-end=\"1933\">\u26a0\ufe0f Zalecenia u\u017cytkowe<\/h3>\n<p data-start=\"1934\" data-end=\"2021\">Dla zapewnienia bezpiecznej pracy i ochrony przed suchobiegiem zaleca si\u0119 stosowanie:<\/p>\n<ul data-start=\"2022\" data-end=\"2191\">\n<li data-start=\"2022\" data-end=\"2059\">\n<p data-start=\"2024\" data-end=\"2059\">kontrolera pracy pompy (np. M21),<\/p>\n<\/li>\n<li data-start=\"2060\" data-end=\"2081\">\n<p data-start=\"2062\" data-end=\"2081\">zaworu zwrotnego,<\/p>\n<\/li>\n<li data-start=\"2082\" data-end=\"2107\">\n<p data-start=\"2084\" data-end=\"2107\">stalowej liny no\u015bnej,<\/p>\n<\/li>\n<li data-start=\"2108\" data-end=\"2132\">\n<p data-start=\"2110\" data-end=\"2132\">g\u0142owicy studziennej,<\/p>\n<\/li>\n<li data-start=\"2133\" data-end=\"2191\">\n<p data-start=\"2135\" data-end=\"2191\">zbiornika hydroforowego lub wy\u0142\u0105cznika automatycznego.<\/p>\n<\/li>\n<\/ul>\n<p data-start=\"2193\" data-end=\"2261\">Rozwi\u0105zania te zwi\u0119kszaj\u0105 trwa\u0142o\u015b\u0107 urz\u0105dzenia i komfort u\u017cytkowania.<\/p>\n<hr data-start=\"2263\" data-end=\"2266\" \/>\n<h3 data-start=\"2268\" data-end=\"2297\">\u2699\ufe0f Parametry techniczne<\/h3>\n<ul data-start=\"2298\" data-end=\"2770\">\n<li data-start=\"2298\" data-end=\"2322\">\n<p data-start=\"2300\" data-end=\"2322\"><strong data-start=\"2300\" data-end=\"2310\">Model:<\/strong>\u00a04 SD 3\u201118<\/p>\n<\/li>\n<li data-start=\"2323\" data-end=\"2357\">\n<p data-start=\"2325\" data-end=\"2357\"><strong data-start=\"2325\" data-end=\"2344\">\u015arednica pompy:<\/strong>\u00a04\u2033 \/ 98 mm<\/p>\n<\/li>\n<li data-start=\"2358\" data-end=\"2406\">\n<p data-start=\"2360\" data-end=\"2406\"><strong data-start=\"2360\" data-end=\"2392\">Minimalna \u015brednica odwiertu:<\/strong>\u00a04\u2033 \/ 125 mm<\/p>\n<\/li>\n<li data-start=\"2407\" data-end=\"2434\">\n<p data-start=\"2409\" data-end=\"2434\"><strong data-start=\"2409\" data-end=\"2425\">Moc silnika:<\/strong>\u00a01,5 kW<\/p>\n<\/li>\n<li data-start=\"2435\" data-end=\"2466\">\n<p data-start=\"2437\" data-end=\"2466\"><strong data-start=\"2437\" data-end=\"2451\">Zasilanie:<\/strong>\u00a01 \u00d7 230 V AC<\/p>\n<\/li>\n<li data-start=\"2467\" data-end=\"2498\">\n<p data-start=\"2469\" data-end=\"2498\"><strong data-start=\"2469\" data-end=\"2489\">Nat\u0119\u017cenie pr\u0105du:<\/strong>\u00a010,5 A<\/p>\n<\/li>\n<li data-start=\"2499\" data-end=\"2545\">\n<p data-start=\"2501\" data-end=\"2545\"><strong data-start=\"2501\" data-end=\"2537\">Maksymalna wysoko\u015b\u0107 podnoszenia:<\/strong>\u00a0135 m<\/p>\n<\/li>\n<li data-start=\"2546\" data-end=\"2584\">\n<p data-start=\"2548\" data-end=\"2584\"><strong data-start=\"2548\" data-end=\"2573\">Maksymalna wydajno\u015b\u0107:<\/strong>\u00a094 l\/min<\/p>\n<\/li>\n<li data-start=\"2585\" data-end=\"2623\">\n<p data-start=\"2587\" data-end=\"2623\"><strong data-start=\"2587\" data-end=\"2612\">Maksymalne ci\u015bnienie:<\/strong>\u00a013,5 bar<\/p>\n<\/li>\n<li data-start=\"2624\" data-end=\"2654\">\n<p data-start=\"2626\" data-end=\"2654\"><strong data-start=\"2626\" data-end=\"2645\">Wysoko\u015b\u0107 pompy:<\/strong>\u00a0126 cm<\/p>\n<\/li>\n<li data-start=\"2655\" data-end=\"2690\">\n<p data-start=\"2657\" data-end=\"2690\"><strong data-start=\"2657\" data-end=\"2677\">Kr\u00f3ciec t\u0142oczny:<\/strong>\u00a0DN40 (1\u00bd\u2033)<\/p>\n<\/li>\n<li data-start=\"2691\" data-end=\"2719\">\n<p data-start=\"2693\" data-end=\"2719\"><strong data-start=\"2693\" data-end=\"2711\">D\u0142ugo\u015b\u0107 kabla:<\/strong>\u00a01,5 m<\/p>\n<\/li>\n<li data-start=\"2720\" data-end=\"2739\">\n<p data-start=\"2722\" data-end=\"2739\"><strong data-start=\"2722\" data-end=\"2731\">Waga:<\/strong>\u00a019 kg<\/p>\n<\/li>\n<li data-start=\"2740\" data-end=\"2770\">\n<p data-start=\"2742\" data-end=\"2770\"><strong data-start=\"2742\" data-end=\"2764\">Puszka rozruchowa:<\/strong>\u00a0tak<\/p>\n<\/li>\n<\/ul>\n","protected":false},"excerpt":{"rendered":"<p><strong>IBO 4\u2033 SD 3\u201118 (1,5 kW, 230 V) to solidna, wydajna i odporna na piasek pompa g\u0142\u0119binowa. Bardzo du\u017ca wysoko\u015b\u0107 podnoszenia, trwa\u0142a konstrukcja i jednofazowe zasilanie sprawiaj\u0105, \u017ce jest to jeden z najlepszych modeli w swojej klasie do zastosowa\u0144 domowych i rolniczych.<\/strong><\/p>\n","protected":false},"featured_media":4708,"template":"","meta":{"_kad_blocks_custom_css":"","_kad_blocks_head_custom_js":"","_kad_blocks_body_custom_js":"","_kad_blocks_footer_custom_js":"","_kad_post_transparent":"default","_kad_post_title":"","_kad_post_layout":"default","_kad_post_sidebar_id":"","_kad_post_content_style":"default","_kad_post_vertical_padding":"default","_kad_post_feature":"","_kad_post_feature_position":"","_kad_post_header":false,"_kad_post_footer":false,"_kad_post_classname":""},"product_brand":[120],"product_cat":[254],"product_tag":[],"class_list":{"0":"post-4701","1":"product","2":"type-product","3":"status-publish","4":"has-post-thumbnail","6":"product_brand-ibo","7":"product_cat-pompy-glebinowe","8":"product_shipping_class-drobnica","10":"first","11":"instock","12":"taxable","13":"shipping-taxable","14":"purchasable","15":"product-type-simple","16":"entry","17":"content-bg","18":"loop-entry"},"taxonomy_info":{"product_brand":[{"value":120,"label":"Ibo"}],"product_cat":[{"value":254,"label":"Pompy g\u0142\u0119binowe"}]},"featured_image_src_large":["https:\/\/e-systemygrzewcze.eu\/sklep\/wp-content\/uploads\/2025\/08\/Nowy-projekt-2025-08-22T102542.610.jpg",510,578,false],"author_info":[],"comment_info":"","_links":{"self":[{"href":"https:\/\/e-systemygrzewcze.eu\/sklep\/wp-json\/wp\/v2\/product\/4701","targetHints":{"allow":["GET"]}}],"collection":[{"href":"https:\/\/e-systemygrzewcze.eu\/sklep\/wp-json\/wp\/v2\/product"}],"about":[{"href":"https:\/\/e-systemygrzewcze.eu\/sklep\/wp-json\/wp\/v2\/types\/product"}],"wp:featuredmedia":[{"embeddable":true,"href":"https:\/\/e-systemygrzewcze.eu\/sklep\/wp-json\/wp\/v2\/media\/4708"}],"wp:attachment":[{"href":"https:\/\/e-systemygrzewcze.eu\/sklep\/wp-json\/wp\/v2\/media?parent=4701"}],"wp:term":[{"taxonomy":"product_brand","embeddable":true,"href":"https:\/\/e-systemygrzewcze.eu\/sklep\/wp-json\/wp\/v2\/product_brand?post=4701"},{"taxonomy":"product_cat","embeddable":true,"href":"https:\/\/e-systemygrzewcze.eu\/sklep\/wp-json\/wp\/v2\/product_cat?post=4701"},{"taxonomy":"product_tag","embeddable":true,"href":"https:\/\/e-systemygrzewcze.eu\/sklep\/wp-json\/wp\/v2\/product_tag?post=4701"}],"curies":[{"name":"wp","href":"https:\/\/api.w.org\/{rel}","templated":true}]}}