{"id":4676,"date":"2025-08-22T05:34:26","date_gmt":"2025-08-22T05:34:26","guid":{"rendered":"https:\/\/e-systemygrzewcze.eu\/sklep\/produkt\/ibo-pompa-glebinowa-3-sdm-33-11kw-230v\/"},"modified":"2026-03-31T07:58:53","modified_gmt":"2026-03-31T07:58:53","slug":"ibo-pompa-glebinowa-3-sdm-33-11kw-230v","status":"publish","type":"product","link":"https:\/\/e-systemygrzewcze.eu\/sklep\/produkt\/ibo-pompa-glebinowa-3-sdm-33-11kw-230v\/","title":{"rendered":"IBO Pompa g\u0142\u0119binowa 3&#8243; SDM 33 (1,1KW 230V)"},"content":{"rendered":"<h2 data-start=\"226\" data-end=\"289\">IBO Pompa g\u0142\u0119binowa 3\u2033 SDM 33 (1,1 kW, 230 V) antypiaskowa<\/h2>\n<p data-start=\"314\" data-end=\"625\">Pompa g\u0142\u0119binowa IBO 3\u2033 SDM 33 w wersji jednofazowej 230 V to kompaktowa, wielostopniowa pompa antypiaskowa przeznaczona do pracy w tradycyjnych studniach g\u0142\u0119binowych oraz w\u0105skich odwiertach. Dzi\u0119ki niewielkiej \u015brednicy 3\u2033 (75 mm) doskonale sprawdza si\u0119 tam, gdzie monta\u017c standardowych pomp 4\u2033 jest niemo\u017cliwy.<\/p>\n<p data-start=\"627\" data-end=\"877\">Zastosowanie p\u0142ywaj\u0105cych wirnik\u00f3w zapewnia wysok\u0105 odporno\u015b\u0107 na obecno\u015b\u0107 piasku w wodzie oraz stabiln\u0105, d\u0142ugotrwa\u0142\u0105 prac\u0119. Pompa mo\u017ce t\u0142oczy\u0107 zar\u00f3wno wod\u0119 u\u017cytkow\u0105, jak i pitn\u0105, a dodatkowym atutem jest mo\u017cliwo\u015b\u0107 pracy z wod\u0105 o temperaturze do 35\u00b0C.<\/p>\n<p data-start=\"879\" data-end=\"1142\">Silnik o mocy 1,1 kW umo\u017cliwia uzyskanie bardzo du\u017cej wysoko\u015bci podnoszenia \u2013 a\u017c do 117 m, przy wydajno\u015bci do 70 l\/min. Cicha praca i solidna konstrukcja sprawiaj\u0105, \u017ce model SDM 33 jest uniwersalnym rozwi\u0105zaniem do zastosowa\u0144 domowych, ogrodowych oraz u\u017cytkowych.<\/p>\n<hr data-start=\"1144\" data-end=\"1147\" \/>\n<h3 data-start=\"1149\" data-end=\"1170\">\ud83c\udfe0 Zastosowanie<\/h3>\n<ul data-start=\"1171\" data-end=\"1415\">\n<li data-start=\"1171\" data-end=\"1234\">\n<p data-start=\"1173\" data-end=\"1234\">Zasilanie instalacji wodoci\u0105gowych w domach jednorodzinnych<\/p>\n<\/li>\n<li data-start=\"1235\" data-end=\"1274\">\n<p data-start=\"1237\" data-end=\"1274\">Obiekty przemys\u0142owe i rzemie\u015blnicze<\/p>\n<\/li>\n<li data-start=\"1275\" data-end=\"1335\">\n<p data-start=\"1277\" data-end=\"1335\">Systemy nawadniania ogrod\u00f3w, dzia\u0142ek i teren\u00f3w zielonych<\/p>\n<\/li>\n<li data-start=\"1336\" data-end=\"1384\">\n<p data-start=\"1338\" data-end=\"1384\">Zasilanie staw\u00f3w, oczek wodnych i zbiornik\u00f3w<\/p>\n<\/li>\n<li data-start=\"1385\" data-end=\"1415\">\n<p data-start=\"1387\" data-end=\"1415\">Ma\u0142e i \u015brednie uj\u0119cia wody<\/p>\n<\/li>\n<\/ul>\n<hr data-start=\"1417\" data-end=\"1420\" \/>\n<h3 data-start=\"1422\" data-end=\"1445\">\u2b50 Zalety produktu<\/h3>\n<ul data-start=\"1446\" data-end=\"1946\">\n<li data-start=\"1446\" data-end=\"1498\">\n<p data-start=\"1448\" data-end=\"1498\">Antypiaskowa konstrukcja z p\u0142ywaj\u0105cymi wirnikami<\/p>\n<\/li>\n<li data-start=\"1499\" data-end=\"1561\">\n<p data-start=\"1501\" data-end=\"1561\">Kompaktowa \u015brednica 3\u2033 (75 mm) \u2013 idealna do w\u0105skich studni<\/p>\n<\/li>\n<li data-start=\"1562\" data-end=\"1612\">\n<p data-start=\"1564\" data-end=\"1612\">Jednofazowe zasilanie 230 V \u2013 \u0142atwa instalacja<\/p>\n<\/li>\n<li data-start=\"1613\" data-end=\"1662\">\n<p data-start=\"1615\" data-end=\"1662\">Moc 1,1 kW \u2013 bardzo du\u017ca wysoko\u015b\u0107 podnoszenia<\/p>\n<\/li>\n<li data-start=\"1663\" data-end=\"1707\">\n<p data-start=\"1665\" data-end=\"1707\">Wysoko\u015b\u0107 podnoszenia do 117 m (11,7 bar)<\/p>\n<\/li>\n<li data-start=\"1708\" data-end=\"1733\">\n<p data-start=\"1710\" data-end=\"1733\">Wydajno\u015b\u0107 do 70 l\/min<\/p>\n<\/li>\n<li data-start=\"1734\" data-end=\"1786\">\n<p data-start=\"1736\" data-end=\"1786\">Mo\u017cliwo\u015b\u0107 pompowania wody o temperaturze do 35\u00b0C<\/p>\n<\/li>\n<li data-start=\"1787\" data-end=\"1813\">\n<p data-start=\"1789\" data-end=\"1813\">Cicha i stabilna praca<\/p>\n<\/li>\n<li data-start=\"1814\" data-end=\"1888\">\n<p data-start=\"1816\" data-end=\"1888\">Fabryczny przew\u00f3d zasilaj\u0105cy 1 m \u2013 mo\u017cliwo\u015b\u0107 bezpiecznego przed\u0142u\u017cenia<\/p>\n<\/li>\n<li data-start=\"1889\" data-end=\"1946\">\n<p data-start=\"1891\" data-end=\"1946\">Trwa\u0142a konstrukcja odporna na intensywn\u0105 eksploatacj\u0119<\/p>\n<\/li>\n<\/ul>\n<hr data-start=\"1948\" data-end=\"1951\" \/>\n<h3 data-start=\"1953\" data-end=\"1980\">\u26a0\ufe0f Zalecenia u\u017cytkowe<\/h3>\n<p data-start=\"1981\" data-end=\"2062\">Dla zapewnienia bezpiecznej i d\u0142ugotrwa\u0142ej pracy pompy zaleca si\u0119 zastosowanie:<\/p>\n<ul data-start=\"2063\" data-end=\"2396\">\n<li data-start=\"2063\" data-end=\"2116\">\n<p data-start=\"2065\" data-end=\"2116\">zaworu zwrotnego \u2013 zapobieganie cofaniu si\u0119 wody,<\/p>\n<\/li>\n<li data-start=\"2117\" data-end=\"2183\">\n<p data-start=\"2119\" data-end=\"2183\">g\u0142owicy studziennej \u2013 ochrona uj\u0119cia przed zanieczyszczeniami,<\/p>\n<\/li>\n<li data-start=\"2184\" data-end=\"2245\">\n<p data-start=\"2186\" data-end=\"2245\">stalowej liny z zaciskami \u2013 bezpieczne zawieszenie pompy,<\/p>\n<\/li>\n<li data-start=\"2246\" data-end=\"2325\">\n<p data-start=\"2248\" data-end=\"2325\">sterownika (np. PROTO X) \u2013 ochrona przed suchobiegiem i wahaniami napi\u0119cia,<\/p>\n<\/li>\n<li data-start=\"2326\" data-end=\"2396\">\n<p data-start=\"2328\" data-end=\"2396\">centralizatora \/ amortyzatora momentu obrotowego \u2013 redukcja drga\u0144.<\/p>\n<\/li>\n<\/ul>\n<p data-start=\"2398\" data-end=\"2556\">Pompa mo\u017ce wsp\u00f3\u0142pracowa\u0107 ze zbiornikiem hydroforowym lub wy\u0142\u0105cznikiem automatycznym (np. Water\u2011Pass IPRO), co pozwala na pe\u0142n\u0105 automatyzacj\u0119 pracy instalacji.<\/p>\n<hr data-start=\"2558\" data-end=\"2561\" \/>\n<h3 data-start=\"2563\" data-end=\"2592\">\u2699\ufe0f Parametry techniczne<\/h3>\n<ul data-start=\"2593\" data-end=\"2950\">\n<li data-start=\"2593\" data-end=\"2614\">\n<p data-start=\"2595\" data-end=\"2614\"><strong data-start=\"2595\" data-end=\"2605\">Model:<\/strong>\u00a0SDM 33<\/p>\n<\/li>\n<li data-start=\"2615\" data-end=\"2649\">\n<p data-start=\"2617\" data-end=\"2649\"><strong data-start=\"2617\" data-end=\"2636\">\u015arednica pompy:<\/strong>\u00a03\u2033 \/ 75 mm<\/p>\n<\/li>\n<li data-start=\"2650\" data-end=\"2677\">\n<p data-start=\"2652\" data-end=\"2677\"><strong data-start=\"2652\" data-end=\"2668\">Moc silnika:<\/strong>\u00a01,1 kW<\/p>\n<\/li>\n<li data-start=\"2678\" data-end=\"2716\">\n<p data-start=\"2680\" data-end=\"2716\"><strong data-start=\"2680\" data-end=\"2694\">Zasilanie:<\/strong>\u00a0230 V (jednofazowe)<\/p>\n<\/li>\n<li data-start=\"2717\" data-end=\"2763\">\n<p data-start=\"2719\" data-end=\"2763\"><strong data-start=\"2719\" data-end=\"2755\">Maksymalna wysoko\u015b\u0107 podnoszenia:<\/strong>\u00a0117 m<\/p>\n<\/li>\n<li data-start=\"2764\" data-end=\"2802\">\n<p data-start=\"2766\" data-end=\"2802\"><strong data-start=\"2766\" data-end=\"2791\">Maksymalna wydajno\u015b\u0107:<\/strong>\u00a070 l\/min<\/p>\n<\/li>\n<li data-start=\"2803\" data-end=\"2841\">\n<p data-start=\"2805\" data-end=\"2841\"><strong data-start=\"2805\" data-end=\"2830\">Maksymalne ci\u015bnienie:<\/strong>\u00a011,7 bar<\/p>\n<\/li>\n<li data-start=\"2842\" data-end=\"2877\">\n<p data-start=\"2844\" data-end=\"2877\"><strong data-start=\"2844\" data-end=\"2867\">Temperatura cieczy:<\/strong>\u00a0do 35\u00b0C<\/p>\n<\/li>\n<li data-start=\"2878\" data-end=\"2907\">\n<p data-start=\"2880\" data-end=\"2907\"><strong data-start=\"2880\" data-end=\"2901\">Kabel zasilaj\u0105cy:<\/strong>\u00a01 m<\/p>\n<\/li>\n<li data-start=\"2908\" data-end=\"2950\">\n<p data-start=\"2910\" data-end=\"2950\"><strong data-start=\"2910\" data-end=\"2928\">Przeznaczenie:<\/strong>\u00a0woda czysta i pitna<\/p>\n<\/li>\n<\/ul>\n","protected":false},"excerpt":{"rendered":"<p><strong>Pompa g\u0142\u0119binowa IBO 3\u2033 SDM 33 w wersji jednofazowej 230 V to kompaktowa, wielostopniowa pompa antypiaskowa przeznaczona do pracy w tradycyjnych studniach g\u0142\u0119binowych oraz w\u0105skich odwiertach. Dzi\u0119ki niewielkiej \u015brednicy 3\u2033 (75 mm) doskonale sprawdza si\u0119 tam, gdzie monta\u017c standardowych pomp 4\u2033 jest niemo\u017cliwy.<\/strong><\/p>\n","protected":false},"featured_media":4680,"template":"","meta":{"_kad_blocks_custom_css":"","_kad_blocks_head_custom_js":"","_kad_blocks_body_custom_js":"","_kad_blocks_footer_custom_js":"","_kad_post_transparent":"default","_kad_post_title":"","_kad_post_layout":"default","_kad_post_sidebar_id":"","_kad_post_content_style":"default","_kad_post_vertical_padding":"default","_kad_post_feature":"","_kad_post_feature_position":"","_kad_post_header":false,"_kad_post_footer":false,"_kad_post_classname":""},"product_brand":[120],"product_cat":[254],"product_tag":[],"class_list":{"0":"post-4676","1":"product","2":"type-product","3":"status-publish","4":"has-post-thumbnail","6":"product_brand-ibo","7":"product_cat-pompy-glebinowe","8":"product_shipping_class-drobnica","10":"first","11":"instock","12":"taxable","13":"shipping-taxable","14":"purchasable","15":"product-type-simple","16":"entry","17":"content-bg","18":"loop-entry"},"taxonomy_info":{"product_brand":[{"value":120,"label":"Ibo"}],"product_cat":[{"value":254,"label":"Pompy g\u0142\u0119binowe"}]},"featured_image_src_large":["https:\/\/e-systemygrzewcze.eu\/sklep\/wp-content\/uploads\/2025\/08\/Nowy-projekt-2025-08-22T073614.794.jpg",510,578,false],"author_info":[],"comment_info":"","_links":{"self":[{"href":"https:\/\/e-systemygrzewcze.eu\/sklep\/wp-json\/wp\/v2\/product\/4676","targetHints":{"allow":["GET"]}}],"collection":[{"href":"https:\/\/e-systemygrzewcze.eu\/sklep\/wp-json\/wp\/v2\/product"}],"about":[{"href":"https:\/\/e-systemygrzewcze.eu\/sklep\/wp-json\/wp\/v2\/types\/product"}],"wp:featuredmedia":[{"embeddable":true,"href":"https:\/\/e-systemygrzewcze.eu\/sklep\/wp-json\/wp\/v2\/media\/4680"}],"wp:attachment":[{"href":"https:\/\/e-systemygrzewcze.eu\/sklep\/wp-json\/wp\/v2\/media?parent=4676"}],"wp:term":[{"taxonomy":"product_brand","embeddable":true,"href":"https:\/\/e-systemygrzewcze.eu\/sklep\/wp-json\/wp\/v2\/product_brand?post=4676"},{"taxonomy":"product_cat","embeddable":true,"href":"https:\/\/e-systemygrzewcze.eu\/sklep\/wp-json\/wp\/v2\/product_cat?post=4676"},{"taxonomy":"product_tag","embeddable":true,"href":"https:\/\/e-systemygrzewcze.eu\/sklep\/wp-json\/wp\/v2\/product_tag?post=4676"}],"curies":[{"name":"wp","href":"https:\/\/api.w.org\/{rel}","templated":true}]}}