{"id":4661,"date":"2025-08-21T11:46:01","date_gmt":"2025-08-21T11:46:01","guid":{"rendered":"https:\/\/e-systemygrzewcze.eu\/sklep\/produkt\/ibo-pompa-glebinowa-35-sdm-3-18-15kw-230v\/"},"modified":"2026-03-30T10:20:12","modified_gmt":"2026-03-30T10:20:12","slug":"ibo-pompa-glebinowa-35-sdm-3-18-15kw-230v","status":"publish","type":"product","link":"https:\/\/e-systemygrzewcze.eu\/sklep\/produkt\/ibo-pompa-glebinowa-35-sdm-3-18-15kw-230v\/","title":{"rendered":"IBO Pompa g\u0142\u0119binowa 3,5&#8243; SDM 3-18 (1,5KW 230V)"},"content":{"rendered":"<h2 data-start=\"69\" data-end=\"140\"><strong data-start=\"71\" data-end=\"140\">IBO Pompa g\u0142\u0119binowa 3,5&#8243; SDM 3-18 (1,5 kW, 230 V, 20 m kabla) \ud83d\udca7<\/strong><\/h2>\n<p data-start=\"164\" data-end=\"346\">Pompa g\u0142\u0119binowa <strong data-start=\"180\" data-end=\"207\">IBO 3,5\u201d SDM 3\/18 230 V<\/strong> to kompaktowe i <strong data-start=\"224\" data-end=\"268\">antypiaskowe urz\u0105dzenie o \u015brednicy 90 mm<\/strong>, przeznaczone do tradycyjnych studni g\u0142\u0119binowych. Idealnie sprawdza si\u0119 do:<\/p>\n<ul data-start=\"348\" data-end=\"525\">\n<li data-start=\"348\" data-end=\"407\">\n<p data-start=\"350\" data-end=\"407\">zasilania dom\u00f3w i gospodarstw domowych w czyst\u0105 wod\u0119<\/p>\n<\/li>\n<li data-start=\"408\" data-end=\"462\">\n<p data-start=\"410\" data-end=\"462\">podlewania ogrod\u00f3w, dzia\u0142ek i teren\u00f3w zielonych<\/p>\n<\/li>\n<li data-start=\"463\" data-end=\"525\">\n<p data-start=\"465\" data-end=\"525\">nape\u0142niania i opr\u00f3\u017cniania zbiornik\u00f3w wodnych lub staw\u00f3w<\/p>\n<\/li>\n<\/ul>\n<p data-start=\"527\" data-end=\"895\">Model SDM 3\/18 wykazuje <strong data-start=\"551\" data-end=\"616\">zwi\u0119kszon\u0105 odporno\u015b\u0107 na piasek i zanieczyszczenia mechaniczne<\/strong>, dzi\u0119ki zastosowaniu <strong data-start=\"638\" data-end=\"662\">p\u0142ywaj\u0105cych wirnik\u00f3w<\/strong> oraz trwa\u0142ych materia\u0142\u00f3w konstrukcyjnych, w tym stali nierdzewnej. Pompa jest kompaktowa, trwa\u0142a i <strong data-start=\"762\" data-end=\"786\">bardzo cicha w pracy<\/strong>, a przy tym zapewnia wysok\u0105 wydajno\u015b\u0107 \u2013 do <strong data-start=\"830\" data-end=\"843\">105 l\/min<\/strong> przy maksymalnej wysoko\u015bci podnoszenia <strong data-start=\"883\" data-end=\"892\">109 m<\/strong>.<\/p>\n<hr data-start=\"897\" data-end=\"900\" \/>\n<h2 data-start=\"902\" data-end=\"924\"><strong data-start=\"905\" data-end=\"924\">Zalety produktu<\/strong><\/h2>\n<ul data-start=\"926\" data-end=\"1178\">\n<li data-start=\"926\" data-end=\"978\">\n<p data-start=\"928\" data-end=\"978\">Antypiaskowa konstrukcja z p\u0142ywaj\u0105cymi wirnikami<\/p>\n<\/li>\n<li data-start=\"979\" data-end=\"1011\">\n<p data-start=\"981\" data-end=\"1011\">Wysoka wydajno\u015b\u0107 \u2013 105 l\/min<\/p>\n<\/li>\n<li data-start=\"1012\" data-end=\"1054\">\n<p data-start=\"1014\" data-end=\"1054\">Maksymalna wysoko\u015b\u0107 podnoszenia: 109 m<\/p>\n<\/li>\n<li data-start=\"1055\" data-end=\"1089\">\n<p data-start=\"1057\" data-end=\"1089\">Maksymalne ci\u015bnienie: 10,9 bar<\/p>\n<\/li>\n<li data-start=\"1090\" data-end=\"1116\">\n<p data-start=\"1092\" data-end=\"1116\">Fabryczny przew\u00f3d 20 m<\/p>\n<\/li>\n<li data-start=\"1117\" data-end=\"1178\">\n<p data-start=\"1119\" data-end=\"1178\">Niewielka \u015brednica 90 mm \u2013 pasuje do wi\u0119kszo\u015bci odwiert\u00f3w<\/p>\n<\/li>\n<\/ul>\n<hr data-start=\"1180\" data-end=\"1183\" \/>\n<h2 data-start=\"1185\" data-end=\"1210\"><strong data-start=\"1188\" data-end=\"1210\">Zalecenia u\u017cytkowe<\/strong><\/h2>\n<p data-start=\"1212\" data-end=\"1274\">Dla bezpiecznej i d\u0142ugotrwa\u0142ej pracy pompy warto zastosowa\u0107:<\/p>\n<ul data-start=\"1275\" data-end=\"1554\">\n<li data-start=\"1275\" data-end=\"1357\">\n<p data-start=\"1277\" data-end=\"1357\"><strong data-start=\"1277\" data-end=\"1298\">Sterownik PROTO X<\/strong> \u2013 zabezpieczenie przed suchobiegiem i wahaniami napi\u0119cia<\/p>\n<\/li>\n<li data-start=\"1358\" data-end=\"1418\">\n<p data-start=\"1360\" data-end=\"1418\"><strong data-start=\"1360\" data-end=\"1377\">Zaw\u00f3r zwrotny<\/strong> \u2013 zapobiega cofaniu si\u0119 wody do studni<\/p>\n<\/li>\n<li data-start=\"1419\" data-end=\"1489\">\n<p data-start=\"1421\" data-end=\"1489\"><strong data-start=\"1421\" data-end=\"1442\">G\u0142owica do studni<\/strong> \u2013 zabezpiecza otw\u00f3r przed zanieczyszczeniami<\/p>\n<\/li>\n<li data-start=\"1490\" data-end=\"1554\">\n<p data-start=\"1492\" data-end=\"1554\"><strong data-start=\"1492\" data-end=\"1521\">Stalowa linka z zaciskami<\/strong> \u2013 prawid\u0142owe zawieszenie pompy<\/p>\n<\/li>\n<\/ul>\n<p data-start=\"1556\" data-end=\"1751\">Pompa mo\u017ce by\u0107 pod\u0142\u0105czona do <strong data-start=\"1585\" data-end=\"1612\">zbiornika hydroforowego<\/strong> lub <strong data-start=\"1617\" data-end=\"1662\">wy\u0142\u0105cznika automatycznego Water-Pass IPRO<\/strong>, co umo\u017cliwia automatyczne uruchamianie pompy w zale\u017cno\u015bci od zapotrzebowania na wod\u0119.<\/p>\n<hr data-start=\"1753\" data-end=\"1756\" \/>\n<h2 data-start=\"1758\" data-end=\"1777\"><strong data-start=\"1761\" data-end=\"1777\">Podsumowanie<\/strong><\/h2>\n<p data-start=\"1779\" data-end=\"2048\"><strong data-start=\"1779\" data-end=\"1806\">IBO 3,5\u201d SDM 3-18 230 V<\/strong> to <strong data-start=\"1810\" data-end=\"1858\">wydajna, trwa\u0142a i kompaktowa pompa g\u0142\u0119binowa<\/strong>, odporna na piasek i uszkodzenia mechaniczne. Idealna do dom\u00f3w, gospodarstw, ogrod\u00f3w i niewielkich system\u00f3w wodnych, zapewnia <strong data-start=\"1985\" data-end=\"2020\">bezawaryjn\u0105 i d\u0142ugotrwa\u0142\u0105 prac\u0119<\/strong> w ka\u017cdych warunkach \u2699\ufe0f\ud83d\udca7.<\/p>\n<p data-start=\"2050\" data-end=\"2077\"><strong data-start=\"2050\" data-end=\"2075\">Parametry techniczne:<\/strong><\/p>\n<ul data-start=\"2078\" data-end=\"2373\">\n<li data-start=\"2078\" data-end=\"2113\">\n<p data-start=\"2080\" data-end=\"2113\">Wydajno\u015b\u0107 maksymalna: 105 l\/min<\/p>\n<\/li>\n<li data-start=\"2114\" data-end=\"2145\">\n<p data-start=\"2116\" data-end=\"2145\">Wysoko\u015b\u0107 podnoszenia: 109 m<\/p>\n<\/li>\n<li data-start=\"2146\" data-end=\"2180\">\n<p data-start=\"2148\" data-end=\"2180\">Ci\u015bnienie maksymalne: 10,9 bar<\/p>\n<\/li>\n<li data-start=\"2181\" data-end=\"2204\">\n<p data-start=\"2183\" data-end=\"2204\">Moc silnika: 1,5 kW<\/p>\n<\/li>\n<li data-start=\"2205\" data-end=\"2224\">\n<p data-start=\"2207\" data-end=\"2224\">Napi\u0119cie: 230 V<\/p>\n<\/li>\n<li data-start=\"2225\" data-end=\"2251\">\n<p data-start=\"2227\" data-end=\"2251\">Nat\u0119\u017cenie pr\u0105du: 9,9 A<\/p>\n<\/li>\n<li data-start=\"2252\" data-end=\"2277\">\n<p data-start=\"2254\" data-end=\"2277\">\u015arednica pompy: 90 mm<\/p>\n<\/li>\n<li data-start=\"2278\" data-end=\"2309\">\n<p data-start=\"2280\" data-end=\"2309\">Kr\u00f3ciec t\u0142oczny: DN40 (1\u00bd&#8221;)<\/p>\n<\/li>\n<li data-start=\"2310\" data-end=\"2336\">\n<p data-start=\"2312\" data-end=\"2336\">D\u0142ugo\u015b\u0107 przewodu: 20 m<\/p>\n<\/li>\n<li data-start=\"2337\" data-end=\"2352\">\n<p data-start=\"2339\" data-end=\"2352\">Waga: 18 kg<\/p>\n<\/li>\n<li data-start=\"2353\" data-end=\"2373\">\n<p data-start=\"2355\" data-end=\"2373\">Wysoko\u015b\u0107: 141 cm<\/p>\n<\/li>\n<\/ul>\n","protected":false},"excerpt":{"rendered":"<p><strong>Mocna i wydajna pompa do studni \u2013 doskona\u0142a do zasilania dom\u00f3w, ogrod\u00f3w i system\u00f3w nawadniania, gwarantuje niezawodn\u0105 prac\u0119.<\/strong><\/p>\n","protected":false},"featured_media":4673,"template":"","meta":{"_kad_blocks_custom_css":"","_kad_blocks_head_custom_js":"","_kad_blocks_body_custom_js":"","_kad_blocks_footer_custom_js":"","_kad_post_transparent":"default","_kad_post_title":"","_kad_post_layout":"default","_kad_post_sidebar_id":"","_kad_post_content_style":"default","_kad_post_vertical_padding":"default","_kad_post_feature":"","_kad_post_feature_position":"","_kad_post_header":false,"_kad_post_footer":false,"_kad_post_classname":""},"product_brand":[120],"product_cat":[254],"product_tag":[],"class_list":{"0":"post-4661","1":"product","2":"type-product","3":"status-publish","4":"has-post-thumbnail","6":"product_brand-ibo","7":"product_cat-pompy-glebinowe","8":"product_shipping_class-drobnica","10":"first","11":"instock","12":"taxable","13":"shipping-taxable","14":"purchasable","15":"product-type-simple","16":"entry","17":"content-bg","18":"loop-entry"},"taxonomy_info":{"product_brand":[{"value":120,"label":"Ibo"}],"product_cat":[{"value":254,"label":"Pompy g\u0142\u0119binowe"}]},"featured_image_src_large":["https:\/\/e-systemygrzewcze.eu\/sklep\/wp-content\/uploads\/2025\/08\/Nowy-projekt-2025-08-22T072154.595.jpg",510,578,false],"author_info":[],"comment_info":"","_links":{"self":[{"href":"https:\/\/e-systemygrzewcze.eu\/sklep\/wp-json\/wp\/v2\/product\/4661","targetHints":{"allow":["GET"]}}],"collection":[{"href":"https:\/\/e-systemygrzewcze.eu\/sklep\/wp-json\/wp\/v2\/product"}],"about":[{"href":"https:\/\/e-systemygrzewcze.eu\/sklep\/wp-json\/wp\/v2\/types\/product"}],"wp:featuredmedia":[{"embeddable":true,"href":"https:\/\/e-systemygrzewcze.eu\/sklep\/wp-json\/wp\/v2\/media\/4673"}],"wp:attachment":[{"href":"https:\/\/e-systemygrzewcze.eu\/sklep\/wp-json\/wp\/v2\/media?parent=4661"}],"wp:term":[{"taxonomy":"product_brand","embeddable":true,"href":"https:\/\/e-systemygrzewcze.eu\/sklep\/wp-json\/wp\/v2\/product_brand?post=4661"},{"taxonomy":"product_cat","embeddable":true,"href":"https:\/\/e-systemygrzewcze.eu\/sklep\/wp-json\/wp\/v2\/product_cat?post=4661"},{"taxonomy":"product_tag","embeddable":true,"href":"https:\/\/e-systemygrzewcze.eu\/sklep\/wp-json\/wp\/v2\/product_tag?post=4661"}],"curies":[{"name":"wp","href":"https:\/\/api.w.org\/{rel}","templated":true}]}}